{"id":9,"date":"2025-06-13T18:27:34","date_gmt":"2025-06-13T21:27:34","guid":{"rendered":"https:\/\/www.ct.ufpb.br\/ppgeps\/?page_id=9"},"modified":"2026-04-08T15:09:14","modified_gmt":"2026-04-08T18:09:14","slug":"sobre-nos","status":"publish","type":"page","link":"https:\/\/www.ct.ufpb.br\/ppgeps\/sobre-nos\/","title":{"rendered":"Apresenta\u00e7\u00e3o"},"content":{"rendered":"\n<p>O Programa de P\u00f3s-Gradua\u00e7\u00e3o em Engenharia de Produ\u00e7\u00e3o e Sistemas (PPGEPS) da Universidade Federal da Para\u00edba (UFPB) \u00e9 refer\u00eancia na forma\u00e7\u00e3o avan\u00e7ada e na produ\u00e7\u00e3o cient\u00edfica na \u00e1rea de Engenharia de Produ\u00e7\u00e3o no Nordeste brasileiro. Na \u00faltima avalia\u00e7\u00e3o quadrienal da CAPES (2021-2024), <strong>o PPGEPS alcan\u00e7ou o conceito 4<\/strong>, refletindo a consist\u00eancia de sua produ\u00e7\u00e3o cient\u00edfica, a qualifica\u00e7\u00e3o de seu corpo docente e a relev\u00e2ncia das pesquisas desenvolvidas.<\/p>\n\n\n\n<p>Com \u00e1rea de concentra\u00e7\u00e3o em <strong>Sistemas de Produ\u00e7\u00e3o<\/strong> e atua\u00e7\u00e3o na linha de pesquisa <strong>Gest\u00e3o Integrada de Sistemas de Produ\u00e7\u00e3o<\/strong>, o programa destaca-se como o \u00fanico da \u00e1rea no estado da Para\u00edba a ofertar cursos stricto sensu.<\/p>\n\n\n\n<p>A Engenharia de Produ\u00e7\u00e3o no Brasil tem como marco a cria\u00e7\u00e3o da op\u00e7\u00e3o \u201cProdu\u00e7\u00e3o\u201d no curso de Engenharia Mec\u00e2nica da Escola Polit\u00e9cnica da USP, em 1958, a partir da qual a \u00e1rea passou por um processo cont\u00ednuo de expans\u00e3o e consolida\u00e7\u00e3o no pa\u00eds.<\/p>\n\n\n\n<p>Com uma tradi\u00e7\u00e3o iniciada em 1975, o programa insere-se nessa trajet\u00f3ria, destacando-se como uma iniciativa pioneira na consolida\u00e7\u00e3o da p\u00f3s-gradua\u00e7\u00e3o em Engenharia de Produ\u00e7\u00e3o fora dos principais centros formadores \u00e0 \u00e9poca, contribuindo de forma significativa para o avan\u00e7o da pesquisa e da forma\u00e7\u00e3o acad\u00eamica na \u00e1rea.<\/p>\n\n\n\n<p>Ao longo de sua trajet\u00f3ria, o programa tem formado mestres e doutores que atuam de maneira qualificada em institui\u00e7\u00f5es de ensino e pesquisa, no setor produtivo e na gest\u00e3o p\u00fablica, contribuindo para o desenvolvimento cient\u00edfico, tecnol\u00f3gico e social.<\/p>\n\n\n\n<p>Alinhado \u00e0s agendas contempor\u00e2neas da Engenharia de Produ\u00e7\u00e3o, o PPGEPS mant\u00e9m forte compromisso com a inova\u00e7\u00e3o, a interdisciplinaridade e a gera\u00e7\u00e3o de conhecimentos e solu\u00e7\u00f5es voltados aos desafios regionais e nacionais, consolidando-se como um ambiente acad\u00eamico de excel\u00eancia.<\/p>\n\n\n\n<p><\/p>\n\n\n\n<p><\/p>\n\n\n\n<p><\/p>\n","protected":false},"excerpt":{"rendered":"<p>O Programa de P\u00f3s-Gradua\u00e7\u00e3o em Engenharia de Produ\u00e7\u00e3o e Sistemas (PPGEPS) da Universidade Federal da [&hellip;]<\/p>\n","protected":false},"author":47,"featured_media":0,"parent":0,"menu_order":0,"comment_status":"closed","ping_status":"closed","template":"","meta":{"footnotes":""},"class_list":["post-9","page","type-page","status-publish","hentry"],"_links":{"self":[{"href":"https:\/\/www.ct.ufpb.br\/ppgeps\/wp-json\/wp\/v2\/pages\/9","targetHints":{"allow":["GET"]}}],"collection":[{"href":"https:\/\/www.ct.ufpb.br\/ppgeps\/wp-json\/wp\/v2\/pages"}],"about":[{"href":"https:\/\/www.ct.ufpb.br\/ppgeps\/wp-json\/wp\/v2\/types\/page"}],"author":[{"embeddable":true,"href":"https:\/\/www.ct.ufpb.br\/ppgeps\/wp-json\/wp\/v2\/users\/47"}],"replies":[{"embeddable":true,"href":"https:\/\/www.ct.ufpb.br\/ppgeps\/wp-json\/wp\/v2\/comments?post=9"}],"version-history":[{"count":13,"href":"https:\/\/www.ct.ufpb.br\/ppgeps\/wp-json\/wp\/v2\/pages\/9\/revisions"}],"predecessor-version":[{"id":673,"href":"https:\/\/www.ct.ufpb.br\/ppgeps\/wp-json\/wp\/v2\/pages\/9\/revisions\/673"}],"wp:attachment":[{"href":"https:\/\/www.ct.ufpb.br\/ppgeps\/wp-json\/wp\/v2\/media?parent=9"}],"curies":[{"name":"wp","href":"https:\/\/api.w.org\/{rel}","templated":true}]}}