{"id":687,"date":"2026-04-08T15:54:04","date_gmt":"2026-04-08T18:54:04","guid":{"rendered":"https:\/\/www.ct.ufpb.br\/ppgeps\/?page_id=687"},"modified":"2026-04-29T10:36:12","modified_gmt":"2026-04-29T13:36:12","slug":"indicadores","status":"publish","type":"page","link":"https:\/\/www.ct.ufpb.br\/ppgeps\/corpoacademico\/indicadores\/","title":{"rendered":"Indicadores"},"content":{"rendered":"\n<p>Os indicadores de produ\u00e7\u00e3o intelectual do PPGEPS\/UFPB constituem instrumentos fundamentais para o acompanhamento de seu desempenho acad\u00eamico e cient\u00edfico, bem como para a avalia\u00e7\u00e3o cont\u00ednua de suas atividades.<\/p>\n\n\n\n<p>Esses indicadores contemplam diferentes dimens\u00f5es da produ\u00e7\u00e3o do Programa, incluindo disserta\u00e7\u00f5es defendidas, publica\u00e7\u00f5es cient\u00edficas, produ\u00e7\u00e3o t\u00e9cnica e demais resultados associados \u00e0s atividades de ensino e pesquisa. Sua an\u00e1lise permite identificar tend\u00eancias, monitorar a evolu\u00e7\u00e3o do Programa e subsidiar o planejamento estrat\u00e9gico e as a\u00e7\u00f5es de melhoria cont\u00ednua.<\/p>\n\n\n\n<p>O PPGEPS adota como refer\u00eancia os crit\u00e9rios e diretrizes estabelecidos pela CAPES, assegurando a consist\u00eancia e a comparabilidade dos dados apresentados. As informa\u00e7\u00f5es s\u00e3o atualizadas periodicamente e podem ser consultadas nas bases oficiais, especialmente na Plataforma Sucupira, bem como nos registros institucionais do Programa.<\/p>\n\n\n\n<p><\/p>\n","protected":false},"excerpt":{"rendered":"<p>Os indicadores de produ\u00e7\u00e3o intelectual do PPGEPS\/UFPB constituem instrumentos fundamentais para o acompanhamento de seu [&hellip;]<\/p>\n","protected":false},"author":326,"featured_media":0,"parent":54,"menu_order":4,"comment_status":"closed","ping_status":"closed","template":"","meta":{"footnotes":""},"class_list":["post-687","page","type-page","status-publish","hentry"],"_links":{"self":[{"href":"https:\/\/www.ct.ufpb.br\/ppgeps\/wp-json\/wp\/v2\/pages\/687","targetHints":{"allow":["GET"]}}],"collection":[{"href":"https:\/\/www.ct.ufpb.br\/ppgeps\/wp-json\/wp\/v2\/pages"}],"about":[{"href":"https:\/\/www.ct.ufpb.br\/ppgeps\/wp-json\/wp\/v2\/types\/page"}],"author":[{"embeddable":true,"href":"https:\/\/www.ct.ufpb.br\/ppgeps\/wp-json\/wp\/v2\/users\/326"}],"replies":[{"embeddable":true,"href":"https:\/\/www.ct.ufpb.br\/ppgeps\/wp-json\/wp\/v2\/comments?post=687"}],"version-history":[{"count":1,"href":"https:\/\/www.ct.ufpb.br\/ppgeps\/wp-json\/wp\/v2\/pages\/687\/revisions"}],"predecessor-version":[{"id":688,"href":"https:\/\/www.ct.ufpb.br\/ppgeps\/wp-json\/wp\/v2\/pages\/687\/revisions\/688"}],"up":[{"embeddable":true,"href":"https:\/\/www.ct.ufpb.br\/ppgeps\/wp-json\/wp\/v2\/pages\/54"}],"wp:attachment":[{"href":"https:\/\/www.ct.ufpb.br\/ppgeps\/wp-json\/wp\/v2\/media?parent=687"}],"curies":[{"name":"wp","href":"https:\/\/api.w.org\/{rel}","templated":true}]}}