{"id":685,"date":"2026-04-08T15:51:26","date_gmt":"2026-04-08T18:51:26","guid":{"rendered":"https:\/\/www.ct.ufpb.br\/ppgeps\/?page_id=685"},"modified":"2026-04-29T10:36:02","modified_gmt":"2026-04-29T13:36:02","slug":"producao-tecnica","status":"publish","type":"page","link":"https:\/\/www.ct.ufpb.br\/ppgeps\/producaointelectual\/producao-tecnica\/","title":{"rendered":"Produ\u00e7\u00e3o t\u00e9cnica"},"content":{"rendered":"\n<p>A produ\u00e7\u00e3o t\u00e9cnica do PPGEPS\/UFPB evidencia o compromisso com a aplica\u00e7\u00e3o do conhecimento cient\u00edfico em contextos reais, contribuindo para a solu\u00e7\u00e3o de problemas pr\u00e1ticos e para a gera\u00e7\u00e3o de impacto social, econ\u00f4mico e organizacional.<\/p>\n\n\n\n<p>As atividades de produ\u00e7\u00e3o t\u00e9cnica resultam de projetos desenvolvidos por docentes e discentes, frequentemente em articula\u00e7\u00e3o com organiza\u00e7\u00f5es p\u00fablicas, privadas e do terceiro setor, e abrangem diferentes modalidades, como relat\u00f3rios t\u00e9cnicos, produtos tecnol\u00f3gicos, metodologias, ferramentas de gest\u00e3o, pareceres, consultorias e materiais t\u00e9cnicos especializados.<\/p>\n\n\n\n<p>Essa produ\u00e7\u00e3o reflete a natureza aplicada da Engenharia de Produ\u00e7\u00e3o, promovendo a transfer\u00eancia de conhecimento e o fortalecimento da interface entre universidade e sociedade. As informa\u00e7\u00f5es detalhadas sobre a produ\u00e7\u00e3o t\u00e9cnica do Programa podem ser consultadas nas bases institucionais, especialmente na Plataforma Sucupira da CAPES e nos curr\u00edculos da Plataforma Lattes.<\/p>\n\n\n\n<p><\/p>\n","protected":false},"excerpt":{"rendered":"<p>A produ\u00e7\u00e3o t\u00e9cnica do PPGEPS\/UFPB evidencia o compromisso com a aplica\u00e7\u00e3o do conhecimento cient\u00edfico em [&hellip;]<\/p>\n","protected":false},"author":326,"featured_media":0,"parent":54,"menu_order":3,"comment_status":"closed","ping_status":"closed","template":"","meta":{"footnotes":""},"class_list":["post-685","page","type-page","status-publish","hentry"],"_links":{"self":[{"href":"https:\/\/www.ct.ufpb.br\/ppgeps\/wp-json\/wp\/v2\/pages\/685","targetHints":{"allow":["GET"]}}],"collection":[{"href":"https:\/\/www.ct.ufpb.br\/ppgeps\/wp-json\/wp\/v2\/pages"}],"about":[{"href":"https:\/\/www.ct.ufpb.br\/ppgeps\/wp-json\/wp\/v2\/types\/page"}],"author":[{"embeddable":true,"href":"https:\/\/www.ct.ufpb.br\/ppgeps\/wp-json\/wp\/v2\/users\/326"}],"replies":[{"embeddable":true,"href":"https:\/\/www.ct.ufpb.br\/ppgeps\/wp-json\/wp\/v2\/comments?post=685"}],"version-history":[{"count":1,"href":"https:\/\/www.ct.ufpb.br\/ppgeps\/wp-json\/wp\/v2\/pages\/685\/revisions"}],"predecessor-version":[{"id":686,"href":"https:\/\/www.ct.ufpb.br\/ppgeps\/wp-json\/wp\/v2\/pages\/685\/revisions\/686"}],"up":[{"embeddable":true,"href":"https:\/\/www.ct.ufpb.br\/ppgeps\/wp-json\/wp\/v2\/pages\/54"}],"wp:attachment":[{"href":"https:\/\/www.ct.ufpb.br\/ppgeps\/wp-json\/wp\/v2\/media?parent=685"}],"curies":[{"name":"wp","href":"https:\/\/api.w.org\/{rel}","templated":true}]}}