{"id":682,"date":"2026-04-08T15:47:20","date_gmt":"2026-04-08T18:47:20","guid":{"rendered":"https:\/\/www.ct.ufpb.br\/ppgeps\/?page_id=682"},"modified":"2026-04-08T15:47:42","modified_gmt":"2026-04-08T18:47:42","slug":"publicacoes","status":"publish","type":"page","link":"https:\/\/www.ct.ufpb.br\/ppgeps\/dissertacoes\/publicacoes\/","title":{"rendered":"Publica\u00e7\u00f5es"},"content":{"rendered":"\n<p>A produ\u00e7\u00e3o cient\u00edfica do Programa de P\u00f3s-Gradua\u00e7\u00e3o em Engenharia de Produ\u00e7\u00e3o e Sistemas (PPGEPS\/UFPB) expressa o compromisso com a gera\u00e7\u00e3o e a dissemina\u00e7\u00e3o de conhecimento qualificado na \u00e1rea de Engenharia de Produ\u00e7\u00e3o. As publica\u00e7\u00f5es resultam das atividades de pesquisa desenvolvidas por docentes e discentes, refletindo a consist\u00eancia das linhas de pesquisa e a maturidade acad\u00eamica do Programa.<\/p>\n\n\n\n<p>Os trabalhos s\u00e3o divulgados em peri\u00f3dicos cient\u00edficos, anais de eventos, livros e cap\u00edtulos de livros, abrangendo tanto a produ\u00e7\u00e3o te\u00f3rica quanto aplicada. Destaca-se a crescente inser\u00e7\u00e3o em ve\u00edculos de circula\u00e7\u00e3o nacional e internacional, bem como a realiza\u00e7\u00e3o de publica\u00e7\u00f5es em coautoria com pesquisadores de outras institui\u00e7\u00f5es, evidenciando a articula\u00e7\u00e3o acad\u00eamica do PPGEPS.<\/p>\n\n\n\n<p>As informa\u00e7\u00f5es detalhadas sobre a produ\u00e7\u00e3o cient\u00edfica do Programa est\u00e3o dispon\u00edveis nas bases oficiais de acompanhamento da p\u00f3s-gradua\u00e7\u00e3o, em especial na Plataforma Sucupira da CAPES, bem como nos curr\u00edculos dos docentes e discentes na Plataforma Lattes.<\/p>\n","protected":false},"excerpt":{"rendered":"<p>A produ\u00e7\u00e3o cient\u00edfica do Programa de P\u00f3s-Gradua\u00e7\u00e3o em Engenharia de Produ\u00e7\u00e3o e Sistemas (PPGEPS\/UFPB) expressa [&hellip;]<\/p>\n","protected":false},"author":326,"featured_media":0,"parent":25,"menu_order":2,"comment_status":"closed","ping_status":"closed","template":"","meta":{"footnotes":""},"class_list":["post-682","page","type-page","status-publish","hentry"],"_links":{"self":[{"href":"https:\/\/www.ct.ufpb.br\/ppgeps\/wp-json\/wp\/v2\/pages\/682","targetHints":{"allow":["GET"]}}],"collection":[{"href":"https:\/\/www.ct.ufpb.br\/ppgeps\/wp-json\/wp\/v2\/pages"}],"about":[{"href":"https:\/\/www.ct.ufpb.br\/ppgeps\/wp-json\/wp\/v2\/types\/page"}],"author":[{"embeddable":true,"href":"https:\/\/www.ct.ufpb.br\/ppgeps\/wp-json\/wp\/v2\/users\/326"}],"replies":[{"embeddable":true,"href":"https:\/\/www.ct.ufpb.br\/ppgeps\/wp-json\/wp\/v2\/comments?post=682"}],"version-history":[{"count":1,"href":"https:\/\/www.ct.ufpb.br\/ppgeps\/wp-json\/wp\/v2\/pages\/682\/revisions"}],"predecessor-version":[{"id":683,"href":"https:\/\/www.ct.ufpb.br\/ppgeps\/wp-json\/wp\/v2\/pages\/682\/revisions\/683"}],"up":[{"embeddable":true,"href":"https:\/\/www.ct.ufpb.br\/ppgeps\/wp-json\/wp\/v2\/pages\/25"}],"wp:attachment":[{"href":"https:\/\/www.ct.ufpb.br\/ppgeps\/wp-json\/wp\/v2\/media?parent=682"}],"curies":[{"name":"wp","href":"https:\/\/api.w.org\/{rel}","templated":true}]}}