{"id":652,"date":"2026-04-08T14:02:08","date_gmt":"2026-04-08T17:02:08","guid":{"rendered":"https:\/\/www.ct.ufpb.br\/ppgeps\/?page_id=652"},"modified":"2026-04-29T10:36:33","modified_gmt":"2026-04-29T13:36:33","slug":"perfil-doa-egressoa","status":"publish","type":"page","link":"https:\/\/www.ct.ufpb.br\/ppgeps\/corpoacademico-2\/perfil-doa-egressoa\/","title":{"rendered":"Perfil do(a) egresso(a)"},"content":{"rendered":"\n<p>O egresso do Programa de P\u00f3s-Gradua\u00e7\u00e3o em Engenharia de Produ\u00e7\u00e3o e Sistemas (PPGEPS\/UFPB) \u00e9 formado para atuar de maneira qualificada em atividades de ensino, pesquisa, inova\u00e7\u00e3o e aplica\u00e7\u00e3o do conhecimento, com s\u00f3lida base t\u00e9cnico-cient\u00edfica e vis\u00e3o sist\u00eamica dos processos produtivos.<\/p>\n\n\n\n<p>Ao concluir o curso, espera-se que o egresso seja capaz de analisar, modelar e propor solu\u00e7\u00f5es para problemas complexos em sistemas de produ\u00e7\u00e3o, considerando de forma integrada aspectos econ\u00f4micos, ambientais e sociais. Sua forma\u00e7\u00e3o contempla o desenvolvimento de pensamento cr\u00edtico, autonomia intelectual e capacidade de atua\u00e7\u00e3o interdisciplinar, essenciais para a compreens\u00e3o e interven\u00e7\u00e3o em contextos organizacionais diversos.<\/p>\n\n\n\n<p>O egresso do PPGEPS est\u00e1 apto a atuar em institui\u00e7\u00f5es de ensino e pesquisa, no setor produtivo e na gest\u00e3o p\u00fablica, contribuindo para o avan\u00e7o da Engenharia de Produ\u00e7\u00e3o e para o desenvolvimento cient\u00edfico, tecnol\u00f3gico e social.<\/p>\n\n\n\n<p>Adicionalmente, o Programa busca formar profissionais comprometidos com princ\u00edpios \u00e9ticos, com a integridade acad\u00eamica e cient\u00edfica e com a produ\u00e7\u00e3o de conhecimento relevante e socialmente orientado.<\/p>\n","protected":false},"excerpt":{"rendered":"<p>O egresso do Programa de P\u00f3s-Gradua\u00e7\u00e3o em Engenharia de Produ\u00e7\u00e3o e Sistemas (PPGEPS\/UFPB) \u00e9 formado [&hellip;]<\/p>\n","protected":false},"author":326,"featured_media":0,"parent":25,"menu_order":3,"comment_status":"closed","ping_status":"closed","template":"","meta":{"footnotes":""},"class_list":["post-652","page","type-page","status-publish","hentry"],"_links":{"self":[{"href":"https:\/\/www.ct.ufpb.br\/ppgeps\/wp-json\/wp\/v2\/pages\/652","targetHints":{"allow":["GET"]}}],"collection":[{"href":"https:\/\/www.ct.ufpb.br\/ppgeps\/wp-json\/wp\/v2\/pages"}],"about":[{"href":"https:\/\/www.ct.ufpb.br\/ppgeps\/wp-json\/wp\/v2\/types\/page"}],"author":[{"embeddable":true,"href":"https:\/\/www.ct.ufpb.br\/ppgeps\/wp-json\/wp\/v2\/users\/326"}],"replies":[{"embeddable":true,"href":"https:\/\/www.ct.ufpb.br\/ppgeps\/wp-json\/wp\/v2\/comments?post=652"}],"version-history":[{"count":1,"href":"https:\/\/www.ct.ufpb.br\/ppgeps\/wp-json\/wp\/v2\/pages\/652\/revisions"}],"predecessor-version":[{"id":653,"href":"https:\/\/www.ct.ufpb.br\/ppgeps\/wp-json\/wp\/v2\/pages\/652\/revisions\/653"}],"up":[{"embeddable":true,"href":"https:\/\/www.ct.ufpb.br\/ppgeps\/wp-json\/wp\/v2\/pages\/25"}],"wp:attachment":[{"href":"https:\/\/www.ct.ufpb.br\/ppgeps\/wp-json\/wp\/v2\/media?parent=652"}],"curies":[{"name":"wp","href":"https:\/\/api.w.org\/{rel}","templated":true}]}}