{"id":650,"date":"2026-04-08T13:59:24","date_gmt":"2026-04-08T16:59:24","guid":{"rendered":"https:\/\/www.ct.ufpb.br\/ppgeps\/?page_id=650"},"modified":"2026-04-29T10:36:28","modified_gmt":"2026-04-29T13:36:28","slug":"discentes","status":"publish","type":"page","link":"https:\/\/www.ct.ufpb.br\/ppgeps\/corpoacademico-2\/discentes\/","title":{"rendered":"Discentes"},"content":{"rendered":"\n<p>O PPGEPS\/UFPB conta com um corpo discente composto por mestrandos(as) regulares e na categoria de alunos(as) especiais, bem como discentes em est\u00e1gio p\u00f3s-doutoral, que participam ativamente das atividades de ensino, pesquisa e extens\u00e3o do Programa, contribuindo para a produ\u00e7\u00e3o cient\u00edfica e para a consolida\u00e7\u00e3o de suas linhas de pesquisa.<\/p>\n\n\n\n<p>Atualmente, o Programa conta com:<\/p>\n\n\n\n<ul class=\"wp-block-list\">\n<li><strong>43 mestrandos(as) regulares<\/strong><\/li>\n\n\n\n<li><strong>3 alunos(as) especiais<\/strong> <strong>de mestrado<\/strong><\/li>\n\n\n\n<li><strong>1 p\u00f3s-doutorando<\/strong><\/li>\n<\/ul>\n\n\n\n<p>No que se refere \u00e0 forma\u00e7\u00e3o de egressos, o PPGEPS registra:<\/p>\n\n\n\n<ul class=\"wp-block-list\">\n<li><strong>38 mestres titulados<\/strong><\/li>\n\n\n\n<li><strong>4 est\u00e1gios p\u00f3s-doutorais conclu\u00eddo<\/strong>s<\/li>\n<\/ul>\n\n\n\n<p>Esses indicadores refletem o compromisso do Programa com a forma\u00e7\u00e3o acad\u00eamica qualificada e com a consolida\u00e7\u00e3o de sua atua\u00e7\u00e3o na \u00e1rea de Engenharia de Produ\u00e7\u00e3o. Ressalta-se que essas informa\u00e7\u00f5es est\u00e3o dispon\u00edveis de forma p\u00fablica na <strong>Plataforma Sucupira da CAPES<\/strong>, assegurando transpar\u00eancia e acesso aos dados do Programa.<\/p>\n\n\n\n<p><em>\u00daltima atualiza\u00e7\u00e3o: 08 de abril de 2026.<\/em><\/p>\n\n\n\n<p><\/p>\n\n\n\n<p><\/p>\n","protected":false},"excerpt":{"rendered":"<p>O PPGEPS\/UFPB conta com um corpo discente composto por mestrandos(as) regulares e na categoria de [&hellip;]<\/p>\n","protected":false},"author":326,"featured_media":0,"parent":25,"menu_order":2,"comment_status":"closed","ping_status":"closed","template":"","meta":{"footnotes":""},"class_list":["post-650","page","type-page","status-publish","hentry"],"_links":{"self":[{"href":"https:\/\/www.ct.ufpb.br\/ppgeps\/wp-json\/wp\/v2\/pages\/650","targetHints":{"allow":["GET"]}}],"collection":[{"href":"https:\/\/www.ct.ufpb.br\/ppgeps\/wp-json\/wp\/v2\/pages"}],"about":[{"href":"https:\/\/www.ct.ufpb.br\/ppgeps\/wp-json\/wp\/v2\/types\/page"}],"author":[{"embeddable":true,"href":"https:\/\/www.ct.ufpb.br\/ppgeps\/wp-json\/wp\/v2\/users\/326"}],"replies":[{"embeddable":true,"href":"https:\/\/www.ct.ufpb.br\/ppgeps\/wp-json\/wp\/v2\/comments?post=650"}],"version-history":[{"count":2,"href":"https:\/\/www.ct.ufpb.br\/ppgeps\/wp-json\/wp\/v2\/pages\/650\/revisions"}],"predecessor-version":[{"id":694,"href":"https:\/\/www.ct.ufpb.br\/ppgeps\/wp-json\/wp\/v2\/pages\/650\/revisions\/694"}],"up":[{"embeddable":true,"href":"https:\/\/www.ct.ufpb.br\/ppgeps\/wp-json\/wp\/v2\/pages\/25"}],"wp:attachment":[{"href":"https:\/\/www.ct.ufpb.br\/ppgeps\/wp-json\/wp\/v2\/media?parent=650"}],"curies":[{"name":"wp","href":"https:\/\/api.w.org\/{rel}","templated":true}]}}