{"id":637,"date":"2026-04-08T13:18:05","date_gmt":"2026-04-08T16:18:05","guid":{"rendered":"https:\/\/www.ct.ufpb.br\/ppgeps\/?page_id=637"},"modified":"2026-04-08T13:19:08","modified_gmt":"2026-04-08T16:19:08","slug":"corpo-docente","status":"publish","type":"page","link":"https:\/\/www.ct.ufpb.br\/ppgeps\/regulamentacao\/corpo-docente\/","title":{"rendered":"Docentes"},"content":{"rendered":"\n<p>O PPGEPS\/UFPB, conforme estabelecido em seu <a href=\"https:\/\/www.ct.ufpb.br\/ppgeps\/wp-content\/uploads\/sites\/107\/sites\/322\/2025\/11\/resoluo_consepe_n_11-2024-1.pdf\" data-type=\"link\" data-id=\"https:\/\/www.ct.ufpb.br\/ppgeps\/wp-content\/uploads\/sites\/107\/sites\/322\/2025\/11\/resoluo_consepe_n_11-2024-1.pdf\">Regulamento Geral<\/a>, estrutura-se em tr\u00eas inst\u00e2ncias organizacionais: a <strong>Coordena\u00e7\u00e3o<\/strong>, com fun\u00e7\u00e3o executiva; a <strong>Secretaria<\/strong>, respons\u00e1vel pelo apoio administrativo; e o <strong>Colegiado de Curso<\/strong>, com fun\u00e7\u00f5es deliberativas e consultivas.<\/p>\n\n\n\n<p>O Colegiado \u00e9 o principal \u00f3rg\u00e3o decis\u00f3rio do Programa, competindo-lhe a an\u00e1lise e delibera\u00e7\u00e3o de mat\u00e9rias acad\u00eamicas e administrativas, bem como a emiss\u00e3o de pareceres, elaborados por relatores e apreciados pelos demais membros, em conformidade com as normativas vigentes. Sua composi\u00e7\u00e3o inclui o(a) coordenador(a) do curso, o(a) secret\u00e1rio(a), todos os docentes permanentes e representantes discentes.<\/p>\n\n\n\n<p>Informa\u00e7\u00f5es sobre o funcionamento do Colegiado, incluindo calend\u00e1rio de reuni\u00f5es, pautas, atas e representa\u00e7\u00e3o discente, est\u00e3o dispon\u00edveis na se\u00e7\u00e3o &#8220;<a href=\"https:\/\/www.ct.ufpb.br\/ppgeps\/reunioes\/\" data-type=\"link\" data-id=\"https:\/\/www.ct.ufpb.br\/ppgeps\/reunioes\/\" target=\"_blank\" rel=\"noreferrer noopener\">Reuni\u00f5es do colegiado<\/a>&#8220;.<\/p>\n\n\n\n<p>O PPGEPS conta atualmente com 16 docentes credenciados, sendo 14 permanentes e 2 colaboradores, com atua\u00e7\u00e3o consolidada em pesquisa, ensino e orienta\u00e7\u00e3o acad\u00eamica, vinculados \u00e0 Universidade Federal da Para\u00edba e a outras institui\u00e7\u00f5es. O corpo docente caracteriza-se pela diversidade de forma\u00e7\u00f5es e \u00e1reas de atua\u00e7\u00e3o, contribuindo para a abordagem interdisciplinar que marca o Programa. A seguir, apresentam-se os docentes do PPGEPS, com acesso aos respectivos curr\u00edculos na Plataforma Lattes e contatos institucionais.<\/p>\n\n\n\n<p><\/p>\n\n\n\n<p><strong>Anand Subramanian<\/strong><a href=\"http:\/\/lattes.cnpq.br\/2752210156480636\" target=\"_blank\" rel=\"noreferrer noopener\">&nbsp;<\/a>\u2013&nbsp;<a href=\"http:\/\/lattes.cnpq.br\/2752210156480636\">Lattes<\/a><a href=\"http:\/\/lattes.cnpq.br\/2752210156480636\" target=\"_blank\" rel=\"noreferrer noopener\"><br><\/a><a href=\"http:\/\/lattes.cnpq.br\/2752210156480636\" target=\"_blank\" rel=\"noreferrer noopener\"><\/a>&nbsp;<a href=\"https:\/\/www.scopus.com\/authid\/detail.uri?authorId=17436208400\" target=\"_blank\" rel=\"noreferrer noopener\"><\/a>&nbsp;<a href=\"https:\/\/www.scopus.com\/authid\/detail.uri?authorId=17436208400\" target=\"_blank\" rel=\"noreferrer noopener\"><\/a><a href=\"mailto:anand@ci.ufpb.br\">&nbsp;anand@ci.ufpb.br<\/a><\/p>\n\n\n\n<p><strong>Cl\u00e1udia Fabiana Gohr<\/strong><a href=\"http:\/\/lattes.cnpq.br\/9659567194527216\" target=\"_blank\" rel=\"noreferrer noopener\">&nbsp;\u2013 Lattes<\/a><a href=\"http:\/\/lattes.cnpq.br\/9659567194527216\" target=\"_blank\" rel=\"noreferrer noopener\"><br><\/a><a href=\"http:\/\/lattes.cnpq.br\/9659567194527216\" target=\"_blank\" rel=\"noreferrer noopener\"><\/a>&nbsp;<a href=\"https:\/\/www.scopus.com\/authid\/detail.uri?authorId=35185013200\" target=\"_blank\" rel=\"noreferrer noopener\"><\/a>&nbsp;<a href=\"mailto:claudiagohr@ct.ufpb.br\"><\/a><a href=\"mailto:claudia.gohr@academico.ufpb.br\">&nbsp;claudia.gohr@academico.ufpb.br<\/a><\/p>\n\n\n\n<p><strong>Cl\u00e1udio Ruy Portela de Vasconcelos<\/strong>\u00a0\u2013\u00a0<a href=\"http:\/\/lattes.cnpq.br\/4034043720991673\">Lattes<\/a><br><a href=\"http:\/\/lattes.cnpq.br\/4034043720991673\" target=\"_blank\" rel=\"noreferrer noopener\"><\/a>\u00a0<a href=\"https:\/\/www.scopus.com\/authid\/detail.uri?authorId=57219838834\" target=\"_blank\" rel=\"noreferrer noopener\"><\/a>\u00a0\u00a0<a href=\"mailto:claudioruy@yahoo.com\" target=\"_blank\" rel=\"noreferrer noopener\">claudioruy@yahoo.com<\/a><\/p>\n\n\n\n<p><strong>Hugo Harry Frederico Ribeiro Kramer<\/strong>&nbsp;\u2013&nbsp;<a href=\"http:\/\/lattes.cnpq.br\/6745664998257310\">Lattes<\/a><br><a href=\"http:\/\/lattes.cnpq.br\/6745664998257310\" target=\"_blank\" rel=\"noreferrer noopener\"><\/a>&nbsp;<a href=\"https:\/\/www.scopus.com\/authid\/detail.uri?authorId=51565438800\" target=\"_blank\" rel=\"noreferrer noopener\"><\/a>&nbsp;<a href=\"mailto:hugo.kramer@academico.ufpb.br\">&nbsp;hugo.kramer@academico.ufpb.br<\/a><\/p>\n\n\n\n<p><strong>Ivan Bolis<\/strong>\u00a0\u2013\u00a0<a href=\"http:\/\/lattes.cnpq.br\/7083169209148431\">Lattes<\/a><br><a href=\"http:\/\/lattes.cnpq.br\/7083169209148431\" target=\"_blank\" rel=\"noreferrer noopener\"><\/a>\u00a0<a href=\"https:\/\/www.scopus.com\/authid\/detail.uri?authorId=55189850300\" target=\"_blank\" rel=\"noreferrer noopener\"><\/a>\u00a0\u00a0<a href=\"mailto:ib@academico.ufpb.br\" target=\"_blank\" rel=\"noreferrer noopener\">ib@academico.ufpb.br<\/a><\/p>\n\n\n\n<p><strong>Lucas Guedes de Oliveira&nbsp;<\/strong>\u2013&nbsp;<a href=\"http:\/\/lattes.cnpq.br\/9119669161759099\">Lattes<\/a><strong><br><\/strong><a href=\"http:\/\/lattes.cnpq.br\/9119669161759099\" target=\"_blank\" rel=\"noreferrer noopener\"><\/a><strong>&nbsp;<\/strong><a href=\"https:\/\/www.scopus.com\/authid\/detail.uri?authorId=57209582162\" target=\"_blank\" rel=\"noreferrer noopener\"><\/a>&nbsp;<a href=\"mailto:anand@ci.ufpb.br\"><\/a>&nbsp;<a href=\"mailto:lucas.guedes.oliveira@academico.ufpb.br\" target=\"_blank\" rel=\"noreferrer noopener\">lucas.guedes.oliveira@academico.ufpb.br<\/a><\/p>\n\n\n\n<p><strong>Luciano Carlos Azevedo da Costa<\/strong>&nbsp;\u2013&nbsp;<a href=\"http:\/\/lattes.cnpq.br\/3954372189546017\">Lattes<\/a><a href=\"http:\/\/lattes.cnpq.br\/9659567194527216\" target=\"_blank\" rel=\"noreferrer noopener\"><br><\/a><a href=\"http:\/\/lattes.cnpq.br\/3954372189546017\" target=\"_blank\" rel=\"noreferrer noopener\"><\/a>&nbsp;<a href=\"https:\/\/www.scopus.com\/authid\/detail.uri?authorId=57204053136\" target=\"_blank\" rel=\"noreferrer noopener\"><\/a>&nbsp;<a href=\"mailto:luciano.costa@academico.ufpb.br\" target=\"_blank\" rel=\"noreferrer noopener\">&nbsp;luciano.costa@academico.ufpb.br<\/a><\/p>\n\n\n\n<p><strong>Luciano Costa Santos<\/strong><a href=\"http:\/\/lattes.cnpq.br\/5250721493896038\" target=\"_blank\" rel=\"noreferrer noopener\">&nbsp;<\/a><a href=\"http:\/\/lattes.cnpq.br\/5250721493896038\" target=\"_blank\" rel=\"noreferrer noopener\">\u2013 Lattes<br><\/a><a href=\"http:\/\/lattes.cnpq.br\/5250721493896038\" target=\"_blank\" rel=\"noreferrer noopener\"><\/a>&nbsp;<a href=\"https:\/\/www.scopus.com\/authid\/detail.uri?authorId=35185562800\" target=\"_blank\" rel=\"noreferrer noopener\"><\/a>&nbsp;<a href=\"mailto:luciano@ct.ufpb.br\">&nbsp;luciano@ct.ufpb.br<\/a><\/p>\n\n\n\n<p><strong>Luiz Bueno da Silva<\/strong>&nbsp;\u2013&nbsp;<a href=\"http:\/\/lattes.cnpq.br\/1455327957816397\">Lattes<\/a><br><a href=\"http:\/\/lattes.cnpq.br\/1455327957816397\" target=\"_blank\" rel=\"noreferrer noopener\"><\/a>&nbsp;<a href=\"https:\/\/www.scopus.com\/authid\/detail.uri?authorId=35791534900\" target=\"_blank\" rel=\"noreferrer noopener\"><\/a>&nbsp;<a href=\"mailto:luciano@ct.ufpb.br\">&nbsp;bueno@ct.ufpb.br<\/a><\/p>\n\n\n\n<p><strong>Luiz C\u00e9lio Souza Rocha<\/strong>&nbsp;\u2013&nbsp;<a href=\"http:\/\/lattes.cnpq.br\/6159042833362242\">Lattes<\/a><br><a href=\"http:\/\/lattes.cnpq.br\/6159042833362242\" target=\"_blank\" rel=\"noreferrer noopener\"><\/a>&nbsp;<a href=\"https:\/\/www.scopus.com\/authid\/detail.uri?authorId=56797573000\" target=\"_blank\" rel=\"noreferrer noopener\"><\/a>&nbsp;<a href=\"https:\/\/www.scopus.com\/authid\/detail.uri?authorId=17436208400\" target=\"_blank\" rel=\"noreferrer noopener\"><\/a><a href=\"mailto:anand@ci.ufpb.br\">&nbsp;luiz.rocha@ifnmg.edu.br<\/a><\/p>\n\n\n\n<p><strong>Maria Christine Werba Saldanha<\/strong><a href=\"https:\/\/sigaa.ufpb.br\/sigaa\/public\/docente\/portal.jsf?siape=1298891\" target=\"_blank\" rel=\"noreferrer noopener\">&nbsp;<\/a><a href=\"https:\/\/sigaa.ufpb.br\/sigaa\/public\/docente\/portal.jsf?siape=1298891\" target=\"_blank\" rel=\"noreferrer noopener\">\u2013 Lattes<br><\/a><a href=\"http:\/\/lattes.cnpq.br\/9125249342119563\" target=\"_blank\" rel=\"noreferrer noopener\"><\/a>&nbsp;<a href=\"https:\/\/www.scopus.com\/authid\/detail.uri?authorId=55190278900\" target=\"_blank\" rel=\"noreferrer noopener\"><\/a>&nbsp;<a href=\"mailto:cwerbasaldanha@gmail.com\">&nbsp;cwerbasaldanha@gmail.com<\/a><\/p>\n\n\n\n<p><strong>Maria Silene Alexandre Leite<\/strong><a href=\"http:\/\/lattes.cnpq.br\/1065749189635699\" target=\"_blank\" rel=\"noreferrer noopener\">&nbsp;<\/a><a href=\"http:\/\/lattes.cnpq.br\/1065749189635699\" target=\"_blank\" rel=\"noreferrer noopener\">\u2013 Lattes<br><\/a><a href=\"http:\/\/lattes.cnpq.br\/1065749189635699\" target=\"_blank\" rel=\"noreferrer noopener\"><\/a>&nbsp;<a href=\"https:\/\/www.scopus.com\/authid\/detail.uri?authorId=36242193700\" target=\"_blank\" rel=\"noreferrer noopener\"><\/a>&nbsp;<a href=\"mailto:mariasileneleite@hotmail.com\">&nbsp;mariasileneleite@hotmail.com<\/a><\/p>\n\n\n\n<p><strong>Paulo Rotella Junior<\/strong><br><a href=\"http:\/\/lattes.cnpq.br\/4259592524354308\" target=\"_blank\" rel=\"noreferrer noopener\"><\/a>&nbsp;<a href=\"https:\/\/www.scopus.com\/authid\/detail.uri?authorId=56032680100\" target=\"_blank\" rel=\"noreferrer noopener\"><\/a>&nbsp;<a href=\"mailto:paulo.rotella@academico.ufpb.br\">&nbsp;paulo.rotella@academico.ufpb.br<\/a>&nbsp;\u2013&nbsp;<a href=\"http:\/\/lattes.cnpq.br\/4259592524354308\">Lattes<\/a><\/p>\n\n\n\n<p><strong>Renata de Oliveira Mota&nbsp;<\/strong>\u2013&nbsp;<a href=\"http:\/\/lattes.cnpq.br\/8754982665286381\">Lattes<\/a><strong><br><\/strong><a href=\"http:\/\/lattes.cnpq.br\/8754982665286381\" target=\"_blank\" rel=\"noreferrer noopener\"><\/a><strong>&nbsp;<\/strong><a href=\"https:\/\/www.scopus.com\/authid\/detail.uri?authorId=57034964100\" target=\"_blank\" rel=\"noreferrer noopener\"><\/a>&nbsp;<a href=\"mailto:anand@ci.ufpb.br\">&nbsp;<\/a><a href=\"mailto:renata.mota@academico.ufpb.br\" target=\"_blank\" rel=\"noreferrer noopener\">&nbsp;renata.mota@academico.ufpb.br<\/a><\/p>\n\n\n\n<p><strong>Rog\u00e9rio Santana Peruchi<\/strong><a href=\"http:\/\/lattes.cnpq.br\/2633968496533807\" target=\"_blank\" rel=\"noreferrer noopener\">&nbsp;<\/a><a href=\"http:\/\/lattes.cnpq.br\/2633968496533807\" target=\"_blank\" rel=\"noreferrer noopener\">\u2013 Lattes<br><\/a><a href=\"http:\/\/lattes.cnpq.br\/2633968496533807\" target=\"_blank\" rel=\"noreferrer noopener\"><\/a>&nbsp;<a href=\"https:\/\/www.scopus.com\/authid\/detail.uri?authorId=55624270700\" target=\"_blank\" rel=\"noreferrer noopener\"><\/a>&nbsp;<a href=\"mailto:rsp@academico.ufpb.br\">&nbsp;rsp@academico.ufpb.br<\/a><\/p>\n\n\n\n<p><strong>Sandra Naomi Morioka<\/strong><a href=\"http:\/\/lattes.cnpq.br\/8793875828862500\" target=\"_blank\" rel=\"noreferrer noopener\">&nbsp;<\/a><a href=\"http:\/\/lattes.cnpq.br\/8793875828862500\" target=\"_blank\" rel=\"noreferrer noopener\">\u2013 Lattes<br><\/a><a href=\"http:\/\/lattes.cnpq.br\/8793875828862500\" target=\"_blank\" rel=\"noreferrer noopener\"><\/a>&nbsp;<a href=\"https:\/\/www.scopus.com\/authid\/detail.uri?authorId=56175656000\" target=\"_blank\" rel=\"noreferrer noopener\"><\/a>&nbsp;<a href=\"mailto:rsp@academico.ufpb.br\">&nbsp;sandra.morioka@academico.ufpb.br<\/a><\/p>\n\n\n\n<p><\/p>\n\n\n\n<p><\/p>\n","protected":false},"excerpt":{"rendered":"<p>O PPGEPS\/UFPB, conforme estabelecido em seu Regulamento Geral, estrutura-se em tr\u00eas inst\u00e2ncias organizacionais: a Coordena\u00e7\u00e3o, [&hellip;]<\/p>\n","protected":false},"author":326,"featured_media":0,"parent":54,"menu_order":1,"comment_status":"closed","ping_status":"closed","template":"","meta":{"footnotes":""},"class_list":["post-637","page","type-page","status-publish","hentry"],"_links":{"self":[{"href":"https:\/\/www.ct.ufpb.br\/ppgeps\/wp-json\/wp\/v2\/pages\/637","targetHints":{"allow":["GET"]}}],"collection":[{"href":"https:\/\/www.ct.ufpb.br\/ppgeps\/wp-json\/wp\/v2\/pages"}],"about":[{"href":"https:\/\/www.ct.ufpb.br\/ppgeps\/wp-json\/wp\/v2\/types\/page"}],"author":[{"embeddable":true,"href":"https:\/\/www.ct.ufpb.br\/ppgeps\/wp-json\/wp\/v2\/users\/326"}],"replies":[{"embeddable":true,"href":"https:\/\/www.ct.ufpb.br\/ppgeps\/wp-json\/wp\/v2\/comments?post=637"}],"version-history":[{"count":2,"href":"https:\/\/www.ct.ufpb.br\/ppgeps\/wp-json\/wp\/v2\/pages\/637\/revisions"}],"predecessor-version":[{"id":639,"href":"https:\/\/www.ct.ufpb.br\/ppgeps\/wp-json\/wp\/v2\/pages\/637\/revisions\/639"}],"up":[{"embeddable":true,"href":"https:\/\/www.ct.ufpb.br\/ppgeps\/wp-json\/wp\/v2\/pages\/54"}],"wp:attachment":[{"href":"https:\/\/www.ct.ufpb.br\/ppgeps\/wp-json\/wp\/v2\/media?parent=637"}],"curies":[{"name":"wp","href":"https:\/\/api.w.org\/{rel}","templated":true}]}}