{"id":602,"date":"2026-04-06T11:48:32","date_gmt":"2026-04-06T14:48:32","guid":{"rendered":"https:\/\/www.ct.ufpb.br\/ppgeps\/?page_id=602"},"modified":"2026-04-06T12:01:25","modified_gmt":"2026-04-06T15:01:25","slug":"professora-visitante","status":"publish","type":"page","link":"https:\/\/www.ct.ufpb.br\/ppgeps\/processo-seletivo\/professora-visitante\/","title":{"rendered":"Professor(a) visitante"},"content":{"rendered":"\n<p>Esta se\u00e7\u00e3o re\u00fane informa\u00e7\u00f5es sobre processos seletivos destinados \u00e0 contrata\u00e7\u00e3o de docentes com atua\u00e7\u00e3o tempor\u00e1ria no Programa. Essa modalidade tem como objetivo fortalecer as atividades de ensino, pesquisa e internacionaliza\u00e7\u00e3o, promovendo a integra\u00e7\u00e3o com pesquisadores(as) de reconhecida qualifica\u00e7\u00e3o acad\u00eamica, vinculados(as) a institui\u00e7\u00f5es nacionais e internacionais.<\/p>\n\n\n\n<p>Os(as) professores(as) visitantes atuam em atividades como oferta de disciplinas, desenvolvimento de projetos de pesquisa, orienta\u00e7\u00e3o de discentes e colabora\u00e7\u00e3o em redes acad\u00eamicas, contribuindo para a consolida\u00e7\u00e3o da excel\u00eancia do PPGEPS.<\/p>\n\n\n\n<h2 class=\"wp-block-heading\"><div class=\"linha-header\"><strong>Editais Abertos<\/strong><\/div><\/h2>\n\n\n\n<figure class=\"wp-block-embed is-type-wp-embed is-provider-programa-de-p-s-gradua-o-em-engenharia-de-produ-o-e-sistemas-ppgeps wp-block-embed-programa-de-p-s-gradua-o-em-engenharia-de-produ-o-e-sistemas-ppgeps\"><div class=\"wp-block-embed__wrapper\">\n<blockquote class=\"wp-embedded-content\" data-secret=\"txJfpicjTu\"><a href=\"https:\/\/www.ct.ufpb.br\/ppgeps\/edital-no-46-2026-processo-seletivo-simplificado-para-contratacao-de-professora-visitante\/\">Edital n\u00ba 46\/2026 \u2013 Processo Seletivo Simplificado para Contrata\u00e7\u00e3o de Professor(a) Visitante<\/a><\/blockquote><iframe loading=\"lazy\" class=\"wp-embedded-content\" sandbox=\"allow-scripts\" security=\"restricted\" style=\"position: absolute; visibility: hidden;\" title=\"&#8220;Edital n\u00ba 46\/2026 \u2013 Processo Seletivo Simplificado para Contrata\u00e7\u00e3o de Professor(a) Visitante&#8221; &#8212; Programa de P\u00f3s-gradua\u00e7\u00e3o em Engenharia de Produ\u00e7\u00e3o e Sistemas - PPGEPS\" src=\"https:\/\/www.ct.ufpb.br\/ppgeps\/edital-no-46-2026-processo-seletivo-simplificado-para-contratacao-de-professora-visitante\/embed\/#?secret=vOoKOk5aDT#?secret=txJfpicjTu\" data-secret=\"txJfpicjTu\" width=\"500\" height=\"282\" frameborder=\"0\" marginwidth=\"0\" marginheight=\"0\" scrolling=\"no\"><\/iframe>\n<\/div><\/figure>\n\n\n\n<h2 class=\"wp-block-heading\"><div class=\"linha-header\"><strong>Editais Anteriores<\/strong><\/div><\/h2>\n\n\n\n<p>Nesta se\u00e7\u00e3o ser\u00e3o disponibilizados os editais anteriores para contrata\u00e7\u00e3o de Professor(a) Visitante no \u00e2mbito do PPGEPS, para fins de transpar\u00eancia e consulta p\u00fablica.<\/p>\n\n\n\n<p><\/p>\n","protected":false},"excerpt":{"rendered":"<p>Esta se\u00e7\u00e3o re\u00fane informa\u00e7\u00f5es sobre processos seletivos destinados \u00e0 contrata\u00e7\u00e3o de docentes com atua\u00e7\u00e3o tempor\u00e1ria [&hellip;]<\/p>\n","protected":false},"author":326,"featured_media":0,"parent":21,"menu_order":4,"comment_status":"closed","ping_status":"closed","template":"","meta":{"footnotes":""},"class_list":["post-602","page","type-page","status-publish","hentry"],"_links":{"self":[{"href":"https:\/\/www.ct.ufpb.br\/ppgeps\/wp-json\/wp\/v2\/pages\/602","targetHints":{"allow":["GET"]}}],"collection":[{"href":"https:\/\/www.ct.ufpb.br\/ppgeps\/wp-json\/wp\/v2\/pages"}],"about":[{"href":"https:\/\/www.ct.ufpb.br\/ppgeps\/wp-json\/wp\/v2\/types\/page"}],"author":[{"embeddable":true,"href":"https:\/\/www.ct.ufpb.br\/ppgeps\/wp-json\/wp\/v2\/users\/326"}],"replies":[{"embeddable":true,"href":"https:\/\/www.ct.ufpb.br\/ppgeps\/wp-json\/wp\/v2\/comments?post=602"}],"version-history":[{"count":2,"href":"https:\/\/www.ct.ufpb.br\/ppgeps\/wp-json\/wp\/v2\/pages\/602\/revisions"}],"predecessor-version":[{"id":613,"href":"https:\/\/www.ct.ufpb.br\/ppgeps\/wp-json\/wp\/v2\/pages\/602\/revisions\/613"}],"up":[{"embeddable":true,"href":"https:\/\/www.ct.ufpb.br\/ppgeps\/wp-json\/wp\/v2\/pages\/21"}],"wp:attachment":[{"href":"https:\/\/www.ct.ufpb.br\/ppgeps\/wp-json\/wp\/v2\/media?parent=602"}],"curies":[{"name":"wp","href":"https:\/\/api.w.org\/{rel}","templated":true}]}}