{"id":564,"date":"2026-02-23T16:24:13","date_gmt":"2026-02-23T19:24:13","guid":{"rendered":"https:\/\/www.ct.ufpb.br\/ppgeps\/?page_id=564"},"modified":"2026-02-23T16:42:09","modified_gmt":"2026-02-23T19:42:09","slug":"pos-doutorado","status":"publish","type":"page","link":"https:\/\/www.ct.ufpb.br\/ppgeps\/processo-seletivo\/pos-doutorado\/","title":{"rendered":"P\u00f3s-doutorado"},"content":{"rendered":"\n<p>O Est\u00e1gio P\u00f3s-Doutoral no PPGEPS destina-se a pesquisadores(as) com t\u00edtulo de doutor que desejam desenvolver atividades de pesquisa vinculadas \u00e0s linhas e projetos do Programa. A admiss\u00e3o ocorre conforme regulamenta\u00e7\u00e3o institucional e edital espec\u00edfico ou fluxo cont\u00ednuo, quando aplic\u00e1vel.<\/p>\n\n\n\n<p>O(a) candidato(a) dever\u00e1 apresentar plano de trabalho, com anu\u00eancia de um(a) docente supervisor(a) do PPGEPS, atendendo aos requisitos estabelecidos nas normas vigentes. O est\u00e1gio p\u00f3s-doutoral tem como objetivo fortalecer a produ\u00e7\u00e3o cient\u00edfica, ampliar redes de colabora\u00e7\u00e3o e contribuir para o desenvolvimento acad\u00eamico e institucional do Programa.<\/p>\n\n\n\n<p>As informa\u00e7\u00f5es e documentos referentes aos processos seletivos anteriores encontram-se dispon\u00edveis abaixo.<\/p>\n\n\n\n<ul class=\"wp-block-list\">\n<li><strong>P\u00f3s-doutorado (2025)<br><\/strong><a href=\"http:\/\/plone.ufpb.br\/ppgeps\/contents\/documentos\/processos-seletivos\/pos-doutorado-2025\/edital-01_2025-posdoutorado-retificado-docx.pdf\">&#8211; Edital de abertura de inscri\u00e7\u00f5es &#8211; Retificado em 29\/01\/2025<br><\/a><a href=\"http:\/\/plone.ufpb.br\/ppgeps\/contents\/noticias\/pos-doutorado-2025-homologacao-de-inscricoes\/homologacao_inscricoes_selecao_pos_doc_2025-docx.pdf\" target=\"_blank\" rel=\"noreferrer noopener\">&#8211; Resultado da homologa\u00e7\u00e3o de inscri\u00e7\u00f5es<\/a><br><\/li>\n\n\n\n<li><strong>P\u00f3s-doutorado (2023)<\/strong><\/li>\n<\/ul>\n\n\n\n<p>&nbsp; &nbsp; &nbsp; &nbsp; &#8211;&nbsp;<a href=\"http:\/\/plone.ufpb.br\/ppgeps\/contents\/noticias\/pos-doutorado-ppgeps-em-2023-com-bolsa\/ppgeps-edital_02-2023-bolsa-pos-doutorado_fapesq.pdf\" target=\"_blank\" rel=\"noreferrer noopener\">Edital de abertura de inscri\u00e7\u00f5es<\/a><br>&nbsp; &nbsp; &nbsp; &nbsp; &#8211;&nbsp;<a href=\"http:\/\/plone.ufpb.br\/ppgeps\/contents\/noticias\/resultado-preliminar-selecao-de-pos-doutorado\/2023-10-16-posdoc-resultadopreliminar.pdf\" target=\"_blank\" rel=\"noreferrer noopener\">R<\/a><a href=\"http:\/\/plone.ufpb.br\/ppgeps\/contents\/noticias\/resultado-preliminar-selecao-de-pos-doutorado\/2023-10-16-posdoc-resultadopreliminar.pdf\" target=\"_blank\" rel=\"noreferrer noopener\">esultado preliminar<\/a><\/p>\n\n\n\n<ul class=\"wp-block-list\">\n<li><strong><a href=\"http:\/\/plone.ufpb.br\/ppgeps\/contents\/paginas\/processos-seletivos\/processo-seletivo-de-pos-doutorado-com-bolsa\" target=\"_blank\" rel=\"noreferrer noopener\">P\u00f3s-doutorado (2022)<\/a><\/strong><\/li>\n<\/ul>\n","protected":false},"excerpt":{"rendered":"<p>O Est\u00e1gio P\u00f3s-Doutoral no PPGEPS destina-se a pesquisadores(as) com t\u00edtulo de doutor que desejam desenvolver [&hellip;]<\/p>\n","protected":false},"author":326,"featured_media":0,"parent":21,"menu_order":2,"comment_status":"closed","ping_status":"closed","template":"","meta":{"footnotes":""},"class_list":["post-564","page","type-page","status-publish","hentry"],"_links":{"self":[{"href":"https:\/\/www.ct.ufpb.br\/ppgeps\/wp-json\/wp\/v2\/pages\/564","targetHints":{"allow":["GET"]}}],"collection":[{"href":"https:\/\/www.ct.ufpb.br\/ppgeps\/wp-json\/wp\/v2\/pages"}],"about":[{"href":"https:\/\/www.ct.ufpb.br\/ppgeps\/wp-json\/wp\/v2\/types\/page"}],"author":[{"embeddable":true,"href":"https:\/\/www.ct.ufpb.br\/ppgeps\/wp-json\/wp\/v2\/users\/326"}],"replies":[{"embeddable":true,"href":"https:\/\/www.ct.ufpb.br\/ppgeps\/wp-json\/wp\/v2\/comments?post=564"}],"version-history":[{"count":3,"href":"https:\/\/www.ct.ufpb.br\/ppgeps\/wp-json\/wp\/v2\/pages\/564\/revisions"}],"predecessor-version":[{"id":570,"href":"https:\/\/www.ct.ufpb.br\/ppgeps\/wp-json\/wp\/v2\/pages\/564\/revisions\/570"}],"up":[{"embeddable":true,"href":"https:\/\/www.ct.ufpb.br\/ppgeps\/wp-json\/wp\/v2\/pages\/21"}],"wp:attachment":[{"href":"https:\/\/www.ct.ufpb.br\/ppgeps\/wp-json\/wp\/v2\/media?parent=564"}],"curies":[{"name":"wp","href":"https:\/\/api.w.org\/{rel}","templated":true}]}}