{"id":54,"date":"2025-06-13T19:37:17","date_gmt":"2025-06-13T22:37:17","guid":{"rendered":"https:\/\/www.ct.ufpb.br\/ppgeps\/?page_id=54"},"modified":"2025-11-18T15:11:53","modified_gmt":"2025-11-18T18:11:53","slug":"regulamentacao","status":"publish","type":"page","link":"https:\/\/www.ct.ufpb.br\/ppgeps\/regulamentacao\/","title":{"rendered":"Regulamenta\u00e7\u00e3o"},"content":{"rendered":"\n<p><strong>Normas gerais da Universidade Federal da Para\u00edba<\/strong><\/p>\n\n\n\n<ul class=\"wp-block-list\">\n<li><a href=\"https:\/\/www.ct.ufpb.br\/ppgeps\/wp-content\/uploads\/sites\/107\/sites\/322\/2025\/11\/resolucao-54-2024-consepe-geral-pos-ufpb-1.pdf\" data-type=\"attachment\" data-id=\"323\" target=\"_blank\" rel=\"noreferrer noopener\">Regulamento geral da P\u00f3s-gradua\u00e7\u00e3o &#8211; UFPB (Resolu\u00e7\u00e3o CONSEPE n\u00ba 54\/2024)<\/a><br><a href=\"https:\/\/www.ct.ufpb.br\/ppgeps\/wp-content\/uploads\/sites\/107\/sites\/322\/2025\/11\/resol_consepe_26_2025_-_alterao_da_54_2024-1-2.pdf\" data-type=\"attachment\" data-id=\"330\" target=\"_blank\" rel=\"noreferrer noopener\">Resolu\u00e7\u00e3o n\u00ba 26\/2025 &#8211; Altera\u00e7\u00e3o do Regulamento geral &#8211; UFPB<\/a><\/li>\n\n\n\n<li><a href=\"https:\/\/www.ct.ufpb.br\/ppgeps\/wp-content\/uploads\/sites\/107\/sites\/322\/2025\/11\/resoluo__estgio_docncia_26_1999.pdf\" data-type=\"attachment\" data-id=\"324\" target=\"_blank\" rel=\"noreferrer noopener\">Regulamento geral de Est\u00e1gio de Doc\u00eancia &#8211; UFPB<\/a><\/li>\n\n\n\n<li><a href=\"https:\/\/www.ct.ufpb.br\/ppgeps\/wp-content\/uploads\/sites\/107\/sites\/322\/2025\/11\/resolucao-consepe-182025-estagio-nao-obrigatorio-na-pos-graduacao.pdf\" data-type=\"attachment\" data-id=\"326\" target=\"_blank\" rel=\"noreferrer noopener\">Regulamento geral de Est\u00e1gio n\u00e3o-obrigat\u00f3rio na p\u00f3s-gradua\u00e7\u00e3o &#8211; UFPB<\/a><\/li>\n\n\n\n<li><strong><a href=\"https:\/\/www.ct.ufpb.br\/ppgeps\/wp-content\/uploads\/sites\/107\/sites\/322\/2025\/10\/Resoluo_Consepe_n_57.2025.pdf\" data-type=\"attachment\" data-id=\"197\" target=\"_blank\" rel=\"noreferrer noopener\">Regulamento de integridade em trabalhos acad\u00eamicos &#8211; UFPB (Resolu\u00e7\u00e3o CONSEPE n\u00ba 57\/2025)<\/a><\/strong><\/li>\n\n\n\n<li><a href=\"https:\/\/www.ct.ufpb.br\/ppgeps\/wp-content\/uploads\/sites\/107\/sites\/322\/2025\/11\/portaria-prpg-n-54-de-22-de-maio-de-2020.pdf\" data-type=\"attachment\" data-id=\"325\" target=\"_blank\" rel=\"noreferrer noopener\">Regulamento da continua\u00e7\u00e3o de atividades de p\u00f3s-gradua\u00e7\u00e3o na UFPB no per\u00edodo de distanciamento social imposto pela pandemia da COVID-19<\/a><\/li>\n<\/ul>\n\n\n\n<p class=\" \"><strong>Observa\u00e7\u00e3o:<\/strong>&nbsp;As normas gerais sobre p\u00f3s-gradua\u00e7\u00e3o na UFPB podem ser alteradas pelo Conselho de Ensino, Pesquisa e Extens\u00e3o (CONSEPE). Recomenda-se que o interessado consulte o regulamento geral da p\u00f3s-gradua\u00e7\u00e3o (Resolu\u00e7\u00e3o n\u00ba 76\/2013\/CONSEPE\/UFPB) e verifique eventuais altera\u00e7\u00f5es nas normativas vigentes, como as Resolu\u00e7\u00f5es n\u00ba 34\/2014 e n\u00ba 65\/2016. Este portal manter\u00e1 as informa\u00e7\u00f5es atualizadas em caso de modifica\u00e7\u00f5es. Para mais detalhes, consulte o site da&nbsp;<a href=\"https:\/\/www.prpg.ufpb.br\/\" target=\"_blank\" rel=\"noreferrer noopener\">Pr\u00f3-Reitoria de P\u00f3s-Gradua\u00e7\u00e3o da UFPB (PRPG)<\/a>.&nbsp;<\/p>\n\n\n\n<p class=\" \">&nbsp;<strong>Normas atuais do Programa de P\u00f3s-Gradua\u00e7\u00e3o em Engenharia de Produ\u00e7\u00e3o e Sistemas<\/strong><\/p>\n\n\n\n<ul class=\"wp-block-list\">\n<li><a href=\"https:\/\/www.ct.ufpb.br\/ppgeps\/wp-content\/uploads\/sites\/107\/sites\/322\/2025\/11\/resoluo_consepe_n_11-2024-1.pdf\" data-type=\"attachment\" data-id=\"334\" target=\"_blank\" rel=\"noreferrer noopener\">Regulamento do PPGEPS&nbsp; &#8211; Resolu\u00e7\u00e3o CONSEPE n\u00ba 11\/2024<\/a> (v\u00e1lido para ingressantes a partir de 2025 e optantes)<\/li>\n\n\n\n<li><a href=\"http:\/\/www.ct.ufpb.br\/ppgeps\/wp-content\/uploads\/sites\/107\/sites\/322\/2025\/11\/resolucao-n-012025-bolsas-ppgeps.pdf\" target=\"_blank\" rel=\"noreferrer noopener\">Regulamento de bolsas de mestrado &#8211; PPGEPS&nbsp;&#8211; Resolu\u00e7\u00e3o interna &#8211; PPGEPS n\u00ba 01\/2025<\/a>&nbsp;(v\u00e1lido para ingressantes a partir de 2025)<\/li>\n\n\n\n<li><a href=\"http:\/\/www.ct.ufpb.br\/ppgeps\/wp-content\/uploads\/sites\/107\/sites\/322\/2025\/11\/res_interna_02_2020_estagio_docencia.pdf\" target=\"_blank\" rel=\"noreferrer noopener\">Regulamento de est\u00e1gio doc\u00eancia &#8211; PPGEPS<\/a><\/li>\n\n\n\n<li><a href=\"https:\/\/www.ct.ufpb.br\/ppgeps\/wp-content\/uploads\/sites\/107\/sites\/322\/2025\/11\/res_01_2020-2.pdf\" data-type=\"attachment\" data-id=\"345\" target=\"_blank\" rel=\"noreferrer noopener\">Regulamento de elabora\u00e7\u00e3o e apresenta\u00e7\u00e3o de trabalhos acad\u00eamicos&nbsp;&#8211; PPGEPS<\/a>&nbsp;(alterada pela&nbsp;Resolu\u00e7\u00e3o PPGEPS n\u00ba 01\/2024).<\/li>\n\n\n\n<li><a href=\"https:\/\/www.ct.ufpb.br\/ppgeps\/wp-content\/uploads\/sites\/107\/sites\/322\/2025\/11\/2024-resolucao_redescredenciamento-assinada.pdf\" data-type=\"attachment\" data-id=\"338\" target=\"_blank\" rel=\"noreferrer noopener\">Regulamento de credenciamento, descredenciamento e recredenciamento de docentes &#8211; PPGEPS<\/a>&nbsp;(a planilha de apoio ao c\u00e1lculo do desempenho docente&nbsp;se encontra na se\u00e7\u00e3o&nbsp;<a href=\"https:\/\/www.ct.ufpb.br\/ppgeps\/documentos-e-processos\/\" data-type=\"page\" data-id=\"23\" target=\"_blank\" rel=\"noreferrer noopener\">Documentos e Processos<\/a>&nbsp;&gt; Modelos)<\/li>\n<\/ul>\n\n\n\n<p><strong>Normas antigas do Programa de P\u00f3s-Gradua\u00e7\u00e3o em Engenharia de Produ\u00e7\u00e3o e Sistemas<\/strong><\/p>\n\n\n\n<ul class=\"wp-block-list\">\n<li><a href=\"https:\/\/www.ct.ufpb.br\/ppgeps\/wp-content\/uploads\/sites\/107\/sites\/322\/2025\/11\/resolucao_31_2019_ppgeps.pdf\" data-type=\"attachment\" data-id=\"342\" target=\"_blank\" rel=\"noreferrer noopener\">Regulamento antigo do PPGEPS&nbsp;&#8211; Resolu\u00e7\u00e3o CONSEPE n\u00ba 31\/2019<\/a> (v\u00e1lido para ingressantes at\u00e9 2024).<a href=\"http:\/\/plone.ufpb.br\/ppgeps\/contents\/documentos\/regulamentacao\/res_interna_04_2020_credenciamento.pdf\" target=\"_blank\" rel=\"noreferrer noopener\"><\/a><\/li>\n\n\n\n<li><a href=\"https:\/\/www.ct.ufpb.br\/ppgeps\/wp-content\/uploads\/sites\/107\/sites\/322\/2025\/11\/res_interna_03_2020_bolsas.pdf\" data-type=\"attachment\" data-id=\"341\" target=\"_blank\" rel=\"noreferrer noopener\">Regulamento antigo de bolsas de mestrado &#8211; PPGEPS&nbsp;&#8211;&nbsp;Resolu\u00e7\u00e3o interna &#8211; PPGEPS n\u00ba 03\/2020<\/a>&nbsp;&nbsp;(v\u00e1lido para ingressantes at\u00e9 2024).<\/li>\n\n\n\n<li><a href=\"https:\/\/www.ct.ufpb.br\/ppgeps\/wp-content\/uploads\/sites\/107\/sites\/322\/2025\/11\/res_interna_04_2020_credenciamento.pdf\" data-type=\"attachment\" data-id=\"340\" target=\"_blank\" rel=\"noreferrer noopener\">Regulamento antigo de credenciamento, descredenciamento e recredenciamento de docentes &#8211; PPGEPS<\/a>&nbsp;&#8211; revogado pela resolu\u00e7\u00e3o interna n\u00ba 01\/2024\/PPGEPS.<\/li>\n<\/ul>\n\n\n\n<p><\/p>\n","protected":false},"excerpt":{"rendered":"<p>Normas gerais da Universidade Federal da Para\u00edba Observa\u00e7\u00e3o:&nbsp;As normas gerais sobre p\u00f3s-gradua\u00e7\u00e3o na UFPB podem [&hellip;]<\/p>\n","protected":false},"author":47,"featured_media":0,"parent":0,"menu_order":0,"comment_status":"closed","ping_status":"closed","template":"","meta":{"footnotes":""},"class_list":["post-54","page","type-page","status-publish","hentry"],"_links":{"self":[{"href":"https:\/\/www.ct.ufpb.br\/ppgeps\/wp-json\/wp\/v2\/pages\/54","targetHints":{"allow":["GET"]}}],"collection":[{"href":"https:\/\/www.ct.ufpb.br\/ppgeps\/wp-json\/wp\/v2\/pages"}],"about":[{"href":"https:\/\/www.ct.ufpb.br\/ppgeps\/wp-json\/wp\/v2\/types\/page"}],"author":[{"embeddable":true,"href":"https:\/\/www.ct.ufpb.br\/ppgeps\/wp-json\/wp\/v2\/users\/47"}],"replies":[{"embeddable":true,"href":"https:\/\/www.ct.ufpb.br\/ppgeps\/wp-json\/wp\/v2\/comments?post=54"}],"version-history":[{"count":10,"href":"https:\/\/www.ct.ufpb.br\/ppgeps\/wp-json\/wp\/v2\/pages\/54\/revisions"}],"predecessor-version":[{"id":347,"href":"https:\/\/www.ct.ufpb.br\/ppgeps\/wp-json\/wp\/v2\/pages\/54\/revisions\/347"}],"wp:attachment":[{"href":"https:\/\/www.ct.ufpb.br\/ppgeps\/wp-json\/wp\/v2\/media?parent=54"}],"curies":[{"name":"wp","href":"https:\/\/api.w.org\/{rel}","templated":true}]}}