{"id":453,"date":"2025-12-04T11:47:08","date_gmt":"2025-12-04T14:47:08","guid":{"rendered":"https:\/\/www.ct.ufpb.br\/ppgeps\/?page_id=453"},"modified":"2026-04-08T12:03:25","modified_gmt":"2026-04-08T15:03:25","slug":"site-antigo","status":"publish","type":"page","link":"https:\/\/www.ct.ufpb.br\/ppgeps\/sobre-nos\/site-antigo\/","title":{"rendered":"Site antigo"},"content":{"rendered":"\n<figure class=\"wp-block-image size-full\"><img loading=\"lazy\" decoding=\"async\" width=\"1000\" height=\"500\" src=\"http:\/\/www.ct.ufpb.br\/ppgeps\/wp-content\/uploads\/sites\/107\/sites\/322\/2025\/12\/migracao-de-site.png\" alt=\"\" class=\"wp-image-454\" srcset=\"https:\/\/www.ct.ufpb.br\/ppgeps\/wp-content\/uploads\/sites\/107\/sites\/322\/2025\/12\/migracao-de-site.png 1000w, https:\/\/www.ct.ufpb.br\/ppgeps\/wp-content\/uploads\/sites\/107\/sites\/322\/2025\/12\/migracao-de-site-300x150.png 300w, https:\/\/www.ct.ufpb.br\/ppgeps\/wp-content\/uploads\/sites\/107\/sites\/322\/2025\/12\/migracao-de-site-768x384.png 768w\" sizes=\"auto, (max-width: 1000px) 100vw, 1000px\" \/><\/figure>\n\n\n\n<p><\/p>\n\n\n\n<p>Informamos que o <strong>site institucional do Programa de P\u00f3s-Gradua\u00e7\u00e3o em Engenharia de Produ\u00e7\u00e3o (PPGEPS\/UFPB)<\/strong> passou por uma atualiza\u00e7\u00e3o completa. A migra\u00e7\u00e3o para uma <strong>nova plataforma<\/strong> tem como objetivo aprimorar a navega\u00e7\u00e3o, oferecer maior estabilidade e disponibilizar informa\u00e7\u00f5es de forma mais clara e acess\u00edvel \u00e0 comunidade acad\u00eamica e ao p\u00fablico externo.<\/p>\n\n\n\n<p>\ud83d\udd17 <strong>Acesso ao site anterior<\/strong><br>Para fins de consulta, o conte\u00fado do site antigo permanece dispon\u00edvel no seguinte endere\u00e7o:<br><strong><a href=\"http:\/\/plone.ufpb.br\/ppgeps\">http:\/\/plone.ufpb.br\/ppgeps<\/a><\/strong><\/p>\n\n\n\n<p>Estamos empenhados em proporcionar um ambiente digital mais eficiente e alinhado \u00e0s necessidades atuais do programa.<\/p>\n\n\n\n<p>Agradecemos a compreens\u00e3o e permanecemos \u00e0 disposi\u00e7\u00e3o para esclarecimentos.<\/p>\n\n\n\n<p><strong>Equipe PPGEPS<\/strong><\/p>\n","protected":false},"excerpt":{"rendered":"<p>Informamos que o site institucional do Programa de P\u00f3s-Gradua\u00e7\u00e3o em Engenharia de Produ\u00e7\u00e3o (PPGEPS\/UFPB) passou [&hellip;]<\/p>\n","protected":false},"author":326,"featured_media":0,"parent":9,"menu_order":5,"comment_status":"closed","ping_status":"closed","template":"","meta":{"footnotes":""},"class_list":["post-453","page","type-page","status-publish","hentry"],"_links":{"self":[{"href":"https:\/\/www.ct.ufpb.br\/ppgeps\/wp-json\/wp\/v2\/pages\/453","targetHints":{"allow":["GET"]}}],"collection":[{"href":"https:\/\/www.ct.ufpb.br\/ppgeps\/wp-json\/wp\/v2\/pages"}],"about":[{"href":"https:\/\/www.ct.ufpb.br\/ppgeps\/wp-json\/wp\/v2\/types\/page"}],"author":[{"embeddable":true,"href":"https:\/\/www.ct.ufpb.br\/ppgeps\/wp-json\/wp\/v2\/users\/326"}],"replies":[{"embeddable":true,"href":"https:\/\/www.ct.ufpb.br\/ppgeps\/wp-json\/wp\/v2\/comments?post=453"}],"version-history":[{"count":1,"href":"https:\/\/www.ct.ufpb.br\/ppgeps\/wp-json\/wp\/v2\/pages\/453\/revisions"}],"predecessor-version":[{"id":455,"href":"https:\/\/www.ct.ufpb.br\/ppgeps\/wp-json\/wp\/v2\/pages\/453\/revisions\/455"}],"up":[{"embeddable":true,"href":"https:\/\/www.ct.ufpb.br\/ppgeps\/wp-json\/wp\/v2\/pages\/9"}],"wp:attachment":[{"href":"https:\/\/www.ct.ufpb.br\/ppgeps\/wp-json\/wp\/v2\/media?parent=453"}],"curies":[{"name":"wp","href":"https:\/\/api.w.org\/{rel}","templated":true}]}}