{"id":372,"date":"2025-11-19T11:38:21","date_gmt":"2025-11-19T14:38:21","guid":{"rendered":"https:\/\/www.ct.ufpb.br\/ppgeps\/?page_id=372"},"modified":"2026-03-03T10:40:27","modified_gmt":"2026-03-03T13:40:27","slug":"ingresso-de-alunos-especiais","status":"publish","type":"page","link":"https:\/\/www.ct.ufpb.br\/ppgeps\/ingresso-de-alunos-especiais\/","title":{"rendered":"Ingresso de Alunos Especiais"},"content":{"rendered":"\n<p>Uma das formas de ser discente do PPGEPS, al\u00e9m da aprova\u00e7\u00e3o em processo seletivo anual, \u00e9 o ingresso como aluno(a) especial.\u00a0 Conhe\u00e7a mais sobre a figura do(a) aluno(a) especial e sobre o procedimento de ingresso atrav\u00e9s das informa\u00e7\u00f5es a seguir.<\/p>\n\n\n\n<p><strong>Por que ser aluno(a) especial?<\/strong><\/p>\n\n\n\n<p>Muitas vezes o(a) aluno(a) especial \u00e9 aquele que, no \u00ednterim entre dois processos seletivos, antecipa-se em rela\u00e7\u00e3o \u00e0 pr\u00f3xima sele\u00e7\u00e3o n\u00e3o s\u00f3 com as disciplinas, mas na busca por um objeto de investiga\u00e7\u00e3o para um futuro mestrado.<\/p>\n\n\n\n<p>Trata-se de uma oportunidade \u00fanica para voc\u00ea que tem interesse de iniciar o mestrado em Engenharia de Produ\u00e7\u00e3o e j\u00e1 quer adiantar algumas disciplinas isoladas. O contato com a tem\u00e1tica e com os estudos avan\u00e7ados t\u00edpicos da p\u00f3s-gradua\u00e7\u00e3o&nbsp;<em>stricto sensu&nbsp;<\/em>permite ao aluno especial descobrir e firmar os primeiros passos na dire\u00e7\u00e3o da pesquisa que pretende empreender no mestrado. Al\u00e9m disso, \u00e9 poss\u00edvel, nos moldes da regulamenta\u00e7\u00e3o aplic\u00e1vel ao curso e a depender da quantidade de cr\u00e9ditos cursados e da disponibilidade do nosso Programa de P\u00f3s-gradua\u00e7\u00e3o, diminuir o tempo necess\u00e1rio para concluir o mestrado.<br>&nbsp;<br>Ap\u00f3s consulta pr\u00e9via aos docentes do PPGEPS, a Coordena\u00e7\u00e3o informa, na not\u00edcia sobre o pr\u00f3ximo per\u00edodo de inscri\u00e7\u00f5es para ingresso como alunos especiais, as disciplinas do semestre que poder\u00e3o receber alunos especiais. Saiba mais sobre as disciplinas de cada semestre na se\u00e7\u00e3o&nbsp;<a href=\"http:\/\/plone.ufpb.br\/ppgeps\/contents\/menu\/calendario-e-oferta-de-disciplinas\" target=\"_blank\" rel=\"noreferrer noopener\">Calend\u00e1rio e Oferta de Disciplinas<\/a>&nbsp;e sobre cada disciplina na se\u00e7\u00e3o&nbsp;<a href=\"http:\/\/plone.ufpb.br\/ppgeps\/contents\/menu\/estrutura-curricular\" target=\"_blank\" rel=\"noreferrer noopener\">Estrutura Curricular<\/a>.<\/p>\n\n\n\n<p><strong>Quem pode ser aluno(a) especial?<\/strong><\/p>\n\n\n\n<p>Ressaltamos que as vagas para alunos(as) especiais s\u00e3o destinadas aos candidatos que se\u00a0<strong>encaixam nos crit\u00e9rios elencados no nosso regulamento<\/strong>\u00a0e que se prop\u00f5em a iniciar estudos antecipadamente, de forma\u00a0<strong>dedicada e comprometida com o ensino-aprendizagem<\/strong>\u00a0no intuito de posteriormente se candidatar a uma vaga de aluno regular atrav\u00e9s do processo seletivo anual.<\/p>\n\n\n\n<p>As regras aplic\u00e1veis constam no&nbsp;<a href=\"http:\/\/plone.ufpb.br\/ppgeps\/contents\/documentos\/regulamentacao\/resolucao_79_2013_regulamento_geral_pos_ufpb.pdf\" target=\"_blank\" rel=\"noreferrer noopener\">Regulamento Geral da p\u00f3s-gradua\u00e7\u00e3o da UFPB<\/a>&nbsp;e principalmente no&nbsp;<a href=\"http:\/\/plone.ufpb.br\/ppgeps\/contents\/documentos\/regulamentacao\/resolucao_31_2019_ppgeps.pdf\" target=\"_blank\" rel=\"noreferrer noopener\">Regulamento Geral do PPGEPS<\/a>, que se encontram na se\u00e7\u00e3o&nbsp;<a href=\"http:\/\/plone.ufpb.br\/ppgeps\/contents\/menu\/regulamentacao-1\" target=\"_blank\" rel=\"noreferrer noopener\">Regulamenta\u00e7\u00e3o<\/a>&nbsp;do nosso&nbsp;<em>site<\/em>. Em resumo, pode ser aluno especial aquele que atender aos&nbsp;<a href=\"http:\/\/plone.ufpb.br\/ppgeps\/contents\/paginas\/processos-seletivos\/ingresso-de-alunos-especiais#art31\">crit\u00e9rios do artigo 31 ou do artigo 32 do Regulamento do PPGEPS<\/a>.<\/p>\n\n\n\n<p>\u00c9 poss\u00edvel, portanto, a matr\u00edcula como aluno especial de concluintes da gradua\u00e7\u00e3o e de graduados, desde que atendam aos requisitos dos artigos 31 e 32, respectivamente.&nbsp;<strong>Entretanto, \u00e9 preciso, ainda<\/strong>, que a disciplina a cuja matr\u00edcula o candidato aspira seja ofertada no semestre de ingresso pelo Programa, que o docente respons\u00e1vel por ela aceite a matr\u00edcula de alunos especiais para a referida turma e que o Colegiado do PPGEPS aprove o ingresso do aluno especial.<\/p>\n\n\n\n<p><strong>Procedimento<\/strong><\/p>\n\n\n\n<p class=\" \">O procedimento iniciar\u00e1 com as inscri\u00e7\u00f5es, passando pela an\u00e1lise pela Coordena\u00e7\u00e3o do PPGEPS e pelo Colegiado do Programa a fim de se cumprir a previs\u00e3o do artigo 30,&nbsp;<em>caput&nbsp;<\/em>e \u00a72\u00ba do nosso&nbsp;<a href=\"http:\/\/plone.ufpb.br\/ppgeps\/contents\/documentos\/regulamentacao\/resolucao_31_2019_ppgeps.pdf\" target=\"_blank\" rel=\"noreferrer noopener\">Regulamento<\/a>. Abaixo segue um resumo com as etapas:<\/p>\n\n\n\n<ul class=\"wp-block-list\">\n<li>Per\u00edodo de Inscri\u00e7\u00f5es;<\/li>\n\n\n\n<li>Tramita\u00e7\u00e3o dos processos de inscri\u00e7\u00f5es admitidas, com manifesta\u00e7\u00e3o de relator e decis\u00e3o colegiada;<\/li>\n\n\n\n<li>Per\u00edodo de matr\u00edculas, realizadas pela Coordena\u00e7\u00e3o;<\/li>\n\n\n\n<li>In\u00edcio das aulas.<br><\/li>\n<\/ul>\n\n\n\n<p><strong>Inscri\u00e7\u00f5es<\/strong><\/p>\n\n\n\n<p>As inscri\u00e7\u00f5es dever\u00e3o ser realizadas exclusivamente por meio do\u00a0<a href=\"https:\/\/forms.gle\/ZNUmzNxNfzwVpvQ97\">formul\u00e1rio eletr\u00f4nico<\/a> durante o per\u00edodo de sele\u00e7\u00e3o que ser\u00e1 divulgado pela coordena\u00e7\u00e3o do PPGEPS no in\u00edcio de cada semestre. Toda a documenta\u00e7\u00e3o dever\u00e1 ser enviada no ato da inscri\u00e7\u00e3o\u00a0<strong>em arquivo \u00fanico no formato PDF<\/strong>.<\/p>\n\n\n\n<h3 class=\"wp-block-heading\">Para Graduandos(as):<\/h3>\n\n\n\n<ul class=\"wp-block-list\">\n<li>Formul\u00e1rio de Candidatura \u00e0 vaga de Aluno(a) Especial\u00a0<em><a href=\"https:\/\/www.ct.ufpb.br\/ppgeps\/wp-content\/uploads\/sites\/107\/sites\/322\/2026\/02\/Formulario_Aluno-especial_PPGEPS.docx\">(Anexo I)<\/a><\/em><\/li>\n\n\n\n<li>Comprovante de matr\u00edcula no curso de gradua\u00e7\u00e3o (semestre vigente);<\/li>\n\n\n\n<li>Hist\u00f3rico escolar atualizado;<\/li>\n\n\n\n<li>Comprovante de participa\u00e7\u00e3o em programas acad\u00eamicos institucionais da UFPB (ensino, pesquisa ou extens\u00e3o \u2014 n\u00e3o se incluem est\u00e1gios);<\/li>\n\n\n\n<li>Comprovante de resid\u00eancia atualizado (emitido at\u00e9 3 meses antes da data final de inscri\u00e7\u00e3o).<\/li>\n<\/ul>\n\n\n\n<hr class=\"wp-block-separator has-alpha-channel-opacity\" \/>\n\n\n\n<h3 class=\"wp-block-heading\">Para Graduados(as):<\/h3>\n\n\n\n<ul class=\"wp-block-list\">\n<li>Formul\u00e1rio de Candidatura \u00e0 vaga de Aluno(a) Especial\u00a0<em><a href=\"https:\/\/www.ct.ufpb.br\/ppgeps\/wp-content\/uploads\/sites\/107\/sites\/322\/2026\/02\/Formulario_Aluno-especial_PPGEPS.docx\">(Anexo I)<\/a><\/em><\/li>\n\n\n\n<li>Diploma de gradua\u00e7\u00e3o ou certificado de conclus\u00e3o de curso (caso o diploma esteja em fase de expedi\u00e7\u00e3o);<\/li>\n\n\n\n<li>Comprovante de participa\u00e7\u00e3o em grupo de pesquisa;<\/li>\n\n\n\n<li>Comprovante de resid\u00eancia atualizado (emitido at\u00e9 3 meses antes da data final de inscri\u00e7\u00e3o).<\/li>\n<\/ul>\n\n\n\n<p>\u00a0<strong>Inscri\u00e7\u00f5es enviadas fora do prazo ou com documenta\u00e7\u00e3o incompleta n\u00e3o ser\u00e3o analisadas.<\/strong><\/p>\n\n\n\n<hr class=\"wp-block-separator has-alpha-channel-opacity\" \/>\n\n\n\n<p><\/p>\n\n\n\n<p><strong>Outras disposi\u00e7\u00f5es importantes<\/strong><\/p>\n\n\n\n<p>Sugerimos, inicialmente, leitura dos artigos 29 a 32 do Regulamento do PPGEPS, abaixo transcritos:<br><br><em>Art. 29. Alunos especiais s\u00e3o aqueles matriculados apenas em disciplinas isoladas, de acordo com o art. 170 do Regimento Geral da UFPB.<\/em><br><em>Par\u00e1grafo \u00fanico. Aos alunos especiais n\u00e3o ser\u00e3o concedidos os mesmos direitos de v\u00ednculo institucional dos alunos regulares.<\/em><\/p>\n\n\n\n<p><em>Art. 30. A coordena\u00e7\u00e3o do PPGEPS poder\u00e1 aceitar a matr\u00edcula do aluno especial, desde que haja a anu\u00eancia do professor da disciplina, obedecidos os limites de vagas.<\/em><br><em>\u00a7 1\u00ba Somente ser\u00e3o abertas vagas para alunos especiais em disciplinas ofertadas pelo programa no per\u00edodo letivo pertinente.<\/em><br><em>\u00a7 2\u00ba A aceita\u00e7\u00e3o do aluno especial deve ser aprovada pelo colegiado do PPGEPS ouvido o docente respons\u00e1vel pela disciplina.<\/em><br><em>\u00a7 3\u00ba O(a) aluno(a) especial poder\u00e1 cursar um m\u00e1ximo de at\u00e9 50% dos cr\u00e9ditos necess\u00e1rios para a integraliza\u00e7\u00e3o do curso.<\/em><br><em>\u00a7 4\u00ba As disciplinas cursadas por aluno, na qualidade mencionada no caput deste artigo, n\u00e3o contar\u00e3o cr\u00e9ditos para a integraliza\u00e7\u00e3o da estrutura acad\u00eamica de nenhum programa de p\u00f3s-gradua\u00e7\u00e3o da UFPB, enquanto ele for considerado aluno especial.<\/em><br><em>\u00a7 5\u00ba As disciplinas cursadas por aluno especial nos 36 (trinta e seis) meses anteriores \u00e0 data da matr\u00edcula inicial como aluno regular poder\u00e3o, a crit\u00e9rio do orientador, ser objeto de aproveitamento de estudos, nos termos do art. 58 deste regulamento, devendo o resultado da an\u00e1lise ser registrado no hist\u00f3rico escolar do aluno, j\u00e1 classificado como regular, no mesmo per\u00edodo da homologa\u00e7\u00e3o pelo colegiado.<\/em><br><em>\u00a7 6\u00ba Os alunos especiais ter\u00e3o direito a um certificado de aprova\u00e7\u00e3o em disciplinas, expedido pela coordena\u00e7\u00e3o do PPGEPS.<\/em><\/p>\n\n\n\n<p><em><a><\/a>Art. 31. Poder\u00e3o, a ju\u00edzo do colegiado do PPGEPS, ser admitidos para matr\u00edcula em disciplinas, na condi\u00e7\u00e3o de alunos especiais, estudantes de gradua\u00e7\u00e3o da UFPB, desde que sejam encaminhados por orientadores credenciados em programa de p\u00f3s-gradua\u00e7\u00e3o da institui\u00e7\u00e3o e que estejam participando de atividades vinculadas a programas acad\u00eamicos.<\/em><\/p>\n\n\n\n<p><em>Art. 32. Poder\u00e3o, a ju\u00edzo do colegiado do PPGEPS, ser admitidos para matr\u00edcula em disciplinas, na condi\u00e7\u00e3o de alunos especiais, graduados que participem de grupos de pesquisa, desde que sejam encaminhados por l\u00edderes\/orientadores credenciados em programa de p\u00f3s-gradua\u00e7\u00e3o da UFPB.<\/em><\/p>\n\n\n\n<p>Ressaltamos que&nbsp;<strong>n\u00e3o aceitaremos inscri\u00e7\u00f5es&nbsp;<\/strong><strong>nem complementa\u00e7\u00e3o de informa\u00e7\u00f5es, documentos&nbsp;<em>etc.<\/em><\/strong><strong>&nbsp;ap\u00f3s o per\u00edodo indicado<\/strong>. Al\u00e9m disso,&nbsp;<strong>a inscri\u00e7\u00e3o ou o preenchimento dos requisitos n\u00e3o constituem<\/strong>, em hip\u00f3tese alguma,&nbsp;<strong>direito ou expectativa de direito ao ingresso como aluno especial<\/strong>.<\/p>\n","protected":false},"excerpt":{"rendered":"<p>Uma das formas de ser discente do PPGEPS, al\u00e9m da aprova\u00e7\u00e3o em processo seletivo anual, [&hellip;]<\/p>\n","protected":false},"author":325,"featured_media":0,"parent":0,"menu_order":0,"comment_status":"closed","ping_status":"closed","template":"","meta":{"footnotes":""},"class_list":["post-372","page","type-page","status-publish","hentry"],"_links":{"self":[{"href":"https:\/\/www.ct.ufpb.br\/ppgeps\/wp-json\/wp\/v2\/pages\/372","targetHints":{"allow":["GET"]}}],"collection":[{"href":"https:\/\/www.ct.ufpb.br\/ppgeps\/wp-json\/wp\/v2\/pages"}],"about":[{"href":"https:\/\/www.ct.ufpb.br\/ppgeps\/wp-json\/wp\/v2\/types\/page"}],"author":[{"embeddable":true,"href":"https:\/\/www.ct.ufpb.br\/ppgeps\/wp-json\/wp\/v2\/users\/325"}],"replies":[{"embeddable":true,"href":"https:\/\/www.ct.ufpb.br\/ppgeps\/wp-json\/wp\/v2\/comments?post=372"}],"version-history":[{"count":3,"href":"https:\/\/www.ct.ufpb.br\/ppgeps\/wp-json\/wp\/v2\/pages\/372\/revisions"}],"predecessor-version":[{"id":583,"href":"https:\/\/www.ct.ufpb.br\/ppgeps\/wp-json\/wp\/v2\/pages\/372\/revisions\/583"}],"wp:attachment":[{"href":"https:\/\/www.ct.ufpb.br\/ppgeps\/wp-json\/wp\/v2\/media?parent=372"}],"curies":[{"name":"wp","href":"https:\/\/api.w.org\/{rel}","templated":true}]}}