{"id":27,"date":"2025-06-13T18:29:13","date_gmt":"2025-06-13T21:29:13","guid":{"rendered":"https:\/\/www.ct.ufpb.br\/ppgeps\/?page_id=27"},"modified":"2026-04-08T13:23:40","modified_gmt":"2026-04-08T16:23:40","slug":"contato","status":"publish","type":"page","link":"https:\/\/www.ct.ufpb.br\/ppgeps\/contato\/","title":{"rendered":"Contato"},"content":{"rendered":"\n<p><strong>Coordena\u00e7\u00e3o<\/strong><\/p>\n\n\n\n<p class=\" \"><strong>Coordenadora:&nbsp;<\/strong>Profa. Dra. Renata de Oliveira Mota<br><br><strong>Vice-coordenador:&nbsp;<\/strong>Prof. Dr. Luciano Carlos Azevedo da Costa<\/p>\n\n\n\n<p><strong>Secretaria<\/strong><\/p>\n\n\n\n<p class=\" \"><strong>Secret\u00e1rios:<\/strong><\/p>\n\n\n\n<p class=\" \">Ana Ara\u00fajo Silva<\/p>\n\n\n\n<p class=\" \">Vin\u00edcius Pinag\u00e9 Alves de Lima<\/p>\n\n\n\n<p><strong>Sistema de Chamados do CT<\/strong><\/p>\n\n\n\n<p class=\" \">O PPGEPS, alinhado \u00e0s diretrizes do Centro de Tecnologia da UFPB, utiliza o&nbsp;<strong>Sistema de Chamados do CT<\/strong>&nbsp;como canal oficial de comunica\u00e7\u00e3o com o p\u00fablico interno e externo. A plataforma centraliza demandas, garantindo organiza\u00e7\u00e3o e efici\u00eancia no atendimento.<\/p>\n\n\n\n<p class=\" \"><strong>Como abrir um chamado:<\/strong><\/p>\n\n\n\n<p class=\" \">1.&nbsp;<a href=\"https:\/\/atendimento.ct.ufpb.br\/index.php?a=add&amp;catid=35\" target=\"_blank\" rel=\"noreferrer noopener\">Acesse o Sistema de Chamados do CT<\/a>;<\/p>\n\n\n\n<p class=\" \"><strong>2. Preencha o formul\u00e1rio<\/strong>&nbsp;com:<\/p>\n\n\n\n<ul class=\"wp-block-list\">\n<li>Nome completo, e-mail v\u00e1lido, perfil (docente, discente, t\u00e9cnico ou visitante), setor de origem (use&nbsp;<em>Externo<\/em>&nbsp;se houver d\u00favida), assunto e mensagem sucinta detalhando a solicita\u00e7\u00e3o.<\/li>\n<\/ul>\n\n\n\n<p><strong>3. Anexe documentos<\/strong>, caso necess\u00e1rio, especialmente para pedidos administrativos (ex.: composi\u00e7\u00e3o de banca examinadora).<\/p>\n\n\n\n<p>4. Clique em&nbsp;<strong>&#8220;N\u00e3o sou um rob\u00f4&#8221;<\/strong>&nbsp;e em&nbsp;<strong>&#8220;Solicitar Atendimento&#8221;<\/strong>.<\/p>\n\n\n\n<p>Uma mensagem de confirma\u00e7\u00e3o ser\u00e1 enviada ao e-mail informado, com o n\u00famero do chamado, ordem de servi\u00e7o e link para acompanhamento.<\/p>\n\n\n\n<p><strong>Outros contatos&nbsp;<\/strong><\/p>\n\n\n\n<p>Para facilitar a comunica\u00e7\u00e3o com nossa equipe, disponibilizamos os seguintes canais de contato:<\/p>\n\n\n\n<ul class=\"wp-block-list\">\n<li><strong>E-mail:<\/strong>&nbsp;<a>ppgeps.ufpb@gmail.com<\/a><\/li>\n\n\n\n<li><strong>Telefone:<\/strong>&nbsp;+55 83 3216-7124<\/li>\n<\/ul>\n\n\n\n<p><br>No entanto, ressaltamos que,&nbsp;<strong>prioritariamente<\/strong>, todas as demandas de atendimento devem ser registradas por meio do&nbsp;<strong>sistema de chamados do CT<\/strong>, conforme descrito na se\u00e7\u00e3o anterior. Esse procedimento garante um acompanhamento mais eficiente e organizado das solicita\u00e7\u00f5es, agilizando o retorno e a resolu\u00e7\u00e3o das demandas.<\/p>\n\n\n\n<p><strong>Localiza\u00e7\u00e3o<\/strong><\/p>\n\n\n\n<p class=\" \"><strong>Programa de P\u00f3s-Gradua\u00e7\u00e3o em Engenharia de Produ\u00e7\u00e3o e Sistemas &#8211; PPGEPS<br><\/strong>Universidade Federal da Para\u00edba &#8211; UFPB<br>Campus I &#8211; Centro de Tecnologia\/CT &#8211;&nbsp;Bloco G&nbsp;<br><br>Via Expressa Padre Z\u00e9, s\/n &#8211; Cidade Universit\u00e1ria<br>58051-970 &#8211; Jo\u00e3o Pessoa\/PB &#8211; Brasil<\/p>\n\n\n\n\n","protected":false},"excerpt":{"rendered":"<p>Coordena\u00e7\u00e3o Coordenadora:&nbsp;Profa. Dra. Renata de Oliveira Mota Vice-coordenador:&nbsp;Prof. Dr. Luciano Carlos Azevedo da Costa Secretaria [&hellip;]<\/p>\n","protected":false},"author":47,"featured_media":0,"parent":0,"menu_order":0,"comment_status":"closed","ping_status":"closed","template":"","meta":{"footnotes":""},"class_list":["post-27","page","type-page","status-publish","hentry"],"_links":{"self":[{"href":"https:\/\/www.ct.ufpb.br\/ppgeps\/wp-json\/wp\/v2\/pages\/27","targetHints":{"allow":["GET"]}}],"collection":[{"href":"https:\/\/www.ct.ufpb.br\/ppgeps\/wp-json\/wp\/v2\/pages"}],"about":[{"href":"https:\/\/www.ct.ufpb.br\/ppgeps\/wp-json\/wp\/v2\/types\/page"}],"author":[{"embeddable":true,"href":"https:\/\/www.ct.ufpb.br\/ppgeps\/wp-json\/wp\/v2\/users\/47"}],"replies":[{"embeddable":true,"href":"https:\/\/www.ct.ufpb.br\/ppgeps\/wp-json\/wp\/v2\/comments?post=27"}],"version-history":[{"count":13,"href":"https:\/\/www.ct.ufpb.br\/ppgeps\/wp-json\/wp\/v2\/pages\/27\/revisions"}],"predecessor-version":[{"id":646,"href":"https:\/\/www.ct.ufpb.br\/ppgeps\/wp-json\/wp\/v2\/pages\/27\/revisions\/646"}],"wp:attachment":[{"href":"https:\/\/www.ct.ufpb.br\/ppgeps\/wp-json\/wp\/v2\/media?parent=27"}],"curies":[{"name":"wp","href":"https:\/\/api.w.org\/{rel}","templated":true}]}}