{"id":17,"date":"2025-06-13T18:28:20","date_gmt":"2025-06-13T21:28:20","guid":{"rendered":"https:\/\/www.ct.ufpb.br\/ppgeps\/?page_id=17"},"modified":"2026-04-14T13:49:56","modified_gmt":"2026-04-14T16:49:56","slug":"normas","status":"publish","type":"page","link":"https:\/\/www.ct.ufpb.br\/ppgeps\/normas\/","title":{"rendered":"Normas"},"content":{"rendered":"\n<p class=\"has-medium-font-size\"><strong>Normas vigentes da UFPB<\/strong><\/p>\n\n\n\n<p>As normas gerais sobre p\u00f3s-gradua\u00e7\u00e3o na UFPB podem ser alteradas pelo Conselho de Ensino, Pesquisa e Extens\u00e3o (CONSEPE). Este portal manter\u00e1 as informa\u00e7\u00f5es atualizadas em caso de modifica\u00e7\u00f5es. Para mais detalhes, consulte o site da&nbsp;<a href=\"https:\/\/www.prpg.ufpb.br\/\" target=\"_blank\" rel=\"noreferrer noopener\">Pr\u00f3-Reitoria de P\u00f3s-Gradua\u00e7\u00e3o da UFPB (PRPG)<\/a>.&nbsp;<\/p>\n\n\n\n<ul class=\"wp-block-list\">\n<li><a href=\"https:\/\/www.ct.ufpb.br\/ppgeps\/wp-content\/uploads\/sites\/107\/sites\/322\/2025\/11\/resolucao-54-2024-consepe-geral-pos-ufpb-1.pdf\" data-type=\"link\" data-id=\"https:\/\/www.ct.ufpb.br\/ppgeps\/wp-content\/uploads\/sites\/107\/sites\/322\/2025\/11\/resolucao-54-2024-consepe-geral-pos-ufpb-1.pdf\">Resolu\u00e7\u00e3o CONSEPE n\u00ba 54\/2024 &#8211; Regulamento geral da P\u00f3s-gradua\u00e7\u00e3o na UFPB<\/a><\/li>\n\n\n\n<li><a href=\"https:\/\/www.ct.ufpb.br\/ppgeps\/wp-content\/uploads\/sites\/107\/sites\/322\/2025\/11\/resol_consepe_26_2025_-_alterao_da_54_2024-1-2.pdf\" target=\"_blank\" rel=\"noreferrer noopener\">Resolu\u00e7\u00e3o CONSEPE n\u00ba 26\/2025 \u2013 Altera\u00e7\u00e3o do Regulamento geral <a href=\"https:\/\/www.ct.ufpb.br\/ppgeps\/wp-content\/uploads\/sites\/107\/sites\/322\/2025\/11\/resolucao-54-2024-consepe-geral-pos-ufpb-1.pdf\" data-type=\"link\" data-id=\"https:\/\/www.ct.ufpb.br\/ppgeps\/wp-content\/uploads\/sites\/107\/sites\/322\/2025\/11\/resolucao-54-2024-consepe-geral-pos-ufpb-1.pdf\">da P\u00f3s-gradua\u00e7\u00e3o na UFPB<\/a><\/a><\/li>\n\n\n\n<li><strong><a href=\"https:\/\/sig-arq.ufpb.br\/arquivos\/20260622015dab8698239d3ac4c1a5b83\/Res._n._02.2026_Consepe.pdf\" data-type=\"link\" data-id=\"https:\/\/sig-arq.ufpb.br\/arquivos\/20260622015dab8698239d3ac4c1a5b83\/Res._n._02.2026_Consepe.pdf\">Resolu\u00e7\u00e3o PRPG n\u00ba 02\/2026 &#8211; Regulamenta\u00e7\u00e3o do Est\u00e1gio em Doc\u00eancia na P\u00f3s-Gradua\u00e7\u00e3o Stricto Sensu da UFPB<\/a><\/strong><\/li>\n\n\n\n<li><a href=\"https:\/\/www.ct.ufpb.br\/ppgeps\/wp-content\/uploads\/sites\/107\/sites\/322\/2025\/11\/resolucao-consepe-182025-estagio-nao-obrigatorio-na-pos-graduacao.pdf\" data-type=\"link\" data-id=\"https:\/\/www.ct.ufpb.br\/ppgeps\/wp-content\/uploads\/sites\/107\/sites\/322\/2025\/11\/resolucao-consepe-182025-estagio-nao-obrigatorio-na-pos-graduacao.pdf\">Resolu\u00e7\u00e3o CONSEPE n\u00ba 18\/2025 &#8211; Regulamento para est\u00e1gios n\u00e3o-obrigat\u00f3rios na p\u00f3s-gradua\u00e7\u00e3o da UFPB<\/a><\/li>\n\n\n\n<li><strong><a href=\"https:\/\/www.ct.ufpb.br\/ppgeps\/wp-content\/uploads\/sites\/107\/sites\/322\/2025\/10\/Resoluo_Consepe_n_57.2025.pdf\" target=\"_blank\" rel=\"noreferrer noopener\">Resolu\u00e7\u00e3o CONSEPE n\u00ba 57\/2025<\/a><\/strong> &#8211; <strong><a href=\"https:\/\/www.ct.ufpb.br\/ppgeps\/wp-content\/uploads\/sites\/107\/sites\/322\/2025\/10\/Resoluo_Consepe_n_57.2025.pdf\" target=\"_blank\" rel=\"noreferrer noopener\">Pol\u00edtica de Integridade Acad\u00eamica e Cient\u00edfica da UFPB<\/a><\/strong><\/li>\n\n\n\n<li><a href=\"https:\/\/drive.ufpb.br\/s\/XoZk5mexMwkRSTm\" data-type=\"link\" data-id=\"https:\/\/drive.ufpb.br\/s\/XoZk5mexMwkRSTm\">Instru\u00e7\u00e3o normativa conjunta PRPG\/PRG n\u00ba 01\/2026 &#8211; Regulamento Geral e o funcionamento do Programa Institucional de Gradua\u00e7\u00e3o Integrada \u00e0 P\u00f3s-Gradua\u00e7\u00e3o (GradPG) na UFPB<\/a><\/li>\n<\/ul>\n\n\n\n<p class=\" \">&nbsp;<strong>Normas vigentes do PPGEPS<\/strong><\/p>\n\n\n\n<ul class=\"wp-block-list\">\n<li><a href=\"https:\/\/www.ct.ufpb.br\/ppgeps\/wp-content\/uploads\/sites\/107\/sites\/322\/2025\/11\/resoluo_consepe_n_11-2024-1.pdf\" target=\"_blank\" rel=\"noreferrer noopener\">Resolu\u00e7\u00e3o CONSEPE n\u00ba 11\/2024<\/a> &#8211; <a href=\"https:\/\/www.ct.ufpb.br\/ppgeps\/wp-content\/uploads\/sites\/107\/sites\/322\/2025\/11\/resoluo_consepe_n_11-2024-1.pdf\" target=\"_blank\" rel=\"noreferrer noopener\">Regulamento e estrutura acad\u00eamica do mestrado PPGEPS\u00a0<\/a>(v\u00e1lido para ingressantes a partir de 2025 e optantes)<\/li>\n\n\n\n<li><a href=\"http:\/\/www.ct.ufpb.br\/ppgeps\/wp-content\/uploads\/sites\/107\/sites\/322\/2025\/11\/resolucao-n-012025-bolsas-ppgeps.pdf\" target=\"_blank\" rel=\"noreferrer noopener\">Resolu\u00e7\u00e3o PPGEPS n\u00ba 01\/2025 &#8211; Regulamento de bolsas de mestrado <\/a>(v\u00e1lido para ingressantes a partir de 2025)<\/li>\n\n\n\n<li><a href=\"http:\/\/www.ct.ufpb.br\/ppgeps\/wp-content\/uploads\/sites\/107\/sites\/322\/2025\/11\/res_interna_02_2020_estagio_docencia.pdf\" target=\"_blank\" rel=\"noreferrer noopener\">Regulamento de Est\u00e1gio \u00e0 Doc\u00eancia \u2013 PPGEPS<\/a><\/li>\n\n\n\n<li><a href=\"https:\/\/www.ct.ufpb.br\/ppgeps\/wp-content\/uploads\/sites\/107\/sites\/322\/2025\/11\/res_01_2020-2.pdf\" target=\"_blank\" rel=\"noreferrer noopener\">Regulamento de elabora\u00e7\u00e3o e apresenta\u00e7\u00e3o de trabalhos acad\u00eamicos&nbsp;\u2013 PPGEPS<\/a>&nbsp;(alterada pela&nbsp;Resolu\u00e7\u00e3o PPGEPS n\u00ba 01\/2024).<\/li>\n\n\n\n<li><a href=\"https:\/\/www.ct.ufpb.br\/ppgeps\/wp-content\/uploads\/sites\/107\/sites\/322\/2025\/11\/2024-resolucao_redescredenciamento-assinada.pdf\" target=\"_blank\" rel=\"noreferrer noopener\">Regulamento de credenciamento, descredenciamento e recredenciamento de docentes \u2013 PPGEPS<\/a>&nbsp;(a planilha de apoio ao c\u00e1lculo do desempenho docente&nbsp;se encontra na se\u00e7\u00e3o&nbsp;<a href=\"https:\/\/www.ct.ufpb.br\/ppgeps\/documentos-e-processos\/\" target=\"_blank\" rel=\"noreferrer noopener\">Documentos e Processos<\/a>&nbsp;&gt; Modelos)<\/li>\n<\/ul>\n\n\n\n<p><\/p>\n\n\n\n<p><strong>Normas anteriores <\/strong>(<em>para fins de consulta<\/em>)<\/p>\n\n\n\n<p><a href=\"https:\/\/www.ct.ufpb.br\/ppgeps\/wp-content\/uploads\/sites\/107\/sites\/322\/2025\/11\/resolucao_31_2019_ppgeps.pdf\" target=\"_blank\" rel=\"noreferrer noopener\">Regulamento antigo do PPGEPS&nbsp;\u2013 Resolu\u00e7\u00e3o CONSEPE n\u00ba 31\/2019<\/a>&nbsp;(v\u00e1lido para ingressantes at\u00e9 2024).<a href=\"http:\/\/plone.ufpb.br\/ppgeps\/contents\/documentos\/regulamentacao\/res_interna_04_2020_credenciamento.pdf\" target=\"_blank\" rel=\"noreferrer noopener\"><\/a><\/p>\n\n\n\n<p><a href=\"https:\/\/www.ct.ufpb.br\/ppgeps\/wp-content\/uploads\/sites\/107\/sites\/322\/2025\/11\/res_interna_03_2020_bolsas.pdf\" target=\"_blank\" rel=\"noreferrer noopener\">Regulamento antigo de bolsas de mestrado \u2013 PPGEPS&nbsp;\u2013&nbsp;Resolu\u00e7\u00e3o interna \u2013 PPGEPS n\u00ba 03\/2020<\/a>&nbsp;&nbsp;(v\u00e1lido para ingressantes at\u00e9 2024).<\/p>\n","protected":false},"excerpt":{"rendered":"<p>Normas vigentes da UFPB As normas gerais sobre p\u00f3s-gradua\u00e7\u00e3o na UFPB podem ser alteradas pelo [&hellip;]<\/p>\n","protected":false},"author":47,"featured_media":0,"parent":0,"menu_order":0,"comment_status":"closed","ping_status":"closed","template":"","meta":{"footnotes":""},"class_list":["post-17","page","type-page","status-publish","hentry"],"_links":{"self":[{"href":"https:\/\/www.ct.ufpb.br\/ppgeps\/wp-json\/wp\/v2\/pages\/17","targetHints":{"allow":["GET"]}}],"collection":[{"href":"https:\/\/www.ct.ufpb.br\/ppgeps\/wp-json\/wp\/v2\/pages"}],"about":[{"href":"https:\/\/www.ct.ufpb.br\/ppgeps\/wp-json\/wp\/v2\/types\/page"}],"author":[{"embeddable":true,"href":"https:\/\/www.ct.ufpb.br\/ppgeps\/wp-json\/wp\/v2\/users\/47"}],"replies":[{"embeddable":true,"href":"https:\/\/www.ct.ufpb.br\/ppgeps\/wp-json\/wp\/v2\/comments?post=17"}],"version-history":[{"count":8,"href":"https:\/\/www.ct.ufpb.br\/ppgeps\/wp-json\/wp\/v2\/pages\/17\/revisions"}],"predecessor-version":[{"id":704,"href":"https:\/\/www.ct.ufpb.br\/ppgeps\/wp-json\/wp\/v2\/pages\/17\/revisions\/704"}],"wp:attachment":[{"href":"https:\/\/www.ct.ufpb.br\/ppgeps\/wp-json\/wp\/v2\/media?parent=17"}],"curies":[{"name":"wp","href":"https:\/\/api.w.org\/{rel}","templated":true}]}}