{"id":164,"date":"2025-09-09T12:46:30","date_gmt":"2025-09-09T15:46:30","guid":{"rendered":"https:\/\/www.ct.ufpb.br\/ppgeps\/?page_id=164"},"modified":"2025-09-09T12:46:30","modified_gmt":"2025-09-09T15:46:30","slug":"processo-seletivo-2025","status":"publish","type":"page","link":"https:\/\/www.ct.ufpb.br\/ppgeps\/processo-seletivo-2025\/","title":{"rendered":"Processo Seletivo 2025"},"content":{"rendered":"\n<p>Acesse as informa\u00e7\u00f5es e etapas do processo seletivo 2025 nos links abaixo.<\/p>\n\n\n\n<ul class=\"wp-block-list\">\n<li><a href=\"http:\/\/plone.ufpb.br\/ppgeps\/contents\/noticias\/periodo-de-matriculas-do-ppgeps-alterado-10-02-2025-a-28-02-2025\/editalselecao2025_ppgeps_retificado_1a_versao-1.pdf\" target=\"_blank\" rel=\"noreferrer noopener\">Edital Retificado \u2013 29\/01\/2025<\/a><\/li>\n\n\n\n<li><a href=\"http:\/\/plone.ufpb.br\/ppgeps\/contents\/documentos\/processos-seletivos\/2025\/edital_ppgeps_ps_2025_.pdf\" target=\"_blank\" rel=\"noreferrer noopener\">Edital<\/a><\/li>\n\n\n\n<li><a href=\"http:\/\/plone.ufpb.br\/ppgeps\/contents\/documentos\/processos-seletivos\/2025\/homologacao_inscricoes_selecao_2025.pdf\" target=\"_blank\" rel=\"noreferrer noopener\">Homologa\u00e7\u00e3o de inscri\u00e7\u00f5es<\/a><\/li>\n\n\n\n<li><a href=\"http:\/\/plone.ufpb.br\/ppgeps\/contents\/documentos\/processos-seletivos\/2025\/divulgacao-das-respostas-aos-pedidos-de-reconsideracao-1.pdf\" target=\"_blank\" rel=\"noreferrer noopener\">Resposta ao pedido de reconsidera\u00e7\u00e3o do resultado da homologa\u00e7\u00e3o de inscri\u00e7\u00f5es<\/a><\/li>\n\n\n\n<li><a href=\"http:\/\/plone.ufpb.br\/ppgeps\/contents\/documentos\/processos-seletivos\/2025\/resultados-da-primeira-etapa_selecao_2025-docx.pdf\" target=\"_blank\" rel=\"noreferrer noopener\">Resultado preliminar da primeira etapa de avalia\u00e7\u00e3o (plano preliminar de disserta\u00e7\u00e3o)<\/a><\/li>\n\n\n\n<li><a href=\"http:\/\/plone.ufpb.br\/ppgeps\/contents\/documentos\/processos-seletivos\/2025\/programacaoentrevistas-docx-1.pdf\" target=\"_blank\" rel=\"noreferrer noopener\">Agenda de reuni\u00f5es virtuais (<em>links<\/em>)\u00a0para a realiza\u00e7\u00e3o da segunda etapa de avalia\u00e7\u00e3o (entrevistas)<\/a><\/li>\n\n\n\n<li><a href=\"http:\/\/plone.ufpb.br\/ppgeps\/contents\/noticias\/processo-seletivo-2025-resultado-final-da-primeira-etapa-sem-apresentacao-de-pedidos-de-reconsideracao\/resultados-da-primeira-etapa_selecao_2025-docx-1.pdf\" target=\"_blank\" rel=\"noreferrer noopener\">Resultado final da primeira etapa de avalia\u00e7\u00e3o (plano preliminar de disserta\u00e7\u00e3o)\u00a0<\/a><\/li>\n\n\n\n<li><a href=\"http:\/\/plone.ufpb.br\/ppgeps\/contents\/documentos\/processos-seletivos\/2025\/resultados-da-segunda-etapa_selecao_2025-docx.pdf\" target=\"_blank\" rel=\"noreferrer noopener\">Resultado preliminar da segunda etapa (entrevistas)<\/a><\/li>\n\n\n\n<li><a href=\"http:\/\/plone.ufpb.br\/ppgeps\/contents\/documentos\/processos-seletivos\/2025\/final_resultado_segunda-etapa_selecao_2025-docx-1.pdf\" target=\"_blank\" rel=\"noreferrer noopener\">Resultado final da segunda etapa (entrevistas)<\/a><\/li>\n\n\n\n<li><a href=\"http:\/\/plone.ufpb.br\/ppgeps\/contents\/documentos\/processos-seletivos\/2025\/resultados-da-terceira-etapa_selecao_2025-docx.pdf\" target=\"_blank\" rel=\"noreferrer noopener\">Resultado preliminar da terceira etapa (an\u00e1lise curricular)<\/a><\/li>\n\n\n\n<li><a href=\"http:\/\/plone.ufpb.br\/ppgeps\/contents\/documentos\/processos-seletivos\/2025\/respostas_pedidos_reconsideracao_terceira_etapa.pdf\" target=\"_blank\" rel=\"noreferrer noopener\">Resposta aos pedidos de reconsidera\u00e7\u00e3o do resultado da terceira etapa (an\u00e1lise curricular)<\/a><\/li>\n\n\n\n<li><a href=\"http:\/\/plone.ufpb.br\/ppgeps\/contents\/documentos\/processos-seletivos\/2025\/resultado_final_terceira_etapa_2025.pdf\">Resultado final da terceira etapa (an\u00e1lise curricular)<\/a><\/li>\n\n\n\n<li><a href=\"http:\/\/plone.ufpb.br\/ppgeps\/contents\/documentos\/processos-seletivos\/2025\/resultados_final_selecao_2025.pdf\" target=\"_blank\" rel=\"noreferrer noopener\">Resultado final preliminar do processo seletivo<\/a><\/li>\n\n\n\n<li><a href=\"http:\/\/plone.ufpb.br\/ppgeps\/contents\/noticias\/processo-seletivo-2025-resultado-final-definitivo\/resultados_final_selecao_2025_apos_recursos-docx.pdf\" target=\"_blank\" rel=\"noreferrer noopener\">Resultado final definitivo do processo seletivo<\/a><\/li>\n<\/ul>\n","protected":false},"excerpt":{"rendered":"<p>Acesse as informa\u00e7\u00f5es e etapas do processo seletivo 2025 nos links abaixo.<\/p>\n","protected":false},"author":325,"featured_media":0,"parent":0,"menu_order":0,"comment_status":"closed","ping_status":"closed","template":"","meta":{"footnotes":""},"class_list":["post-164","page","type-page","status-publish","hentry"],"_links":{"self":[{"href":"https:\/\/www.ct.ufpb.br\/ppgeps\/wp-json\/wp\/v2\/pages\/164","targetHints":{"allow":["GET"]}}],"collection":[{"href":"https:\/\/www.ct.ufpb.br\/ppgeps\/wp-json\/wp\/v2\/pages"}],"about":[{"href":"https:\/\/www.ct.ufpb.br\/ppgeps\/wp-json\/wp\/v2\/types\/page"}],"author":[{"embeddable":true,"href":"https:\/\/www.ct.ufpb.br\/ppgeps\/wp-json\/wp\/v2\/users\/325"}],"replies":[{"embeddable":true,"href":"https:\/\/www.ct.ufpb.br\/ppgeps\/wp-json\/wp\/v2\/comments?post=164"}],"version-history":[{"count":1,"href":"https:\/\/www.ct.ufpb.br\/ppgeps\/wp-json\/wp\/v2\/pages\/164\/revisions"}],"predecessor-version":[{"id":165,"href":"https:\/\/www.ct.ufpb.br\/ppgeps\/wp-json\/wp\/v2\/pages\/164\/revisions\/165"}],"wp:attachment":[{"href":"https:\/\/www.ct.ufpb.br\/ppgeps\/wp-json\/wp\/v2\/media?parent=164"}],"curies":[{"name":"wp","href":"https:\/\/api.w.org\/{rel}","templated":true}]}}