{"id":149,"date":"2025-08-22T13:48:34","date_gmt":"2025-08-22T16:48:34","guid":{"rendered":"https:\/\/www.ct.ufpb.br\/ppgeps\/?page_id=149"},"modified":"2025-08-22T13:48:34","modified_gmt":"2025-08-22T16:48:34","slug":"processo-seletivo-2024","status":"publish","type":"page","link":"https:\/\/www.ct.ufpb.br\/ppgeps\/processo-seletivo-2024\/","title":{"rendered":"Processo Seletivo 2024"},"content":{"rendered":"\n<p>Consulte abaixo as informa\u00e7\u00f5es e documentos importantes sobre o processo seletivo para ingresso no Mestrado do PPGEPS no ano de 2024.<\/p>\n\n\n\n<p><strong>Processo seletivo&nbsp;2024<\/strong><\/p>\n\n\n\n<ul class=\"wp-block-list\">\n<li><a href=\"http:\/\/plone.ufpb.br\/ppgeps\/contents\/noticias\/processo-seletivo-2024-mestrado-tem-prazo-de-inscricoes-prorrogado\/editalselecao2023_ppgeps_v_20231101_prorrogacao-1.pdf\" target=\"_blank\" rel=\"noreferrer noopener\">Edital Retificado &#8211; novo cronograma<\/a>&nbsp;(inscri\u00e7\u00f5es at\u00e9 26 de janeiro de 2024)<\/li>\n\n\n\n<li><a href=\"http:\/\/plone.ufpb.br\/ppgeps\/contents\/documentos\/processos-seletivos\/2024\/editalselecao2023_ppgeps_v_20230822-1.pdf\" target=\"_blank\" rel=\"noreferrer noopener\">Edital de Abertura<\/a><\/li>\n\n\n\n<li><a href=\"http:\/\/plone.ufpb.br\/ppgeps\/contents\/documentos\/processos-seletivos\/2024\/homologacao_inscricoes_selecao_2024.pdf\" target=\"_blank\" rel=\"noreferrer noopener\">Homologa\u00e7\u00e3o de inscri\u00e7\u00f5es<\/a><\/li>\n\n\n\n<li><a href=\"http:\/\/plone.ufpb.br\/ppgeps\/contents\/noticias\/processo-seletivo-2024-mestrado-resultado-da-primeira-etapa\/resultado_1a_etapa_sem_identificacao.pdf\" target=\"_blank\" rel=\"noreferrer noopener\">Resultado da primeira etapa&nbsp;<\/a><\/li>\n\n\n\n<li><a href=\"http:\/\/plone.ufpb.br\/ppgeps\/contents\/noticias\/processo-seletivo-2024-mestrado-resultado-da-primeira-etapa\/agendamento_sem_identificacao.pdf\" target=\"_blank\" rel=\"noreferrer noopener\">Lista de hor\u00e1rios, locais ou&nbsp;<em>links<\/em>&nbsp;de reuni\u00f5es para a entrevista (segunda etapa)<\/a><\/li>\n\n\n\n<li><a href=\"http:\/\/plone.ufpb.br\/ppgeps\/contents\/noticias\/resultado-preliminar-da-segunda-etapa-do-processo-seletivo-2024\/resultado_2a_etapa_sem_identificacao.pdf\" target=\"_blank\" rel=\"noreferrer noopener\">Resultado da segunda etapa<\/a><\/li>\n\n\n\n<li><a href=\"http:\/\/plone.ufpb.br\/ppgeps\/contents\/noticias\/processo-seletivo-2024-mestrado-resultado-preliminar-da-terceira-etapa\/resultado_3a_etapa_sem_identificacao.pdf\">Resultado preliminar da terceira etapa<\/a><\/li>\n\n\n\n<li><a href=\"http:\/\/plone.ufpb.br\/ppgeps\/contents\/noticias\/processo-seletivo-2024-mestrado-resultado-da-terceira-etapa-e-resposta-a-pedido-de-reconsideracao\/respostas_reconsideracao_3a_etapa.pdf\" target=\"_blank\" rel=\"noreferrer noopener\">Resposta ao pedido de reconsidera\u00e7\u00e3o quanto ao resultado preliminar da terceira etapa<\/a><\/li>\n\n\n\n<li><a href=\"http:\/\/plone.ufpb.br\/ppgeps\/contents\/noticias\/processo-seletivo-2024-mestrado-resultado-da-terceira-etapa-e-resposta-a-pedido-de-reconsideracao\/resultado_3a_etapa_sem_identificacao_apos_recurso.pdf\" target=\"_blank\" rel=\"noreferrer noopener\">Resultado final da terceira etapa<\/a><\/li>\n\n\n\n<li><a href=\"http:\/\/plone.ufpb.br\/ppgeps\/contents\/documentos\/processos-seletivos\/2024\/resultado_final-1.pdf\" target=\"_blank\" rel=\"noreferrer noopener\">Resultado final preliminar do processo seletivo<\/a><\/li>\n\n\n\n<li><a href=\"http:\/\/plone.ufpb.br\/ppgeps\/contents\/documentos\/processos-seletivos\/2024\/resultado_final-1-1.pdf\" target=\"_blank\" rel=\"noreferrer noopener\">Resultado final do processo seletivo<\/a><\/li>\n<\/ul>\n","protected":false},"excerpt":{"rendered":"<p>Consulte abaixo as informa\u00e7\u00f5es e documentos importantes sobre o processo seletivo para ingresso no Mestrado [&hellip;]<\/p>\n","protected":false},"author":325,"featured_media":0,"parent":0,"menu_order":0,"comment_status":"closed","ping_status":"closed","template":"","meta":{"footnotes":""},"class_list":["post-149","page","type-page","status-publish","hentry"],"_links":{"self":[{"href":"https:\/\/www.ct.ufpb.br\/ppgeps\/wp-json\/wp\/v2\/pages\/149","targetHints":{"allow":["GET"]}}],"collection":[{"href":"https:\/\/www.ct.ufpb.br\/ppgeps\/wp-json\/wp\/v2\/pages"}],"about":[{"href":"https:\/\/www.ct.ufpb.br\/ppgeps\/wp-json\/wp\/v2\/types\/page"}],"author":[{"embeddable":true,"href":"https:\/\/www.ct.ufpb.br\/ppgeps\/wp-json\/wp\/v2\/users\/325"}],"replies":[{"embeddable":true,"href":"https:\/\/www.ct.ufpb.br\/ppgeps\/wp-json\/wp\/v2\/comments?post=149"}],"version-history":[{"count":1,"href":"https:\/\/www.ct.ufpb.br\/ppgeps\/wp-json\/wp\/v2\/pages\/149\/revisions"}],"predecessor-version":[{"id":151,"href":"https:\/\/www.ct.ufpb.br\/ppgeps\/wp-json\/wp\/v2\/pages\/149\/revisions\/151"}],"wp:attachment":[{"href":"https:\/\/www.ct.ufpb.br\/ppgeps\/wp-json\/wp\/v2\/media?parent=149"}],"curies":[{"name":"wp","href":"https:\/\/api.w.org\/{rel}","templated":true}]}}