{"id":13,"date":"2025-06-13T18:27:55","date_gmt":"2025-06-13T21:27:55","guid":{"rendered":"https:\/\/www.ct.ufpb.br\/ppgeps\/?page_id=13"},"modified":"2025-06-13T19:35:19","modified_gmt":"2025-06-13T22:35:19","slug":"estrutura-curricular","status":"publish","type":"page","link":"https:\/\/www.ct.ufpb.br\/ppgeps\/estrutura-curricular\/","title":{"rendered":"Estrutura Curricular"},"content":{"rendered":"\n<figure class=\"wp-block-table\"><table class=\"has-fixed-layout\"><tbody><tr><th>N\u00famero da Resolu\u00e7\u00e3o:<\/th><td>11\/2024 do CONSEPE\/UFPB<\/td><\/tr><tr><th>Curso:<\/th><td>ENGENHARIA DE PRODU\u00c7\u00c3O E SISTEMAS\/PPGEPS &#8211; Jo\u00e3o Pessoa &#8211; MESTRADO ACAD\u00caMICO<\/td><\/tr><tr><th>Ano-Per\u00edodo de Implanta\u00e7\u00e3o:<\/th><td>2024.2<\/td><\/tr><tr><td colspan=\"2\">TRANCAMENTOS<\/td><\/tr><tr><th>M\u00e1ximo de trancamentos de V\u00ednculo:<\/th><td>1<\/td><\/tr><tr><td colspan=\"2\">CR\u00c9DITOS \/ CARGA HOR\u00c1RIA<\/td><\/tr><tr><th>Cr\u00e9ditos Totais M\u00ednimos:<\/th><td>24<\/td><\/tr><tr><th>Cr\u00e9ditos Obrigat\u00f3rios M\u00ednimos:<\/th><td>12<\/td><\/tr><tr><th>Carga Hor\u00e1ria Total M\u00ednima:<\/th><td>360 horas<\/td><\/tr><tr><td colspan=\"2\">PRAZO PARA CONCLUS\u00c3O (EM MESES)<\/td><\/tr><tr><th>M\u00ednimo:<\/th><td>12<\/td><\/tr><tr><th>Regulamentar:<\/th><td>24<\/td><\/tr><tr><th>M\u00e1ximo:<\/th><td>30<\/td><\/tr><tr><td colspan=\"2\">CRIT\u00c9RIOS PARA AVALIA\u00c7\u00c3O<\/td><\/tr><tr><th>Frequ\u00eancia M\u00ednima para aprova\u00e7\u00e3o:<\/th><td>75%<\/td><\/tr><tr><th>M\u00e9dia M\u00ednima para aprova\u00e7\u00e3o:<\/th><td>7.0<\/td><\/tr><tr><td colspan=\"2\"><strong>\u00a0 \u00a0 \u00a0 \u00a0 \u00a0 \u00a0 \u00a0 \u00a0 \u00a0 \u00a0 \u00a0 \u00a0 \u00a0 \u00a0 \u00a0 \u00a0 \u00a0 \u00a0 \u00a0 \u00a0 \u00a0 \u00a0 \u00a0 \u00a0 \u00a0 \u00a0 \u00a0 \u00a0 \u00a0 \u00a0 \u00a0 \u00a0<\/strong><\/td><\/tr><\/tbody><\/table><\/figure>\n\n\n\n<p><\/p>\n\n\n\n<figure class=\"wp-block-table is-style-stripes\"><table class=\"has-fixed-layout\"><thead><tr><th><strong>Componente<\/strong><\/th><th>Status<\/th><\/tr><\/thead><tbody><tr><td>ESTAT\u00cdSTICA APLICADA &#8211; 4 CR\u00c9DITOS &#8211; 60 HORAS<\/td><td><em>Obrigat\u00f3ria<\/em><\/td><\/tr><tr><td>METODOLOGIA DA PESQUISA &#8211; 4 CR\u00c9DITOS &#8211; 60 HORAS<\/td><td><em>Obrigat\u00f3ria<\/em><\/td><\/tr><tr><td>SISTEMAS DE PRODU\u00c7\u00c3O &#8211; 4 CR\u00c9DITOS &#8211; 60 HORAS<\/td><td><em>Obrigat\u00f3ria<\/em><\/td><\/tr><tr><td>AN\u00c1LISE DE CUSTOS &#8211;&nbsp;4 CR\u00c9DITOS &#8211; 60 HORAS<\/td><td><em>Optativa<\/em><\/td><\/tr><tr><td>ENGENHARIA ECON\u00d4MICA AVAN\u00c7ADA &#8211;&nbsp;4 CR\u00c9DITOS &#8211; 60 HORAS<\/td><td><em>Optativa<\/em><\/td><\/tr><tr><td>ESTAT\u00cdSTICA PARAM\u00c9TRICA E N\u00c3O PARAM\u00c9TRICA &#8211;&nbsp;4 CR\u00c9DITOS &#8211; 60 HORAS<\/td><td><em>Optativa<\/em><\/td><\/tr><tr><td>ESTRAT\u00c9GIA EMPRESARIAL &#8211;&nbsp;4 CR\u00c9DITOS &#8211; 60 HORAS<\/td><td><em>Optativa<\/em><\/td><\/tr><tr><td>SUSTENTABILIDADE CORPORATIVA &#8211;&nbsp;4 CR\u00c9DITOS &#8211; 60 HORAS<\/td><td><em>Optativa<\/em><\/td><\/tr><tr><td>FUNDAMENTOS DE ERGONOMIA &#8211;&nbsp;4 CR\u00c9DITOS &#8211; 60 HORAS<\/td><td><em>Optativa<\/em><\/td><\/tr><tr><td>GEST\u00c3O DA CADEIA DE SUPRIMENTOS &#8211;&nbsp;4 CR\u00c9DITOS &#8211; 60 HORAS<\/td><td><em>Optativa<\/em><\/td><\/tr><tr><td>METODOLOGIA DA ERGONOMIA &#8211;&nbsp;4 CR\u00c9DITOS &#8211; 60 HORAS<\/td><td><em>Optativa<\/em><\/td><\/tr><tr><td>OTIMIZA\u00c7\u00c3O COMBINAT\u00d3RIA E META-HEUR\u00cdSTICAS&nbsp;&#8211;&nbsp;4 CR\u00c9DITOS &#8211; 60 HORAS<\/td><td><em>Optativa<\/em><\/td><\/tr><tr><td>OTIMIZA\u00c7\u00c3O DISCRETA &#8211;&nbsp;4 CR\u00c9DITOS &#8211; 60 HORAS<\/td><td><em>Optativa<\/em><\/td><\/tr><tr><td>OTIMIZA\u00c7\u00c3O LINEAR&nbsp;&#8211;&nbsp;4 CR\u00c9DITOS &#8211; 60 HORAS<\/td><td><em>Optativa<\/em><\/td><\/tr><tr><td>PLANEJAMENTO E AN\u00c1LISE DE EXPERIMENTOS&nbsp;&#8211;&nbsp;4 CR\u00c9DITOS &#8211; 60 HORAS<\/td><td><em>Optativa<\/em><\/td><\/tr><tr><td>SISTEMAS DE PRODU\u00c7\u00c3O ENXUTA &#8211;&nbsp;4 CR\u00c9DITOS &#8211; 60 HORAS<\/td><td><em>Optativa<\/em><\/td><\/tr><tr><td><a href=\"http:\/\/plone.ufpb.br\/ppgeps\/contents\/documentos\/disciplinas\/top_espec_gestao_integrada.pdf\" target=\"_blank\" rel=\"noreferrer noopener\">T<\/a>\u00d3PICOS ESPECIAIS EM GEST\u00c3O INTEGRADA DE SISTEMAS DE PRODU\u00c7\u00c3O I &#8211; 4&nbsp;CR\u00c9DITOS &#8211; 60 HORAS<\/td><td><em>Optativa<\/em><\/td><\/tr><tr><td>T\u00d3PICOS ESPECIAIS EM GEST\u00c3O INTEGRADA DE SISTEMAS DE PRODU\u00c7\u00c3O&nbsp;II &#8211;&nbsp; 2 CR\u00c9DITOS &#8211; 30 HORAS<\/td><td><em>Optativa<\/em><\/td><\/tr><\/tbody><\/table><\/figure>\n","protected":false},"excerpt":{"rendered":"<p>N\u00famero da Resolu\u00e7\u00e3o: 11\/2024 do CONSEPE\/UFPB Curso: ENGENHARIA DE PRODU\u00c7\u00c3O E SISTEMAS\/PPGEPS &#8211; Jo\u00e3o Pessoa [&hellip;]<\/p>\n","protected":false},"author":47,"featured_media":0,"parent":0,"menu_order":0,"comment_status":"closed","ping_status":"closed","template":"","meta":{"footnotes":""},"class_list":["post-13","page","type-page","status-publish","hentry"],"_links":{"self":[{"href":"https:\/\/www.ct.ufpb.br\/ppgeps\/wp-json\/wp\/v2\/pages\/13","targetHints":{"allow":["GET"]}}],"collection":[{"href":"https:\/\/www.ct.ufpb.br\/ppgeps\/wp-json\/wp\/v2\/pages"}],"about":[{"href":"https:\/\/www.ct.ufpb.br\/ppgeps\/wp-json\/wp\/v2\/types\/page"}],"author":[{"embeddable":true,"href":"https:\/\/www.ct.ufpb.br\/ppgeps\/wp-json\/wp\/v2\/users\/47"}],"replies":[{"embeddable":true,"href":"https:\/\/www.ct.ufpb.br\/ppgeps\/wp-json\/wp\/v2\/comments?post=13"}],"version-history":[{"count":2,"href":"https:\/\/www.ct.ufpb.br\/ppgeps\/wp-json\/wp\/v2\/pages\/13\/revisions"}],"predecessor-version":[{"id":52,"href":"https:\/\/www.ct.ufpb.br\/ppgeps\/wp-json\/wp\/v2\/pages\/13\/revisions\/52"}],"wp:attachment":[{"href":"https:\/\/www.ct.ufpb.br\/ppgeps\/wp-json\/wp\/v2\/media?parent=13"}],"curies":[{"name":"wp","href":"https:\/\/api.w.org\/{rel}","templated":true}]}}