{"id":11,"date":"2025-06-13T18:27:42","date_gmt":"2025-06-13T21:27:42","guid":{"rendered":"https:\/\/www.ct.ufpb.br\/ppgeps\/?page_id=11"},"modified":"2025-06-30T12:58:05","modified_gmt":"2025-06-30T15:58:05","slug":"docentes","status":"publish","type":"page","link":"https:\/\/www.ct.ufpb.br\/ppgeps\/docentes\/","title":{"rendered":"Docentes"},"content":{"rendered":"\n<p>O Programa conta com 16 docentes credenciados, profissionais com experi\u00eancia em pesquisa e atua\u00e7\u00e3o no Magist\u00e9rio Superior da Universidade Federal da Para\u00edba e em outras institui\u00e7\u00f5es. Na lista se encontram\u00a0<em>links<\/em>\u00a0para seus perfis na Plataforma\u00a0Lattes e para seus endere\u00e7os de\u00a0<em>e-mail<\/em>.\u00a0<\/p>\n\n\n\n<p>Sugerimos tamb\u00e9m consultar nossa se\u00e7\u00e3o\u00a0<a href=\"https:\/\/www.ct.ufpb.br\/ppgeps\/sobre-nos\/\" data-type=\"page\" data-id=\"9\">Sobre N\u00f3s<\/a>, onde ser\u00e1 poss\u00edvel encontrar mais informa\u00e7\u00f5es sobre o trabalho de cada professor do nosso Programa, a exemplo de grupos de pesquisa, projetos atuais e laborat\u00f3rios.<\/p>\n\n\n\n<p><strong>Anand Subramanian<\/strong><a href=\"http:\/\/lattes.cnpq.br\/2752210156480636\" target=\"_blank\" rel=\"noreferrer noopener\"> <\/a>&#8211; <a href=\"http:\/\/lattes.cnpq.br\/2752210156480636\" data-type=\"link\" data-id=\"http:\/\/lattes.cnpq.br\/2752210156480636\">Lattes<\/a><a href=\"http:\/\/lattes.cnpq.br\/2752210156480636\" target=\"_blank\" rel=\"noreferrer noopener\"><br><\/a><a href=\"http:\/\/lattes.cnpq.br\/2752210156480636\" target=\"_blank\" rel=\"noreferrer noopener\"><\/a>\u00a0<a href=\"https:\/\/www.scopus.com\/authid\/detail.uri?authorId=17436208400\" target=\"_blank\" rel=\"noreferrer noopener\"><\/a>\u00a0<a href=\"https:\/\/www.scopus.com\/authid\/detail.uri?authorId=17436208400\" target=\"_blank\" rel=\"noreferrer noopener\"><\/a><a href=\"mailto:anand@ci.ufpb.br\">\ud83d\udce7\u00a0anand@ci.ufpb.br<\/a><\/p>\n\n\n\n<p><strong>Cl\u00e1udia Fabiana Gohr<\/strong><a href=\"http:\/\/lattes.cnpq.br\/9659567194527216\" target=\"_blank\" rel=\"noreferrer noopener\"> &#8211; Lattes<\/a><a href=\"http:\/\/lattes.cnpq.br\/9659567194527216\" target=\"_blank\" rel=\"noreferrer noopener\"><br><\/a><a href=\"http:\/\/lattes.cnpq.br\/9659567194527216\" target=\"_blank\" rel=\"noreferrer noopener\"><\/a>\u00a0<a href=\"https:\/\/www.scopus.com\/authid\/detail.uri?authorId=35185013200\" target=\"_blank\" rel=\"noreferrer noopener\"><\/a>\u00a0<a href=\"mailto:claudiagohr@ct.ufpb.br\">\ud83d\udce7<\/a><a href=\"mailto:claudia.gohr@academico.ufpb.br\">\u00a0claudia.gohr@academico.ufpb.br<\/a><\/p>\n\n\n\n<p><strong>Cl\u00e1udio Ruy Portela de Vasconcelos<\/strong> &#8211; <a href=\"http:\/\/lattes.cnpq.br\/4034043720991673\" data-type=\"link\" data-id=\"http:\/\/lattes.cnpq.br\/4034043720991673\">Lattes<\/a><br><a href=\"http:\/\/lattes.cnpq.br\/4034043720991673\" target=\"_blank\" rel=\"noreferrer noopener\"><\/a>\u00a0<a href=\"https:\/\/www.scopus.com\/authid\/detail.uri?authorId=57219838834\" target=\"_blank\" rel=\"noreferrer noopener\"><\/a>\u00a0\ud83d\udce7\u00a0<a href=\"mailto:claudioruy@yahoo.com\" target=\"_blank\" rel=\"noreferrer noopener\">claudioruy@yahoo.com<\/a><\/p>\n\n\n\n<p><strong>Hugo Harry Frederico Ribeiro Kramer<\/strong> &#8211; <a href=\"http:\/\/lattes.cnpq.br\/6745664998257310\" data-type=\"link\" data-id=\"http:\/\/lattes.cnpq.br\/6745664998257310\">Lattes<\/a><br><a href=\"http:\/\/lattes.cnpq.br\/6745664998257310\" target=\"_blank\" rel=\"noreferrer noopener\"><\/a>\u00a0<a href=\"https:\/\/www.scopus.com\/authid\/detail.uri?authorId=51565438800\" target=\"_blank\" rel=\"noreferrer noopener\"><\/a>\u00a0<a href=\"mailto:hugo.kramer@academico.ufpb.br\">\ud83d\udce7\u00a0hugo.kramer@academico.ufpb.br<\/a><\/p>\n\n\n\n<p><strong>Ivan Bolis<\/strong> &#8211; <a href=\"http:\/\/lattes.cnpq.br\/7083169209148431\" data-type=\"link\" data-id=\"http:\/\/lattes.cnpq.br\/7083169209148431\">Lattes<\/a><br><a href=\"http:\/\/lattes.cnpq.br\/7083169209148431\" target=\"_blank\" rel=\"noreferrer noopener\"><\/a>\u00a0<a href=\"https:\/\/www.scopus.com\/authid\/detail.uri?authorId=55189850300\" target=\"_blank\" rel=\"noreferrer noopener\"><\/a>\u00a0\ud83d\udce7\u00a0<a href=\"mailto:ib@academico.ufpb.br\" target=\"_blank\" rel=\"noreferrer noopener\">ib@academico.ufpb.br<\/a><\/p>\n\n\n\n<p><strong>Lucas Guedes de Oliveira <\/strong>&#8211; <a href=\"http:\/\/lattes.cnpq.br\/9119669161759099\">Lattes<\/a><strong><br><\/strong><a href=\"http:\/\/lattes.cnpq.br\/9119669161759099\" target=\"_blank\" rel=\"noreferrer noopener\"><\/a><strong>\u00a0<\/strong><a href=\"https:\/\/www.scopus.com\/authid\/detail.uri?authorId=57209582162\" target=\"_blank\" rel=\"noreferrer noopener\"><\/a>\u00a0<a href=\"mailto:anand@ci.ufpb.br\">\ud83d\udce7<\/a>\u00a0<a href=\"mailto:lucas.guedes.oliveira@academico.ufpb.br\" target=\"_blank\" rel=\"noreferrer noopener\">lucas.guedes.oliveira@academico.ufpb.br<\/a><\/p>\n\n\n\n<p><strong>Luciano Carlos Azevedo da Costa<\/strong> &#8211; <a href=\"http:\/\/lattes.cnpq.br\/3954372189546017\">Lattes<\/a><a href=\"http:\/\/lattes.cnpq.br\/9659567194527216\" target=\"_blank\" rel=\"noreferrer noopener\"><br><\/a><a href=\"http:\/\/lattes.cnpq.br\/3954372189546017\" target=\"_blank\" rel=\"noreferrer noopener\"><\/a>\u00a0<a href=\"https:\/\/www.scopus.com\/authid\/detail.uri?authorId=57204053136\" target=\"_blank\" rel=\"noreferrer noopener\"><\/a>\u00a0<a href=\"mailto:luciano.costa@academico.ufpb.br\" target=\"_blank\" rel=\"noreferrer noopener\">\ud83d\udce7\u00a0luciano.costa@academico.ufpb.br<\/a><\/p>\n\n\n\n<p><strong>Luciano Costa Santos<\/strong><a href=\"http:\/\/lattes.cnpq.br\/5250721493896038\" target=\"_blank\" rel=\"noreferrer noopener\"> <\/a><a href=\"http:\/\/lattes.cnpq.br\/5250721493896038\" target=\"_blank\" rel=\"noreferrer noopener\">&#8211; Lattes<br><\/a><a href=\"http:\/\/lattes.cnpq.br\/5250721493896038\" target=\"_blank\" rel=\"noreferrer noopener\"><\/a>\u00a0<a href=\"https:\/\/www.scopus.com\/authid\/detail.uri?authorId=35185562800\" target=\"_blank\" rel=\"noreferrer noopener\"><\/a>\u00a0<a href=\"mailto:luciano@ct.ufpb.br\">\ud83d\udce7\u00a0luciano@ct.ufpb.br<\/a><\/p>\n\n\n\n<p><strong>Luiz Bueno da Silva<\/strong> &#8211; <a href=\"http:\/\/lattes.cnpq.br\/1455327957816397\">Lattes<\/a><br><a href=\"http:\/\/lattes.cnpq.br\/1455327957816397\" target=\"_blank\" rel=\"noreferrer noopener\"><\/a>\u00a0<a href=\"https:\/\/www.scopus.com\/authid\/detail.uri?authorId=35791534900\" target=\"_blank\" rel=\"noreferrer noopener\"><\/a>\u00a0<a href=\"mailto:luciano@ct.ufpb.br\">\ud83d\udce7\u00a0bueno@ct.ufpb.br<\/a><\/p>\n\n\n\n<p><strong>Luiz C\u00e9lio Souza Rocha<\/strong> &#8211; <a href=\"http:\/\/lattes.cnpq.br\/6159042833362242\">Lattes<\/a><br><a href=\"http:\/\/lattes.cnpq.br\/6159042833362242\" target=\"_blank\" rel=\"noreferrer noopener\"><\/a>\u00a0<a href=\"https:\/\/www.scopus.com\/authid\/detail.uri?authorId=56797573000\" target=\"_blank\" rel=\"noreferrer noopener\"><\/a>\u00a0<a href=\"https:\/\/www.scopus.com\/authid\/detail.uri?authorId=17436208400\" target=\"_blank\" rel=\"noreferrer noopener\"><\/a><a href=\"mailto:anand@ci.ufpb.br\">\ud83d\udce7\u00a0luiz.rocha@ifnmg.edu.br<\/a><\/p>\n\n\n\n<p><strong>Maria Christine Werba Saldanha<\/strong><a href=\"https:\/\/sigaa.ufpb.br\/sigaa\/public\/docente\/portal.jsf?siape=1298891\" target=\"_blank\" rel=\"noreferrer noopener\"> <\/a><a href=\"https:\/\/sigaa.ufpb.br\/sigaa\/public\/docente\/portal.jsf?siape=1298891\" target=\"_blank\" rel=\"noreferrer noopener\">&#8211; Lattes<br><\/a><a href=\"http:\/\/lattes.cnpq.br\/9125249342119563\" target=\"_blank\" rel=\"noreferrer noopener\"><\/a>\u00a0<a href=\"https:\/\/www.scopus.com\/authid\/detail.uri?authorId=55190278900\" target=\"_blank\" rel=\"noreferrer noopener\"><\/a>\u00a0<a href=\"mailto:cwerbasaldanha@gmail.com\">\ud83d\udce7\u00a0cwerbasaldanha@gmail.com<\/a><\/p>\n\n\n\n<p><strong>Maria Silene Alexandre Leite<\/strong><a href=\"http:\/\/lattes.cnpq.br\/1065749189635699\" target=\"_blank\" rel=\"noreferrer noopener\"> <\/a><a href=\"http:\/\/lattes.cnpq.br\/1065749189635699\" target=\"_blank\" rel=\"noreferrer noopener\">&#8211; Lattes<br><\/a><a href=\"http:\/\/lattes.cnpq.br\/1065749189635699\" target=\"_blank\" rel=\"noreferrer noopener\"><\/a>\u00a0<a href=\"https:\/\/www.scopus.com\/authid\/detail.uri?authorId=36242193700\" target=\"_blank\" rel=\"noreferrer noopener\"><\/a>\u00a0<a href=\"mailto:mariasileneleite@hotmail.com\">\ud83d\udce7\u00a0mariasileneleite@hotmail.com<\/a><\/p>\n\n\n\n<p><strong>Paulo Rotella Junior<\/strong><br><a href=\"http:\/\/lattes.cnpq.br\/4259592524354308\" target=\"_blank\" rel=\"noreferrer noopener\"><\/a>\u00a0<a href=\"https:\/\/www.scopus.com\/authid\/detail.uri?authorId=56032680100\" target=\"_blank\" rel=\"noreferrer noopener\"><\/a>\u00a0<a href=\"mailto:paulo.rotella@academico.ufpb.br\">\ud83d\udce7\u00a0paulo.rotella@academico.ufpb.br<\/a> &#8211; <a href=\"http:\/\/lattes.cnpq.br\/4259592524354308\">Lattes<\/a><\/p>\n\n\n\n<p><strong>Renata de Oliveira Mota <\/strong>&#8211; <a href=\"http:\/\/lattes.cnpq.br\/8754982665286381\">Lattes<\/a><strong><br><\/strong><a href=\"http:\/\/lattes.cnpq.br\/8754982665286381\" target=\"_blank\" rel=\"noreferrer noopener\"><\/a><strong>\u00a0<\/strong><a href=\"https:\/\/www.scopus.com\/authid\/detail.uri?authorId=57034964100\" target=\"_blank\" rel=\"noreferrer noopener\"><\/a>\u00a0<a href=\"mailto:anand@ci.ufpb.br\">\u00a0<\/a><a href=\"mailto:renata.mota@academico.ufpb.br\" target=\"_blank\" rel=\"noreferrer noopener\">\ud83d\udce7\u00a0renata.mota@academico.ufpb.br<\/a><\/p>\n\n\n\n<p><strong>Rog\u00e9rio Santana Peruchi<\/strong><a href=\"http:\/\/lattes.cnpq.br\/2633968496533807\" target=\"_blank\" rel=\"noreferrer noopener\"> <\/a><a href=\"http:\/\/lattes.cnpq.br\/2633968496533807\" target=\"_blank\" rel=\"noreferrer noopener\">&#8211; Lattes<br><\/a><a href=\"http:\/\/lattes.cnpq.br\/2633968496533807\" target=\"_blank\" rel=\"noreferrer noopener\"><\/a>\u00a0<a href=\"https:\/\/www.scopus.com\/authid\/detail.uri?authorId=55624270700\" target=\"_blank\" rel=\"noreferrer noopener\"><\/a>\u00a0<a href=\"mailto:rsp@academico.ufpb.br\">\ud83d\udce7\u00a0rsp@academico.ufpb.br<\/a><\/p>\n\n\n\n<p><strong>Sandra Naomi Morioka<\/strong><a href=\"http:\/\/lattes.cnpq.br\/8793875828862500\" target=\"_blank\" rel=\"noreferrer noopener\"> <\/a><a href=\"http:\/\/lattes.cnpq.br\/8793875828862500\" target=\"_blank\" rel=\"noreferrer noopener\">&#8211; Lattes<br><\/a><a href=\"http:\/\/lattes.cnpq.br\/8793875828862500\" target=\"_blank\" rel=\"noreferrer noopener\"><\/a>\u00a0<a href=\"https:\/\/www.scopus.com\/authid\/detail.uri?authorId=56175656000\" target=\"_blank\" rel=\"noreferrer noopener\"><\/a>\u00a0<a href=\"mailto:rsp@academico.ufpb.br\">\ud83d\udce7\u00a0sandra.morioka@academico.ufpb.br<\/a><\/p>\n\n\n\n<p><\/p>\n","protected":false},"excerpt":{"rendered":"<p>O Programa conta com 16 docentes credenciados, profissionais com experi\u00eancia em pesquisa e atua\u00e7\u00e3o no [&hellip;]<\/p>\n","protected":false},"author":47,"featured_media":0,"parent":0,"menu_order":0,"comment_status":"closed","ping_status":"closed","template":"","meta":{"footnotes":""},"class_list":["post-11","page","type-page","status-publish","hentry"],"_links":{"self":[{"href":"https:\/\/www.ct.ufpb.br\/ppgeps\/wp-json\/wp\/v2\/pages\/11","targetHints":{"allow":["GET"]}}],"collection":[{"href":"https:\/\/www.ct.ufpb.br\/ppgeps\/wp-json\/wp\/v2\/pages"}],"about":[{"href":"https:\/\/www.ct.ufpb.br\/ppgeps\/wp-json\/wp\/v2\/types\/page"}],"author":[{"embeddable":true,"href":"https:\/\/www.ct.ufpb.br\/ppgeps\/wp-json\/wp\/v2\/users\/47"}],"replies":[{"embeddable":true,"href":"https:\/\/www.ct.ufpb.br\/ppgeps\/wp-json\/wp\/v2\/comments?post=11"}],"version-history":[{"count":5,"href":"https:\/\/www.ct.ufpb.br\/ppgeps\/wp-json\/wp\/v2\/pages\/11\/revisions"}],"predecessor-version":[{"id":113,"href":"https:\/\/www.ct.ufpb.br\/ppgeps\/wp-json\/wp\/v2\/pages\/11\/revisions\/113"}],"wp:attachment":[{"href":"https:\/\/www.ct.ufpb.br\/ppgeps\/wp-json\/wp\/v2\/media?parent=11"}],"curies":[{"name":"wp","href":"https:\/\/api.w.org\/{rel}","templated":true}]}}