{"id":99,"date":"2024-03-04T21:14:52","date_gmt":"2024-03-04T21:14:52","guid":{"rendered":"https:\/\/www.ct.ufpb.br\/ppgem2\/?page_id=99"},"modified":"2026-01-09T09:56:45","modified_gmt":"2026-01-09T12:56:45","slug":"documentos","status":"publish","type":"page","link":"https:\/\/www.ct.ufpb.br\/ppgem\/documentos\/","title":{"rendered":"Documentos"},"content":{"rendered":"\n<p><strong>Aviso:<\/strong> Conte\u00fado em transi\u00e7\u00e3o. Caso n\u00e3o encontre o que procura, utilize a p\u00e1gina antiga clicando <a href=\"https:\/\/sigaa.ufpb.br\/sigaa\/public\/programa\/documentos.jsf?lc=pt_BR&amp;id=1870&amp;idTipo=2\" target=\"_blank\" rel=\"noreferrer noopener\">aqui<\/a>.<\/p>\n\n\n\n<h2 class=\"wp-block-heading\"><div class=\"linha-header\">Anexos Edit\u00e1veis de Editais Frequentes<\/div><\/h2>\n\n\n\n<ul class=\"wp-block-list\">\n<li><a href=\"https:\/\/drive.google.com\/drive\/folders\/1e1PkAt_M2FgM-0K6Za_A_gAwpniRG1G4?usp=sharing\" target=\"_blank\" rel=\"noreferrer noopener\">Anexos edit\u00e1veis<\/a>: encontre aqui as vers\u00f5es edit\u00e1veis de documentos anexos dos principais editais do PPGEM, tais como: admiss\u00e3o, cadastro de reserva, PDSE, e Pr\u00eamio CAPES.<\/li>\n<\/ul>\n\n\n\n<h2 class=\"wp-block-heading\"><div class=\"linha-header\">Apresenta\u00e7\u00f5es Administrativas<\/div><\/h2>\n\n\n\n<ul class=\"wp-block-list\">\n<li><a href=\"https:\/\/www.canva.com\/design\/DAGNseaPV_g\/Dhlf1G-WdZW5Mz-JfnakoQ\/view?utm_content=DAGNseaPV_g&amp;utm_campaign=designshare&amp;utm_medium=link&amp;utm_source=editor#1\" target=\"_blank\" rel=\"noreferrer noopener\">PPGEM Day 1<\/a>: orienta\u00e7\u00f5es resumidas para discentes ingressantes.<\/li>\n<\/ul>\n\n\n\n<h2 class=\"wp-block-heading\"><div class=\"linha-header\">Divulga\u00e7\u00e3o cient\u00edfica<\/div><\/h2>\n\n\n\n<ul class=\"wp-block-list\">\n<li><a href=\"https:\/\/docs.google.com\/forms\/d\/e\/1FAIpQLSfnyWNiDlQwzmGbYizMuBZf0ZY6Pm_T0CObhCkBd8PI0c0KHw\/viewform\" target=\"_blank\" rel=\"noreferrer noopener\">Assessoria PDCT<\/a> [solicita\u00e7\u00f5es com 15 dias de anteced\u00eancia]: formul\u00e1rio para solicita\u00e7\u00e3o de assessoria da ASCOM\/REITORIA na formula\u00e7\u00e3o de Plano de Divulga\u00e7\u00e3o Cient\u00edfica e Tecnol\u00f3gica para editais de fomento do Programa.<\/li>\n\n\n\n<li><a href=\"https:\/\/docs.google.com\/forms\/d\/e\/1FAIpQLSd0g1wSPtD2QKucCbOfj5lqtpR_gDke1mRj6DcLK-hcoQHP4g\/viewform\" target=\"_blank\" rel=\"noreferrer noopener\">A\u00e7\u00f5es acad\u00eamicas<\/a> [solicita\u00e7\u00f5es com 15 dias de anteced\u00eancia]: formul\u00e1rio da ASCOM\/REITORIA para solicita\u00e7\u00e3o de divulga\u00e7\u00e3o de a\u00e7\u00f5es acad\u00eamicas do Programa (eventos, pesquisas, projetos etc.) na p\u00e1gina da UFPB por meio jornal\u00edstico e fotogr\u00e1fico.<\/li>\n\n\n\n<li><a href=\"https:\/\/docs.google.com\/forms\/d\/e\/1FAIpQLSc2P46MicJKGao9X3X9401CpR8rnPfzv8qAGzqoM62Lo_ketQ\/viewform\">M\u00eddia <em>ad hoc<\/em><\/a> [cadastro para repercuss\u00f5es]: formul\u00e1rio da ASCOM\/REITORIA para cadastro de pesquisadores e especialistas da UFPB com interesse em indica\u00e7\u00e3o a ve\u00edculos de comunica\u00e7\u00e3o para gera\u00e7\u00e3o de repercuss\u00e3o das a\u00e7\u00f5es produzidas na universidade .<\/li>\n<\/ul>\n\n\n\n<h2 class=\"wp-block-heading\"><div class=\"linha-header\">Kits para Discentes<\/div><\/h2>\n\n\n\n<ul class=\"wp-block-list\">\n<li><a href=\"https:\/\/drive.google.com\/drive\/folders\/1XMA4P7yJnuFS1PDd4v_fNlCCdBtLJWeh?usp=share_link\" target=\"_blank\" rel=\"noreferrer noopener\">Kit Bolsa<\/a>: modelos, manuais e documentos de orienta\u00e7\u00e3o para aceite e outorga de bolsas de ag\u00eancias de fomento.<\/li>\n<\/ul>\n\n\n\n<h2 class=\"wp-block-heading\"><div class=\"linha-header\">Kits para Docentes<\/div><\/h2>\n\n\n\n<ul class=\"wp-block-list\">\n<li><a href=\"https:\/\/drive.google.com\/drive\/folders\/1PnhCKeP2Oq9dibMG727DbQJbxKxtaref?usp=sharing\" target=\"_blank\" rel=\"noreferrer noopener\">Kit Banca<\/a>: documentos acess\u00f3rios para avalia\u00e7\u00e3o de exames de pr\u00e9-banca, defesas de qualifica\u00e7\u00e3o e defesas finais.<\/li>\n\n\n\n<li><a href=\"https:\/\/drive.google.com\/drive\/folders\/1mpr0ZL4cPEuldqNJlrlXK1lTnQOyrshW?usp=sharing\" target=\"_blank\" rel=\"noreferrer noopener\">Kit Sele\u00e7\u00e3o<\/a>: documentos acess\u00f3rios para avalia\u00e7\u00e3o de processos seletivos.<\/li>\n<\/ul>\n\n\n\n<p><strong>Nota:<\/strong> os baremas disponibilizados nos Kits Docentes n\u00e3o precisam ser devolvidos \u00e0 Secretaria. Eles servem apenas como sugest\u00e3o para auxiliar docentes em seus processos de avalia\u00e7\u00e3o quando n\u00e3o possu\u00edrem crit\u00e9rios pr\u00f3prios de avalia\u00e7\u00e3o.<\/p>\n\n\n\n<h2 class=\"wp-block-heading\"><div class=\"linha-header\">Manual de Perguntas e Respostas<\/div><\/h2>\n\n\n\n<ul class=\"wp-block-list\">\n<li><a href=\"https:\/\/docs.google.com\/document\/d\/1t2C1rCckuh2uLP3hqjzcD0Hb-r8DqKqW\/edit?usp=share_link&amp;ouid=103613794630817581816&amp;rtpof=true&amp;sd=true\" target=\"_blank\" rel=\"noreferrer noopener\">Manual P&amp;R PPGEM<\/a>: documento contendo respostas para perguntas frequentes.<\/li>\n<\/ul>\n\n\n\n<p><strong>Nota:<\/strong> conte\u00fado em transi\u00e7\u00e3o para o <a href=\"https:\/\/ajuda.ct.ufpb.br\/books\/manual-de-procedimentos-ppgem\" target=\"_blank\" rel=\"noreferrer noopener\">Livro do PPGEM na Plataforma Ajuda CT<\/a>.<\/p>\n\n\n\n<h2 class=\"wp-block-heading\"><div class=\"linha-header\">Marca do PPGEM (<em>Branding<\/em>)<\/div><\/h2>\n\n\n\n<ul class=\"wp-block-list\">\n<li><a href=\"https:\/\/drive.google.com\/drive\/folders\/1_yDyKzijvE2rtGueQdRUf95MTKtDUWf1?usp=share_link\" target=\"_blank\" rel=\"noreferrer noopener\">Branding<\/a>: diversos arquivos de imagem com as vers\u00f5es de marca do PPGEM (logotipos) em resolu\u00e7\u00f5es 200dpi e 600dpi.<\/li>\n<\/ul>\n\n\n\n<h2 class=\"wp-block-heading\"><div class=\"linha-header\">Proceedings do Semin\u00e1rio de Escrita Cient\u00edfica (SEC\/PPGEM)<\/div><\/h2>\n\n\n\n<ul class=\"wp-block-list\">\n<li><a href=\"https:\/\/drive.google.com\/drive\/folders\/1PMywQzv6wzCVOrvY91_jRPhsC_wm1DJp?usp=sharing\" target=\"_blank\" rel=\"noreferrer noopener\">SWS Proceedings<\/a>: colet\u00e2neas p\u00fablicas de artigos produzidos como projeto final da disciplina  <em>Produ\u00e7\u00e3o Cient\u00edfica<\/em>.<\/li>\n<\/ul>\n\n\n\n<h2 class=\"wp-block-heading\"><div class=\"linha-header\">Template Teses e Disserta\u00e7\u00f5es &#8211; LaTeX<\/div><\/h2>\n\n\n\n<ul class=\"wp-block-list\">\n<li><a href=\"https:\/\/drive.google.com\/drive\/folders\/1Y0_ypVTcKKLoUTdfIeLPy110cMbXJHHv?usp=share_link\">Template Teses e Disserta\u00e7\u00f5es &#8211; LaTeX<\/a>: arquivos para formata\u00e7\u00e3o de trabalhos finais na linguagem LaTeX.<\/li>\n<\/ul>\n","protected":false},"excerpt":{"rendered":"<p>Aviso: Conte\u00fado em transi\u00e7\u00e3o. Caso n\u00e3o encontre o que procura, utilize a p\u00e1gina antiga clicando [&hellip;]<\/p>\n","protected":false},"author":47,"featured_media":0,"parent":0,"menu_order":0,"comment_status":"closed","ping_status":"closed","template":"","meta":{"footnotes":""},"class_list":["post-99","page","type-page","status-publish","hentry"],"_links":{"self":[{"href":"https:\/\/www.ct.ufpb.br\/ppgem\/wp-json\/wp\/v2\/pages\/99","targetHints":{"allow":["GET"]}}],"collection":[{"href":"https:\/\/www.ct.ufpb.br\/ppgem\/wp-json\/wp\/v2\/pages"}],"about":[{"href":"https:\/\/www.ct.ufpb.br\/ppgem\/wp-json\/wp\/v2\/types\/page"}],"author":[{"embeddable":true,"href":"https:\/\/www.ct.ufpb.br\/ppgem\/wp-json\/wp\/v2\/users\/47"}],"replies":[{"embeddable":true,"href":"https:\/\/www.ct.ufpb.br\/ppgem\/wp-json\/wp\/v2\/comments?post=99"}],"version-history":[{"count":24,"href":"https:\/\/www.ct.ufpb.br\/ppgem\/wp-json\/wp\/v2\/pages\/99\/revisions"}],"predecessor-version":[{"id":597,"href":"https:\/\/www.ct.ufpb.br\/ppgem\/wp-json\/wp\/v2\/pages\/99\/revisions\/597"}],"wp:attachment":[{"href":"https:\/\/www.ct.ufpb.br\/ppgem\/wp-json\/wp\/v2\/media?parent=99"}],"curies":[{"name":"wp","href":"https:\/\/api.w.org\/{rel}","templated":true}]}}