{"id":56,"date":"2024-03-02T01:18:47","date_gmt":"2024-03-02T01:18:47","guid":{"rendered":"https:\/\/www.ct.ufpb.br\/ppgem2\/?page_id=56"},"modified":"2026-01-09T09:57:31","modified_gmt":"2026-01-09T12:57:31","slug":"planejamento-estrategico","status":"publish","type":"page","link":"https:\/\/www.ct.ufpb.br\/ppgem\/planejamento-estrategico\/","title":{"rendered":"Planejamento Estrat\u00e9gico"},"content":{"rendered":"\n<p>O PPGEM busca as metodologias mais adequadas para planejar suas a\u00e7\u00f5es estrat\u00e9gicas no \u00e2mbito da Educa\u00e7\u00e3o Superior, comprometendo-se com miss\u00e3o, vis\u00e3o e valores bem definidos. Abaixo encontram-se as declara\u00e7\u00f5es e compromissos do Programa com a sociedade brasileira e com seus colaboradores. <\/p>\n\n\n\n<h2 class=\"wp-block-heading\"><div class=\"linha-header\">Miss\u00e3o<\/div><\/h2>\n\n\n\n<blockquote class=\"wp-block-quote is-layout-flow wp-block-quote-is-layout-flow\">\n<p><em>&#8220;Realizar atividades de ensino em n\u00edveis de Mestrado e Doutorado, de pesquisa b\u00e1sica e aplicada, e de desenvolvimento tecnol\u00f3gico, atuando na fronteira do conhecimento das ci\u00eancias mec\u00e2nicas.&#8221;<\/em><\/p>\n\n\n\n<h2 class=\"wp-block-heading\"><div class=\"linha-header\">Vis\u00e3o<\/div><\/h2>\n\n\n\n<p><em>&#8220;Buscar a excel\u00eancia na forma\u00e7\u00e3o de recursos humanos na \u00e1rea de Engenharia Mec\u00e2nica e impactar o desenvolvimento cient\u00edfico-tecnol\u00f3gico nacional.&#8221;<\/em><\/p>\n<\/blockquote>\n\n\n\n<h2 class=\"wp-block-heading\"><div class=\"linha-header\"><strong>Grupos de Trabalho<\/strong><\/div><\/h2>\n\n\n\n<p>O planejamento de a\u00e7\u00f5es estrat\u00e9gicas do PPGEM est\u00e1 sendo estruturado para funcionar por meio de grupos de trabalho (GTs) encabe\u00e7ados pela Coordena\u00e7\u00e3o, dos quais participar\u00e3o 25% do corpo de docentes permanentes do PPGEM e representantes discentes. Os GTs prim\u00e1rios e suas respectivas responsabilidades est\u00e3o definidas a seguir:<\/p>\n\n\n\n<ul class=\"wp-block-list\">\n<li><strong>Grupo de Trabalho 1 (GT1):<\/strong> acompanhamento, monitoramento e avalia\u00e7\u00e3o da repercuss\u00e3o da produ\u00e7\u00e3o intelectual de discentes e egressos;<\/li>\n\n\n\n<li><strong>Grupo de Trabalho 2 (GT2):<\/strong> planejamento e autoavalia\u00e7\u00e3o;<\/li>\n\n\n\n<li><strong>Grupo de Trabalho 3 (GT3):<\/strong> coopera\u00e7\u00e3o acad\u00eamico-cient\u00edfica em n\u00edvel nacional e internacional;<\/li>\n\n\n\n<li><strong>Grupo de Trabalho 4 (GT4):<\/strong> fomento, estabelecimento e manuten\u00e7\u00e3o de parcerias com os setores p\u00fablico e privado.<\/li>\n<\/ul>\n\n\n\n<h2 class=\"wp-block-heading\"><div class=\"linha-header\">Alinhamento com o Plano de Desenvolvimento Institucional<\/div><\/h2>\n\n\n\n<p>A cada quinqu\u00eanio, a UFPB lan\u00e7a o <a href=\"http:\/\/www.proplan.ufpb.br\/proplan\/contents\/paginas\/acoes\/codeplan\/planos\/pdi\" target=\"_blank\" rel=\"noreferrer noopener\">Plano de Desenvolvimento Institucional &#8211; PDI <\/a>como documento norteador das futuras a\u00e7\u00f5es da universidade. O PPGEM relaciona-se com o PDI em diferentes metas e pol\u00edticas estabelecidas para ensino, pesquisa, inova\u00e7\u00e3o tecnol\u00f3gica e integra\u00e7\u00e3o com a sociedade. De acordo com o escalonamento definido pela Pr\u00f3-Reitoria de Planejamento (PROPLAN), os elementos estruturais que correspondem aos n\u00edveis t\u00e1tico e operacional do PDI s\u00e3o tratados pelo Programa atrav\u00e9s do Plano de Desenvolvimento Setorial (PDS).<\/p>\n\n\n\n<h2 class=\"wp-block-heading\"><div class=\"linha-header\">Sistemas de suporte \u00e0 decis\u00e3o<\/div><\/h2>\n\n\n\n<p>A Coordena\u00e7\u00e3o do PPGEM conta com alguns sistemas de suporte \u00e0 decis\u00e3o pelos quais \u00e9 poss\u00edvel acessar m\u00e9tricas e indicadores de acompanhamento e monitoramento da performance do Programa, bem como informa\u00e7\u00f5es estrat\u00e9gicas de interesse do Programa. S\u00e3o eles:<\/p>\n\n\n\n<ul class=\"wp-block-list\">\n<li><a href=\"https:\/\/lema.ufpb.br\/saego-pos\/\" target=\"_blank\" rel=\"noreferrer noopener\">SAEGO<\/a> (Sistema de Acompanhamento de Egressos da P\u00f3s-Gradua\u00e7\u00e3o), plataforma mantida pelo LEMA\/CCSA\/UFPB que concentra informa\u00e7\u00f5es sobre egressos da p\u00f3s-gradua\u00e7\u00e3o. [Acesso p\u00fablico]<\/li>\n\n\n\n<li><a href=\"https:\/\/tarrafa.unimontes.br\" target=\"_blank\" rel=\"noreferrer noopener\">TARRAFA<\/a>, sistema mantido pela UNIMONTES que informa dados gerais, indicadores de desempenho, rede de colabora\u00e7\u00e3o, rastreamento de curr\u00edculos e produ\u00e7\u00e3o cient\u00edfica dos PPGs. [Acesso privado]<\/li>\n\n\n\n<li><a href=\"https:\/\/app.powerbi.com\/view?r=eyJrIjoiOTA0ZWUzNjEtZmFkZi00MGJjLWI2MDktOWM1YzllOTU5MGRiIiwidCI6IjBlM2ZlYTA0LTFjYWQtNDEwMC05MzRkLTc2ZGZkMDc5ZThjNCJ9\">SIDTEC<\/a> (Sistema de Intelig\u00eancia de Dados em Ci\u00eancia e Tecnologia na Para\u00edba), plataforma mantida pelo Governo da Para\u00edba para mapeamento de indicadores de C&amp;T no estado.<\/li>\n<\/ul>\n\n\n\n<h2 class=\"wp-block-heading\"><div class=\"linha-header\">Base de conhecimento<\/div><\/h2>\n\n\n\n<ul class=\"wp-block-list\">\n<li><a href=\"https:\/\/drive.ufpb.br\/s\/pCt5pi4sCMCWqSD\" target=\"_blank\" rel=\"noreferrer noopener\">Guia de Elabora\u00e7\u00e3o do Plano de Desenvolvimento Setorial (PDS) &#8211; PROPLAN\/R\/UFPB<\/a><br><\/li>\n<\/ul>\n","protected":false},"excerpt":{"rendered":"<p>O PPGEM busca as metodologias mais adequadas para planejar suas a\u00e7\u00f5es estrat\u00e9gicas no \u00e2mbito da [&hellip;]<\/p>\n","protected":false},"author":90,"featured_media":0,"parent":0,"menu_order":3,"comment_status":"closed","ping_status":"closed","template":"","meta":{"footnotes":""},"class_list":["post-56","page","type-page","status-publish","hentry"],"_links":{"self":[{"href":"https:\/\/www.ct.ufpb.br\/ppgem\/wp-json\/wp\/v2\/pages\/56","targetHints":{"allow":["GET"]}}],"collection":[{"href":"https:\/\/www.ct.ufpb.br\/ppgem\/wp-json\/wp\/v2\/pages"}],"about":[{"href":"https:\/\/www.ct.ufpb.br\/ppgem\/wp-json\/wp\/v2\/types\/page"}],"author":[{"embeddable":true,"href":"https:\/\/www.ct.ufpb.br\/ppgem\/wp-json\/wp\/v2\/users\/90"}],"replies":[{"embeddable":true,"href":"https:\/\/www.ct.ufpb.br\/ppgem\/wp-json\/wp\/v2\/comments?post=56"}],"version-history":[{"count":10,"href":"https:\/\/www.ct.ufpb.br\/ppgem\/wp-json\/wp\/v2\/pages\/56\/revisions"}],"predecessor-version":[{"id":519,"href":"https:\/\/www.ct.ufpb.br\/ppgem\/wp-json\/wp\/v2\/pages\/56\/revisions\/519"}],"wp:attachment":[{"href":"https:\/\/www.ct.ufpb.br\/ppgem\/wp-json\/wp\/v2\/media?parent=56"}],"curies":[{"name":"wp","href":"https:\/\/api.w.org\/{rel}","templated":true}]}}