{"id":54,"date":"2024-03-02T01:17:38","date_gmt":"2024-03-02T01:17:38","guid":{"rendered":"https:\/\/www.ct.ufpb.br\/ppgem2\/?page_id=54"},"modified":"2026-01-09T09:57:22","modified_gmt":"2026-01-09T12:57:22","slug":"gestao","status":"publish","type":"page","link":"https:\/\/www.ct.ufpb.br\/ppgem\/gestao\/","title":{"rendered":"Gest\u00e3o"},"content":{"rendered":"\n<p>A estrutura administrativa do PPGEM \u00e9 composta pelos seguintes \u00f3rg\u00e3os:<\/p>\n\n\n\n<ul class=\"wp-block-list\">\n<li><strong>Colegiado<\/strong>: \u00f3rg\u00e3o deliberativo, com compet\u00eancia normativa em mat\u00e9rias de natureza acad\u00eamica, pedag\u00f3gica e administrativa.<\/li>\n\n\n\n<li><strong>Coordena\u00e7\u00e3o<\/strong>: \u00f3rg\u00e3o executivo, com compet\u00eancia gerencial e t\u00e1tica.<\/li>\n\n\n\n<li><strong>Secretaria<\/strong>: \u00f3rg\u00e3o de apoio, com compet\u00eancia operacional e administrativa.<\/li>\n\n\n\n<li><strong>Comiss\u00f5es Especiais e<\/strong> <strong>Grupos de Trabalho: <\/strong>\u00f3rg\u00e3os consultivos infralegais, com compet\u00eancias estrat\u00e9gicas, t\u00e9cnicas e de assessoramento.<\/li>\n<\/ul>\n\n\n\n<h2 class=\"wp-block-heading\"><div class=\"linha-header\">Colegiado<\/div><\/h2>\n\n\n\n<p>O Colegiado do PPGEM tem a seguinte composi\u00e7\u00e3o:<\/p>\n\n\n\n<ul class=\"wp-block-list\">\n<li><strong>Coordena\u00e7\u00e3o e Vice-Coordena\u00e7\u00e3o<\/strong> (exercem a presid\u00eancia e vice-presid\u00eancia, nesta ordem)<\/li>\n\n\n\n<li><strong>Representa\u00e7\u00e3o de<\/strong> <strong>Docentes Permanentes<\/strong><\/li>\n\n\n\n<li><strong>Representa\u00e7\u00e3o de Docentes Colaboradores<\/strong><\/li>\n\n\n\n<li><strong>Representa\u00e7\u00e3o T\u00e9cnica<\/strong><\/li>\n\n\n\n<li><strong>Representa\u00e7\u00e3o Discente<\/strong><\/li>\n<\/ul>\n\n\n\n<h2 class=\"wp-block-heading\"><div class=\"linha-header\">Coordena\u00e7\u00e3o e Secretaria<\/div><\/h2>\n\n\n\n<p>A Coordena\u00e7\u00e3o do PPGEM, renovada a cada bi\u00eanio e condicionada a uma recondu\u00e7\u00e3o por igual per\u00edodo, \u00e9 exercida por dois membros permanentes do Programa e assistida por servidores t\u00e9cnico-administrativos. Atualmente, s\u00e3o:<\/p>\n\n\n\n<ul class=\"wp-block-list\">\n<li><strong>Coordena\u00e7\u00e3o:<\/strong> Prof. Dr. Abel Cavalcante Lima Filho<\/li>\n\n\n\n<li><strong>Vice-Coordena\u00e7\u00e3o:<\/strong> Prof. Dr. Francisco Riccelly Pereira Feitosa<\/li>\n\n\n\n<li><strong>Secretaria:<\/strong> Monica Rodrigues da Silva; Rosangela Herculano Clementino e Thiago de Alc\u00e2ntara Costa<\/li>\n<\/ul>\n\n\n\n<h2 class=\"wp-block-heading\"><div class=\"linha-header\">Gest\u00e3o Participativa<\/div><\/h2>\n\n\n\n<p>Voc\u00ea possui v\u00ednculo com o PPGEM e deseja contribuir para o aperfei\u00e7oamento de nossos processos? Envie sua contribui\u00e7\u00e3o atrav\u00e9s dos formul\u00e1rios abaixo:<\/p>\n\n\n\n<ul class=\"wp-block-list\">\n<li><a href=\"https:\/\/forms.gle\/6Bh3stjdKgZwYYWj6\">Eixo 1 &#8211; Propostas Regulat\u00f3rias<\/a>: para sugest\u00f5es sobre minutas, instru\u00e7\u00f5es normativas, procedimentos operacionais e mat\u00e9rias afins.<\/li>\n\n\n\n<li><a href=\"https:\/\/forms.gle\/G5ZT8sBiRneUgPU59\" target=\"_blank\" rel=\"noreferrer noopener\">Eixo 2 &#8211; Demandas Estudantis<\/a>: para sugest\u00f5es, coment\u00e1rios e demandas gerais de discentes.<\/li>\n<\/ul>\n","protected":false},"excerpt":{"rendered":"<p>A estrutura administrativa do PPGEM \u00e9 composta pelos seguintes \u00f3rg\u00e3os: Colegiado O Colegiado do PPGEM [&hellip;]<\/p>\n","protected":false},"author":90,"featured_media":0,"parent":0,"menu_order":2,"comment_status":"closed","ping_status":"closed","template":"","meta":{"footnotes":""},"class_list":["post-54","page","type-page","status-publish","hentry"],"_links":{"self":[{"href":"https:\/\/www.ct.ufpb.br\/ppgem\/wp-json\/wp\/v2\/pages\/54","targetHints":{"allow":["GET"]}}],"collection":[{"href":"https:\/\/www.ct.ufpb.br\/ppgem\/wp-json\/wp\/v2\/pages"}],"about":[{"href":"https:\/\/www.ct.ufpb.br\/ppgem\/wp-json\/wp\/v2\/types\/page"}],"author":[{"embeddable":true,"href":"https:\/\/www.ct.ufpb.br\/ppgem\/wp-json\/wp\/v2\/users\/90"}],"replies":[{"embeddable":true,"href":"https:\/\/www.ct.ufpb.br\/ppgem\/wp-json\/wp\/v2\/comments?post=54"}],"version-history":[{"count":9,"href":"https:\/\/www.ct.ufpb.br\/ppgem\/wp-json\/wp\/v2\/pages\/54\/revisions"}],"predecessor-version":[{"id":650,"href":"https:\/\/www.ct.ufpb.br\/ppgem\/wp-json\/wp\/v2\/pages\/54\/revisions\/650"}],"wp:attachment":[{"href":"https:\/\/www.ct.ufpb.br\/ppgem\/wp-json\/wp\/v2\/media?parent=54"}],"curies":[{"name":"wp","href":"https:\/\/api.w.org\/{rel}","templated":true}]}}