{"id":52,"date":"2024-03-02T01:16:56","date_gmt":"2024-03-02T01:16:56","guid":{"rendered":"https:\/\/www.ct.ufpb.br\/ppgem2\/?page_id=52"},"modified":"2026-01-09T09:57:17","modified_gmt":"2026-01-09T12:57:17","slug":"historia","status":"publish","type":"page","link":"https:\/\/www.ct.ufpb.br\/ppgem\/historia\/","title":{"rendered":"Hist\u00f3ria"},"content":{"rendered":"\n<p>As ra\u00edzes hist\u00f3ricas do Programa de P\u00f3s-Gradua\u00e7\u00e3o em Engenharia Mec\u00e2nica (PPGEM) remontam ao ano de 1975, \u00e9poca em que nasciam os primeiros Centros de Ensino da Universidade Federal da Para\u00edba (UFPB) ap\u00f3s sua federaliza\u00e7\u00e3o em 1960. Inicialmente denominado Curso de P\u00f3s-Gradua\u00e7\u00e3o em Engenharia Mec\u00e2nica (CPGEM) e pioneiro no Centro de Tecnologia, concedia forma\u00e7\u00e3o apenas em n\u00edvel de mestrado, com foco exclusivo em energia t\u00e9rmica, haja vista a expertise dos docentes do ent\u00e3o Departamento de Tecnologia Mec\u00e2nica, hoje Departamento de Engenharia Mec\u00e2nica.<\/p>\n\n\n\n<p>O credenciamento do CPGEM para o ensino em n\u00edvel de mestrado ocorreu em 1980, quando existia apenas uma \u00e1rea de pesquisa: Energia T\u00e9rmica. Em meados de 1992, o Conselho Universit\u00e1rio (CONSUNI) da UFPB autorizou o CPGEM a criar a \u00e1rea de Materiais para somar-se \u00e0 \u00e1rea anteriormente criada. Subsistindo por duas \u00e1reas de concentra\u00e7\u00e3o, o CPGEM teve seu nome alterado para <em>Programa de P\u00f3s-Gradua\u00e7\u00e3o Stricto Sensu em Engenharia Mec\u00e2nica<\/em> a partir de uma resolu\u00e7\u00e3o tamb\u00e9m do CONSUNI.<\/p>\n\n\n\n<p>Em 1998, o PPGEM j\u00e1 havia passado por amadurecimento suficiente, para que sua estrutura comportasse a nova \u00e1rea de pesquisa em automa\u00e7\u00e3o e ofertasse tamb\u00e9m cursos de doutorado. Contudo, a seguinte configura\u00e7\u00e3o de cursos prevaleceu: mestrado, para as ent\u00e3o \u00e1reas existentes de Termofluidos, Materiais e Automa\u00e7\u00e3o; doutorado, apenas para as \u00e1reas de Termofluidos e Automa\u00e7\u00e3o. No ano 2000, a \u00e1rea de concentra\u00e7\u00e3o de Materiais recebeu sua autoriza\u00e7\u00e3o para operacionalizar cursos de doutorado.<\/p>\n\n\n\n<p>Em 2011, a \u00e1rea de concentra\u00e7\u00e3o em Materiais foi substitu\u00edda por Processos de Fabrica\u00e7\u00e3o e de Automa\u00e7\u00e3o passou a ser identificada por Din\u00e2mica e Controle de Sistemas Mec\u00e2nicos. Por fim, para alinhar-se \u00e0s atualiza\u00e7\u00f5es acad\u00eamico-administrativas da p\u00f3s-gradua\u00e7\u00e3o na universidade, o PPGEM adquiriu novas roupagens em 2015 e em 2019. Dali em diante, o PPGEM manteve a sua estrutura curricular e ruma aos 50 anos de exist\u00eancia em julho de 2025.<\/p>\n\n\n\n<figure class=\"wp-block-image size-large is-resized\"><img loading=\"lazy\" decoding=\"async\" width=\"1024\" height=\"597\" src=\"http:\/\/www.ct.ufpb.br\/ppgem2\/wp-content\/uploads\/sites\/107\/sites\/147\/2024\/03\/ufpb-1969-1973-1024x597.jpg\" alt=\"\" class=\"wp-image-63\" style=\"width:837px;height:auto\" srcset=\"https:\/\/www.ct.ufpb.br\/ppgem\/wp-content\/uploads\/sites\/107\/sites\/147\/2024\/03\/ufpb-1969-1973-1024x597.jpg 1024w, https:\/\/www.ct.ufpb.br\/ppgem\/wp-content\/uploads\/sites\/107\/sites\/147\/2024\/03\/ufpb-1969-1973-300x175.jpg 300w, https:\/\/www.ct.ufpb.br\/ppgem\/wp-content\/uploads\/sites\/107\/sites\/147\/2024\/03\/ufpb-1969-1973-768x448.jpg 768w, https:\/\/www.ct.ufpb.br\/ppgem\/wp-content\/uploads\/sites\/107\/sites\/147\/2024\/03\/ufpb-1969-1973.jpg 1137w\" sizes=\"auto, (max-width: 1024px) 100vw, 1024px\" \/><figcaption class=\"wp-element-caption\">Fotografia a\u00e9rea do Campus I da UFPB (entre 1969 e 1973). O Centro de Tecnologia e o PPGEM atualmente est\u00e3o localizados na \u00e1rea da Cidade Universit\u00e1ria correspondente ao antigo setor de tecnologia\/Escola de Engenharia (parte inferior \u00e0 direita). Fonte: Beltramini et al., 2022.<\/figcaption><\/figure>\n\n\n\n<figure class=\"wp-block-image size-full\"><img loading=\"lazy\" decoding=\"async\" width=\"848\" height=\"435\" src=\"http:\/\/www.ct.ufpb.br\/ppgem2\/wp-content\/uploads\/sites\/107\/sites\/147\/2024\/03\/escola-engenharia-1969.png\" alt=\"\" class=\"wp-image-64\" srcset=\"https:\/\/www.ct.ufpb.br\/ppgem\/wp-content\/uploads\/sites\/107\/sites\/147\/2024\/03\/escola-engenharia-1969.png 848w, https:\/\/www.ct.ufpb.br\/ppgem\/wp-content\/uploads\/sites\/107\/sites\/147\/2024\/03\/escola-engenharia-1969-300x154.png 300w, https:\/\/www.ct.ufpb.br\/ppgem\/wp-content\/uploads\/sites\/107\/sites\/147\/2024\/03\/escola-engenharia-1969-768x394.png 768w\" sizes=\"auto, (max-width: 848px) 100vw, 848px\" \/><figcaption class=\"wp-element-caption\">Escola de Engenharia em 1969. Fonte: Pereira, 2008, <em>apud.<\/em> Stuckert.<\/figcaption><\/figure>\n\n\n\n<h2 class=\"wp-block-heading\"><div class=\"linha-header\">Marcos e documentos relevantes<\/div><\/h2>\n\n\n\n<p>Os documentos a seguir, cronologicamente organizados, retratam os principais marcos da hist\u00f3ria do PPGEM, desde a sua cria\u00e7\u00e3o em 8 de julho de 1975.<\/p>\n\n\n\n<ul class=\"wp-block-list\">\n<li>Resolu\u00e7\u00e3o CONSUNI 28\/1975: cria\u00e7\u00e3o do CPGEM.<\/li>\n\n\n\n<li>Resolu\u00e7\u00e3o CONSEPE 25\/1975: estabelecimento da estrutura curricular do CPGEM em n\u00edvel de mestrado.<\/li>\n\n\n\n<li>Parecer CFE* 160\/1980: credenciamento do CPGEM para ensino em n\u00edvel de mestrado, com foco na \u00e1rea de concentra\u00e7\u00e3o em Energia T\u00e9rmica. <\/li>\n\n\n\n<li>Resolu\u00e7\u00e3o CONSUNI 45\/1980: cria\u00e7\u00e3o do CPGEM.<\/li>\n\n\n\n<li>Resolu\u00e7\u00e3o CONSEPE 80\/1981: aprova\u00e7\u00e3o de novo elenco de disciplinas eletivas.<\/li>\n\n\n\n<li>Resolu\u00e7\u00e3o CONSEPE 51\/1992: reformula\u00e7\u00e3o da estrutura curricular do CPGEM.<\/li>\n\n\n\n<li>Resolu\u00e7\u00e3o CONSEPE 52\/1992: aprova\u00e7\u00e3o do Regulamento do CPGEM em n\u00edvel de mestrado nas \u00e1reas de Energia T\u00e9rmica e Materiais.<\/li>\n\n\n\n<li>Resolu\u00e7\u00e3o CONSUNI 54\/1992: autoriza\u00e7\u00e3o para cria\u00e7\u00e3o da \u00e1rea de concentra\u00e7\u00e3o em Materiais.<\/li>\n\n\n\n<li>Resolu\u00e7\u00e3o CONSUNI 03\/1995: autoriza\u00e7\u00e3o para cria\u00e7\u00e3o do curso de Doutorado e estrutura\u00e7\u00e3o das tr\u00eas \u00e1reas de concentra\u00e7\u00e3o: Energia T\u00e9rmica, Materiais e Automa\u00e7\u00e3o.<\/li>\n\n\n\n<li>Resolu\u00e7\u00e3o CONSEPE 18\/1995: aprova\u00e7\u00e3o do Regulamento do CPGEM em n\u00edvel de mestrado e doutorado nas tr\u00eas \u00e1reas de concentra\u00e7\u00e3o existentes.<\/li>\n\n\n\n<li>Resolu\u00e7\u00e3o CONSEPE 41\/2005: altera\u00e7\u00e3o da nomenclatura CPGEM para PPGEM.<\/li>\n\n\n\n<li>Portaria MEC 524\/2008 c\/ Parecer CNE\/CES 33\/2008: validade nacional de t\u00edtulos de mestrado e doutorado conferidos por cursos de p\u00f3s-gradua\u00e7\u00e3o <em>stricto sensu<\/em>.<\/li>\n\n\n\n<li>Resolu\u00e7\u00e3o CONSEPE 84\/2011: extingue a \u00e1rea de concentra\u00e7\u00e3o em Materiais e cria a \u00e1rea de concentra\u00e7\u00e3o em Processos de Fabrica\u00e7\u00e3o.<\/li>\n\n\n\n<li>Resolu\u00e7\u00e3o CONSEPE 66\/2015: nova reda\u00e7\u00e3o ao Regulamento e \u00e0 estrutura acad\u00eamica do PPGEM.<\/li>\n\n\n\n<li>Resolu\u00e7\u00e3o CONSEPE 13\/2019: nova reda\u00e7\u00e3o ao Regulamento e \u00e0 estrutura acad\u00eamica do PPGEM <strong>(vigente)<\/strong>.<\/li>\n<\/ul>\n\n\n\n<p>*Conselho Federal de Educa\u00e7\u00e3o.<\/p>\n\n\n\n<p>Detalhes acerca da evolu\u00e7\u00e3o do PPGEM podem ser encontrados no documento <em><a href=\"https:\/\/sig-arq.ufpb.br\/arquivos\/202423724529df713643600742154073b\/comentarios-ppgem-1996.pdf\" target=\"_blank\" rel=\"noreferrer noopener\">&#8220;Coment\u00e1rios Sobre as Modifica\u00e7\u00f5es Ocorridas no Curso de P\u00f3s-Gradua\u00e7\u00e3o em Engenharia Mec\u00e2nica do Centro de Tecnologia desde a sua Cria\u00e7\u00e3o Autorizadas por Resolu\u00e7\u00f5es Superiores e Pareceres&#8221;<\/a><\/em>, de autoria do Prof. Severino Rodrigues de Ara\u00fajo e publicado em 8 de maio de 1996.<\/p>\n\n\n\n<h2 class=\"wp-block-heading\"><div class=\"linha-header\">Cr\u00e9ditos de imagens<\/div><\/h2>\n\n\n\n<ul class=\"wp-block-list\">\n<li>Beltramini, L. P. B. C. L. et al. &#8220;Da Biblioteca de Borsoi \u00e0 Reitoria da UFPB&#8221;, Revista Principia &#8211; IFPB, 2022. Dispon\u00edvel em <a href=\"http:\/\/dx.doi.org\/10.18265\/1517-0306a2021id4950\" target=\"_blank\" rel=\"noreferrer noopener\">http:\/\/dx.doi.org\/10.18265\/1517-0306a2021id4950<\/a>. Acesso em 02\/03\/2024.<\/li>\n\n\n\n<li>Pereira, F. T. B. Difus\u00e3o da arquitetura moderna na cidade de Jo\u00e3o Pessoa (1956 &#8211; 1974). Disserta\u00e7\u00e3o. EESC\/USP, S\u00e3o Carlos, 2008, p. 125. Dispon\u00edvel em: <a href=\"https:\/\/www.teses.usp.br\/teses\/disponiveis\/18\/18142\/tde-21072008-142851\/publico\/Mestrado_PEREIRA_FTB_Parte1.pdf\" target=\"_blank\" rel=\"noreferrer noopener\">https:\/\/www.teses.usp.br\/teses\/disponiveis\/18\/18142\/tde-21072008-142851\/publico\/Mestrado_PEREIRA_FTB_Parte1.pdf<\/a>. Acesso em 02\/03\/2024. <\/li>\n<\/ul>\n","protected":false},"excerpt":{"rendered":"<p>As ra\u00edzes hist\u00f3ricas do Programa de P\u00f3s-Gradua\u00e7\u00e3o em Engenharia Mec\u00e2nica (PPGEM) remontam ao ano de [&hellip;]<\/p>\n","protected":false},"author":90,"featured_media":0,"parent":0,"menu_order":1,"comment_status":"closed","ping_status":"closed","template":"","meta":{"footnotes":""},"class_list":["post-52","page","type-page","status-publish","hentry"],"_links":{"self":[{"href":"https:\/\/www.ct.ufpb.br\/ppgem\/wp-json\/wp\/v2\/pages\/52","targetHints":{"allow":["GET"]}}],"collection":[{"href":"https:\/\/www.ct.ufpb.br\/ppgem\/wp-json\/wp\/v2\/pages"}],"about":[{"href":"https:\/\/www.ct.ufpb.br\/ppgem\/wp-json\/wp\/v2\/types\/page"}],"author":[{"embeddable":true,"href":"https:\/\/www.ct.ufpb.br\/ppgem\/wp-json\/wp\/v2\/users\/90"}],"replies":[{"embeddable":true,"href":"https:\/\/www.ct.ufpb.br\/ppgem\/wp-json\/wp\/v2\/comments?post=52"}],"version-history":[{"count":7,"href":"https:\/\/www.ct.ufpb.br\/ppgem\/wp-json\/wp\/v2\/pages\/52\/revisions"}],"predecessor-version":[{"id":563,"href":"https:\/\/www.ct.ufpb.br\/ppgem\/wp-json\/wp\/v2\/pages\/52\/revisions\/563"}],"wp:attachment":[{"href":"https:\/\/www.ct.ufpb.br\/ppgem\/wp-json\/wp\/v2\/media?parent=52"}],"curies":[{"name":"wp","href":"https:\/\/api.w.org\/{rel}","templated":true}]}}