{"id":49,"date":"2024-03-02T01:12:03","date_gmt":"2024-03-02T01:12:03","guid":{"rendered":"https:\/\/www.ct.ufpb.br\/ppgem2\/?page_id=49"},"modified":"2026-01-09T09:57:13","modified_gmt":"2026-01-09T12:57:13","slug":"apresentacao","status":"publish","type":"page","link":"https:\/\/www.ct.ufpb.br\/ppgem\/apresentacao\/","title":{"rendered":"Apresenta\u00e7\u00e3o"},"content":{"rendered":"\n<p>Parte integrante do Sistema Nacional de P\u00f3s-Gradua\u00e7\u00e3o (SNPG), o Programa de P\u00f3s-Gradua\u00e7\u00e3o em Engenharia Mec\u00e2nica (PPGEM), vinculado ao <a href=\"http:\/\/www.ct.ufpb.br\" target=\"_blank\" rel=\"noreferrer noopener\">Centro de Tecnologia<\/a> (CT) da <a href=\"http:\/\/www.ufpb.br\" target=\"_blank\" rel=\"noreferrer noopener\">Universidade Federal da Para\u00edba<\/a> (UFPB), viabiliza a educa\u00e7\u00e3o <em>stricto sensu<\/em>, a pesquisa cient\u00edfica e o avan\u00e7o do conhecimento em ci\u00eancias mec\u00e2nicas, sendo a refer\u00eancia institucional neste nicho do conhecimento. Oferecendo cursos em n\u00edvel de mestrado e doutorado acad\u00eamicos, o PPGEM tem por objetivo principal formar pessoas para assumirem posi\u00e7\u00f5es de destaque na academia, no setor p\u00fablico, ou no setor privado, em perfis diversos para educa\u00e7\u00e3o superior, pesquisa aplicada e inova\u00e7\u00e3o.<\/p>\n\n\n\n<p>Atualmente, o PPGEM est\u00e1 imbu\u00eddo de clara interdisciplinaridade entre as \u00e1reas de concentra\u00e7\u00e3o que promove no escopo da Engenharia Mec\u00e2nica. Cada \u00e1rea, com suas diferentes linhas de pesquisa, erige-se sob forte embasamento te\u00f3rico do estado-da-arte, do estado-da-t\u00e9cnica e promove avan\u00e7os multidirecionais na fronteira do conhecimento. <\/p>\n\n\n\n<p>Contando com um corpo docente formado por m\u00faltiplas especialidades de doutorado em engenharia e qualifica\u00e7\u00e3o em nichos transversais, o PPGEM \u00e9, indubitavelmente, um dos programas mais influentes da regi\u00e3o Nordeste e destacado no pa\u00eds e no mundo em diversas mat\u00e9rias. Nos \u00faltimos anos, o PPGEM vem Impulsionando a sua capacidade produtiva de alto impacto, a qual pode ser constatada pelo crescente n\u00famero de dep\u00f3sitos e concess\u00f5es de patentes, bem como de publica\u00e7\u00f5es em peri\u00f3dicos de alto impacto com reputa\u00e7\u00e3o internacional. Preocupado com a coopera\u00e7\u00e3o cient\u00edfica, hoje o Programa \u00e9 parceiro de universidades espalhadas em quase todas as regi\u00f5es do Brasil e continentes do mundo.<\/p>\n\n\n\n<p><\/p>\n","protected":false},"excerpt":{"rendered":"<p>Parte integrante do Sistema Nacional de P\u00f3s-Gradua\u00e7\u00e3o (SNPG), o Programa de P\u00f3s-Gradua\u00e7\u00e3o em Engenharia Mec\u00e2nica [&hellip;]<\/p>\n","protected":false},"author":90,"featured_media":0,"parent":0,"menu_order":0,"comment_status":"closed","ping_status":"closed","template":"","meta":{"footnotes":""},"class_list":["post-49","page","type-page","status-publish","hentry"],"_links":{"self":[{"href":"https:\/\/www.ct.ufpb.br\/ppgem\/wp-json\/wp\/v2\/pages\/49","targetHints":{"allow":["GET"]}}],"collection":[{"href":"https:\/\/www.ct.ufpb.br\/ppgem\/wp-json\/wp\/v2\/pages"}],"about":[{"href":"https:\/\/www.ct.ufpb.br\/ppgem\/wp-json\/wp\/v2\/types\/page"}],"author":[{"embeddable":true,"href":"https:\/\/www.ct.ufpb.br\/ppgem\/wp-json\/wp\/v2\/users\/90"}],"replies":[{"embeddable":true,"href":"https:\/\/www.ct.ufpb.br\/ppgem\/wp-json\/wp\/v2\/comments?post=49"}],"version-history":[{"count":5,"href":"https:\/\/www.ct.ufpb.br\/ppgem\/wp-json\/wp\/v2\/pages\/49\/revisions"}],"predecessor-version":[{"id":272,"href":"https:\/\/www.ct.ufpb.br\/ppgem\/wp-json\/wp\/v2\/pages\/49\/revisions\/272"}],"wp:attachment":[{"href":"https:\/\/www.ct.ufpb.br\/ppgem\/wp-json\/wp\/v2\/media?parent=49"}],"curies":[{"name":"wp","href":"https:\/\/api.w.org\/{rel}","templated":true}]}}