{"id":227,"date":"2024-05-23T13:26:52","date_gmt":"2024-05-23T13:26:52","guid":{"rendered":"https:\/\/www.ct.ufpb.br\/ppgem2\/?page_id=227"},"modified":"2025-02-06T17:41:56","modified_gmt":"2025-02-06T20:41:56","slug":"contato","status":"publish","type":"page","link":"https:\/\/www.ct.ufpb.br\/ppgem\/contato\/","title":{"rendered":"Contato"},"content":{"rendered":"\n<p>Utilize os canais de comunica\u00e7\u00e3o abaixo para falar com o nosso Programa. <strong>Siga as orienta\u00e7\u00f5es a fim de agilizar o seu atendimento.<\/strong><\/p>\n\n\n\n<h2 class=\"wp-block-heading\"><div class=\"linha-header\">Orienta\u00e7\u00f5es para atendimento<\/div><\/h2>\n\n\n\n<p>Siga este protocolo:<\/p>\n\n\n\n<ol class=\"wp-block-list\">\n<li>Identifique o seu perfil.<\/li>\n\n\n\n<li>Tipifique a sua solicita\u00e7\u00e3o.<\/li>\n\n\n\n<li>Fale com o canal adequado \u00e0 sua demanda.<\/li>\n<\/ol>\n\n\n\n<h3 class=\"wp-block-heading\">1. Perfis de contato<\/h3>\n\n\n\n<ul class=\"wp-block-list\">\n<li><strong>Discente (D):<\/strong> estudante regular ou especial que mant\u00e9m v\u00ednculo com o Programa.<\/li>\n\n\n\n<li><strong>Docente (O):<\/strong> docente ou pesquisador da UFPB com v\u00ednculo ou n\u00e3o ao Programa.<\/li>\n\n\n\n<li><strong>Gestor (G):<\/strong> membro da comunidade acad\u00eamica da UFPB ou do SNPG que exerce fun\u00e7\u00f5es de gest\u00e3o.<\/li>\n\n\n\n<li><strong>Externo (E):<\/strong> qualquer outra descri\u00e7\u00e3o diferente das anteriores.<\/li>\n<\/ul>\n\n\n\n<h3 class=\"wp-block-heading\">2. Tipos de solicita\u00e7\u00f5es<\/h3>\n\n\n\n<ul class=\"wp-block-list\">\n<li><strong>Servi\u00e7o acad\u00eamico<\/strong>: solicita\u00e7\u00f5es relativas a procedimentos de rotina que exijam ou n\u00e3o cadastramento de processos administrativos. Exemplos: matr\u00edculas em disciplinas, trancamentos, pedidos de exames de qualifica\u00e7\u00e3o, pedidos de prorroga\u00e7\u00f5es, cartas de anu\u00eancia para projetos, divulga\u00e7\u00e3o cient\u00edfica no portal etc.<\/li>\n\n\n\n<li><strong>Informa\u00e7\u00e3o gerencial:<\/strong> solicita\u00e7\u00f5es relativas \u00e0s atribui\u00e7\u00f5es executivas da Coordena\u00e7\u00e3o. Exemplos:  planejamento estrat\u00e9gico, programas institucionais, colabora\u00e7\u00f5es, gest\u00e3o de pessoas, Plataforma Sucupira etc.<\/li>\n\n\n\n<li><strong>Gen\u00e9rica:<\/strong> d\u00favidas, sugest\u00f5es e informa\u00e7\u00f5es gerais sobre as atividades do Programa. Exemplos: editais de ingresso, convites, imprensa, coopera\u00e7\u00f5es institucionais.<\/li>\n<\/ul>\n\n\n\n<p><strong>Nota:<\/strong> n\u00e3o se aplicam ao perfil <strong>E<\/strong> as tipifica\u00e7\u00f5es <strong>servi\u00e7o acad\u00eamico<\/strong> e <strong>informa\u00e7\u00e3o gerencial<\/strong>.<\/p>\n\n\n\n<h3 class=\"wp-block-heading\">3. Adequa\u00e7\u00e3o ao canal de atendimento<\/h3>\n\n\n\n<ul class=\"wp-block-list\">\n<li>Perfis <strong>D <\/strong>e <strong>O<\/strong>: fale com o <strong>e-mail alternativo<\/strong> ou <strong>telefone<\/strong>.<\/li>\n\n\n\n<li>Perfil <strong>G<\/strong>: fale com o <strong>e-mail institucional<\/strong> ou <strong>telefone<\/strong>.<\/li>\n\n\n\n<li>Perfil <strong>E<\/strong>: fale com o <strong>telefone<\/strong> ou <strong>e-mail institucional<\/strong>.<\/li>\n<\/ul>\n\n\n\n<p><strong>Nota:<\/strong> escolha os canais de atendimento na ordem sugerida acima. Se necess\u00e1rio, busque atendimento presencial dirigindo-se ao nosso <strong>endere\u00e7o<\/strong>, onde est\u00e1 localizada a Secretaria do Programa. Ao acessar o sagu\u00e3o do Bloco F (espa\u00e7o com mesas entre portas de vidro), siga pelo corredor da Central de Aulas (DEP). A secretaria est\u00e1 logo \u00e0 frente, no fim deste corredor.<\/p>\n\n\n\n<h2 class=\"wp-block-heading\"><div class=\"linha-header\">Canais de atendimento<\/div><\/h2>\n\n\n\n<ul class=\"wp-block-list\">\n<li><strong>Endere\u00e7o:<\/strong> Centro de Tecnologia, Bloco F, Cidade Universit\u00e1ria, Jo\u00e3o Pessoa, Para\u00edba, 58059-900&nbsp;<\/li>\n\n\n\n<li><strong>E-mail institucional:<\/strong> ppgem@ct.ufpb.br<\/li>\n\n\n\n<li><strong>E-mail alternativo:<\/strong> ppgem.ufpb@gmail.com<\/li>\n\n\n\n<li><strong>Telefone:<\/strong> (83) 3216 7186<\/li>\n<\/ul>\n","protected":false},"excerpt":{"rendered":"<p>Utilize os canais de comunica\u00e7\u00e3o abaixo para falar com o nosso Programa. Siga as orienta\u00e7\u00f5es [&hellip;]<\/p>\n","protected":false},"author":47,"featured_media":0,"parent":0,"menu_order":0,"comment_status":"closed","ping_status":"closed","template":"","meta":{"footnotes":""},"class_list":["post-227","page","type-page","status-publish","hentry"],"_links":{"self":[{"href":"https:\/\/www.ct.ufpb.br\/ppgem\/wp-json\/wp\/v2\/pages\/227","targetHints":{"allow":["GET"]}}],"collection":[{"href":"https:\/\/www.ct.ufpb.br\/ppgem\/wp-json\/wp\/v2\/pages"}],"about":[{"href":"https:\/\/www.ct.ufpb.br\/ppgem\/wp-json\/wp\/v2\/types\/page"}],"author":[{"embeddable":true,"href":"https:\/\/www.ct.ufpb.br\/ppgem\/wp-json\/wp\/v2\/users\/47"}],"replies":[{"embeddable":true,"href":"https:\/\/www.ct.ufpb.br\/ppgem\/wp-json\/wp\/v2\/comments?post=227"}],"version-history":[{"count":5,"href":"https:\/\/www.ct.ufpb.br\/ppgem\/wp-json\/wp\/v2\/pages\/227\/revisions"}],"predecessor-version":[{"id":603,"href":"https:\/\/www.ct.ufpb.br\/ppgem\/wp-json\/wp\/v2\/pages\/227\/revisions\/603"}],"wp:attachment":[{"href":"https:\/\/www.ct.ufpb.br\/ppgem\/wp-json\/wp\/v2\/media?parent=227"}],"curies":[{"name":"wp","href":"https:\/\/api.w.org\/{rel}","templated":true}]}}