{"id":204,"date":"2024-05-22T00:55:01","date_gmt":"2024-05-22T00:55:01","guid":{"rendered":"https:\/\/www.ct.ufpb.br\/ppgem2\/?page_id=204"},"modified":"2026-01-09T09:58:27","modified_gmt":"2026-01-09T12:58:27","slug":"impacto-social","status":"publish","type":"page","link":"https:\/\/www.ct.ufpb.br\/ppgem\/impacto-social\/","title":{"rendered":"Impacto Social"},"content":{"rendered":"\n<p>Fique por dentro do que o PPGEM realiza em benef\u00edcio da sociedade brasileira, principalmente para quem est\u00e1 em seu entorno.<\/p>\n\n\n\n<p><\/p>\n\n\n\n<h2 class=\"wp-block-heading\"><div class=\"linha-header\">Patentes<\/div><\/h2>\n\n\n\n<p><strong><em>Otimiza\u00e7\u00e3o do processamento de cinzas do baga\u00e7o da cana-de-a\u00e7\u00facar para aplica\u00e7\u00e3o como material solar seletivo<\/em><\/strong><\/p>\n\n\n\n<p><strong>Impacto<\/strong>: traz como impactos econ\u00f4micos e sociais na sociedade o potencial uso da cinza do baga\u00e7o de cana-de-a\u00e7\u00facar como uma alternativa vi\u00e1vel para o desenvolvimento das tecnologias e metodologias de aplica\u00e7\u00e3o de materiais voltados as fontes renov\u00e1veis.<\/p>\n\n\n\n<p><\/p>\n\n\n\n<p><strong><em>Heteroestrutura de liga com mem\u00f3ria de forma e piezoel\u00e9trico para determina\u00e7\u00e3o das temperaturas de transforma\u00e7\u00e3o de fases do material com mem\u00f3ria de forma por varia\u00e7\u00e3o de imped\u00e2ncia eletromec\u00e2nica<\/em><\/strong><\/p>\n\n\n\n<p><strong>Impacto:<\/strong> trata-se de equipamento que usa imped\u00e2ncia eletromec\u00e2nica para determina\u00e7\u00e3o de transforma\u00e7\u00f5es de fases de ligas com material com mem\u00f3ria de forma. A t\u00e9cnica \u00e9 capaz de determinar temperaturas de atuadores vinculados a pr\u00f3teses de tornozelo\/p\u00e9, possibilitando implementar estrat\u00e9gia de controle de movimentos e torn\u00e1-los o mais pr\u00f3ximo poss\u00edvel do caminhar humano.<\/p>\n\n\n\n<p><\/p>\n\n\n\n<p><strong><em>Sistema telem\u00e9trico de monitoramento e automa\u00e7\u00e3o de redes ferrovi\u00e1rias<\/em><\/strong><\/p>\n\n\n\n<p><strong>Impacto:<\/strong> projeto vencedor do Pr\u00eamio Alstom de Tecnologia em 2009, voltado \u00e0 estimativa em tempo real do n\u00famero de passageiros em terminais do metr\u00f4 da cidade de Recife.<\/p>\n\n\n\n<p><\/p>\n\n\n\n<h2 class=\"wp-block-heading\"><div class=\"linha-header\">Programas de Computador<\/div><\/h2>\n\n\n\n<p><em><strong>LENHSNET<\/strong><\/em><\/p>\n\n\n\n<p><strong>Impacto:<\/strong> programa de dimensionamento econ\u00f4mico de redes de abastecimento de \u00e1gua e esta\u00e7\u00f5es de bombeamento utilizado por companhias de abastecimento de \u00e1gua do Brasil e do exterior.<\/p>\n\n\n\n<p><\/p>\n\n\n\n<p><strong><em>SOFIA 2.0 <\/em><\/strong>e<strong><em> IANA<\/em><\/strong><\/p>\n\n\n\n<p>Impacto: softwares oriundos de projeto de desenvolvimento tecnol\u00f3gico para monitoramento em tempo real de trens urbanos, fornecendo informa\u00e7\u00f5es sobre a velocidade de tr\u00e1fego e n\u00famero de passageiros nos trens, possibilitando planejamento de tr\u00e1fego eficiente e estudos de efici\u00eancia energ\u00e9tica. O sistema encontra-se atualmente instalado em todos os trens ativos do metr\u00f4 da cidade de Recife, fornecendo informa\u00e7\u00f5es em tempo real para a central de supervis\u00e3o.<\/p>\n\n\n\n<p><\/p>\n\n\n\n<h2 class=\"wp-block-heading\"><div class=\"linha-header\">Prot\u00f3tipos<\/div><\/h2>\n\n\n\n<h3 class=\"wp-block-heading\"><em>Filtros de ar para combate \u00e0 pandemia COVID-19<\/em><\/h3>\n\n\n\n<p><strong>Impacto:<\/strong> filtros inativadores do coronav\u00edrus com efici\u00eancia de 99,9% de reten\u00e7\u00e3o empregados durante a pandemia da COVID-19 no Brasil.<\/p>\n\n\n\n<p><strong>Repercuss\u00f5es: <\/strong><\/p>\n\n\n\n<ul class=\"wp-block-list\">\n<li><a href=\"https:\/\/portalcorreio.com.br\/pesquisadores-da-ufpb-criam-filtros-de-ar-que-inativam-virus-da-covid-19\/\">https:\/\/portalcorreio.com.br\/pesquisadores-da-ufpb-criam-filtros-de-ar-que-inativam-virus-da-covid-19\/<\/a><\/li>\n\n\n\n<li><a href=\"https:\/\/www.youtube.com\/watch?v=jUlBdcigaMw\">https:\/\/www.youtube.com\/watch?v=jUlBdcigaMw<\/a><\/li>\n\n\n\n<li><a href=\"http:\/\/www2.ebserh.gov.br\/documents\/220250\/5786231\/Informativo++Covid-19+-+N%25C3%25BAmero+23.pdf\/8d372331-790a-460b-82b4-de4ed6297566\">http:\/\/www2.ebserh.gov.br\/documents\/220250\/5786231\/Informativo++Covid-19+-+N%C3%BAmero+23.pdf\/8d372331-790a-460b-82b4-de4ed6297566<\/a><\/li>\n\n\n\n<li><a href=\"https:\/\/www.ufpb.br\/ufpb\/contents\/noticias\/pesquisadores-da-ufpb-criam-filtros-de-ar-que-inativam-virus-da-covid-19\">https:\/\/www.ufpb.br\/ufpb\/contents\/noticias\/pesquisadores-da-ufpb-criam-filtros-de-ar-que-inativam-virus-da-covid-19<\/a><\/li>\n\n\n\n<li><a href=\"https:\/\/wscom.com.br\/pesquisadores-da-ufpb-criam-filtros-de-ar-que-inativam-virus-da-covid-19\/\">https:\/\/wscom.com.br\/pesquisadores-da-ufpb-criam-filtros-de-ar-que-inativam-virus-da-covid-19\/<\/a><\/li>\n\n\n\n<li><a href=\"https:\/\/www.termometrodapolitica.com.br\/2021\/03\/22\/pesquisadores-da-ufpb-desenvolvem-filtros-capazes-de-inativar-o-novo-coronavirus\/\">https:\/\/www.termometrodapolitica.com.br\/2021\/03\/22\/pesquisadores-da-ufpb-desenvolvem-filtros-capazes-de-inativar-o-novo-coronavirus\/<\/a><\/li>\n\n\n\n<li><a href=\"https:\/\/www.portalt5.com.br\/noticias\/single\/nid\/na-paraiba-pesquisadores-criam-filtros-de-ar-que-inativam-virus-da-covid-19\/\">https:\/\/www.portalt5.com.br\/noticias\/single\/nid\/na-paraiba-pesquisadores-criam-filtros-de-ar-que-inativam-virus-da-covid-19\/<\/a><\/li>\n<\/ul>\n\n\n\n<p><\/p>\n\n\n\n<h3 class=\"wp-block-heading\"><em><strong><em>Dispositivo de ventila\u00e7\u00e3o invasiva de baixo custo<\/em><\/strong><\/em><\/h3>\n\n\n\n<p><strong>Impacto:<\/strong> prot\u00f3tipo de respirador de baixo custo desenvolvido em parceria com a empresa Alpargatas e baseado no modelo espanhol Oxygen. <\/p>\n\n\n\n<p><strong>Repercuss\u00f5es: <\/strong><\/p>\n\n\n\n<ul class=\"wp-block-list\">\n<li><a href=\"https:\/\/g1.globo.com\/pb\/paraiba\/edicao\/2020\/04\/17\/videos-bom-dia-paraiba-desta-sexta-feira-17-de-abril.ghtml#video-8489070-id\">https:\/\/g1.globo.com\/pb\/paraiba\/edicao\/2020\/04\/17\/videos-bom-dia-paraiba-desta-sexta-feira-17-de-abril.ghtml#video-8489070-id<\/a><\/li>\n\n\n\n<li><a href=\"https:\/\/g1.globo.com\/pb\/paraiba\/noticia\/2020\/04\/30\/respirador-portatil-de-baixo-custo-e-desenvolvido-em-parceria-por-pesquisadores-da-ufpb-e-ifpb.ghtml\">https:\/\/g1.globo.com\/pb\/paraiba\/noticia\/2020\/04\/30\/respirador-portatil-de-baixo-custo-e-desenvolvido-em-parceria-por-pesquisadores-da-ufpb-e-ifpb.ghtml<\/a><\/li>\n<\/ul>\n\n\n\n<p><\/p>\n\n\n\n<h3 class=\"wp-block-heading\"><strong><em>Ve\u00edculo el\u00e9trico de baixo custo baseado em Segway<\/em><\/strong><strong style=\"font-size: revert\">Impacto:<\/strong><span style=\"font-size: revert;font-weight: 400\">\u00a0<\/span><\/h3>\n\n\n\n<p><strong>Impacto:<\/strong> <span style=\"font-size: revert;font-weight: 400\">prot\u00f3tipo de ve\u00edculo el\u00e9trico de duas rodas de baixo custo para transportar seres humanos com plataforma estabilizada por sistema de controle por l\u00f3gica <em>fuzzy.<\/em><\/span><p style=\"font-weight: 400\"><strong>Repercuss\u00f5es:\u00a0<\/strong><\/p><\/p>\n\n\n\n<ul class=\"wp-block-list\">\n<li><a href=\"https:\/\/portalcorreio.com.br\/pesquisadores-da-ufpb-desenvolvem-veiculo-eletrico-de-baixo-custo\">https:\/\/portalcorreio.com.br\/pesquisadores-da-ufpb-desenvolvem-veiculo-eletrico-de-baixo-custo<\/a><\/li>\n<\/ul>\n","protected":false},"excerpt":{"rendered":"<p>Fique por dentro do que o PPGEM realiza em benef\u00edcio da sociedade brasileira, principalmente para [&hellip;]<\/p>\n","protected":false},"author":90,"featured_media":0,"parent":0,"menu_order":2,"comment_status":"closed","ping_status":"closed","template":"","meta":{"footnotes":""},"class_list":["post-204","page","type-page","status-publish","hentry"],"_links":{"self":[{"href":"https:\/\/www.ct.ufpb.br\/ppgem\/wp-json\/wp\/v2\/pages\/204","targetHints":{"allow":["GET"]}}],"collection":[{"href":"https:\/\/www.ct.ufpb.br\/ppgem\/wp-json\/wp\/v2\/pages"}],"about":[{"href":"https:\/\/www.ct.ufpb.br\/ppgem\/wp-json\/wp\/v2\/types\/page"}],"author":[{"embeddable":true,"href":"https:\/\/www.ct.ufpb.br\/ppgem\/wp-json\/wp\/v2\/users\/90"}],"replies":[{"embeddable":true,"href":"https:\/\/www.ct.ufpb.br\/ppgem\/wp-json\/wp\/v2\/comments?post=204"}],"version-history":[{"count":1,"href":"https:\/\/www.ct.ufpb.br\/ppgem\/wp-json\/wp\/v2\/pages\/204\/revisions"}],"predecessor-version":[{"id":205,"href":"https:\/\/www.ct.ufpb.br\/ppgem\/wp-json\/wp\/v2\/pages\/204\/revisions\/205"}],"wp:attachment":[{"href":"https:\/\/www.ct.ufpb.br\/ppgem\/wp-json\/wp\/v2\/media?parent=204"}],"curies":[{"name":"wp","href":"https:\/\/api.w.org\/{rel}","templated":true}]}}