{"id":190,"date":"2024-05-21T23:30:25","date_gmt":"2024-05-21T23:30:25","guid":{"rendered":"https:\/\/www.ct.ufpb.br\/ppgem2\/?page_id=190"},"modified":"2026-01-09T09:58:18","modified_gmt":"2026-01-09T12:58:18","slug":"internacionalizacao","status":"publish","type":"page","link":"https:\/\/www.ct.ufpb.br\/ppgem\/internacionalizacao\/","title":{"rendered":"Internacionaliza\u00e7\u00e3o"},"content":{"rendered":"\n<p>No PPGEM, a internacionaliza\u00e7\u00e3o \u00e9 tratada n\u00e3o apenas como um processo gradativo de imers\u00e3o global, mas tamb\u00e9m como um pilar necess\u00e1rio que complementa os tradicionais \u2013 ensino, pesquisa e extens\u00e3o. Al\u00e9m da comunica\u00e7\u00e3o cient\u00edfica disseminada em ve\u00edculos internacionais, mensur\u00e1vel pela publica\u00e7\u00e3o de artigos e participa\u00e7\u00e3o editorial em peri\u00f3dicos de alto impacto, o PPGEM promove a\u00e7\u00f5es nos seguintes escopos:<\/p>\n\n\n\n<ul class=\"wp-block-list\">\n<li>mobilidade acad\u00eamica, atrav\u00e9s do envio de discentes para est\u00e1gios tempor\u00e1rios no exterior e pela capacita\u00e7\u00e3o de docentes em sab\u00e1ticos, miss\u00f5es, visitas, ou per\u00edodos p\u00f3s-doutorais;<\/li>\n\n\n\n<li>eventos, pela organiza\u00e7\u00e3o e realiza\u00e7\u00e3o conjunta de semin\u00e1rios, congressos, workshops, palestras e outros encontros sediados internacionalmente ou nas depend\u00eancias da UFPB;<\/li>\n\n\n\n<li>parcerias e coopera\u00e7\u00f5es, desenvolvidas por meio de interc\u00e2mbios de informa\u00e7\u00f5es t\u00e9cnicas, coparticipa\u00e7\u00f5es em projetos de pesquisa e programas multinacionais, coorienta\u00e7\u00f5es acad\u00eamicas e atividades conjuntas e <\/li>\n\n\n\n<li>prospec\u00e7\u00e3o de acordos, executados atrav\u00e9s de iniciativas de docentes para atra\u00e7\u00e3o de recursos, talentos e programas colaborativos interinstitucionais.<\/li>\n<\/ul>\n\n\n\n<p>A\u00e7\u00f5es voltadas \u00e0 internacionaliza\u00e7\u00e3o curricular, tais como ementas e cursos estruturados em outros idiomas est\u00e3o em avalia\u00e7\u00e3o. <\/p>\n\n\n\n<h2 class=\"wp-block-heading\"><div class=\"linha-header\">Rela\u00e7\u00f5es Internacionais<\/div><\/h2>\n\n\n\n<p>Temos coopera\u00e7\u00e3o acad\u00eamica com diversas institui\u00e7\u00f5es estrangeiras atrav\u00e9s de projetos de pesquisa,  publica\u00e7\u00f5es cient\u00edficas e outras a\u00e7\u00f5es. Alguns pa\u00edses que mantiveram ou mant\u00eam relacionamento com o Programa s\u00e3o: Canad\u00e1, China, Espanha, Estados Unidos, Fran\u00e7a, It\u00e1lia, Portugal, Pa\u00edses Baixos, Noruega e Reino Unido.<\/p>\n\n\n\n<p>O PPGEM disp\u00f5e do apoio institucional da <a href=\"https:\/\/www.ufpb.br\/aci\">Ag\u00eancia UFPB de Coopera\u00e7\u00e3o Internacional<\/a> (ACI) para orienta\u00e7\u00e3o e execu\u00e7\u00e3o de a\u00e7\u00f5es que envolvem as rela\u00e7\u00f5es internacionais. Qualquer membro do PPGEM pode consultar a ACI sobre mat\u00e9rias relativas \u00e0 mobilidade acad\u00eamica e coopera\u00e7\u00e3o internacional. Neste rol, incluem-se: formaliza\u00e7\u00e3o de acordos gerais e espec\u00edficos com institui\u00e7\u00f5es internacionais, cotutelas de tese, dupla diploma\u00e7\u00e3o, editais de mobilidade, entre outras quest\u00f5es. Para uma vis\u00e3o geral das a\u00e7\u00f5es da ACI, clique <a href=\"https:\/\/linktr.ee\/aci.ufpb\" target=\"_blank\" rel=\"noreferrer noopener\">aqui<\/a>.<\/p>\n\n\n\n<h2 class=\"wp-block-heading\"><div class=\"linha-header\">Informa\u00e7\u00f5es \u00dateis<\/div><\/h2>\n\n\n\n<ul class=\"wp-block-list\">\n<li><a href=\"https:\/\/www.ufpb.br\/aci\/contents\/menu\/cooperacao\/acordos-de-cooperacao\" target=\"_blank\" rel=\"noreferrer noopener\">Mapa Interativo de Acordos Internacionais<\/a><\/li>\n\n\n\n<li><a href=\"https:\/\/drive.google.com\/file\/d\/1jE7uM_wLznHikRrM6fQtknrIFc3Uwnoy\/view\" target=\"_blank\" rel=\"noreferrer noopener\">UFPB International Brochure<\/a><\/li>\n<\/ul>\n\n\n\n<p><\/p>\n\n\n\n<p><\/p>\n","protected":false},"excerpt":{"rendered":"<p>No PPGEM, a internacionaliza\u00e7\u00e3o \u00e9 tratada n\u00e3o apenas como um processo gradativo de imers\u00e3o global, [&hellip;]<\/p>\n","protected":false},"author":90,"featured_media":0,"parent":0,"menu_order":1,"comment_status":"closed","ping_status":"closed","template":"","meta":{"footnotes":""},"class_list":["post-190","page","type-page","status-publish","hentry"],"_links":{"self":[{"href":"https:\/\/www.ct.ufpb.br\/ppgem\/wp-json\/wp\/v2\/pages\/190","targetHints":{"allow":["GET"]}}],"collection":[{"href":"https:\/\/www.ct.ufpb.br\/ppgem\/wp-json\/wp\/v2\/pages"}],"about":[{"href":"https:\/\/www.ct.ufpb.br\/ppgem\/wp-json\/wp\/v2\/types\/page"}],"author":[{"embeddable":true,"href":"https:\/\/www.ct.ufpb.br\/ppgem\/wp-json\/wp\/v2\/users\/90"}],"replies":[{"embeddable":true,"href":"https:\/\/www.ct.ufpb.br\/ppgem\/wp-json\/wp\/v2\/comments?post=190"}],"version-history":[{"count":3,"href":"https:\/\/www.ct.ufpb.br\/ppgem\/wp-json\/wp\/v2\/pages\/190\/revisions"}],"predecessor-version":[{"id":194,"href":"https:\/\/www.ct.ufpb.br\/ppgem\/wp-json\/wp\/v2\/pages\/190\/revisions\/194"}],"wp:attachment":[{"href":"https:\/\/www.ct.ufpb.br\/ppgem\/wp-json\/wp\/v2\/media?parent=190"}],"curies":[{"name":"wp","href":"https:\/\/api.w.org\/{rel}","templated":true}]}}