{"id":171,"date":"2024-05-21T18:33:31","date_gmt":"2024-05-21T18:33:31","guid":{"rendered":"https:\/\/www.ct.ufpb.br\/ppgem2\/?page_id=171"},"modified":"2026-01-09T09:58:49","modified_gmt":"2026-01-09T12:58:49","slug":"orientacao-academica","status":"publish","type":"page","link":"https:\/\/www.ct.ufpb.br\/ppgem\/orientacao-academica\/","title":{"rendered":"Orienta\u00e7\u00e3o Acad\u00eamica"},"content":{"rendered":"\n<p>A qualquer discente do PPGEM \u00e9 garantido o direito de ter algu\u00e9m respons\u00e1vel pela sua orienta\u00e7\u00e3o acad\u00eamica, que poder\u00e1 provir:<\/p>\n\n\n\n<ul class=\"wp-block-list\">\n<li>do corpo docente do PPGEM, sempre na fun\u00e7\u00e3o de orienta\u00e7\u00e3o principal;<\/li>\n\n\n\n<li>de outro Programa de P\u00f3s-Gradua\u00e7\u00e3o da UFPB ou de outra Institui\u00e7\u00e3o de Ensino Superior (IES), na fun\u00e7\u00e3o de coorienta\u00e7\u00e3o principal<\/li>\n\n\n\n<li>de outra IES sediada no exterior, na fun\u00e7\u00e3o de segunda orienta\u00e7\u00e3o em regime de cotutela de doutorado.<\/li>\n<\/ul>\n\n\n\n<p>A orienta\u00e7\u00e3o acad\u00eamica \u00e9 o elo de liga\u00e7\u00e3o entre discentes, a institui\u00e7\u00e3o e parceiros externos. Entre suas atribui\u00e7\u00f5es, est\u00e3o, principalmente:<\/p>\n\n\n\n<ul class=\"wp-block-list\">\n<li>a assist\u00eancia ao planejamento acad\u00eamico de estudo e pesquisa;<br>o acompanhamento, o diagn\u00f3stico e a avalia\u00e7\u00e3o do desempenho acad\u00eamico;<\/li>\n\n\n\n<li>a defini\u00e7\u00e3o, estrutura\u00e7\u00e3o e altera\u00e7\u00e3o dos objetos e produtos cient\u00edficos;<\/li>\n\n\n\n<li>a recomenda\u00e7\u00e3o para as defesas finais; e<\/li>\n\n\n\n<li>a atesta\u00e7\u00e3o e aprova\u00e7\u00e3o e produtos cient\u00edficos submetidos ao crivo externo.<\/li>\n<\/ul>\n\n\n\n<p>Al\u00e9m do comum interesse t\u00e9cnico-cient\u00edfico, a escolha da orienta\u00e7\u00e3o acad\u00eamica deve prezar pelo bom relacionamento m\u00fatuo entre as partes e pelas normas emanadas de regulamentos espec\u00edficos. Para pleno \u00eaxito no curso, cada discente deve refletir sobre as propostas de projeto ofertadas e pela identifica\u00e7\u00e3o natural com os perfis cient\u00edficos do Programa. Em \u00faltimo caso, ou por motivo de for\u00e7a maior, prev\u00ea-se a altera\u00e7\u00e3o de orienta\u00e7\u00e3o, seja por abdica\u00e7\u00e3o de quem orienta, ou por vontade de quem recebe a orienta\u00e7\u00e3o.<\/p>\n\n\n\n<h2 class=\"wp-block-heading\"><div class=\"linha-header\">Coorienta\u00e7\u00e3o e Segunda Orienta\u00e7\u00e3o<\/div><\/h2>\n\n\n\n<p>A qualquer discente est\u00e1 facultada a op\u00e7\u00e3o por uma coorienta\u00e7\u00e3o acad\u00eamica ou segunda orienta\u00e7\u00e3o acad\u00eamica, em caso de pesquisas que exijam interdisciplinaridade e habilidades m\u00faltiplas. A coorienta\u00e7\u00e3o acad\u00eamica exerce fun\u00e7\u00e3o complementar para a pesquisa e contribui em menor grau, quando comparada ao papel desempenhado pela segunda orienta\u00e7\u00e3o, cuja profici\u00eancia no campo do conhecimento ou estado-da-t\u00e9cnica da pesquisa em curso deve ser minimamente equiparada ao de quem estiver exercendo a orienta\u00e7\u00e3o. Ambas as participa\u00e7\u00f5es, no entanto, possuem car\u00e1ter complementar, requerem comum acordo entre todas as partes envolvidas e devem ser aprovadas pelo Colegiado do Programa, consoante justificativa e pertin\u00eancia.<\/p>\n\n\n\n<h2 class=\"wp-block-heading\"><div class=\"linha-header\">Corpo Docente<\/div><\/h2>\n\n\n\n<p>Atualmente, o quadro de docentes permanentes e colaboradores do PPGEM \u00e9 composto por 21 membros, todos com titula\u00e7\u00e3o de doutorado. As pesquisas que realizam s\u00e3o geralmente multidisciplinares e atingem n\u00edveis colaborativos que excedem as fronteiras das linhas de pesquisa definidas no Programa, oportunizando novos horizontes de trabalho. Para saber mais sobre o perfil do corpo docente do PPGEM, acessar suas p\u00e1ginas individuais e curr\u00edculos na Plataforma Lattes, visite a p\u00e1gina de Docentes clicando <a href=\"https:\/\/sigaa.ufpb.br\/sigaa\/public\/programa\/equipe.jsf?lc=pt_BR&amp;id=1870\">aqui<\/a>.<\/p>\n","protected":false},"excerpt":{"rendered":"<p>A qualquer discente do PPGEM \u00e9 garantido o direito de ter algu\u00e9m respons\u00e1vel pela sua [&hellip;]<\/p>\n","protected":false},"author":90,"featured_media":0,"parent":0,"menu_order":0,"comment_status":"closed","ping_status":"closed","template":"","meta":{"footnotes":""},"class_list":["post-171","page","type-page","status-publish","hentry"],"_links":{"self":[{"href":"https:\/\/www.ct.ufpb.br\/ppgem\/wp-json\/wp\/v2\/pages\/171","targetHints":{"allow":["GET"]}}],"collection":[{"href":"https:\/\/www.ct.ufpb.br\/ppgem\/wp-json\/wp\/v2\/pages"}],"about":[{"href":"https:\/\/www.ct.ufpb.br\/ppgem\/wp-json\/wp\/v2\/types\/page"}],"author":[{"embeddable":true,"href":"https:\/\/www.ct.ufpb.br\/ppgem\/wp-json\/wp\/v2\/users\/90"}],"replies":[{"embeddable":true,"href":"https:\/\/www.ct.ufpb.br\/ppgem\/wp-json\/wp\/v2\/comments?post=171"}],"version-history":[{"count":8,"href":"https:\/\/www.ct.ufpb.br\/ppgem\/wp-json\/wp\/v2\/pages\/171\/revisions"}],"predecessor-version":[{"id":508,"href":"https:\/\/www.ct.ufpb.br\/ppgem\/wp-json\/wp\/v2\/pages\/171\/revisions\/508"}],"wp:attachment":[{"href":"https:\/\/www.ct.ufpb.br\/ppgem\/wp-json\/wp\/v2\/media?parent=171"}],"curies":[{"name":"wp","href":"https:\/\/api.w.org\/{rel}","templated":true}]}}