{"id":169,"date":"2024-05-21T18:04:27","date_gmt":"2024-05-21T18:04:27","guid":{"rendered":"https:\/\/www.ct.ufpb.br\/ppgem2\/?page_id=169"},"modified":"2026-01-09T09:57:41","modified_gmt":"2026-01-09T12:57:41","slug":"dissertacoes-e-teses","status":"publish","type":"page","link":"https:\/\/www.ct.ufpb.br\/ppgem\/dissertacoes-e-teses\/","title":{"rendered":"Disserta\u00e7\u00f5es e Teses"},"content":{"rendered":"\n<p>Ao longo de sua exist\u00eancia, o PPGEM concedeu centenas de titula\u00e7\u00f5es de mestrado e doutorado atrav\u00e9s de disserta\u00e7\u00f5es e teses que abrangeram diversos temas do conhecimento. Atualmente, o acervo institucional de produ\u00e7\u00f5es anteriores a 2002 est\u00e1 em fase de revis\u00e3o e atualiza\u00e7\u00e3o. Trabalhos finais produzidos a partir de 2002 possuem c\u00f3pias digitais acess\u00edveis pelo Reposit\u00f3rio Institucional da UFPB. Para acesso direto aos mais de 300 registros espec\u00edficos do PPGEM, clique <a href=\"https:\/\/repositorio.ufpb.br\/jspui\/handle\/tede\/4458\/\" target=\"_blank\" rel=\"noreferrer noopener\">aqui<\/a>.<\/p>\n\n\n\n<h2 class=\"wp-block-heading\"><div class=\"linha-header\">Exames e defesas<\/div><\/h2>\n\n\n\n<p>Exames de pr\u00e9-banca, para mestrado, de qualifica\u00e7\u00e3o, para doutorado, ou defesas finais, para ambos os cursos, s\u00e3o realizados atrav\u00e9s de sess\u00f5es p\u00fablicas que podem ocorrer presencial ou remotamente, por v\u00eddeo-confer\u00eancia. Em quaisquer dessas situa\u00e7\u00f5es, as candidaturas apresentam seus trabalhos de pesquisa a uma banca formada por docentes internos, pertencentes \u00e0 UFPB, e\/ou por docentes externos, consoante as exig\u00eancias regimentais. Para saber datas e hor\u00e1rios das pr\u00f3ximas sess\u00f5es, clique <a href=\"https:\/\/sigaa.ufpb.br\/sigaa\/public\/programa\/noticiasDefesas.jsf?lc=pt_BR&amp;id=1870\">aqui<\/a>.<\/p>\n","protected":false},"excerpt":{"rendered":"<p>Ao longo de sua exist\u00eancia, o PPGEM concedeu centenas de titula\u00e7\u00f5es de mestrado e doutorado [&hellip;]<\/p>\n","protected":false},"author":90,"featured_media":0,"parent":0,"menu_order":0,"comment_status":"closed","ping_status":"closed","template":"","meta":{"footnotes":""},"class_list":["post-169","page","type-page","status-publish","hentry"],"_links":{"self":[{"href":"https:\/\/www.ct.ufpb.br\/ppgem\/wp-json\/wp\/v2\/pages\/169","targetHints":{"allow":["GET"]}}],"collection":[{"href":"https:\/\/www.ct.ufpb.br\/ppgem\/wp-json\/wp\/v2\/pages"}],"about":[{"href":"https:\/\/www.ct.ufpb.br\/ppgem\/wp-json\/wp\/v2\/types\/page"}],"author":[{"embeddable":true,"href":"https:\/\/www.ct.ufpb.br\/ppgem\/wp-json\/wp\/v2\/users\/90"}],"replies":[{"embeddable":true,"href":"https:\/\/www.ct.ufpb.br\/ppgem\/wp-json\/wp\/v2\/comments?post=169"}],"version-history":[{"count":1,"href":"https:\/\/www.ct.ufpb.br\/ppgem\/wp-json\/wp\/v2\/pages\/169\/revisions"}],"predecessor-version":[{"id":170,"href":"https:\/\/www.ct.ufpb.br\/ppgem\/wp-json\/wp\/v2\/pages\/169\/revisions\/170"}],"wp:attachment":[{"href":"https:\/\/www.ct.ufpb.br\/ppgem\/wp-json\/wp\/v2\/media?parent=169"}],"curies":[{"name":"wp","href":"https:\/\/api.w.org\/{rel}","templated":true}]}}