{"id":152,"date":"2024-04-13T16:59:56","date_gmt":"2024-04-13T16:59:56","guid":{"rendered":"https:\/\/www.ct.ufpb.br\/ppgem2\/?page_id=152"},"modified":"2026-01-09T09:57:46","modified_gmt":"2026-01-09T12:57:46","slug":"laboratorios","status":"publish","type":"page","link":"https:\/\/www.ct.ufpb.br\/ppgem\/laboratorios\/","title":{"rendered":"Laborat\u00f3rios"},"content":{"rendered":"\n<p>Os laborat\u00f3rios vinculados ao PPGEM comportam os quatro eixos temporais do conhecimento, vinculando pesquisa te\u00f3rica, experimental, computacional e datificada. Localizados no Campus I e na Unidade Lynaldo Cavalcante de Albuquerque, no Distrito Industrial de Mangabeira, ambos na cidade de Jo\u00e3o Pessoa, eles compreendem espa\u00e7os f\u00edsicos destinados para cada \u00e1rea de concentra\u00e7\u00e3o. Dos 17 laborat\u00f3rios ativos, 6 s\u00e3o vinculados \u00e0 \u00e1rea de Termofluidos, 4 \u00e0 \u00e1rea de Processos de Fabrica\u00e7\u00e3o e 7 \u00e0 \u00e1rea de Din\u00e2mica e Controle. Al\u00e9m disso, os espa\u00e7os f\u00edsicos de uso comum s\u00e3o: Central Anal\u00edtica, Oficina Mec\u00e2nica e Oficina de Eletroeletr\u00f4nica.<\/p>\n\n\n\n<p>Est\u00e3o listados abaixo os laborat\u00f3rios de pesquisa coordenados por docentes do PPGEM e que asseguram os excelentes resultados do Programa na produ\u00e7\u00e3o de conhecimento e tecnologia.<\/p>\n\n\n\n<h3 class=\"wp-block-heading\">Laborat\u00f3rios da \u00e1rea de concentra\u00e7\u00e3o: Termofluidos<\/h3>\n\n\n\n<ul class=\"wp-block-list\">\n<li>Laborat\u00f3rios do \u00c2mbito RECOG\u00c1S<\/li>\n\n\n\n<li>Laborat\u00f3rio de Termo-Energ\u00e9tica<\/li>\n\n\n\n<li>Laborat\u00f3rio de Carv\u00e3o Ativado<\/li>\n\n\n\n<li><a href=\"https:\/\/www.cear.ufpb.br\/ppger\/contents\/menu\/ppger-1\/laboratorios-1\/lavae-laboratorio-de-avaliacao-ambiental-e-energetica\" target=\"_blank\" rel=\"noreferrer noopener\">Laborat\u00f3rio de Avalia\u00e7\u00e3o Ambiental e Energ\u00e9tica (LAvAE)<\/a><\/li>\n\n\n\n<li>Laborat\u00f3rio de Energia Solar (LES)<\/li>\n\n\n\n<li>Laborat\u00f3rio de Sistemas de Refrigera\u00e7\u00e3o por Adsor\u00e7\u00e3o<\/li>\n<\/ul>\n\n\n\n<h3 class=\"wp-block-heading\">Laborat\u00f3rios da \u00e1rea de concentra\u00e7\u00e3o: Processos de Fabrica\u00e7\u00e3o<\/h3>\n\n\n\n<ul class=\"wp-block-list\">\n<li><a href=\"http:\/\/www.cear.ufpb.br\/labfilm\" target=\"_blank\" rel=\"noreferrer noopener\">Laborat\u00f3rio de S\u00edntese e Caracteriza\u00e7\u00e3o de Filmes Finos (LABFILM)<\/a><\/li>\n\n\n\n<li><a href=\"http:\/\/plone.ufpb.br\/lsr\" target=\"_blank\" rel=\"noreferrer noopener\">Laborat\u00f3rio de Solidifica\u00e7\u00e3o R\u00e1pida (LSRAP)<\/a><\/li>\n\n\n\n<li>Laborat\u00f3rio de An\u00e1lise T\u00e9rmica<\/li>\n\n\n\n<li>Laborat\u00f3rio de Metalografia<\/li>\n<\/ul>\n\n\n\n<h3 class=\"wp-block-heading\">Laborat\u00f3rios da \u00e1rea de concentra\u00e7\u00e3o: Din\u00e2mica e Controle de Sistemas<\/h3>\n\n\n\n<ul class=\"wp-block-list\">\n<li>Laborat\u00f3rio de Controle Ativo de Sistemas<\/li>\n\n\n\n<li>Laborat\u00f3rio de Sistemas e Estruturas Ativas (LASEA)<\/li>\n\n\n\n<li><a href=\"http:\/\/ct.ufpb.br\/ctdem\/contents\/paginas\/laboratorios\/laboratorio-de-integridade-e-inspecao\" target=\"_blank\" rel=\"noreferrer noopener\">Laborat\u00f3rio de Integridade e Inspe\u00e7\u00e3o (LABII)<\/a><\/li>\n\n\n\n<li>Laborat\u00f3rio de Mecatr\u00f4nica<\/li>\n\n\n\n<li><a href=\"http:\/\/ct.ufpb.br\/lenhs\" target=\"_blank\" rel=\"noreferrer noopener\">Laborat\u00f3rio de Efici\u00eancia Hidr\u00e1ulica e Energ\u00e9tica (LENHS)<\/a><\/li>\n<\/ul>\n\n\n\n<h3 class=\"wp-block-heading\">Laborat\u00f3rios transversais \u00e0s \u00e1reas<\/h3>\n\n\n\n<ul class=\"wp-block-list\">\n<li><a href=\"http:\/\/plone.ufpb.br\/nepem\" target=\"_blank\" rel=\"noreferrer noopener\">N\u00facleo de Estudos e Pesquisa em Engenharia de Materiais (NEPEM)<\/a><\/li>\n\n\n\n<li><a href=\"http:\/\/www.tril.ci.ufpb.br\" target=\"_blank\" rel=\"noreferrer noopener\">TRIL Lab &#8211; Engenharia Computacional (TRIL)<\/a><\/li>\n<\/ul>\n","protected":false},"excerpt":{"rendered":"<p>Os laborat\u00f3rios vinculados ao PPGEM comportam os quatro eixos temporais do conhecimento, vinculando pesquisa te\u00f3rica, [&hellip;]<\/p>\n","protected":false},"author":90,"featured_media":0,"parent":0,"menu_order":0,"comment_status":"closed","ping_status":"closed","template":"","meta":{"footnotes":""},"class_list":["post-152","page","type-page","status-publish","hentry"],"_links":{"self":[{"href":"https:\/\/www.ct.ufpb.br\/ppgem\/wp-json\/wp\/v2\/pages\/152","targetHints":{"allow":["GET"]}}],"collection":[{"href":"https:\/\/www.ct.ufpb.br\/ppgem\/wp-json\/wp\/v2\/pages"}],"about":[{"href":"https:\/\/www.ct.ufpb.br\/ppgem\/wp-json\/wp\/v2\/types\/page"}],"author":[{"embeddable":true,"href":"https:\/\/www.ct.ufpb.br\/ppgem\/wp-json\/wp\/v2\/users\/90"}],"replies":[{"embeddable":true,"href":"https:\/\/www.ct.ufpb.br\/ppgem\/wp-json\/wp\/v2\/comments?post=152"}],"version-history":[{"count":2,"href":"https:\/\/www.ct.ufpb.br\/ppgem\/wp-json\/wp\/v2\/pages\/152\/revisions"}],"predecessor-version":[{"id":294,"href":"https:\/\/www.ct.ufpb.br\/ppgem\/wp-json\/wp\/v2\/pages\/152\/revisions\/294"}],"wp:attachment":[{"href":"https:\/\/www.ct.ufpb.br\/ppgem\/wp-json\/wp\/v2\/media?parent=152"}],"curies":[{"name":"wp","href":"https:\/\/api.w.org\/{rel}","templated":true}]}}