{"id":147,"date":"2024-04-13T16:54:53","date_gmt":"2024-04-13T16:54:53","guid":{"rendered":"https:\/\/www.ct.ufpb.br\/ppgem2\/?page_id=147"},"modified":"2025-03-24T16:51:54","modified_gmt":"2025-03-24T19:51:54","slug":"pesquisa-e-inovacao","status":"publish","type":"page","link":"https:\/\/www.ct.ufpb.br\/ppgem\/pesquisa-e-inovacao\/","title":{"rendered":"Pesquisa e Inova\u00e7\u00e3o"},"content":{"rendered":"\n<p>As atividades de pesquisa, desenvolvimento e inova\u00e7\u00e3o (PD&amp;I) do PPGEM cobrem todos os n\u00edveis de maturidade tecnol\u00f3gica, desde a concep\u00e7\u00e3o laboratorial de um produto ou solu\u00e7\u00e3o, at\u00e9 a sua implanta\u00e7\u00e3o no universo do cliente. At\u00e9 hoje, o PPGEM executou dezenas de projetos de pesquisa, desenvolvimento e inova\u00e7\u00e3o, com investimento p\u00fablico e privado que totalizam mais de 30 milh\u00f5es de reais. Diversos projetos culminaram em dep\u00f3sitos e concess\u00e3o de patentes em todas as \u00e1reas de pesquisa do Programa. N\u00e3o surpreendentemente, h\u00e1 v\u00e1rios docentes do Programa que participam dos grupos mais seletos da pesquisa nacional como Bolsistas de Produtividade do CNPq em Pesquisa (PQ) ou em Desenvolvimento Tecnol\u00f3gico (DT), al\u00e9m de fazerem parte do corpo de editores e revisores de revistas cient\u00edficas internacionais de destaque.<\/p>\n\n\n\n<p>O rol de empresas que mant\u00e9m ou mantiveram parcerias com o PPGEM, atrav\u00e9s de sua infraestrutura de pesquisa cobrem diversos setores e nichos. Alguns exemplos s\u00e3o: Petrobras, Forship, Fiat Chrysler (hoje pertencente ao Grupo Stellantis), Elizabeth Cimentos (hoje pertencente \u00e0 Companhia Sider\u00fargica Nacional &#8211; CSN), Gerdau, Grupo Moura, Grupo Copobras, Companhia de \u00c1gua e Esgotos da Para\u00edba &#8211; CAGEPA, Duratex DECA, DeepSeed Solutions, WayCarbon, Alpargatas, Zoox Smart Data, entre outras. Sempre atuante no apoio \u00e0 nuclea\u00e7\u00e3o de novos neg\u00f3cios e cadeias produtivas, o PPGEM mant\u00e9m estreita rela\u00e7\u00e3o com a Ag\u00eancia UFPB de Inova\u00e7\u00e3o Tecnol\u00f3gica &#8211; INOVA e com empresas juniores.<\/p>\n\n\n\n<p>Entre premia\u00e7\u00f5es e distin\u00e7\u00f5es, o PPGEM j\u00e1 obteve \u00eaxito no Pr\u00eamio Empreenda Santander, Pr\u00eamio Petrobras de Tecnologia, Pr\u00eamio Santander Universidade Solid\u00e1ria, Pr\u00eamio da <em>Association for the Advancement of Sustainability in Higher Education<\/em>, Pr\u00eamio Hackfest contra a Corrup\u00e7\u00e3o, promovido pelo Minist\u00e9rio P\u00fablico da Para\u00edba, Tribunal de Contas da Uni\u00e3o e a Controladoria Geral da Uni\u00e3o, al\u00e9m de men\u00e7\u00f5es honrosas. Diversos egressos do PPGEM auferiram posi\u00e7\u00f5es final\u00edsticas em competi\u00e7\u00f5es p\u00fablicas. Somam-se a optantes pela carreira acad\u00eamica egressos hoje vinculados a empresas do Brasil e do exterior.<\/p>\n\n\n\n<h2 class=\"wp-block-heading\"><div class=\"linha-header\">P\u00f3s-doutorado<\/div><\/h2>\n\n\n\n<p>No PPGEM, o est\u00e1gio de pesquisa p\u00f3s-doutoral tamb\u00e9m tem o seu espa\u00e7o. Pessoas detentoras de t\u00edtulos de doutorado que tenham vontade de expandir seus estudos ou especializar-se em temas estudados pelas \u00e1reas de conhecimento do Programa podem candidatar-se ao est\u00e1gio p\u00f3s-doutoral por um per\u00edodo de 6 a 24 meses, com prorroga\u00e7\u00e3o poss\u00edvel para mais 12 meses. <\/p>\n\n\n\n<h3 class=\"wp-block-heading\">Procedimento de candidatura<\/h3>\n\n\n\n<p>O procedimento de candidatura \u00e9 disciplinado pela <a href=\"https:\/\/sig-arq.ufpb.br\/arquivos\/2024062210cc2364261628a6221902529\/Rsep52_2014.pdf\">Resolu\u00e7\u00e3o CONSEPE 52\/2014<\/a>, basicamente em seu Art. 7\u00ba. Em suma, a formaliza\u00e7\u00e3o depende de:<\/p>\n\n\n\n<ul class=\"wp-block-list\">\n<li>solicita\u00e7\u00e3o \u00e0 Coordena\u00e7\u00e3o do Programa, indicando o grupo de pesquisa de interesse junto ao qual haja pretens\u00e3o de atuar;<\/li>\n\n\n\n<li>carta de aceita\u00e7\u00e3o de docente do Programa, anuindo com a supervis\u00e3o;<\/li>\n\n\n\n<li>c\u00f3pia do diploma de doutorado, expedido por institui\u00e7\u00e3o com programa de p\u00f3s-gradua\u00e7\u00e3o reconhecido pela CAPES ou no pa\u00eds de origem do t\u00edtulo;<\/li>\n\n\n\n<li>curriculum vitae gerado na plataforma Lattes;<\/li>\n\n\n\n<li>declara\u00e7\u00e3o de disponibilidade para dedica\u00e7\u00e3o \u00e0s atividades;<\/li>\n\n\n\n<li>documento oficial de libera\u00e7\u00e3o de atividades, em caso de v\u00ednculo empregat\u00edcio; e<\/li>\n\n\n\n<li>projeto de pesquisa (ou plano de trabalho) resumido;<\/li>\n<\/ul>\n\n\n\n<p>Tendo sido pr\u00e9-acordada a supervis\u00e3o de p\u00f3s-doutorado, para a efetiva\u00e7\u00e3o de candidatura, a documenta\u00e7\u00e3o acima dever\u00e1 ser enviada \u00e0 Secretaria do Programa para instru\u00e7\u00e3o de processo administrativo. Posteriormente, a Coordena\u00e7\u00e3o submeter\u00e1 o processo com o pedido de candidatura \u00e0 aprecia\u00e7\u00e3o do Colegiado, o qual decidir\u00e1 sobre a aceita\u00e7\u00e3o.<\/p>\n\n\n\n<p>Ao final do est\u00e1gio p\u00f3s-doutoral, a Coordena\u00e7\u00e3o emitir\u00e1 um certificado de conclus\u00e3o do est\u00e1gio p\u00f3s-doutoral, tendo por parte co-signat\u00e1ria o membro docente respons\u00e1vel pela supervis\u00e3o.<\/p>\n\n\n\n<h4 class=\"wp-block-heading\">Estrutura do projeto de pesquisa<\/h4>\n\n\n\n<p>O projeto de pesquisa dever\u00e1 conter:<\/p>\n\n\n\n<ul class=\"wp-block-list\">\n<li>t\u00edtulo;<\/li>\n\n\n\n<li>introdu\u00e7\u00e3o e justificativa;<\/li>\n\n\n\n<li>objetivos;<\/li>\n\n\n\n<li>metodologia;<\/li>\n\n\n\n<li>cronograma de atividades;<\/li>\n\n\n\n<li>plano de atividades (considerando a infraestrutura existente da UFPB para a viabilidade de execu\u00e7\u00e3o do trabalho)<\/li>\n\n\n\n<li>refer\u00eancias bibliogr\u00e1ficas; e<\/li>\n\n\n\n<li>atividades de ensino, se houver.<\/li>\n<\/ul>\n\n\n\n<h3 class=\"wp-block-heading\">Pesquisadores<\/h3>\n\n\n\n<p>A rela\u00e7\u00e3o de pesquisadores p\u00f3s-doutorais em atividade no Programa pode ser obtida clicando-se <a href=\"https:\/\/docs.google.com\/spreadsheets\/d\/1wtJAibgVRkJITDDgchNOykh4SCszfn4httMJ8dv6ga4\/edit?usp=sharing\">aqui<\/a>.<\/p>\n","protected":false},"excerpt":{"rendered":"<p>As atividades de pesquisa, desenvolvimento e inova\u00e7\u00e3o (PD&amp;I) do PPGEM cobrem todos os n\u00edveis de [&hellip;]<\/p>\n","protected":false},"author":90,"featured_media":0,"parent":0,"menu_order":4,"comment_status":"closed","ping_status":"closed","template":"","meta":{"footnotes":""},"class_list":["post-147","page","type-page","status-publish","hentry"],"_links":{"self":[{"href":"https:\/\/www.ct.ufpb.br\/ppgem\/wp-json\/wp\/v2\/pages\/147","targetHints":{"allow":["GET"]}}],"collection":[{"href":"https:\/\/www.ct.ufpb.br\/ppgem\/wp-json\/wp\/v2\/pages"}],"about":[{"href":"https:\/\/www.ct.ufpb.br\/ppgem\/wp-json\/wp\/v2\/types\/page"}],"author":[{"embeddable":true,"href":"https:\/\/www.ct.ufpb.br\/ppgem\/wp-json\/wp\/v2\/users\/90"}],"replies":[{"embeddable":true,"href":"https:\/\/www.ct.ufpb.br\/ppgem\/wp-json\/wp\/v2\/comments?post=147"}],"version-history":[{"count":15,"href":"https:\/\/www.ct.ufpb.br\/ppgem\/wp-json\/wp\/v2\/pages\/147\/revisions"}],"predecessor-version":[{"id":640,"href":"https:\/\/www.ct.ufpb.br\/ppgem\/wp-json\/wp\/v2\/pages\/147\/revisions\/640"}],"wp:attachment":[{"href":"https:\/\/www.ct.ufpb.br\/ppgem\/wp-json\/wp\/v2\/media?parent=147"}],"curies":[{"name":"wp","href":"https:\/\/api.w.org\/{rel}","templated":true}]}}