{"id":140,"date":"2024-03-07T02:24:28","date_gmt":"2024-03-07T02:24:28","guid":{"rendered":"https:\/\/www.ct.ufpb.br\/ppgem2\/?page_id=140"},"modified":"2026-01-09T09:58:44","modified_gmt":"2026-01-09T12:58:44","slug":"integracao-academica","status":"publish","type":"page","link":"https:\/\/www.ct.ufpb.br\/ppgem\/integracao-academica\/","title":{"rendered":"Integra\u00e7\u00e3o Acad\u00eamica"},"content":{"rendered":"\n<p>Qualquer discente do PPGEM tem a possibilidade de usufruir dos espa\u00e7os de conviv\u00eancia e servi\u00e7os dispon\u00edveis no campus Jo\u00e3o Pessoa. Nestes incluem-se ambientes para reuni\u00f5es ao ar livre, lanchonetes, bibliotecas, salas de estudo, centros de assist\u00eancia \u00e0 sa\u00fade, laborat\u00f3rios de inform\u00e1tica, al\u00e9m do acesso a cursos de idiomas, bases de dados para pesquisa e oportunidades de mobilidade internacional, tais como interc\u00e2mbio, cotutela e est\u00e1gio doutoral no exterior (sandu\u00edche).<\/p>\n\n\n\n<p>Abaixo est\u00e3o listados alguns links \u00fateis para integra\u00e7\u00e3o acad\u00eamica:<\/p>\n\n\n\n<ul class=\"wp-block-list\">\n<li><a href=\"https:\/\/biblioteca.ufpb.br\" target=\"_blank\" rel=\"noreferrer noopener\">Biblioteca Central (BC)<\/a>: pesquisa e capacita\u00e7\u00f5es em ferramentas.<\/li>\n\n\n\n<li><a href=\"https:\/\/www.ufpb.br\/cras\" target=\"_blank\" rel=\"noreferrer noopener\">Centro de Refer\u00eancia de Aten\u00e7\u00e3o em Sa\u00fade (CRAS)<\/a>: atendimento ambulatorial e cl\u00ednico.<\/li>\n\n\n\n<li><a href=\"https:\/\/www.ufpb.br\/cia\" target=\"_blank\" rel=\"noreferrer noopener\">Comit\u00ea de<\/a><a href=\"https:\/\/www.ufpb.br\/cia\"> Inclus\u00e3o e Acessibilidade (CIA)<\/a>: terapia ocupacional e solicita\u00e7\u00e3o de apoio.<\/li>\n\n\n\n<li><a href=\"https:\/\/www.ufpb.br\/ufpb\/contents\/paginas\/ufpb-em-fotos\" target=\"_blank\" rel=\"noreferrer noopener\">Galeria de Fotos (UFPB)<\/a>: fotos dos campi.<\/li>\n\n\n\n<li><a href=\"http:\/\/www.cchla.ufpb.br\/inelc\/contents\/menu\/cursos\" target=\"_blank\" rel=\"noreferrer noopener\">Instituto de Estudos Lingu\u00edsticos e Culturais (InELC)<\/a>: cursos de l\u00ednguas.<\/li>\n\n\n\n<li><a href=\"https:\/\/www.ufpb.br\/ufpb\/menu\/servicos-1\/manual-do-estudante\">Manual do Estudante (UFPB)<\/a>: vis\u00e3o geral da universidade.<\/li>\n\n\n\n<li><a href=\"http:\/\/plone.ufpb.br\/reumus\">Rede de Museus da UFPB (COEX\/PROEX)<\/a>: espa\u00e7os de mem\u00f3rias, acervos e cole\u00e7\u00f5es art\u00edsticas.<\/li>\n\n\n\n<li><a href=\"https:\/\/www.ufpb.br\/lamusi\/contents\/menu\/agenda\" target=\"_blank\" rel=\"noreferrer noopener\">Sala de Concertos Radegundis Feitosa<\/a>: concertos da Orquestra Sinf\u00f4nica da UFPB e eventos culturais.<\/li>\n<\/ul>\n","protected":false},"excerpt":{"rendered":"<p>Qualquer discente do PPGEM tem a possibilidade de usufruir dos espa\u00e7os de conviv\u00eancia e servi\u00e7os [&hellip;]<\/p>\n","protected":false},"author":90,"featured_media":0,"parent":0,"menu_order":0,"comment_status":"closed","ping_status":"closed","template":"","meta":{"footnotes":""},"class_list":["post-140","page","type-page","status-publish","hentry"],"_links":{"self":[{"href":"https:\/\/www.ct.ufpb.br\/ppgem\/wp-json\/wp\/v2\/pages\/140","targetHints":{"allow":["GET"]}}],"collection":[{"href":"https:\/\/www.ct.ufpb.br\/ppgem\/wp-json\/wp\/v2\/pages"}],"about":[{"href":"https:\/\/www.ct.ufpb.br\/ppgem\/wp-json\/wp\/v2\/types\/page"}],"author":[{"embeddable":true,"href":"https:\/\/www.ct.ufpb.br\/ppgem\/wp-json\/wp\/v2\/users\/90"}],"replies":[{"embeddable":true,"href":"https:\/\/www.ct.ufpb.br\/ppgem\/wp-json\/wp\/v2\/comments?post=140"}],"version-history":[{"count":3,"href":"https:\/\/www.ct.ufpb.br\/ppgem\/wp-json\/wp\/v2\/pages\/140\/revisions"}],"predecessor-version":[{"id":166,"href":"https:\/\/www.ct.ufpb.br\/ppgem\/wp-json\/wp\/v2\/pages\/140\/revisions\/166"}],"wp:attachment":[{"href":"https:\/\/www.ct.ufpb.br\/ppgem\/wp-json\/wp\/v2\/media?parent=140"}],"curies":[{"name":"wp","href":"https:\/\/api.w.org\/{rel}","templated":true}]}}