{"id":138,"date":"2024-03-07T01:57:12","date_gmt":"2024-03-07T01:57:12","guid":{"rendered":"https:\/\/www.ct.ufpb.br\/ppgem2\/?page_id=138"},"modified":"2026-01-09T09:58:39","modified_gmt":"2026-01-09T12:58:39","slug":"bolsas-e-auxilios","status":"publish","type":"page","link":"https:\/\/www.ct.ufpb.br\/ppgem\/bolsas-e-auxilios\/","title":{"rendered":"Bolsas e Aux\u00edlios"},"content":{"rendered":"\n<p>Bolsas de estudo s\u00e3o distribu\u00eddas no PPGEM mediante disponibilidade e concedidas, em maioria, por \u00f3rg\u00e3os de fomento p\u00fablicos. Discentes que tenham interesse em estudar no PPGEM na qualidade de bolsistas devem manifestar este interesse j\u00e1 no ato da matr\u00edcula e concorrer a cotas dispon\u00edveis por meio de processo seletivo interno gerenciado pela Comiss\u00e3o de Bolsas do PPGEM. Al\u00e9m de bolsas concedidas por \u00f3rg\u00e3os p\u00fablicos, \u00e9 poss\u00edvel o surgimento extempor\u00e2neo de cotas atrav\u00e9s de projetos de pesquisa individuais de docentes, ou de conv\u00eanios, ou ainda de programas espec\u00edficos parceiros do PPGEM.<\/p>\n\n\n\n<p>Os principais \u00f3rg\u00e3os que fomentam a pesquisa do PPPGEM pela concess\u00e3o de bolsas s\u00e3o:<\/p>\n\n\n\n<ul class=\"wp-block-list\">\n<li>CNPq (bolsas MD\/GD\/MAI\/DAI e setoriais);<\/li>\n\n\n\n<li>CAPES (bolsas de demanda social); e<\/li>\n\n\n\n<li>FAPESQ\/PB (bolsas ME\/DO)<\/li>\n<\/ul>\n\n\n\n<p>Somam-se a esta lista algumas institui\u00e7\u00f5es que contribuem de maneira intermitente com o Programa pela concess\u00e3o de bolsas atrav\u00e9s de cl\u00e1usulas de P&amp;D ou programas de forma\u00e7\u00e3o de recursos humanos, tais como ANP e CHESF.<\/p>\n\n\n\n<p>Aux\u00edlios estudantis s\u00e3o geralmente concedidos pela <a href=\"https:\/\/www.ufpb.br\/prape\" target=\"_blank\" rel=\"noreferrer noopener\">Pr\u00f3-Reitoria de Assist\u00eancia e Promo\u00e7\u00e3o ao Estudante<\/a> (PRAPE) e limitam-se, atualmente, ao acesso \u00e0 resid\u00eancia universit\u00e1ria e ao restaurante universit\u00e1rio. Para concorrer a aux\u00edlios, \u00e9 imprescind\u00edvel a demonstra\u00e7\u00e3o de hipossufici\u00eancias por an\u00e1lise socioecon\u00f4mica e inscri\u00e7\u00e3o em editais divulgados pela PRAPE.<\/p>\n\n\n\n<h2 class=\"wp-block-heading\"><div class=\"linha-header\">Cadastro de Reserva de Bolsistas<\/div><\/h2>\n\n\n\n<p>Anualmente, o PPGEM abre processo seletivo interno para cadastro de reserva de bolsistas que concorrem amplamente para a concess\u00e3o de bolsas em disponibilidade oriundas das ag\u00eancias de fomento que aportam recursos no Programa. Consulte periodicamente a secretaria para saber informa\u00e7\u00f5es atualizadas sobre a fila de espera e sobre o cadastro de reserva em vig\u00eancia.<\/p>\n\n\n\n<p>Confira aqui o resumo do \u00faltimo processo seletivo:<\/p>\n\n\n\n<ul class=\"wp-block-list\">\n<li><strong>\u00daltimo certame:<\/strong> <a href=\"https:\/\/www.ct.ufpb.br\/ppgem\/hotsite-do-edital-5-2024-cadastro-de-reserva-de-bolsistas\/\" target=\"_blank\" rel=\"noreferrer noopener\">Edital PPGEM\/CT N\u00ba 05\/2024<\/a><\/li>\n\n\n\n<li><strong>Divulga\u00e7\u00e3o do resultado final:<\/strong> 02\/08\/2024<\/li>\n\n\n\n<li><strong>Prazo de vig\u00eancia (at\u00e9 o esgotamento de bolsas em disponibilidade):<\/strong> 01\/08\/2025<\/li>\n<\/ul>\n","protected":false},"excerpt":{"rendered":"<p>Bolsas de estudo s\u00e3o distribu\u00eddas no PPGEM mediante disponibilidade e concedidas, em maioria, por \u00f3rg\u00e3os [&hellip;]<\/p>\n","protected":false},"author":90,"featured_media":0,"parent":0,"menu_order":0,"comment_status":"closed","ping_status":"closed","template":"","meta":{"footnotes":""},"class_list":["post-138","page","type-page","status-publish","hentry"],"_links":{"self":[{"href":"https:\/\/www.ct.ufpb.br\/ppgem\/wp-json\/wp\/v2\/pages\/138","targetHints":{"allow":["GET"]}}],"collection":[{"href":"https:\/\/www.ct.ufpb.br\/ppgem\/wp-json\/wp\/v2\/pages"}],"about":[{"href":"https:\/\/www.ct.ufpb.br\/ppgem\/wp-json\/wp\/v2\/types\/page"}],"author":[{"embeddable":true,"href":"https:\/\/www.ct.ufpb.br\/ppgem\/wp-json\/wp\/v2\/users\/90"}],"replies":[{"embeddable":true,"href":"https:\/\/www.ct.ufpb.br\/ppgem\/wp-json\/wp\/v2\/comments?post=138"}],"version-history":[{"count":5,"href":"https:\/\/www.ct.ufpb.br\/ppgem\/wp-json\/wp\/v2\/pages\/138\/revisions"}],"predecessor-version":[{"id":396,"href":"https:\/\/www.ct.ufpb.br\/ppgem\/wp-json\/wp\/v2\/pages\/138\/revisions\/396"}],"wp:attachment":[{"href":"https:\/\/www.ct.ufpb.br\/ppgem\/wp-json\/wp\/v2\/media?parent=138"}],"curies":[{"name":"wp","href":"https:\/\/api.w.org\/{rel}","templated":true}]}}