{"id":133,"date":"2024-03-07T01:22:44","date_gmt":"2024-03-07T01:22:44","guid":{"rendered":"https:\/\/www.ct.ufpb.br\/ppgem2\/?page_id=133"},"modified":"2026-01-09T09:58:34","modified_gmt":"2026-01-09T12:58:34","slug":"admissao","status":"publish","type":"page","link":"https:\/\/www.ct.ufpb.br\/ppgem\/admissao\/","title":{"rendered":"Admiss\u00e3o"},"content":{"rendered":"\n<h2 class=\"wp-block-heading\"><div class=\"linha-header\">Discentes regulares<\/div><\/h2>\n\n\n\n<p>A admiss\u00e3o de ingressantes a um dos cursos do PPGEM d\u00e1-se exclusivamente por meio de processo seletivo regulado por editais publicados pela Coordena\u00e7\u00e3o. Os perfis de candidatura desejados cobrem principalmente forma\u00e7\u00f5es em engenharia, ci\u00eancias exatas, e \u00e1reas afins aderentes ao Programa, sob an\u00e1lise do Colegiado. Os editais para sele\u00e7\u00e3o de discentes regulares s\u00e3o lan\u00e7ados duas vezes por ano. A primeira publica\u00e7\u00e3o geralmente ocorre no m\u00eas de dezembro, para matr\u00edcula em mar\u00e7o do ano posterior. A segunda publica\u00e7\u00e3o geralmente ocorre no m\u00eas de maio, para matr\u00edcula em agosto do mesmo ano. Isto \u00e9, o fluxo de admiss\u00e3o para entrada no ano N normalmente resume-se ao seguinte esquema:<\/p>\n\n\n\n<figure class=\"wp-block-table aligncenter is-style-stripes\"><table><tbody><tr><td class=\"has-text-align-center\" data-align=\"center\"><strong>Chamada<\/strong><\/td><td class=\"has-text-align-center\" data-align=\"center\"><strong>Divulga\u00e7\u00e3o<\/strong><\/td><td class=\"has-text-align-center\" data-align=\"center\"><strong>Processo Seletivo<\/strong><\/td><td class=\"has-text-align-center\" data-align=\"center\"><strong>Matr\u00edcula<\/strong><\/td><\/tr><tr><td class=\"has-text-align-center\" data-align=\"center\">1\u00ba semestre <\/td><td class=\"has-text-align-center\" data-align=\"center\">Dezembro do ano N &#8211; 1<\/td><td class=\"has-text-align-center\" data-align=\"center\">Janeiro a Fevereiro do ano N<\/td><td class=\"has-text-align-center\" data-align=\"center\">Mar\u00e7o do ano N<\/td><\/tr><tr><td class=\"has-text-align-center\" data-align=\"center\">2\u00ba semestre <\/td><td class=\"has-text-align-center\" data-align=\"center\">Maio do ano N<\/td><td class=\"has-text-align-center\" data-align=\"center\">Junho a Julho do ano N<\/td><td class=\"has-text-align-center\" data-align=\"center\">Agosto do ano N<\/td><\/tr><\/tbody><\/table><\/figure>\n\n\n\n<h2 class=\"wp-block-heading\"><div class=\"linha-header\">Discentes especiais<\/div><\/h2>\n\n\n\n<p>Discentes especiais podem matricular-se em disciplinas isoladas abertas pelo PPGEM no per\u00edodo letivo pertinente sob alguns crit\u00e9rios e dentro do limite de vagas fixado pelo Colegiado. Discentes especiais podem integralizar at\u00e9 50% dos cr\u00e9ditos necess\u00e1rios do curso de interesse, entretanto n\u00e3o lhes s\u00e3o assegurados os mesmos direitos de v\u00ednculo institucional.<\/p>\n\n\n\n<h2 class=\"wp-block-heading\"><div class=\"linha-header\">Panorama do processo seletivo<\/div><\/h2>\n\n\n\n<p>No PPGEM, os processos seletivos para entrada de discentes regulares usualmente baseiam-se nos seguintes pilares:<\/p>\n\n\n\n<ul class=\"wp-block-list\">\n<li>oferta de vagas associadas a tem\u00e1ticas de pesquisa propostas pelos docentes;<\/li>\n\n\n\n<li>an\u00e1lise curricular e de produ\u00e7\u00e3o t\u00e9cnico-cient\u00edfica de candidaturas;<\/li>\n\n\n\n<li>sess\u00e3o de argui\u00e7\u00e3o de projeto de pesquisa em ampla concorr\u00eancia; <\/li>\n<\/ul>\n\n\n\n<p>Para acompanhar divulga\u00e7\u00f5es e saber mais, consulte o portal de processos seletivos clicando <a href=\"https:\/\/sigaa.ufpb.br\/sigaa\/public\/programa\/processo_seletivo.jsf?lc=pt_BR&amp;id=1870\">aq<\/a><a href=\"https:\/\/sigaa.ufpb.br\/sigaa\/public\/programa\/processo_seletivo.jsf?lc=pt_BR&amp;id=1870\" target=\"_blank\" rel=\"noreferrer noopener\">u<\/a><a href=\"https:\/\/sigaa.ufpb.br\/sigaa\/public\/programa\/processo_seletivo.jsf?lc=pt_BR&amp;id=1870\">i<\/a>.<\/p>\n","protected":false},"excerpt":{"rendered":"<p>Discentes regulares A admiss\u00e3o de ingressantes a um dos cursos do PPGEM d\u00e1-se exclusivamente por [&hellip;]<\/p>\n","protected":false},"author":90,"featured_media":0,"parent":0,"menu_order":0,"comment_status":"closed","ping_status":"closed","template":"","meta":{"footnotes":""},"class_list":["post-133","page","type-page","status-publish","hentry"],"_links":{"self":[{"href":"https:\/\/www.ct.ufpb.br\/ppgem\/wp-json\/wp\/v2\/pages\/133","targetHints":{"allow":["GET"]}}],"collection":[{"href":"https:\/\/www.ct.ufpb.br\/ppgem\/wp-json\/wp\/v2\/pages"}],"about":[{"href":"https:\/\/www.ct.ufpb.br\/ppgem\/wp-json\/wp\/v2\/types\/page"}],"author":[{"embeddable":true,"href":"https:\/\/www.ct.ufpb.br\/ppgem\/wp-json\/wp\/v2\/users\/90"}],"replies":[{"embeddable":true,"href":"https:\/\/www.ct.ufpb.br\/ppgem\/wp-json\/wp\/v2\/comments?post=133"}],"version-history":[{"count":7,"href":"https:\/\/www.ct.ufpb.br\/ppgem\/wp-json\/wp\/v2\/pages\/133\/revisions"}],"predecessor-version":[{"id":162,"href":"https:\/\/www.ct.ufpb.br\/ppgem\/wp-json\/wp\/v2\/pages\/133\/revisions\/162"}],"wp:attachment":[{"href":"https:\/\/www.ct.ufpb.br\/ppgem\/wp-json\/wp\/v2\/media?parent=133"}],"curies":[{"name":"wp","href":"https:\/\/api.w.org\/{rel}","templated":true}]}}