{"id":124,"date":"2024-03-07T00:36:37","date_gmt":"2024-03-07T00:36:37","guid":{"rendered":"https:\/\/www.ct.ufpb.br\/ppgem2\/?page_id=124"},"modified":"2026-01-09T09:58:54","modified_gmt":"2026-01-09T12:58:54","slug":"nossos-cursos","status":"publish","type":"page","link":"https:\/\/www.ct.ufpb.br\/ppgem\/nossos-cursos\/","title":{"rendered":"Nossos Cursos"},"content":{"rendered":"\n<p>O PPGEM oferece cursos <em>stricto sensu <\/em>reconhecidos pelo Minist\u00e9rio da Educa\u00e7\u00e3o em n\u00edvel de mestrado (ME) e doutorado acad\u00eamicos (DO), bem como em suas modalidades voltadas \u00e0 inova\u00e7\u00e3o (MAI e DAI). As quatro forma\u00e7\u00f5es poss\u00edveis s\u00e3o administradas por um corpo docente qualificado e composto integralmente por perfis diversos em n\u00edvel de doutorado ou livre-doc\u00eancia.<\/p>\n\n\n\n<p>Os cursos de mestrado (ME e MAI) s\u00e3o conclu\u00eddos em, no m\u00ednimo 12 e, no m\u00e1ximo, 24 meses, e os de doutorado (DO e DAI) em, no m\u00ednimo 24 e, no m\u00e1ximo, 48 meses. A cada ano, dois per\u00edodos letivos s\u00e3o abertos para matr\u00edculas em componentes curriculares (disciplinas) aderentes aos cursos e entrada de novos ingressantes por meio de processo seletivo.<\/p>\n\n\n\n<p>O PPGEM adota o sistema de cr\u00e9ditos, sendo cada unidade de cr\u00e9dito equivalente a 15 horas de atividades acad\u00eamicas contabilizadas por aprova\u00e7\u00e3o em componentes curriculares obrigat\u00f3rias, optativas ou especiais. No mestrado, exige-se a integraliza\u00e7\u00e3o m\u00ednima de 22 cr\u00e9ditos (330 horas). No doutorado, exige-se o m\u00ednimo de 35 cr\u00e9ditos (525 horas).<\/p>\n\n\n\n<h2 class=\"wp-block-heading\"><div class=\"linha-header\">Mestrado Acad\u00eamico (ME) e Mestrado Acad\u00eamico para Inova\u00e7\u00e3o (MAI)<\/div><\/h2>\n\n\n\n<p>Nos cursos ME e MAI, os 22 cr\u00e9ditos formativos s\u00e3o divididos da seguinte forma:<\/p>\n\n\n\n<ul class=\"wp-block-list\">\n<li>8 cr\u00e9ditos para disciplinas obrigat\u00f3rias comuns \u00e0s \u00e1reas de concentra\u00e7\u00e3o;<\/li>\n\n\n\n<li>6 cr\u00e9ditos para disciplinas obrigat\u00f3rias da \u00e1reas de concentra\u00e7\u00e3o; e<\/li>\n\n\n\n<li>8 cr\u00e9ditos para disciplinas optativas e\/ou atividades especiais.<\/li>\n<\/ul>\n\n\n\n<h2 class=\"wp-block-heading\"><div class=\"linha-header\">Doutorado Acad\u00eamico (DO) e Doutorado Acad\u00eamico para Inova\u00e7\u00e3o (DAI)<\/div><\/h2>\n\n\n\n<p>Nos cursos DO e DAI, os 35 cr\u00e9ditos formativos s\u00e3o divididos da seguinte forma:<\/p>\n\n\n\n<ul class=\"wp-block-list\">\n<li>13 cr\u00e9ditos para disciplinas obrigat\u00f3rias comuns \u00e0s \u00e1reas de concentra\u00e7\u00e3o;<\/li>\n\n\n\n<li>6 cr\u00e9ditos para disciplinas obrigat\u00f3rias da \u00e1reas de concentra\u00e7\u00e3o; e<\/li>\n\n\n\n<li>16 cr\u00e9ditos para disciplinas optativas e\/ou atividades especiais.<\/li>\n<\/ul>\n\n\n\n<h2 class=\"wp-block-heading\"><div class=\"linha-header\">Distin\u00e7\u00f5es entre as modalidades ME\/MAI e DO\/DAI<\/div><\/h2>\n\n\n\n<p>As modalidades puramente acad\u00eamicas diferem das modalidades voltadas para a inova\u00e7\u00e3o em seus objetivos prim\u00e1rios. Enquanto a estrutura formativa \u00e9 compartilhada em ambas, qual seja o n\u00edvel de curso (mestrado ou doutorado), o MAI e o DAI condicionam os trabalhos de conclus\u00e3o (disserta\u00e7\u00f5es e teses) ao tratamento de problemas aplicados com impacto direto em empresas ou em segmentos industriais nacionais. Ao ME e DO cabe o estudo de temas que n\u00e3o necessariamente sejam de aplica\u00e7\u00e3o imediata a uma demanda externa, mas que avancem o conhecimento cient\u00edfico para a \u00e1rea de interesse.<\/p>\n\n\n\n<p>O MAI e DAI fazem parte de um Programa implantado pelo Conselho Nacional de Desenvolvimento Cient\u00edfico e Tecnol\u00f3gico (CNPq) em 2013 e sua execu\u00e7\u00e3o depende de chamadas espec\u00edficas com n\u00famero de vagas definido por projetos oriundos de uma parceria academia-empresa, ao passo que as modalidades ME e DO s\u00e3o oferecidas semestralmente e vinculam-se a projetos de pesquisa geridos pelos docentes do PPPGEM. <\/p>\n\n\n\n<p>Em geral, discentes atrelados aos cursos ME e DO recebem orienta\u00e7\u00e3o acad\u00eamica exclusivamente de membros do corpo docente permanente do PPGEM e de eventuais membros externos. Discentes que cursam o MAI e o DAI recebem, adicionalmente, a supervis\u00e3o de agentes vinculados \u00e0s empresas parceiras. <\/p>\n\n\n\n<h2 class=\"wp-block-heading\"><div class=\"linha-header\">Exig\u00eancias para diploma\u00e7\u00e3o<\/div><\/h2>\n\n\n\n<h3 class=\"wp-block-heading\">Mestrado<\/h3>\n\n\n\n<p>A obten\u00e7\u00e3o de grau que conferir\u00e1 a titula\u00e7\u00e3o em n\u00edvel de mestrado depende da satisfa\u00e7\u00e3o das seguintes exig\u00eancias, excluindo-se aquelas de ordem administrativa:<\/p>\n\n\n\n<ul class=\"wp-block-list\">\n<li>aprova\u00e7\u00e3o em todas as componentes curriculares com coeficiente de rendimento (CRA) superior a 7,0;<\/li>\n\n\n\n<li>aprova\u00e7\u00e3o em exame de profici\u00eancia em l\u00edngua inglesa com nota m\u00ednima 7,0;<\/li>\n\n\n\n<li>aprova\u00e7\u00e3o em exame de pr\u00e9-banca;<\/li>\n\n\n\n<li>cumprimento de requisitos de produ\u00e7\u00e3o intelectual minimamente em n\u00edvel nacional;<\/li>\n\n\n\n<li>elabora\u00e7\u00e3o de disserta\u00e7\u00e3o;<\/li>\n\n\n\n<li>recomenda\u00e7\u00e3o formal da orienta\u00e7\u00e3o acad\u00eamica; e<\/li>\n\n\n\n<li>defesa de disserta\u00e7\u00e3o perante banca examinadora em sess\u00e3o p\u00fablica;<\/li>\n<\/ul>\n\n\n\n<h3 class=\"wp-block-heading\">Doutorado<\/h3>\n\n\n\n<p>A obten\u00e7\u00e3o de grau que conferir\u00e1 a titula\u00e7\u00e3o em n\u00edvel de doutorado depende da satisfa\u00e7\u00e3o das seguintes exig\u00eancias, excluindo-se aquelas de ordem administrativa:<\/p>\n\n\n\n<ul class=\"wp-block-list\">\n<li>aprova\u00e7\u00e3o em todas as componentes curriculares com coeficiente de rendimento (CRA) superior a 7,0;<\/li>\n\n\n\n<li>aprova\u00e7\u00e3o em exame de profici\u00eancia em l\u00edngua inglesa com nota m\u00ednima 7,0;<\/li>\n\n\n\n<li>aprova\u00e7\u00e3o em exame de profici\u00eancia em segunda l\u00edngua estrangeira com nota m\u00ednima 7,0;<\/li>\n\n\n\n<li>aprova\u00e7\u00e3o em exame de qualifica\u00e7\u00e3o;<\/li>\n\n\n\n<li>cumprimento de requisitos de produ\u00e7\u00e3o intelectual em n\u00edvel internacional;<\/li>\n\n\n\n<li>elabora\u00e7\u00e3o de tese;<\/li>\n\n\n\n<li>recomenda\u00e7\u00e3o formal da orienta\u00e7\u00e3o acad\u00eamica; e<\/li>\n\n\n\n<li>defesa de tese perante banca examinadora em sess\u00e3o p\u00fablica;<\/li>\n<\/ul>\n\n\n\n<h2 class=\"wp-block-heading\"><div class=\"linha-header\">Estrutura acad\u00eamica<\/div><\/h2>\n\n\n\n<p>Para conhecer a atual estrutura acad\u00eamica do Programa, suas componentes curriculares, ementas, pr\u00e9-requisitos e demais informa\u00e7\u00f5es, clique aqui.<\/p>\n\n\n\n<p><\/p>\n","protected":false},"excerpt":{"rendered":"<p>O PPGEM oferece cursos stricto sensu reconhecidos pelo Minist\u00e9rio da Educa\u00e7\u00e3o em n\u00edvel de mestrado [&hellip;]<\/p>\n","protected":false},"author":90,"featured_media":0,"parent":0,"menu_order":3,"comment_status":"closed","ping_status":"closed","template":"","meta":{"footnotes":""},"class_list":["post-124","page","type-page","status-publish","hentry"],"_links":{"self":[{"href":"https:\/\/www.ct.ufpb.br\/ppgem\/wp-json\/wp\/v2\/pages\/124","targetHints":{"allow":["GET"]}}],"collection":[{"href":"https:\/\/www.ct.ufpb.br\/ppgem\/wp-json\/wp\/v2\/pages"}],"about":[{"href":"https:\/\/www.ct.ufpb.br\/ppgem\/wp-json\/wp\/v2\/types\/page"}],"author":[{"embeddable":true,"href":"https:\/\/www.ct.ufpb.br\/ppgem\/wp-json\/wp\/v2\/users\/90"}],"replies":[{"embeddable":true,"href":"https:\/\/www.ct.ufpb.br\/ppgem\/wp-json\/wp\/v2\/comments?post=124"}],"version-history":[{"count":6,"href":"https:\/\/www.ct.ufpb.br\/ppgem\/wp-json\/wp\/v2\/pages\/124\/revisions"}],"predecessor-version":[{"id":282,"href":"https:\/\/www.ct.ufpb.br\/ppgem\/wp-json\/wp\/v2\/pages\/124\/revisions\/282"}],"wp:attachment":[{"href":"https:\/\/www.ct.ufpb.br\/ppgem\/wp-json\/wp\/v2\/media?parent=124"}],"curies":[{"name":"wp","href":"https:\/\/api.w.org\/{rel}","templated":true}]}}