{"id":106,"date":"2024-03-04T21:15:45","date_gmt":"2024-03-04T21:15:45","guid":{"rendered":"https:\/\/www.ct.ufpb.br\/ppgem2\/?page_id=106"},"modified":"2026-01-09T09:57:00","modified_gmt":"2026-01-09T12:57:00","slug":"regulamentos","status":"publish","type":"page","link":"https:\/\/www.ct.ufpb.br\/ppgem\/regulamentos\/","title":{"rendered":"Regulamentos"},"content":{"rendered":"\n<p>Encontre nesta p\u00e1gina o cat\u00e1logo dos principais documentos que formam o arcabou\u00e7o normativo das a\u00e7\u00f5es de interesse direto ou correlato ao PPGEM.<\/p>\n\n\n\n<h2 class=\"wp-block-heading\"><div class=\"linha-header\">Internos<\/div><\/h2>\n\n\n\n<p>Esta se\u00e7\u00e3o inclui o corpus normativo de atos executados apenas por \u00f3rg\u00e3os internos, isto \u00e9, pertencentes \u00e0 estrutura da UFPB.<\/p>\n\n\n\n<h3 class=\"wp-block-heading\">PPGEM<\/h3>\n\n\n\n<ul class=\"wp-block-list\">\n<li><a href=\"https:\/\/sig-arq.ufpb.br\/arquivos\/20181682064421666807c6813a392975\/normasderedacaofinal.pdf\"><span style=\"text-decoration: underline\">Manual de Disserta\u00e7\u00f5es e Teses<\/span><\/a><\/li>\n<\/ul>\n\n\n\n<h4 class=\"wp-block-heading\">Portarias<\/h4>\n\n\n\n<p>Encontre as portarias expedidas pela Coordena\u00e7\u00e3o ou pelas Comiss\u00f5es e seus <em>status<\/em>:<\/p>\n\n\n\n<ul class=\"wp-block-list\">\n<li><strong>Revogada: <\/strong>perdeu efeito ao ser atualizada;<\/li>\n\n\n\n<li><strong>Obsoleta:<\/strong> perdeu efeito por caducar no tempo ou por ter cumprido a finalidade;<\/li>\n\n\n\n<li><strong>Vigente:<\/strong> efeito se mant\u00e9m;<\/li>\n\n\n\n<li><strong>Vigente sob disposi\u00e7\u00f5es transit\u00f3rias:<\/strong> efeito se mant\u00e9m por adapta\u00e7\u00e3o a regras de transi\u00e7\u00e3o;<\/li>\n<\/ul>\n\n\n\n<h5 class=\"wp-block-heading\">2025<\/h5>\n\n\n\n<ul class=\"wp-block-list\">\n<li><a href=\"https:\/\/sig-arq.ufpb.br\/arquivos\/202504507313b271696514077d2ed3751\/PORTARIA_2025-1_Coordenaes_de_rea.pdf\" target=\"_blank\" rel=\"noreferrer noopener\">Portaria N\u00ba 1\/2025\/PPGEM<\/a> &#8211; Coordena\u00e7\u00f5es de \u00e1rea de concentra\u00e7\u00e3o (vigente)<\/li>\n\n\n\n<li><a href=\"https:\/\/sig-arq.ufpb.br\/arquivos\/202504507313b271696514077d2ed3751\/PORTARIA_2025-1_Coordenaes_de_rea.pdf\" target=\"_blank\" rel=\"noreferrer noopener\">Portaria N\u00ba 2\/2025\/PPGEM<\/a> &#8211; Comiss\u00e3o tem\u00e1tica para Quadrienal 2021-2024 (vigente)<\/li>\n<\/ul>\n\n\n\n<h6 class=\"wp-block-heading\"><strong>Portarias da CPB<\/strong><\/h6>\n\n\n\n<ul class=\"wp-block-list\">\n<li><a href=\"https:\/\/sig-arq.ufpb.br\/arquivos\/2025147202cf3971511643e2d77e19d1e\/PORTARIA_CPB_2025_1.docx.pdf\" target=\"_blank\" rel=\"noreferrer noopener\">Portaria N\u00ba 1\/2025\/CPB\/PPGEM<\/a> &#8211; Substitui\u00e7\u00e3o de bolsista (obsoleta)<\/li>\n\n\n\n<li><a href=\"https:\/\/sig-arq.ufpb.br\/arquivos\/2025155084c3d87151504dee4b8036b38\/PORTARIA_CPB_2025_2.docx.pdf\" target=\"_blank\" rel=\"noreferrer noopener\">Portaria N\u00ba 2\/2025\/CPB\/PPGEM<\/a> &#8211; Indica\u00e7\u00e3o de bolsistas (obsoleta)<\/li>\n\n\n\n<li><a href=\"https:\/\/sig-arq.ufpb.br\/arquivos\/20251082161d76716298545bb4fb1bfbe\/PORTARIA_CPB_2025_3.pdf\" target=\"_blank\" rel=\"noreferrer noopener\">Portaria N\u00ba 3\/2025\/CPB\/PPGEM<\/a> &#8211; Indica\u00e7\u00e3o de bolsistas (obsoleta)<\/li>\n\n\n\n<li><a href=\"https:\/\/sig-arq.ufpb.br\/arquivos\/2025093168581f73261095542a5396ed7\/PORTARIA_CPB_2025_4..pdf\">Portaria N\u00ba 4\/2025\/CPB\/PPGEM<\/a> &#8211; Prorroga\u00e7\u00e3o de bolsa (obsoleta)<\/li>\n\n\n\n<li><a href=\"https:\/\/sig-arq.ufpb.br\/arquivos\/202512018745f17401158ddbf256ca486\/PORTARIA_CPB_2025_5.pdf\" target=\"_blank\" rel=\"noreferrer noopener\">Portaria N\u00ba 5\/2025\/CPB\/PPGEM<\/a> &#8211; Indica\u00e7\u00e3o de bolsista (obsoleta)<\/li>\n\n\n\n<li><a href=\"https:\/\/sig-arq.ufpb.br\/arquivos\/20251571731c2175240126f32238537c1\/PORTARIA_CPB_2025_6.pdf\" target=\"_blank\" rel=\"noreferrer noopener\">Portaria N\u00ba 6\/2025\/CPB\/PPGEM<\/a> &#8211; Indica\u00e7\u00e3o de bolsista (obsoleta)<a href=\"\"><\/a><\/li>\n<\/ul>\n\n\n\n<h5 class=\"wp-block-heading\">2024<\/h5>\n\n\n\n<ul class=\"wp-block-list\">\n<li><a href=\"https:\/\/sig-arq.ufpb.br\/arquivos\/2024014112e3a76873518f452aac0b4eb\/PORTARIA_2024-1__CEA__PDSE.pdf\" target=\"_blank\" rel=\"noreferrer noopener\">Portaria N\u00ba 1\/2024\/PPGEM<\/a> &#8211; CEA\/PDSE (obsoleta)<\/li>\n\n\n\n<li><a href=\"https:\/\/sig-arq.ufpb.br\/arquivos\/202424403262f16873521c5dbb5c60c05\/PORTARIA_2024-2_CPAD.pdf\" target=\"_blank\" rel=\"noreferrer noopener\">Portaria N\u00ba 2\/2024\/PPGEM<\/a> &#8211; Novos membros da CPAD (vigente)<\/li>\n\n\n\n<li><a href=\"https:\/\/sig-arq.ufpb.br\/arquivos\/202408017744f76873524a507d2a6153e\/PORTARIA_2024-3_CPB.pdf\" target=\"_blank\" rel=\"noreferrer noopener\">Portaria N\u00ba 3\/2024\/PPGEM<\/a> &#8211; Novos membros da CPB (vigente)<\/li>\n\n\n\n<li><a href=\"https:\/\/sig-arq.ufpb.br\/arquivos\/202423517147696873525e4fa8ebdf77c\/PORTARIA_2024-4_CEAT__CAPES.pdf\" target=\"_blank\" rel=\"noreferrer noopener\">Portaria N\u00ba 4\/2024\/PPGEM<\/a> &#8211; CEAT\/Pr\u00eamio CAPES (obsoleta)<\/li>\n\n\n\n<li><a href=\"https:\/\/sig-arq.ufpb.br\/arquivos\/20241800429e496873539dfab22ea9744\/PORTARIA_2024-5_CPS.pdf\">Portaria N\u00ba 5\/2024\/PPGEM<\/a> &#8211; Novos membros da CPS (vigente)<\/li>\n\n\n\n<li><a href=\"https:\/\/sig-arq.ufpb.br\/arquivos\/2024174246117a6873556094bbb0f752e\/PORTARIA_2024-6_Rodizio_pareceres.pdf\">Portaria N\u00ba 6\/2024\/PPGEM<\/a> &#8211; Sistema de rod\u00edzio para relatoria de processos (vigente)<\/li>\n\n\n\n<li><a href=\"https:\/\/sig-arq.ufpb.br\/arquivos\/2024212099421568834485777024d5de8\/PORTARIA_2024-7_documentos_posDefesa.pdf\" target=\"_blank\" rel=\"noreferrer noopener\">Portaria N\u00ba 7\/2024\/PPGEM<\/a> &#8211; Rol de documentos p\u00f3s-defesa a serem encaminhados \u00e0 Secretaria (vigente)<\/li>\n\n\n\n<li><a href=\"https:\/\/sig-arq.ufpb.br\/arquivos\/2024142120279e6905390d89ccb7563ec\/PORTARIA_2024-8_PROAP.pdf\" target=\"_blank\" rel=\"noreferrer noopener\">Portaria N\u00ba 8\/2024\/PPGEM<\/a> &#8211; Solicita\u00e7\u00e3o e presta\u00e7\u00e3o de contas de recursos PROAP (vigente)<\/li>\n\n\n\n<li><a href=\"https:\/\/sig-arq.ufpb.br\/arquivos\/2024032225cf48698600229af767aba74\/PORTARIA_2024_9_-_CTRC.pdf\" target=\"_blank\" rel=\"noreferrer noopener\">Portaria N\u00ba 9\/2024\/PPGEM<\/a> &#8211; CTRC (vigente)<\/li>\n\n\n\n<li><a href=\"https:\/\/sig-arq.ufpb.br\/arquivos\/2025236208bf177511666d13016de9251\/PORTARIA_10_2024_Recredenciamento_Docentes.pdf\" target=\"_blank\" rel=\"noreferrer noopener\">Portaria N\u00ba 10\/2024\/PPGEM <\/a>&#8211; Recredenciamento de docentes<\/li>\n<\/ul>\n\n\n\n<h6 class=\"wp-block-heading\"><strong>Portarias da CPB<\/strong><\/h6>\n\n\n\n<ul class=\"wp-block-list\">\n<li><a href=\"https:\/\/sig-arq.ufpb.br\/arquivos\/20240481589a8068736290238f0dfaee6\/PORTARIA_CPB_2024_1.pdf\">Portaria N\u00ba 1\/2024\/CPB\/PPGEM<\/a> &#8211; Concess\u00e3o e prorroga\u00e7\u00e3o de bolsas de mestrado e doutorado (vigente)<\/li>\n\n\n\n<li><a href=\"https:\/\/sig-arq.ufpb.br\/arquivos\/202425219130f369416024df228e02725\/PORTARIA_CPB_2024_2.pdf\" target=\"_blank\" rel=\"noreferrer noopener\">Portaria N\u00ba 2\/2024\/CPB\/PPGEM<\/a> &#8211; Substitui\u00e7\u00e3o de bolsista (obsoleta)<\/li>\n\n\n\n<li><a href=\"https:\/\/sig-arq.ufpb.br\/arquivos\/2024027121e1ee705313089556e31e6bc\/PORTARIA_CPB_2024_3.pdf\">Portaria N\u00ba 3\/2024\/CPB\/PPGEM<\/a> &#8211; Substitui\u00e7\u00e3o de bolsista (obsoleta)<\/li>\n<\/ul>\n\n\n\n<h6 class=\"wp-block-heading\"><strong>Portarias da CPAD<\/strong><\/h6>\n\n\n\n<ul class=\"wp-block-list\">\n<li><a href=\"https:\/\/sig-arq.ufpb.br\/arquivos\/202407712170456984494844504632375\/PORTARIA_CPAD_1_2024_Recredenciamento.pdf\">Portaria N\u00ba 1\/2024\/CPAD\/PPGEM<\/a> &#8211; Avalia\u00e7\u00e3o docente para ano-base 2024 (vigente).<\/li>\n<\/ul>\n\n\n\n<h5 class=\"wp-block-heading\">2023<\/h5>\n\n\n\n<ul class=\"wp-block-list\">\n<li><a href=\"https:\/\/sigaa.ufpb.br\/sigaa\/verProducao?idProducao=5909078&amp;key=82e696229ba23ebddb0957284178ca8a\">Portaria N\u00ba 1\/2023\/PPGEM<\/a> &#8211; CEA\/PDSE para Edital N\u00ba 1\/2023\/PPGEM (obsoleta)<\/li>\n\n\n\n<li><a href=\"https:\/\/sigaa.ufpb.br\/sigaa\/verProducao?idProducao=5909074&amp;key=9cc5d9957b1ba9ec4ba122d7bcb51bf0\">Portaria N\u00ba 2\/2023\/PPGEM<\/a> &#8211; CEA\/PDSE para Edital N\u00ba 4\/2023\/PPGEM (obsoleta)<\/li>\n\n\n\n<li><a href=\"https:\/\/sigaa.ufpb.br\/sigaa\/verProducao?idProducao=5909070&amp;key=d3c92e6716f26f55ab500fbf389960c5\" target=\"_blank\" rel=\"noreferrer noopener\">Portaria N\u00ba 3\/2023\/PPGEM<\/a> &#8211; CEC para Edital N\u00ba 5\/2023\/PPGEM (obsoleta)<\/li>\n<\/ul>\n\n\n\n<h5 class=\"wp-block-heading\">2022<\/h5>\n\n\n\n<ul class=\"wp-block-list\">\n<li><a href=\"https:\/\/sig-arq.ufpb.br\/arquivos\/2022247044f8ff47595536ca78951aafb\/PORTARIA_01.2022_CPAD_COM_ROTEIRO.pdf\">Portaria N\u00ba 1\/2022\/CPAD\/PPGEM<\/a> &#8211; Procedimento operacional para recredenciamento ou descredenciamento de docentes (vigente)<\/li>\n\n\n\n<li><a href=\"https:\/\/sigaa.ufpb.br\/sigaa\/verProducao?idProducao=4759543&amp;key=28d5587b53e6248605d7365375961e8e\">Portaria N\u00ba 1\/2022\/PPGEM<\/a> &#8211; Membros da CPAD (revogada)<\/li>\n<\/ul>\n\n\n\n<h4 class=\"wp-block-heading\">Resolu\u00e7\u00f5es<\/h4>\n\n\n\n<p>Resolu\u00e7\u00f5es aprovadas pelo Colegiado do PPGEM organizadas por ano de promulga\u00e7\u00e3o.<\/p>\n\n\n\n<h5 class=\"wp-block-heading\">2023<\/h5>\n\n\n\n<ul class=\"wp-block-list\">\n<li><a href=\"https:\/\/sigaa.ufpb.br\/sigaa\/verProducao?idProducao=5895915&amp;key=950c1eabfb1717868afad87cb42236fb\" target=\"_blank\" rel=\"noreferrer noopener\">Res. PPGEM 01\/2023<\/a> &#8211; Normas complementares para Exame de Qualifica\u00e7\u00e3o (Altera 04\/2018)<\/li>\n<\/ul>\n\n\n\n<h5 class=\"wp-block-heading\">2020<\/h5>\n\n\n\n<ul class=\"wp-block-list\">\n<li><a href=\"https:\/\/sigaa.ufpb.br\/sigaa\/verProducao?idProducao=2151464&amp;key=7fa5b73e8afdb8e17966e6f9eec60583\" target=\"_blank\" rel=\"noreferrer noopener\">Res. PPGEM 06\/2020<\/a> &#8211; Atividades acad\u00eamicas (Altera 13\/2019)<\/li>\n\n\n\n<li><a href=\"https:\/\/sig-arq.ufpb.br\/arquivos\/2020169155de8d2719885e4a8b1992532\/01_2020_PPGEM_norma_credenciamento_docente_final.pdf\" target=\"_blank\" rel=\"noreferrer noopener\">Res. PPGEM 01\/2020<\/a> &#8211; Credenciamento de docentes <\/li>\n<\/ul>\n\n\n\n<h5 class=\"wp-block-heading\">2019<\/h5>\n\n\n\n<ul class=\"wp-block-list\">\n<li><a href=\"https:\/\/sig-arq.ufpb.br\/arquivos\/2019213054e91a12872938957f30b5909\/RESOLUO_no_01_2019_-_PPGEM_-_normas_coorientao.pdf\" target=\"_blank\" rel=\"noreferrer noopener\">Res. PPGEM 01\/2019<\/a> &#8211; Coorienta\u00e7\u00e3o<\/li>\n<\/ul>\n\n\n\n<h5 class=\"wp-block-heading\">2018<\/h5>\n\n\n\n<ul class=\"wp-block-list\">\n<li><a href=\"https:\/\/sigaa.ufpb.br\/sigaa\/verProducao?idProducao=1099762&amp;key=471e49d3ecd6749e91b9d5083d5f1a92\" target=\"_blank\" rel=\"noreferrer noopener\">Res. PPGEM 03\/2018<\/a> &#8211; Comiss\u00e3o de Bolsas<\/li>\n\n\n\n<li><a href=\"https:\/\/sigaa.ufpb.br\/sigaa\/verProducao?idProducao=1099766&amp;key=f10684e1a257e2fae33f7904c4c2e5d6\" target=\"_blank\" rel=\"noreferrer noopener\">Res. PPGEM 04\/2018<\/a> &#8211; Exame de Qualifica\u00e7\u00e3o<\/li>\n\n\n\n<li><a href=\"https:\/\/sigaa.ufpb.br\/sigaa\/verProducao?idProducao=1099768&amp;key=7e2b9f0a3dc4395cd90a0a26f030b2c8\" target=\"_blank\" rel=\"noreferrer noopener\">Res. PPGEM 05\/2018<\/a> &#8211; Trabalhos Finais<\/li>\n<\/ul>\n\n\n\n<p><\/p>\n\n\n\n<h4 class=\"wp-block-heading\">CONSEPE<\/h4>\n\n\n\n<p>Resolu\u00e7\u00f5es aprovadas pelo CONSEPE sobre o Regimento Interno do PPGEM e mat\u00e9rias relacionadas.<\/p>\n\n\n\n<h5 class=\"wp-block-heading\">Regimento Interno do PPGEM<\/h5>\n\n\n\n<ul class=\"wp-block-list\">\n<li><a href=\"https:\/\/sigaa.ufpb.br\/sigaa\/verProducao?idProducao=1363170&amp;key=d1054b8724321140160a424a6a321de0\" target=\"_blank\" rel=\"noreferrer noopener\">Res. CONSEPE 13\/2019<\/a> &#8211; Regimento do PPGEM <strong>(vigente)<\/strong><\/li>\n<\/ul>\n\n\n\n<h5 class=\"wp-block-heading\">Outros Assuntos<\/h5>\n\n\n\n<ul class=\"wp-block-list\">\n<li><a href=\"https:\/\/sig-arq.ufpb.br\/arquivos\/20250640179e9675472244768231b68f9\/Resoluo_Consepe_n.18.2025_Estgio_No_Obrigatrio_na_Ps-graduao.pdf\">Res. CONSEPE 18\/2025<\/a> &#8211; Est\u00e1gio n\u00e3o obrigat\u00f3rio para Programas de P\u00f3s-Gradua\u00e7\u00e3o <em>Stricto Sensu<\/em><\/li>\n\n\n\n<li><a href=\"https:\/\/sig-arq.ufpb.br\/arquivos\/20252140097e3e7153222c076199bc33f\/res-consepe-54-2024-novo-rgpg.pdf\" target=\"_blank\" rel=\"noreferrer noopener\">Res. CONSEPE 54\/2024<\/a> &#8211; Novo Regulamento Geral dos Programas de P\u00f3s-Gradua\u00e7\u00e3o <em>Stricto Sensu<\/em> (RGPG)<strong> (vigente)<\/strong><\/li>\n\n\n\n<li><a href=\"https:\/\/sig-arq.ufpb.br\/arquivos\/2024020231273767088255f6510bf1866\/Resoluo_Consepe_n_06.2024_1.pdf\" target=\"_blank\" rel=\"noreferrer noopener\">Res. CONSEPE 06\/2024<\/a> &#8211; Ac\u00famulo de bolsas com atividade remunerada<\/li>\n\n\n\n<li><a href=\"https:\/\/sigaa.ufpb.br\/sigaa\/verProducao?idProducao=4902850&amp;key=b2a1648163c26e1cc82d38a17745649f\" target=\"_blank\" rel=\"noreferrer noopener\">Res. CONSEPE 23\/2022<\/a> &#8211; Prorroga\u00e7\u00e3o excepcional &#8211; pandemia da Covid-19<\/li>\n\n\n\n<li><a href=\"https:\/\/sigaa.ufpb.br\/sigaa\/verProducao?idProducao=6367436&amp;key=b035c14bdb84fccea3de3d893aa64631\" target=\"_blank\" rel=\"noreferrer noopener\">Res. CONSEPE 53\/2019<\/a> &#8211; \u00c9tica e Integridade na atividade acad\u00eamica e cient\u00edfica<\/li>\n\n\n\n<li><a href=\"https:\/\/sig-arq.ufpb.br\/arquivos\/202419919049e3651400706792c4ffe03\/resolucao-consepe-58-2016-acoes-afirmativas-pos.pdf\" target=\"_blank\" rel=\"noreferrer noopener\">Res. CONSEPE 58\/2016<\/a> &#8211; A\u00e7\u00f5es afirmativas<\/li>\n\n\n\n<li><a href=\"https:\/\/sigaa.ufpb.br\/sigaa\/verProducao?idProducao=786960&amp;key=126aed793fcc01fa370172be01158ece\" target=\"_blank\" rel=\"noreferrer noopener\">Res. CONSEPE 34\/2014<\/a> &#8211; Emendas \u00e0 79\/2013 (vigente sob disp. transit\u00f3rias; ver 54\/2024)<\/li>\n\n\n\n<li><a href=\"https:\/\/sigaa.ufpb.br\/sigaa\/verProducao?idProducao=6426162&amp;key=33cf2602b408ec8a74f42c70c1e5f7bf\" target=\"_blank\" rel=\"noreferrer noopener\">Res. CONSEPE 52\/2014<\/a> &#8211; Est\u00e1gio p\u00f3s-doutoral na UFPB<\/li>\n\n\n\n<li><a href=\"https:\/\/sigaa.ufpb.br\/sigaa\/verProducao?idProducao=4902864&amp;key=be2b3224488eef50ba9b69c1e0a21792\" target=\"_blank\" rel=\"noreferrer noopener\">Res. CONSEPE 79\/2013<\/a> &#8211; RGPG (vigente sob disp. transit\u00f3rias; ver 54\/2024)<\/li>\n<\/ul>\n\n\n\n<h3 class=\"wp-block-heading\">Reitoria<\/h3>\n\n\n\n<h4 class=\"wp-block-heading\"><strong>Instru\u00e7\u00f5es Normativas<\/strong><\/h4>\n\n\n\n<h5 class=\"wp-block-heading\">2014<\/h5>\n\n\n\n<ul class=\"wp-block-list\">\n<li><a href=\"https:\/\/sig-arq.ufpb.br\/arquivos\/2018097125c44f808217551c4b664c9b\/INSTRUCAO_NORMATIVA_01_2014.PDF\">Instru\u00e7\u00e3o Normativa N\u00ba 1\/2014\/GAB\/REITORIA<\/a> &#8211; solicita\u00e7\u00e3o, autoriza\u00e7\u00e3o, concess\u00e3o, pagamento e presta\u00e7\u00e3o de contas de di\u00e1rias e passagens no \u00e2mbito da UFPB.<\/li>\n<\/ul>\n\n\n\n<h2 class=\"wp-block-heading\"><div class=\"linha-header\">Externos<\/div><\/h2>\n\n\n\n<p>Esta se\u00e7\u00e3o inclui o corpus normativo de atos executados por \u00f3rg\u00e3os externos, isto \u00e9, n\u00e3o pertencentes \u00e0 estrutura da UFPB. <\/p>\n\n\n\n<h3 class=\"wp-block-heading\">CAPES<\/h3>\n\n\n\n<h5 class=\"wp-block-heading\">2024<\/h5>\n\n\n\n<ul class=\"wp-block-list\">\n<li><a href=\"https:\/\/cad.capes.gov.br\/ato-administrativo-detalhar?idAtoAdmElastic=16203\" target=\"_blank\" rel=\"noreferrer noopener\">Portaria N\u00ba 282\/2024\/CAPES<\/a>: [P\u00f3s-Doutorado] Institui e regulamenta o Programa Institucional de P\u00f3s-Doutorado &#8211; PIPD<\/li>\n\n\n\n<li><a href=\"https:\/\/cad.capes.gov.br\/ato-administrativo-detalhar?idAtoAdmElastic=14364\">Portaria N\u00ba 80\/2024\/CAPES<\/a>: [Bolsas de Estudo] Crit\u00e9rios para distribui\u00e7\u00e3o de bolsas DS de mar\/2024 a fev\/2025.<\/li>\n<\/ul>\n\n\n\n<h5 class=\"wp-block-heading\">2023<\/h5>\n\n\n\n<ul class=\"wp-block-list\">\n<li><a href=\"https:\/\/cad.capes.gov.br\/ato-administrativo-detalhar?idAtoAdmElastic=13822#anchor\">Portaria N\u00ba 287\/2023\/CAPES<\/a>: [Bolsas de Estudo] Pol\u00edtica de nova\u00e7\u00e3o para bolsistas e ex-bolsistas no exterior.<\/li>\n\n\n\n<li><a href=\"https:\/\/cad.capes.gov.br\/ato-administrativo-detalhar?idAtoAdmElastic=13124\" target=\"_blank\" rel=\"noreferrer noopener\">Portaria N\u00ba 187\/2023\/CAPES<\/a>: [Bolsas de Estudo] Ac\u00famulo de bolsas ME\/DO\/p\u00f3s-doc concedidas pela CAPES no exterior com atividade remunerada (Altera 133\/2023).<\/li>\n\n\n\n<li><a href=\"https:\/\/sig-arq.ufpb.br\/arquivos\/20240531946f6d68029052dc5480f0bf8\/Portaria_n_133_de_10_de_Julho_de_2023.pdf\" data-type=\"link\" data-id=\"https:\/\/sig-arq.ufpb.br\/arquivos\/20240531946f6d68029052dc5480f0bf8\/Portaria_n_133_de_10_de_Julho_de_2023.pdf\" target=\"_blank\" rel=\"noreferrer noopener\">Portaria N\u00ba 133\/2023\/CAPES<\/a>: [Bolsas de Estudo] Ac\u00famulo de bolsas ME\/DO\/p\u00f3s-doc concedidas pela CAPES no pa\u00eds com atividade remunerada.<\/li>\n\n\n\n<li><a href=\"https:\/\/sig-arq.ufpb.br\/arquivos\/2024055030415d6802880b58bcf2826fc\/Portaria_n_79_de_28_de_Abril_de_2023.pdf\" target=\"_blank\" rel=\"noreferrer noopener\">Portaria N\u00ba 79\/2023\/CAPES<\/a>: [Bolsas de Estudo] Revoga necessidade de bolsista residir na cidade do curso.<\/li>\n<\/ul>\n\n\n\n<h5 class=\"wp-block-heading\">2022<\/h5>\n\n\n\n<ul class=\"wp-block-list\">\n<li><a href=\"https:\/\/sig-arq.ufpb.br\/arquivos\/20242421675a2968028454fab71219799\/Portaria_n_73_de_6_de_Abril_de_2022.pdf\" target=\"_blank\" rel=\"noreferrer noopener\">Portaria N\u00ba 73\/2022\/CAPES<\/a>: [Bolsas de Estudo] Cotas de bolsa de pr\u00f3-reitoria e crit\u00e9rios de distribui\u00e7\u00e3o.<\/li>\n<\/ul>\n\n\n\n<h5 class=\"wp-block-heading\">2020<\/h5>\n\n\n\n<ul class=\"wp-block-list\">\n<li><a href=\"https:\/\/sig-arq.ufpb.br\/arquivos\/20241422122f4f68028407a4f2cbdcaf1\/Portaria_n_20_de_20_de_Fevereiro_de_2020.pdf\" target=\"_blank\" rel=\"noreferrer noopener\">Portaria N\u00ba 20\/2020\/CAPES<\/a>: [Bolsas de Estudo] Crit\u00e9rios bolsas DS de mar\/2020 a fev\/2021 e outras provid\u00eancias.<\/li>\n<\/ul>\n\n\n\n<h5 class=\"wp-block-heading\">2011<\/h5>\n\n\n\n<ul class=\"wp-block-list\">\n<li><a href=\"https:\/\/sig-arq.ufpb.br\/arquivos\/2024006212e28b6802811de3f80048f92\/leg_portaria-248-licenca_maternidade.pdf\" target=\"_blank\" rel=\"noreferrer noopener\">Portaria N\u00ba 248\/2011\/CAPES<\/a>: [Bolsas de Estudo] Prorroga\u00e7\u00e3o de bolsas por 4 meses em fun\u00e7\u00e3o de maternidade.<\/li>\n<\/ul>\n\n\n\n<h5 class=\"wp-block-heading\">2010<\/h5>\n\n\n\n<ul class=\"wp-block-list\">\n<li><a href=\"https:\/\/sig-arq.ufpb.br\/arquivos\/2024099076bf0d6802790019db800e5de\/Portaria_n_76_de_14_de_Abril_de_2010.pdf\" target=\"_blank\" rel=\"noreferrer noopener\">Portaria N\u00ba 76\/2010\/CAPES<\/a>: [Bolsas de Estudo] Regulamento do Programa de Bolsas de Demanda Social &#8211; DS.<\/li>\n<\/ul>\n\n\n\n<h3 class=\"wp-block-heading\">CNPq<\/h3>\n\n\n\n<h5 class=\"wp-block-heading\">2024<\/h5>\n\n\n\n<ul class=\"wp-block-list\">\n<li><a href=\"http:\/\/memoria2.cnpq.br\/web\/guest\/view\/-\/journal_content\/56_INSTANCE_0oED\/10157\/21844364\" target=\"_blank\" rel=\"noreferrer noopener\">Res. N\u00ba 14\/2024<\/a>: [Di\u00e1rias] Altera valor de di\u00e1ria de aux\u00edlios individuais e bolsas do CNPq para R$ 380,00.<\/li>\n<\/ul>\n\n\n\n<h3 class=\"wp-block-heading\">Congresso Nacional<\/h3>\n\n\n\n<h5 class=\"wp-block-heading\">2024<\/h5>\n\n\n\n<ul class=\"wp-block-list\">\n<li><strong><small>&nbsp;<\/small><\/strong><a href=\"http:\/\/legislacao.planalto.gov.br\/legisla\/legislacao.nsf\/Viw_Identificacao\/lei%2014.925-2024?OpenDocument\">Lei N\u00ba 14.925\/2024<\/a> [Bolsas de Estudo] Disp\u00f5e sobre a prorroga\u00e7\u00e3o dos prazos de conclus\u00e3o de cursos ou de programas para estudantes e pesquisadores da educa\u00e7\u00e3o superior, em virtude de parto, de nascimento de filho, de ado\u00e7\u00e3o ou de obten\u00e7\u00e3o de guarda judicial para fins de ado\u00e7\u00e3o; e altera a Lei n\u00ba 13.536, de 15 de dezembro de 2017, para disciplinar a prorroga\u00e7\u00e3o dos prazos de vig\u00eancia das bolsas de estudo.<\/li>\n<\/ul>\n\n\n\n<h5 class=\"wp-block-heading\">2017<\/h5>\n\n\n\n<ul class=\"wp-block-list\">\n<li><a href=\"http:\/\/legislacao.planalto.gov.br\/legisla\/legislacao.nsf\/Viw_Identificacao\/lei%2013.536-2017?OpenDocument\">Lei N\u00ba 13.536\/2017<\/a>: [Bolsas de Estudo] Disp\u00f5e sobre a prorroga\u00e7\u00e3o dos prazos de vig\u00eancia das bolsas de estudo concedidas por ag\u00eancias de fomento \u00e0 pesquisa nos casos de maternidade e de ado\u00e7\u00e3o.<\/li>\n<\/ul>\n\n\n\n<h3 class=\"wp-block-heading\"><strong>FAPESQ<\/strong><\/h3>\n\n\n\n<h5 class=\"wp-block-heading\">2024<\/h5>\n\n\n\n<ul class=\"wp-block-list\">\n<li><a href=\"https:\/\/fapesq.rpp.br\/manual\" target=\"_blank\" rel=\"noreferrer noopener\">Manual de Bolsas<\/a>: modalidades, objetivos, benef\u00edcios, requisitos, orienta\u00e7\u00f5es e regras do Programa de Bolsas da FAPESQ\/PB. <em>Obs.: este link redireciona para a p\u00e1gina &#8220;Manuais e Formul\u00e1rios&#8221; da FAPESQ, visto que o link para o manual pode ser alterad<\/em>o <em>em virtude de atualiza\u00e7\u00f5es peri\u00f3dicas no manual.<\/em> <em>\u00daltima vers\u00e3o consultada: <strong>abr\/2024.<\/strong><\/em><\/li>\n<\/ul>\n","protected":false},"excerpt":{"rendered":"<p>Encontre nesta p\u00e1gina o cat\u00e1logo dos principais documentos que formam o arcabou\u00e7o normativo das a\u00e7\u00f5es [&hellip;]<\/p>\n","protected":false},"author":47,"featured_media":0,"parent":0,"menu_order":0,"comment_status":"closed","ping_status":"closed","template":"","meta":{"footnotes":""},"class_list":["post-106","page","type-page","status-publish","hentry"],"_links":{"self":[{"href":"https:\/\/www.ct.ufpb.br\/ppgem\/wp-json\/wp\/v2\/pages\/106","targetHints":{"allow":["GET"]}}],"collection":[{"href":"https:\/\/www.ct.ufpb.br\/ppgem\/wp-json\/wp\/v2\/pages"}],"about":[{"href":"https:\/\/www.ct.ufpb.br\/ppgem\/wp-json\/wp\/v2\/types\/page"}],"author":[{"embeddable":true,"href":"https:\/\/www.ct.ufpb.br\/ppgem\/wp-json\/wp\/v2\/users\/47"}],"replies":[{"embeddable":true,"href":"https:\/\/www.ct.ufpb.br\/ppgem\/wp-json\/wp\/v2\/comments?post=106"}],"version-history":[{"count":56,"href":"https:\/\/www.ct.ufpb.br\/ppgem\/wp-json\/wp\/v2\/pages\/106\/revisions"}],"predecessor-version":[{"id":649,"href":"https:\/\/www.ct.ufpb.br\/ppgem\/wp-json\/wp\/v2\/pages\/106\/revisions\/649"}],"wp:attachment":[{"href":"https:\/\/www.ct.ufpb.br\/ppgem\/wp-json\/wp\/v2\/media?parent=106"}],"curies":[{"name":"wp","href":"https:\/\/api.w.org\/{rel}","templated":true}]}}