{"id":726,"date":"2026-04-13T13:12:21","date_gmt":"2026-04-13T16:12:21","guid":{"rendered":"https:\/\/www.ct.ufpb.br\/ppgcta\/?page_id=726"},"modified":"2026-05-12T15:17:15","modified_gmt":"2026-05-12T18:17:15","slug":"professor-visitante","status":"publish","type":"page","link":"https:\/\/www.ct.ufpb.br\/ppgcta\/professor-visitante\/","title":{"rendered":"Professor Visitante"},"content":{"rendered":"\n<p><a href=\"https:\/\/www.ct.ufpb.br\/ppgcta\/wp-content\/uploads\/sites\/139\/sites\/216\/2026\/05\/Resultado-da-prova-de-titulos-professor-Visitante.pdf\">Resultado da Prova de T\u00edtulos do Processo Seletivo de Professor Visitante 2026<\/a><\/p>\n\n\n\n<p><a href=\"https:\/\/www.ct.ufpb.br\/ppgcta\/wp-content\/uploads\/sites\/139\/sites\/216\/2026\/05\/Resultadol-das-inscricoes-apos-recursos-professor-Visitante.pdf\">Homologa\u00e7\u00e3o das Inscri\u00e7\u00f5es ap\u00f3s Recursos do Processo Seletivo de Professor Visitante 2026<\/a><\/p>\n\n\n\n<p><a href=\"https:\/\/www.ct.ufpb.br\/ppgcta\/wp-content\/uploads\/sites\/139\/sites\/216\/2026\/04\/Resultadol-das-inscricoes-professor-Visitante-2026.pdf\">Homologa\u00e7\u00e3o das Inscri\u00e7\u00f5es do Processo Seletivo de Professor Visitante 2026<\/a><\/p>\n\n\n\n<p><a href=\"https:\/\/www.ct.ufpb.br\/ppgcta\/wp-content\/uploads\/sites\/139\/sites\/216\/2026\/04\/Cronograma-Processo-Seletivo-Professor-Visitante.pdf\">Cronograma Complementar ao Edital N\u00ba46\/2026<\/a><\/p>\n\n\n\n<p><a href=\"https:\/\/www.ct.ufpb.br\/ppgcta\/wp-content\/uploads\/sites\/139\/sites\/216\/2026\/04\/EDITAL_46_PROCESSO_SELETIVO_SIMPLIFICADO_PROFESSOR_VISITANTE_RETIFICADO_I.pdf\">Edital N\u00ba 46\/2026 &#8211; Processo Seletivo Simplificado para Contrata\u00e7\u00e3o de Professor Visitante<\/a> <\/p>\n\n\n\n<p><a href=\"https:\/\/www.ct.ufpb.br\/ppgcta\/wp-content\/uploads\/sites\/139\/sites\/216\/2026\/04\/EDITAL_48_PROCESSO_SELETIVO_SIMPLIFICADO_PROFESSOR_VISITANTE_RETIFICACAO_I.pdf\">Edital N\u00ba 48\/2026 &#8211; Processo Seletivo Simplificado para Contrata\u00e7\u00e3o de Professor Visitante i Retificado<\/a><\/p>\n\n\n\n<p><a href=\"https:\/\/www.ct.ufpb.br\/ppgcta\/wp-content\/uploads\/sites\/139\/sites\/216\/2026\/04\/NOVOREQUERIMENTODEINSCRIOVISITANTE.docx\">Requerimento de Inscri\u00e7\u00e3o professor Visitante<\/a><\/p>\n\n\n\n<p><a href=\"https:\/\/www.ct.ufpb.br\/ppgcta\/wp-content\/uploads\/sites\/139\/sites\/216\/2026\/04\/TERMODEAUTODECLARAO1.doc\">Termo de Autodeclarar\u00e3o<\/a><\/p>\n\n\n\n<p><a href=\"https:\/\/www.ct.ufpb.br\/ppgcta\/wp-content\/uploads\/sites\/139\/sites\/216\/2026\/04\/APPLICATIONFORM.docx\">Application form<\/a><\/p>\n\n\n\n<p><a href=\"https:\/\/www.ct.ufpb.br\/ppgcta\/wp-content\/uploads\/sites\/139\/sites\/216\/2026\/04\/SELFDECLARATIONSTATEMENT.doc\">Self Declaration Statement<\/a><\/p>\n\n\n\n<p><\/p>\n","protected":false},"excerpt":{"rendered":"<p>Resultado da Prova de T\u00edtulos do Processo Seletivo de Professor Visitante 2026 Homologa\u00e7\u00e3o das Inscri\u00e7\u00f5es [&hellip;]<\/p>\n","protected":false},"author":285,"featured_media":0,"parent":0,"menu_order":0,"comment_status":"closed","ping_status":"closed","template":"","meta":{"footnotes":""},"class_list":["post-726","page","type-page","status-publish","hentry"],"_links":{"self":[{"href":"https:\/\/www.ct.ufpb.br\/ppgcta\/wp-json\/wp\/v2\/pages\/726","targetHints":{"allow":["GET"]}}],"collection":[{"href":"https:\/\/www.ct.ufpb.br\/ppgcta\/wp-json\/wp\/v2\/pages"}],"about":[{"href":"https:\/\/www.ct.ufpb.br\/ppgcta\/wp-json\/wp\/v2\/types\/page"}],"author":[{"embeddable":true,"href":"https:\/\/www.ct.ufpb.br\/ppgcta\/wp-json\/wp\/v2\/users\/285"}],"replies":[{"embeddable":true,"href":"https:\/\/www.ct.ufpb.br\/ppgcta\/wp-json\/wp\/v2\/comments?post=726"}],"version-history":[{"count":6,"href":"https:\/\/www.ct.ufpb.br\/ppgcta\/wp-json\/wp\/v2\/pages\/726\/revisions"}],"predecessor-version":[{"id":764,"href":"https:\/\/www.ct.ufpb.br\/ppgcta\/wp-json\/wp\/v2\/pages\/726\/revisions\/764"}],"wp:attachment":[{"href":"https:\/\/www.ct.ufpb.br\/ppgcta\/wp-json\/wp\/v2\/media?parent=726"}],"curies":[{"name":"wp","href":"https:\/\/api.w.org\/{rel}","templated":true}]}}