{"id":36,"date":"2023-08-01T12:50:00","date_gmt":"2023-08-01T15:50:00","guid":{"rendered":"https:\/\/www.ct.ufpb.br\/ppgcta2\/?page_id=36"},"modified":"2025-06-26T09:02:05","modified_gmt":"2025-06-26T12:02:05","slug":"composicao","status":"publish","type":"page","link":"https:\/\/www.ct.ufpb.br\/ppgcta\/composicao\/","title":{"rendered":"Composi\u00e7\u00e3o Colegiado"},"content":{"rendered":"\n<h6 class=\"wp-block-heading has-text-align-left\">A composi\u00e7\u00e3o abaixo est\u00e1 de acordo com o art. 5\u00ba, \u00a71\u00ba, da Resolu\u00e7\u00e3o n\u00ba 15\/2019\/Consepe, que disp\u00f5e sobre a Estrutura Acad\u00eamica dos Cursos de Mestrado e de Doutorado Acad\u00eamico do Programa de P\u00f3s-Gradua\u00e7\u00e3o Stricto Sensu em Ci\u00eancia e Tecnologia de Alimentos, sob a responsabilidade do Centro de Tecnologia da UFPB.<\/h6>\n\n\n\n<figure class=\"wp-block-table\"><table class=\"has-fixed-layout\"><tbody><tr><td><strong>Coordenadora<\/strong><\/td><td><strong>Vice-coordenador<\/strong><\/td><\/tr><tr><td>Profa. Dra. Taliana Kenia Alves Bezerra<\/td><td>Prof. Dr. Jos\u00e9 Evangelista Ribeiro<\/td><\/tr><\/tbody><\/table><\/figure>\n\n\n\n<p><strong>Representantes Docentes<\/strong><\/p>\n\n\n\n<p><\/p>\n\n\n\n<figure class=\"wp-block-table\"><table class=\"has-fixed-layout\"><tbody><tr><td><strong>Titulares<\/strong><\/td><td><strong>Suplentes<\/strong><\/td><\/tr><tr><td>Fl\u00e1vio Luiz Honorato da Silva<br>Ha\u00edssa Roberta Cardarelli<br>Marta Suely Madruga<br>Marcelo Barbosa Muniz<br>Normando Mendes Ribeiro filho<br>Marcos dos Santos Lima<\/td><td>Marciane Magnani<br>Jailane de Souza Aquino<br>F\u00e1bio Anderson Pereira da Silva<br>Juliana K\u00e9ssia Barbosa<br>Ant\u00f4nia L\u00facia de Souza<br>Maria In\u00eas Maciel Sucupira<\/td><\/tr><\/tbody><\/table><\/figure>\n\n\n\n<p><strong>Representantes T\u00e9cnico-Administrativos<\/strong><\/p>\n\n\n\n<figure class=\"wp-block-table\"><table class=\"has-fixed-layout\"><tbody><tr><td><strong>Titular<\/strong><\/td><td><strong>Suplente<\/strong><\/td><\/tr><tr><td>Fernanda Feitosa Duarte<\/td><td>Kibadan Leite Andrade<\/td><\/tr><\/tbody><\/table><\/figure>\n\n\n\n<p><strong>Representantes Discentes<\/strong><\/p>\n\n\n\n<figure class=\"wp-block-table\"><table class=\"has-fixed-layout\"><tbody><tr><td><strong>Doutorado<\/strong><\/td><td><strong>Mestrado<\/strong><\/td><\/tr><tr><td>Matheus Bezerra e Silva<\/td><td>Emanuel Marques da Silva<\/td><\/tr><\/tbody><\/table><\/figure>\n\n\n\n<p><\/p>\n","protected":false},"excerpt":{"rendered":"<p>A composi\u00e7\u00e3o abaixo est\u00e1 de acordo com o art. 5\u00ba, \u00a71\u00ba, da Resolu\u00e7\u00e3o n\u00ba 15\/2019\/Consepe, [&hellip;]<\/p>\n","protected":false},"author":63,"featured_media":0,"parent":0,"menu_order":0,"comment_status":"closed","ping_status":"closed","template":"","meta":{"footnotes":""},"class_list":["post-36","page","type-page","status-publish","hentry"],"_links":{"self":[{"href":"https:\/\/www.ct.ufpb.br\/ppgcta\/wp-json\/wp\/v2\/pages\/36","targetHints":{"allow":["GET"]}}],"collection":[{"href":"https:\/\/www.ct.ufpb.br\/ppgcta\/wp-json\/wp\/v2\/pages"}],"about":[{"href":"https:\/\/www.ct.ufpb.br\/ppgcta\/wp-json\/wp\/v2\/types\/page"}],"author":[{"embeddable":true,"href":"https:\/\/www.ct.ufpb.br\/ppgcta\/wp-json\/wp\/v2\/users\/63"}],"replies":[{"embeddable":true,"href":"https:\/\/www.ct.ufpb.br\/ppgcta\/wp-json\/wp\/v2\/comments?post=36"}],"version-history":[{"count":10,"href":"https:\/\/www.ct.ufpb.br\/ppgcta\/wp-json\/wp\/v2\/pages\/36\/revisions"}],"predecessor-version":[{"id":368,"href":"https:\/\/www.ct.ufpb.br\/ppgcta\/wp-json\/wp\/v2\/pages\/36\/revisions\/368"}],"wp:attachment":[{"href":"https:\/\/www.ct.ufpb.br\/ppgcta\/wp-json\/wp\/v2\/media?parent=36"}],"curies":[{"name":"wp","href":"https:\/\/api.w.org\/{rel}","templated":true}]}}