{"id":314,"date":"2025-06-16T12:11:27","date_gmt":"2025-06-16T15:11:27","guid":{"rendered":"https:\/\/www.ct.ufpb.br\/ppgcta2\/?page_id=314"},"modified":"2025-11-07T15:05:45","modified_gmt":"2025-11-07T18:05:45","slug":"coordenacao","status":"publish","type":"page","link":"https:\/\/www.ct.ufpb.br\/ppgcta\/coordenacao\/","title":{"rendered":"Coordena\u00e7\u00e3o"},"content":{"rendered":"\n<p><\/p>\n\n\n\n<p><strong>Coordenadora<\/strong>: Talina K\u00eania Alencar Bezerra<\/p>\n\n\n\n<p><strong>Vice- Coordenador<\/strong>: Jos\u00e9 Evangelista Ribeiro<\/p>\n\n\n\n<p><strong>Secret\u00e1rios<\/strong>: Fernanda Feitosa Duarte e Kibadan Leite Andrade<\/p>\n\n\n\n<p><\/p>\n\n\n\n<p><\/p>\n","protected":false},"excerpt":{"rendered":"<p>Coordenadora: Talina K\u00eania Alencar Bezerra Vice- Coordenador: Jos\u00e9 Evangelista Ribeiro Secret\u00e1rios: Fernanda Feitosa Duarte e [&hellip;]<\/p>\n","protected":false},"author":276,"featured_media":0,"parent":0,"menu_order":0,"comment_status":"closed","ping_status":"closed","template":"","meta":{"footnotes":""},"class_list":["post-314","page","type-page","status-publish","hentry"],"_links":{"self":[{"href":"https:\/\/www.ct.ufpb.br\/ppgcta\/wp-json\/wp\/v2\/pages\/314","targetHints":{"allow":["GET"]}}],"collection":[{"href":"https:\/\/www.ct.ufpb.br\/ppgcta\/wp-json\/wp\/v2\/pages"}],"about":[{"href":"https:\/\/www.ct.ufpb.br\/ppgcta\/wp-json\/wp\/v2\/types\/page"}],"author":[{"embeddable":true,"href":"https:\/\/www.ct.ufpb.br\/ppgcta\/wp-json\/wp\/v2\/users\/276"}],"replies":[{"embeddable":true,"href":"https:\/\/www.ct.ufpb.br\/ppgcta\/wp-json\/wp\/v2\/comments?post=314"}],"version-history":[{"count":5,"href":"https:\/\/www.ct.ufpb.br\/ppgcta\/wp-json\/wp\/v2\/pages\/314\/revisions"}],"predecessor-version":[{"id":513,"href":"https:\/\/www.ct.ufpb.br\/ppgcta\/wp-json\/wp\/v2\/pages\/314\/revisions\/513"}],"wp:attachment":[{"href":"https:\/\/www.ct.ufpb.br\/ppgcta\/wp-json\/wp\/v2\/media?parent=314"}],"curies":[{"name":"wp","href":"https:\/\/api.w.org\/{rel}","templated":true}]}}