{"id":276,"date":"2025-06-06T09:28:15","date_gmt":"2025-06-06T12:28:15","guid":{"rendered":"https:\/\/www.ct.ufpb.br\/ppgcta2\/?page_id=276"},"modified":"2025-06-27T11:15:13","modified_gmt":"2025-06-27T14:15:13","slug":"colaboracao-internacional","status":"publish","type":"page","link":"https:\/\/www.ct.ufpb.br\/ppgcta\/colaboracao-internacional\/","title":{"rendered":"Colabora\u00e7\u00e3o Internacional"},"content":{"rendered":"\n<ul class=\"wp-block-list\"><\/ul>\n\n\n\n<p><strong>ESPANHA<\/strong><\/p>\n\n\n\n<ul class=\"wp-block-list\">\n<li>Universidad de Extremadura (co-tutela, mobilidade, miss\u00f5es)<\/li>\n\n\n\n<li>Universidad de Zaragoza<\/li>\n\n\n\n<li>University of Lleida<\/li>\n\n\n\n<li>Agrotecnio \u2013 CERCA Center<\/li>\n\n\n\n<li>Universidad de Sevilla<\/li>\n\n\n\n<li>University of Vigo<\/li>\n\n\n\n<li>Campus Iberus (cons\u00f3rcio de universidades espanholas)<\/li>\n\n\n\n<li>Instituto do Aragon 2<\/li>\n<\/ul>\n\n\n\n<p><strong>FRAN\u00c7A<\/strong><\/p>\n\n\n\n<ul class=\"wp-block-list\">\n<li>Universit\u00e9 Claude Bernard Lyon 1 (co-tutela, miss\u00f5es, projetos CAPES-COFECUB)<\/li>\n\n\n\n<li>Universidade Sorbonne (Paris)<\/li>\n\n\n\n<li>Universit\u00e9 de Lyon<\/li>\n\n\n\n<li>Institut Jacques Cartier<\/li>\n\n\n\n<li>ESA \u2013 European Space Agency<\/li>\n<\/ul>\n\n\n\n<p><strong>IT\u00c1LIA<\/strong><\/p>\n\n\n\n<ul class=\"wp-block-list\">\n<li>Universit\u00e0 di Torino (Universidade de Turim)<\/li>\n\n\n\n<li>Universit\u00e0 degli Studi di Milano<\/li>\n\n\n\n<li>Universit\u00e4t Padova (UNIPD)<\/li>\n<\/ul>\n\n\n\n<p><strong>PORTUGAL<\/strong><\/p>\n\n\n\n<ul class=\"wp-block-list\">\n<li>Universidade Cat\u00f3lica Portuguesa<\/li>\n\n\n\n<li>Universidade do Porto<\/li>\n\n\n\n<li>Universidade de Lisboa<\/li>\n\n\n\n<li>Universidade do Minho<\/li>\n\n\n\n<li>Universidade de Tr\u00e1s-os-Montes e Alto Douro<\/li>\n\n\n\n<li>Instituto Polit\u00e9cnico de Bragan\u00e7a<\/li>\n\n\n\n<li>Universidade de Coimbra<\/li>\n\n\n\n<li>Escola Superior de Biotecnologia<\/li>\n<\/ul>\n\n\n\n<p><strong>ESTADOS UNIDOS<\/strong><\/p>\n\n\n\n<ul class=\"wp-block-list\">\n<li>University of Illinois at Chicago<\/li>\n\n\n\n<li>University of Florida<\/li>\n\n\n\n<li>Loyola University Chicago<\/li>\n\n\n\n<li>University of California<\/li>\n\n\n\n<li>University of Chicago<\/li>\n\n\n\n<li>Stockton University<\/li>\n\n\n\n<li>Michigan State University<\/li>\n\n\n\n<li>University of Minnesota<\/li>\n\n\n\n<li>The Ohio State University<\/li>\n\n\n\n<li>Rutgers University \u2013 The State University of New Jersey<\/li>\n\n\n\n<li>Cambridge Health Alliance<\/li>\n\n\n\n<li>Food and Drug Administration (FDA)<\/li>\n<\/ul>\n\n\n\n<p><strong>ALEMANHA<\/strong><\/p>\n\n\n\n<ul class=\"wp-block-list\">\n<li>Universidade T\u00e9cnica de Berlim (TU Berlin)<\/li>\n\n\n\n<li>Medizinische Fakult\u00e4t Heidelberg<\/li>\n\n\n\n<li>Institut f\u00fcr Infektionsmedizin<\/li>\n<\/ul>\n\n\n\n<p><strong>REINO UNIDO\/INGLATERRA<\/strong><\/p>\n\n\n\n<ul class=\"wp-block-list\">\n<li>Heriot-Watt University<\/li>\n\n\n\n<li>University of Nottingham<\/li>\n<\/ul>\n\n\n\n<p><strong>IRLANDA<\/strong><\/p>\n\n\n\n<ul class=\"wp-block-list\">\n<li>University College Dublin<\/li>\n<\/ul>\n\n\n\n<p><strong>CANAD\u00c1<\/strong><\/p>\n\n\n\n<ul class=\"wp-block-list\">\n<li>Universit\u00e9 de Montr\u00e9al<\/li>\n\n\n\n<li>Instituto Jacques Cartier<\/li>\n\n\n\n<li>University of Alberta<\/li>\n<\/ul>\n\n\n\n<p><strong>M\u00c9XICO<\/strong><\/p>\n\n\n\n<ul class=\"wp-block-list\">\n<li>Universidad de Guadalajara<\/li>\n\n\n\n<li>Universidad Aut\u00f3noma Metropolitana<\/li>\n\n\n\n<li>Instituto Superior Tecnol\u00f3gico de Tac\u00e1mbaro<\/li>\n\n\n\n<li>Instituto Mexicano del Seguro Social<\/li>\n\n\n\n<li>Universidad Aut\u00f3noma de Zacatecas<\/li>\n<\/ul>\n\n\n\n<p><strong>PERU<\/strong><\/p>\n\n\n\n<ul class=\"wp-block-list\">\n<li>Universidad Nacional Agraria La Molina<\/li>\n<\/ul>\n\n\n\n<p><strong>COL\u00d4MBIA<\/strong><\/p>\n\n\n\n<ul class=\"wp-block-list\">\n<li>Universidad de Antioquia<\/li>\n<\/ul>\n\n\n\n<p><strong>VENEZUELA<\/strong><\/p>\n\n\n\n<ul class=\"wp-block-list\">\n<li>Universidad del Zulia<\/li>\n<\/ul>\n\n\n\n<p><strong>CHILE<\/strong><\/p>\n\n\n\n<ul class=\"wp-block-list\">\n<li>Universidad del B\u00edo-B\u00edo<\/li>\n\n\n\n<li>Universidad San Sebasti\u00e1n (San Sebastian University)<\/li>\n<\/ul>\n\n\n\n<p><strong>ARGENTINA<\/strong><\/p>\n\n\n\n<ul class=\"wp-block-list\">\n<li>Universidad Nacional del Litoral<\/li>\n\n\n\n<li>Universidad Nacional del Sur (UNS)<\/li>\n<\/ul>\n\n\n\n<p><strong>AUSTR\u00c1LIA<\/strong><\/p>\n\n\n\n<ul class=\"wp-block-list\">\n<li>The University of Queensland (UQ)<\/li>\n<\/ul>\n\n\n\n<p><strong>S\u00c9RVIA<\/strong><\/p>\n\n\n\n<ul class=\"wp-block-list\">\n<li>University of Belgrade<\/li>\n<\/ul>\n\n\n\n<p><strong>PARAGUAI<\/strong><\/p>\n\n\n\n<ul class=\"wp-block-list\">\n<li>Universidad Nacional de San Lorenzo<\/li>\n<\/ul>\n\n\n\n<p><strong>EGITO<\/strong><\/p>\n\n\n\n<ul class=\"wp-block-list\">\n<li>Cairo University<\/li>\n<\/ul>\n\n\n\n<p><strong>BENIN (\u00c1FRICA)<\/strong><\/p>\n\n\n\n<ul class=\"wp-block-list\">\n<li>Miss\u00e3o t\u00e9cnica do projeto BRA\/13\/008 S375 (parceria com a Ag\u00eancia Brasileira de Coopera\u00e7\u00e3o)<\/li>\n<\/ul>\n\n\n\n<p><\/p>\n","protected":false},"excerpt":{"rendered":"<p>ESPANHA FRAN\u00c7A IT\u00c1LIA PORTUGAL ESTADOS UNIDOS ALEMANHA REINO UNIDO\/INGLATERRA IRLANDA CANAD\u00c1 M\u00c9XICO PERU COL\u00d4MBIA VENEZUELA [&hellip;]<\/p>\n","protected":false},"author":63,"featured_media":0,"parent":0,"menu_order":0,"comment_status":"closed","ping_status":"closed","template":"","meta":{"footnotes":""},"class_list":["post-276","page","type-page","status-publish","hentry"],"_links":{"self":[{"href":"https:\/\/www.ct.ufpb.br\/ppgcta\/wp-json\/wp\/v2\/pages\/276","targetHints":{"allow":["GET"]}}],"collection":[{"href":"https:\/\/www.ct.ufpb.br\/ppgcta\/wp-json\/wp\/v2\/pages"}],"about":[{"href":"https:\/\/www.ct.ufpb.br\/ppgcta\/wp-json\/wp\/v2\/types\/page"}],"author":[{"embeddable":true,"href":"https:\/\/www.ct.ufpb.br\/ppgcta\/wp-json\/wp\/v2\/users\/63"}],"replies":[{"embeddable":true,"href":"https:\/\/www.ct.ufpb.br\/ppgcta\/wp-json\/wp\/v2\/comments?post=276"}],"version-history":[{"count":3,"href":"https:\/\/www.ct.ufpb.br\/ppgcta\/wp-json\/wp\/v2\/pages\/276\/revisions"}],"predecessor-version":[{"id":399,"href":"https:\/\/www.ct.ufpb.br\/ppgcta\/wp-json\/wp\/v2\/pages\/276\/revisions\/399"}],"wp:attachment":[{"href":"https:\/\/www.ct.ufpb.br\/ppgcta\/wp-json\/wp\/v2\/media?parent=276"}],"curies":[{"name":"wp","href":"https:\/\/api.w.org\/{rel}","templated":true}]}}