{"id":255,"date":"2025-05-27T10:40:33","date_gmt":"2025-05-27T13:40:33","guid":{"rendered":"https:\/\/www.ct.ufpb.br\/ppgcta2\/?page_id=255"},"modified":"2025-08-06T11:35:15","modified_gmt":"2025-08-06T14:35:15","slug":"infraestrutura","status":"publish","type":"page","link":"https:\/\/www.ct.ufpb.br\/ppgcta\/infraestrutura\/","title":{"rendered":"Infraestrutura"},"content":{"rendered":"\n<ul class=\"wp-block-list\">\n<li><strong><a href=\"https:\/\/www.ct.ufpb.br\/ppgcta\/wp-content\/uploads\/sites\/139\/sites\/216\/2025\/08\/Laboratorio-de-Nutricao-Experimental-LANEX.pdf\">Laborat\u00f3rio de Nutri\u00e7\u00e3o Experimental &#8211; LANEX<\/a><\/strong><\/li>\n<\/ul>\n\n\n\n<ul class=\"wp-block-list\">\n<li><a href=\"https:\/\/www.ct.ufpb.br\/ppgcta\/wp-content\/uploads\/sites\/139\/sites\/216\/2025\/08\/Laboratorio-de-Bioengenharia-\u2013-LABIO-Prof-flavio.pdf\">Laborat\u00f3rio de Bioengenharia \u2013 LABIO<\/a><\/li>\n<\/ul>\n\n\n\n<ul class=\"wp-block-list\">\n<li><a href=\"https:\/\/www.ct.ufpb.br\/ppgcta\/wp-content\/uploads\/sites\/139\/sites\/216\/2025\/08\/Laboratorio-de-Cromatografia-e-Espectrometria-LACE-Fabio.pdf\">Laborat\u00f3rio de Cromatografia e Espectrometria &#8211; LACE<\/a><\/li>\n<\/ul>\n\n\n\n<ul class=\"wp-block-list\">\n<li><a href=\"https:\/\/www.ct.ufpb.br\/ppgcta\/wp-content\/uploads\/sites\/139\/sites\/216\/2025\/08\/Laboratorio-de-Biotecnologia-LB-Haissa.pdf\">Laborat\u00f3rio de Biotecnologia &#8211; LB<\/a><\/li>\n<\/ul>\n\n\n\n<ul class=\"wp-block-list\">\n<li><a href=\"https:\/\/www.ct.ufpb.br\/ppgcta\/wp-content\/uploads\/sites\/139\/sites\/216\/2025\/08\/Laboratorio-de-Flavor-LAF-profa-Marta.pdf\">Laborat\u00f3rio de Flavor &#8211; LAF<\/a><\/li>\n<\/ul>\n\n\n\n<ul class=\"wp-block-list\">\n<li><a href=\"https:\/\/www.ct.ufpb.br\/ppgcta\/wp-content\/uploads\/sites\/139\/sites\/216\/2025\/08\/O-Laboratorio-de-Analise-Quimica-de-Alimentos-LAQA-profa-Marta.pdf\">O Laborat\u00f3rio de An\u00e1lise Qu\u00edmica de Alimentos &#8211; LAQA<\/a><\/li>\n<\/ul>\n\n\n\n<ul class=\"wp-block-list\">\n<li><strong><a href=\"https:\/\/www.ct.ufpb.br\/ppgcta\/wp-content\/uploads\/sites\/139\/sites\/216\/2025\/08\/Laboratorio-Multiusuario-de-Qualidade-de-Alimentos-LMQA-Taliana-1.pdf\">Laborat\u00f3rio Multiusu\u00e1rio de Qualidade de Alimentos &#8211; LMQA<\/a><\/strong><\/li>\n<\/ul>\n\n\n\n<ul class=\"wp-block-list\">\n<li><strong><a href=\"https:\/\/www.ct.ufpb.br\/ppgcta\/wp-content\/uploads\/sites\/139\/sites\/216\/2025\/08\/Laboratorio-de-Processamento-de-Leite-e-Derivados-LPLD-Taliana.pdf\">Laborat\u00f3rio de Processamento de Leite e Derivados &#8211; LPLD<\/a><\/strong><\/li>\n<\/ul>\n\n\n\n<ul class=\"wp-block-list\">\n<li><strong><a href=\"https:\/\/www.ct.ufpb.br\/ppgcta\/wp-content\/uploads\/sites\/139\/sites\/216\/2025\/08\/Laboratorio-de-Apoio-LA-Taliana-.pdf\">Laborat\u00f3rio de Apoio &#8211; LA<\/a><\/strong><\/li>\n<\/ul>\n\n\n\n<p><\/p>\n","protected":false},"excerpt":{"rendered":"","protected":false},"author":276,"featured_media":0,"parent":0,"menu_order":0,"comment_status":"closed","ping_status":"closed","template":"","meta":{"footnotes":""},"class_list":["post-255","page","type-page","status-publish","hentry"],"_links":{"self":[{"href":"https:\/\/www.ct.ufpb.br\/ppgcta\/wp-json\/wp\/v2\/pages\/255","targetHints":{"allow":["GET"]}}],"collection":[{"href":"https:\/\/www.ct.ufpb.br\/ppgcta\/wp-json\/wp\/v2\/pages"}],"about":[{"href":"https:\/\/www.ct.ufpb.br\/ppgcta\/wp-json\/wp\/v2\/types\/page"}],"author":[{"embeddable":true,"href":"https:\/\/www.ct.ufpb.br\/ppgcta\/wp-json\/wp\/v2\/users\/276"}],"replies":[{"embeddable":true,"href":"https:\/\/www.ct.ufpb.br\/ppgcta\/wp-json\/wp\/v2\/comments?post=255"}],"version-history":[{"count":4,"href":"https:\/\/www.ct.ufpb.br\/ppgcta\/wp-json\/wp\/v2\/pages\/255\/revisions"}],"predecessor-version":[{"id":467,"href":"https:\/\/www.ct.ufpb.br\/ppgcta\/wp-json\/wp\/v2\/pages\/255\/revisions\/467"}],"wp:attachment":[{"href":"https:\/\/www.ct.ufpb.br\/ppgcta\/wp-json\/wp\/v2\/media?parent=255"}],"curies":[{"name":"wp","href":"https:\/\/api.w.org\/{rel}","templated":true}]}}