{"id":132,"date":"2025-04-03T08:39:30","date_gmt":"2025-04-03T11:39:30","guid":{"rendered":"https:\/\/www.ct.ufpb.br\/ppgcta2\/?page_id=132"},"modified":"2026-03-27T12:04:39","modified_gmt":"2026-03-27T15:04:39","slug":"documentos","status":"publish","type":"page","link":"https:\/\/www.ct.ufpb.br\/ppgcta\/documentos\/","title":{"rendered":"Documentos\/ Normas e Resolu\u00e7\u00f5es"},"content":{"rendered":"\n<p><\/p>\n\n\n\n<ul class=\"wp-block-list\">\n<li><a href=\"https:\/\/sigaa.ufpb.br\/sigaa\/verProducao?idProducao=7346975&amp;key=bfe121f2ec2b40abf966a95b5494b3db\" target=\"_blank\" rel=\"noreferrer noopener\">Disciplinas 2025.1<\/a><\/li>\n\n\n\n<li><a href=\"https:\/\/sigaa.ufpb.br\/sigaa\/verProducao?idProducao=7283196&amp;key=64a5391112b316469d9a204feb9cf5db\" target=\"_blank\" rel=\"noreferrer noopener\">Calend\u00e1rio Acad\u00eamico do PPGCTA &#8211; 2025<\/a><\/li>\n\n\n\n<li><a href=\"https:\/\/sigaa.ufpb.br\/sigaa\/verProducao?idProducao=7283199&amp;key=fe1e66aef045c8112a871e553ef012e2\" target=\"_blank\" rel=\"noreferrer noopener\">Calend\u00e1rio de Reuni\u00f5es do Colegiado 2025<\/a><\/li>\n\n\n\n<li><a href=\"https:\/\/sigaa.ufpb.br\/sigaa\/verProducao?idProducao=2171347&amp;key=c5433260d170f873063035e92dfdda5e\" target=\"_blank\" rel=\"noreferrer noopener\">Requerimento Geral<\/a><\/li>\n\n\n\n<li><a href=\"https:\/\/sigaa.ufpb.br\/sigaa\/verProducao?idProducao=2283771&amp;key=ffb46d61de5708aa22023550412418fd\" target=\"_blank\" rel=\"noreferrer noopener\">Requerimento de Aproveitamento de Cr\u00e9ditos<\/a><\/li>\n\n\n\n<li><a href=\"https:\/\/sigaa.ufpb.br\/sigaa\/verProducao?idProducao=2283776&amp;key=9140fe6548e3ed1c0c1849d716928151\" target=\"_blank\" rel=\"noreferrer noopener\">Requerimento de Aproveitamento de Disciplinas<\/a><\/li>\n\n\n\n<li><a href=\"https:\/\/sigaa.ufpb.br\/sigaa\/verProducao?idProducao=5274422&amp;key=805654ecea23c5ae9330dcfc037e6b32\" target=\"_blank\" rel=\"noreferrer noopener\">Disciplinas que fazem parte da Estrutura Acad\u00eamica do PPGCTA<\/a><\/li>\n\n\n\n<li><a href=\"https:\/\/sigaa.ufpb.br\/sigaa\/verProducao?idProducao=2603732&amp;key=ad31d7f339019955f1c7ca805747ab4d\" target=\"_blank\" rel=\"noreferrer noopener\">Solicita\u00e7\u00e3o de Prorroga\u00e7\u00e3o de QUALIFICA\u00c7\u00c3O de tese\/ disserta\u00e7\u00e3o (todos docs)<\/a><\/li>\n\n\n\n<li><a href=\"https:\/\/sigaa.ufpb.br\/sigaa\/verProducao?idProducao=2186872&amp;key=0123ab21db935f6cd71051e31334d125\" target=\"_blank\" rel=\"noreferrer noopener\">Solicita\u00e7\u00e3o de Prorroga\u00e7\u00e3o de Defesa de tese\/ disserta\u00e7\u00e3o (todos docs em anexo)<\/a><\/li>\n\n\n\n<li><a href=\"https:\/\/sigaa.ufpb.br\/sigaa\/verProducao?idProducao=3286988&amp;key=308b9951a3ce465967cc0570a29a2593\" target=\"_blank\" rel=\"noreferrer noopener\">Normas e Atesto bancas de Qualifica\u00e7\u00e3o-Defesa<\/a><\/li>\n\n\n\n<li><a href=\"https:\/\/sigaa.ufpb.br\/sigaa\/verProducao?idProducao=3286987&amp;key=e0bc8bbdb5edfc37537a44b0fa131d9e\" target=\"_blank\" rel=\"noreferrer noopener\">Formul\u00e1rio de Solicita\u00e7\u00e3o de Defesa de Disserta\u00e7\u00e3o\/Tese<\/a><\/li>\n\n\n\n<li><a href=\"https:\/\/sigaa.ufpb.br\/sigaa\/verProducao?idProducao=2171331&amp;key=9bc379c4784106d348caca8e0e960338\" target=\"_blank\" rel=\"noreferrer noopener\">Formul\u00e1rio para trancamento de disciplina<\/a><\/li>\n\n\n\n<li><a href=\"https:\/\/sigaa.ufpb.br\/sigaa\/verProducao?idProducao=3286999&amp;key=d01ea75ecef3ebd8814dab51a2461a3c\" target=\"_blank\" rel=\"noreferrer noopener\">Formul\u00e1rio Pedido de Exame de Qualificacao de Doutorado<\/a><\/li>\n\n\n\n<li><a href=\"https:\/\/sigaa.ufpb.br\/sigaa\/verProducao?idProducao=3286995&amp;key=0387fbd6cf1d9d47be9de1c77885ad31\" target=\"_blank\" rel=\"noreferrer noopener\">Formul\u00e1rio Pedido de Exame de Qualificacao de Mestrado<\/a><\/li>\n\n\n\n<li><a href=\"https:\/\/sigaa.ufpb.br\/sigaa\/verProducao?idProducao=3286997&amp;key=3286e72c000de40d5bc8aa67b3eb0f07\" target=\"_blank\" rel=\"noreferrer noopener\">Normas e Atesto bancas de Qualifica\u00e7\u00e3o-Defesa<\/a><\/li>\n\n\n\n<li><a href=\"https:\/\/www.ct.ufpb.br\/ppgcta\/wp-content\/uploads\/sites\/139\/sites\/216\/2025\/08\/Documentos_para_expedio_de_diploma__.pdf\" target=\"_blank\" rel=\"noreferrer noopener\">Rela\u00e7\u00e3o de documentos para Expedi\u00e7\u00e3o de Diploma<\/a><\/li>\n\n\n\n<li><a href=\"https:\/\/sigaa.ufpb.br\/sigaa\/verProducao?idProducao=2171326&amp;key=9708f5183d3dfa4bc9d3ac34702c7dae\" target=\"_blank\" rel=\"noreferrer noopener\">Formulario de Matricula de Est\u00e1gio a Doc\u00eancia<\/a><\/li>\n\n\n\n<li><a href=\"https:\/\/sigaa.ufpb.br\/sigaa\/verProducao?idProducao=2171317&amp;key=394cf09bca8cfbe1e1ebc8759b1972f3\" target=\"_blank\" rel=\"noreferrer noopener\">Formul\u00e1rio de Avalia\u00e7\u00e3o de Estagio Doc\u00eancia<\/a><\/li>\n\n\n\n<li><a href=\"https:\/\/sigaa.ufpb.br\/sigaa\/verProducao?idProducao=2171343&amp;key=5cf1a680d438c624b4d5f2e7527fc393\" target=\"_blank\" rel=\"noreferrer noopener\">Solicita\u00e7\u00e3o de Co orienta\u00e7\u00e3o (todos documentos em anexo)<\/a><\/li>\n\n\n\n<li><a href=\"https:\/\/sigaa.ufpb.br\/sigaa\/verProducao?idProducao=3393773&amp;key=e46b252f57aea207009c508e71268479\" target=\"_blank\" rel=\"noreferrer noopener\">Manual de Autodep\u00f3sito<\/a><\/li>\n\n\n\n<li><a href=\"https:\/\/sigaa.ufpb.br\/sigaa\/verProducao?idProducao=5659285&amp;key=0d7ea74e39eb58015757ce37dee0199d\" target=\"_blank\" rel=\"noreferrer noopener\">Requerimento com Justificativa para Embargo<\/a><\/li>\n\n\n\n<li><a href=\"https:\/\/sigaa.ufpb.br\/sigaa\/verProducao?idProducao=3298307&amp;key=e13b493249830065f0ee4c84d3a8d518\" target=\"_blank\" rel=\"noreferrer noopener\">Formul\u00e1rio de Dados Pessoais para Cadastro de Membros Externos<\/a><\/li>\n\n\n\n<li><a href=\"https:\/\/sigaa.ufpb.br\/sigaa\/verProducao?idProducao=2171356&amp;key=958ebad538acd1a8c4e64766812438e8\" target=\"_blank\" rel=\"noreferrer noopener\">Modelo Declara\u00e7\u00e3o de atestado de corre\u00e7\u00f5es de Projeto de Pesquisa<\/a><\/li>\n\n\n\n<li><a href=\"https:\/\/sigaa.ufpb.br\/sigaa\/verProducao?idProducao=129988&amp;key=8fcc67e3a9af76f558ea2a82fff13e28\" target=\"_blank\" rel=\"noreferrer noopener\">Modelo Relatorio Final do Orientador<\/a><\/li>\n<\/ul>\n\n\n\n<div class=\"wp-block-file\"><a id=\"wp-block-file--media-a06c80db-f167-414d-8bfd-5d6c8a8f801b\" href=\"https:\/\/www.ct.ufpb.br\/ppgcta\/wp-content\/uploads\/sites\/139\/sites\/216\/2025\/08\/Documentos_para_expedio_de_diploma__.pdf\">Documentos_para_expedio_de_diploma__<\/a><a href=\"https:\/\/www.ct.ufpb.br\/ppgcta\/wp-content\/uploads\/sites\/139\/sites\/216\/2025\/08\/Documentos_para_expedio_de_diploma__.pdf\" class=\"wp-block-file__button wp-element-button\" download aria-describedby=\"wp-block-file--media-a06c80db-f167-414d-8bfd-5d6c8a8f801b\">Baixar<\/a><\/div>\n","protected":false},"excerpt":{"rendered":"","protected":false},"author":63,"featured_media":0,"parent":0,"menu_order":0,"comment_status":"closed","ping_status":"closed","template":"","meta":{"footnotes":""},"class_list":["post-132","page","type-page","status-publish","hentry"],"_links":{"self":[{"href":"https:\/\/www.ct.ufpb.br\/ppgcta\/wp-json\/wp\/v2\/pages\/132","targetHints":{"allow":["GET"]}}],"collection":[{"href":"https:\/\/www.ct.ufpb.br\/ppgcta\/wp-json\/wp\/v2\/pages"}],"about":[{"href":"https:\/\/www.ct.ufpb.br\/ppgcta\/wp-json\/wp\/v2\/types\/page"}],"author":[{"embeddable":true,"href":"https:\/\/www.ct.ufpb.br\/ppgcta\/wp-json\/wp\/v2\/users\/63"}],"replies":[{"embeddable":true,"href":"https:\/\/www.ct.ufpb.br\/ppgcta\/wp-json\/wp\/v2\/comments?post=132"}],"version-history":[{"count":8,"href":"https:\/\/www.ct.ufpb.br\/ppgcta\/wp-json\/wp\/v2\/pages\/132\/revisions"}],"predecessor-version":[{"id":686,"href":"https:\/\/www.ct.ufpb.br\/ppgcta\/wp-json\/wp\/v2\/pages\/132\/revisions\/686"}],"wp:attachment":[{"href":"https:\/\/www.ct.ufpb.br\/ppgcta\/wp-json\/wp\/v2\/media?parent=132"}],"curies":[{"name":"wp","href":"https:\/\/api.w.org\/{rel}","templated":true}]}}