{"id":16,"date":"2026-02-11T11:08:44","date_gmt":"2026-02-11T14:08:44","guid":{"rendered":"https:\/\/www.ct.ufpb.br\/ppgau\/?page_id=16"},"modified":"2026-02-13T17:55:51","modified_gmt":"2026-02-13T20:55:51","slug":"areas-de-concentracao","status":"publish","type":"page","link":"https:\/\/www.ct.ufpb.br\/ppgau\/areas-de-concentracao\/","title":{"rendered":"\u00c1rea de Concentra\u00e7\u00e3o e Linhas de Pesquisa"},"content":{"rendered":"\n<p><strong>ARQUITETURA E CIDADE: PROCESSO E PRODUTO<\/strong><\/p>\n\n\n\n<ul class=\"wp-block-list\">\n<li><strong>Linhas de Pesquisa:<\/strong>\n<ul class=\"wp-block-list\">\n<li>QUALIDADE DO AMBIENTE CONSTRU\u00cdDO<\/li>\n\n\n\n<li>Tem como objetivo a avalia\u00e7\u00e3o e an\u00e1lise do ambiente constru\u00eddo, com particular \u00eanfase na qualidade de projeto e nas quest\u00f5es de conforto (t\u00e9rmico, lum\u00ednico, ac\u00fastico e ergon\u00f4mico), mobilidade, acessibilidade e tecnologia e materiais construtivos.<\/li>\n\n\n\n<li>PRODU\u00c7\u00c3O E APROPRIA\u00c7\u00c3O DO EDIF\u00cdCIO E DA CIDADE<\/li>\n\n\n\n<li>Tem por objetivo estudar as formas de produ\u00e7\u00e3o da cidade e do edif\u00edcio, a partir de diversas possibilidades de an\u00e1lise \u0096 morfol\u00f3gica, hist\u00f3rica, pol\u00edtico-econ\u00f4mica, ambiental e s\u00f3cio espacial \u0096 e de apropria\u00e7\u00e3o dos seus espa\u00e7os \u0096 com enfoque nas quest\u00f5es patrimoniais, imag\u00e9ticas e culturais.<\/li>\n\n\n\n<li>PROJETO DO EDIF\u00cdCIO E DA CIDADE<\/li>\n\n\n\n<li>Visa estudar o projeto em suas diversas escalas (urban\u00edstico ou arquitet\u00f4nico) buscando este conhecimento a partir da sua an\u00e1lise configuracional associada \u00e0 observa\u00e7\u00e3o dos processos de concep\u00e7\u00e3o e apropria\u00e7\u00e3o, com \u00eanfase nos aspectos socioculturais, hist\u00f3ricos, historiogr\u00e1ficos, simb\u00f3licos e ligados \u00e0 tecnologia da informa\u00e7\u00e3o.<\/li>\n<\/ul>\n<\/li>\n<\/ul>\n","protected":false},"excerpt":{"rendered":"<p>ARQUITETURA E CIDADE: PROCESSO E PRODUTO<\/p>\n","protected":false},"author":47,"featured_media":0,"parent":0,"menu_order":0,"comment_status":"closed","ping_status":"closed","template":"","meta":{"footnotes":""},"class_list":["post-16","page","type-page","status-publish","hentry"],"_links":{"self":[{"href":"https:\/\/www.ct.ufpb.br\/ppgau\/wp-json\/wp\/v2\/pages\/16","targetHints":{"allow":["GET"]}}],"collection":[{"href":"https:\/\/www.ct.ufpb.br\/ppgau\/wp-json\/wp\/v2\/pages"}],"about":[{"href":"https:\/\/www.ct.ufpb.br\/ppgau\/wp-json\/wp\/v2\/types\/page"}],"author":[{"embeddable":true,"href":"https:\/\/www.ct.ufpb.br\/ppgau\/wp-json\/wp\/v2\/users\/47"}],"replies":[{"embeddable":true,"href":"https:\/\/www.ct.ufpb.br\/ppgau\/wp-json\/wp\/v2\/comments?post=16"}],"version-history":[{"count":4,"href":"https:\/\/www.ct.ufpb.br\/ppgau\/wp-json\/wp\/v2\/pages\/16\/revisions"}],"predecessor-version":[{"id":55,"href":"https:\/\/www.ct.ufpb.br\/ppgau\/wp-json\/wp\/v2\/pages\/16\/revisions\/55"}],"wp:attachment":[{"href":"https:\/\/www.ct.ufpb.br\/ppgau\/wp-json\/wp\/v2\/media?parent=16"}],"curies":[{"name":"wp","href":"https:\/\/api.w.org\/{rel}","templated":true}]}}