{"id":12,"date":"2026-02-11T11:08:19","date_gmt":"2026-02-11T14:08:19","guid":{"rendered":"https:\/\/www.ct.ufpb.br\/ppgau\/?page_id=12"},"modified":"2026-02-13T16:56:01","modified_gmt":"2026-02-13T19:56:01","slug":"apresentacao","status":"publish","type":"page","link":"https:\/\/www.ct.ufpb.br\/ppgau\/apresentacao\/","title":{"rendered":"Apresenta\u00e7\u00e3o"},"content":{"rendered":"\n<p>O Programa de P\u00f3s-Gradua\u00e7\u00e3o em Arquitetura e Urbanismo \u2013 PPGAU da Universidade Federal da Para\u00edba \u2013 UFPB iniciou suas atividades em maio de 2008, com um curso de mestrado aprovado pela CAPES, apoiado na produ\u00e7\u00e3o de pesquisas dos Departamentos de Arquitetura e Urbanismo, Engenharia da Produ\u00e7\u00e3o, Engenharia Civil, Hist\u00f3ria e Geografia. Atualmente, os cursos de Mestrado Acad\u00eamico e Doutorado em Arquitetura e Urbanismo, destinam-se a Arquitetos, Urbanistas, Engenheiros, Designers e profissionais de \u00e1reas afins.<\/p>\n\n\n\n<p>O objetivo geral \u00e9 oferecer uma forma\u00e7\u00e3o avan\u00e7ada para profissionais, pesquisadores e docentes, capacitando-os para o ensino, a pesquisa e a pr\u00e1tica do of\u00edcio na \u00e1rea de Arquitetura e Urbanismo. A \u00eanfase das pesquisas tem sido no estabelecimento de abordagens cr\u00edticas que contemplem uma vis\u00e3o integrada dos diversos campos de conhecimento que envolvem o projeto de Arquitetura e Urbanismo, conforme suas Linhas de Pesquisa.<\/p>\n\n\n\n<p>O Curso de Doutorado foi criado em 2014, com aprova\u00e7\u00e3o da CAPES, e foi acompanhado por uma reestrutura\u00e7\u00e3o das suas \u00e1reas de concentra\u00e7\u00e3o e linhas de pesquisa.<\/p>\n","protected":false},"excerpt":{"rendered":"<p>O Programa de P\u00f3s-Gradua\u00e7\u00e3o em Arquitetura e Urbanismo \u2013 PPGAU da Universidade Federal da Para\u00edba [&hellip;]<\/p>\n","protected":false},"author":47,"featured_media":0,"parent":0,"menu_order":0,"comment_status":"closed","ping_status":"closed","template":"","meta":{"footnotes":""},"class_list":["post-12","page","type-page","status-publish","hentry"],"_links":{"self":[{"href":"https:\/\/www.ct.ufpb.br\/ppgau\/wp-json\/wp\/v2\/pages\/12","targetHints":{"allow":["GET"]}}],"collection":[{"href":"https:\/\/www.ct.ufpb.br\/ppgau\/wp-json\/wp\/v2\/pages"}],"about":[{"href":"https:\/\/www.ct.ufpb.br\/ppgau\/wp-json\/wp\/v2\/types\/page"}],"author":[{"embeddable":true,"href":"https:\/\/www.ct.ufpb.br\/ppgau\/wp-json\/wp\/v2\/users\/47"}],"replies":[{"embeddable":true,"href":"https:\/\/www.ct.ufpb.br\/ppgau\/wp-json\/wp\/v2\/comments?post=12"}],"version-history":[{"count":3,"href":"https:\/\/www.ct.ufpb.br\/ppgau\/wp-json\/wp\/v2\/pages\/12\/revisions"}],"predecessor-version":[{"id":54,"href":"https:\/\/www.ct.ufpb.br\/ppgau\/wp-json\/wp\/v2\/pages\/12\/revisions\/54"}],"wp:attachment":[{"href":"https:\/\/www.ct.ufpb.br\/ppgau\/wp-json\/wp\/v2\/media?parent=12"}],"curies":[{"name":"wp","href":"https:\/\/api.w.org\/{rel}","templated":true}]}}