{"id":15,"date":"2026-02-24T17:36:30","date_gmt":"2026-02-24T20:36:30","guid":{"rendered":"https:\/\/www.ct.ufpb.br\/ppcem\/?page_id=15"},"modified":"2026-02-24T17:36:30","modified_gmt":"2026-02-24T20:36:30","slug":"documentos","status":"publish","type":"page","link":"https:\/\/www.ct.ufpb.br\/ppcem\/documentos\/","title":{"rendered":"Documentos"},"content":{"rendered":"\n<p><a href=\"https:\/\/sigaa.ufpb.br\/sigaa\/verProducao?idProducao=1318351&amp;key=75063e9f8626313af2eca52482c1443b\" target=\"_blank\" rel=\"noreferrer noopener\">AP\u00d3S DEFESA &#8211; DECLARA\u00c7\u00c3O DE AUTORIZA\u00c7\u00c3O (ou n\u00e3o) DE DIVULGA\u00c7\u00c3O DE TRABALHO FINAL &#8211; PPCEM<\/a><\/p>\n\n\n\n<p><a href=\"https:\/\/sigaa.ufpb.br\/sigaa\/verProducao?idProducao=1381859&amp;key=ef148e5f25bb2d4084d188a0cfbce7e4\" target=\"_blank\" rel=\"noreferrer noopener\">AVISO: CIRCULAR SOBRE PROCESSOS ELETR\u00d4NICOS (INTERNOS E EXTERNOS)<\/a><\/p>\n\n\n\n<p><a href=\"https:\/\/sigaa.ufpb.br\/sigaa\/verProducao?idProducao=896333&amp;key=517768d6363a9303968e317851680833\" target=\"_blank\" rel=\"noreferrer noopener\">DECLARA\u00c7\u00c3O SERVIDOR_VIAGEM EM VE\u00cdCULO PR\u00d3PRIO (MODELO PPCEM)<\/a><\/p>\n\n\n\n<p><a href=\"https:\/\/sigaa.ufpb.br\/sigaa\/verProducao?idProducao=567105&amp;key=287a5245db79cb12de95e021158acea5\" target=\"_blank\" rel=\"noreferrer noopener\">Equipamentos de Pesquisa Dispon\u00edveis<\/a><\/p>\n\n\n\n<p><a href=\"https:\/\/sigaa.ufpb.br\/sigaa\/verProducao?idProducao=1536570&amp;key=abc6afc0b6e4dd6431c91d70e720a25e\" target=\"_blank\" rel=\"noreferrer noopener\">FORMUL\u00c1RIO: AJUDA DE CUSTO ESTUDANTIL (PADR\u00c3O PPCEM)<\/a><\/p>\n\n\n\n<p><a href=\"https:\/\/sigaa.ufpb.br\/sigaa\/verProducao?idProducao=988652&amp;key=aa64160e41fc5790ebaa3e94bbfb97f3\" target=\"_blank\" rel=\"noreferrer noopener\">FORMUL\u00c1RIO CADASTRO DE BOLSISTAS<\/a><\/p>\n\n\n\n<p><a href=\"https:\/\/sigaa.ufpb.br\/sigaa\/verProducao?idProducao=896331&amp;key=19523f3491146a5012a0cd4fd5547a37\" target=\"_blank\" rel=\"noreferrer noopener\">FORMUL\u00c1RIO: DI\u00c1RIA SERVIDOR (MODELO_PPCEM)<\/a><\/p>\n\n\n\n<p><a href=\"https:\/\/sigaa.ufpb.br\/sigaa\/verProducao?idProducao=1397879&amp;key=e8f419d82a5de7268c1c0d2a8a7e9b1a\" target=\"_blank\" rel=\"noreferrer noopener\">Formul\u00e1rio Participante Externo<\/a><\/p>\n\n\n\n<p><a href=\"https:\/\/sigaa.ufpb.br\/sigaa\/verProducao?idProducao=1365111&amp;key=15f51c5f4782a21e70c7a2d7b921d262\" target=\"_blank\" rel=\"noreferrer noopener\">MODELO DE RELAT\u00d3RIO DE EST\u00c1GIO DOC\u00caNCIA<\/a><\/p>\n\n\n\n<p><a href=\"https:\/\/sigaa.ufpb.br\/sigaa\/verProducao?idProducao=1381789&amp;key=bd2833dadb9a1a414beee2349256586e\" target=\"_blank\" rel=\"noreferrer noopener\">RELAT\u00d3RIO DE ATIVIDADES DO BOLSISTA DO PPCEM_SEMESTRAL E ANUAL<\/a><\/p>\n\n\n\n<p><a href=\"https:\/\/sigaa.ufpb.br\/sigaa\/verProducao?idProducao=896338&amp;key=16e5d6188853432f07a8dc2282248f08\" target=\"_blank\" rel=\"noreferrer noopener\">RELAT\u00d3RIO DE DI\u00c1RIAS_SERVIDOR_MODELO PPCEM<\/a><\/p>\n\n\n\n<p><a href=\"https:\/\/sigaa.ufpb.br\/sigaa\/verProducao?idProducao=899526&amp;key=9566fae6b27146034a476fcb3fd43b05\" target=\"_blank\" rel=\"noreferrer noopener\">RELAT\u00d3RIO DE ESTUDOS ESPECIAIS E SEMIN\u00c1RIO I, II, II e IV_MODELO_PPCEM<\/a><\/p>\n\n\n\n<p><a href=\"https:\/\/sigaa.ufpb.br\/sigaa\/verProducao?idProducao=1632088&amp;key=94c421d90914c070a1232dc813e914b6\" target=\"_blank\" rel=\"noreferrer noopener\">RELATORIO DE VIAGEM &#8211; PRESTACAO DE CONTAS _MODELO PPCEM<\/a><\/p>\n\n\n\n<p><a href=\"https:\/\/sigaa.ufpb.br\/sigaa\/verProducao?idProducao=567748&amp;key=ec9fac5860be8061a3fa3232889523dc\" target=\"_blank\" rel=\"noreferrer noopener\">RELAT\u00d3RIO FINAL AP\u00d3S DEFESA DO TRABALHO FINAL_modelo_PPCEM<\/a><\/p>\n\n\n\n<p><a href=\"https:\/\/sigaa.ufpb.br\/sigaa\/verProducao?idProducao=1322757&amp;key=b9de70b5fbd199ea736922c174ab1768\" target=\"_blank\" rel=\"noreferrer noopener\">REQUERIMENTO: APROVEITAMENTO DE PROFICI\u00caNCIA<\/a><\/p>\n\n\n\n<p><a href=\"https:\/\/sigaa.ufpb.br\/sigaa\/verProducao?idProducao=1890023&amp;key=65919da1a4b2176bf66f80c389490c3d\" target=\"_blank\" rel=\"noreferrer noopener\">Requerimento de aproveitamento de Cr\u00e9dito Cursado em Disciplina<\/a><\/p>\n\n\n\n<p><a href=\"https:\/\/sigaa.ufpb.br\/sigaa\/verProducao?idProducao=1558455&amp;key=41ded448d19e42680b03cdf2dbcba5ee\" target=\"_blank\" rel=\"noreferrer noopener\">REQUERIMENTO DE APROVEITAMENTO DE CR\u00c9DITO CURSADO EM DISCIPLINA<\/a><\/p>\n\n\n\n<p><a href=\"https:\/\/sigaa.ufpb.br\/sigaa\/verProducao?idProducao=1322743&amp;key=eb45f1b5003ce63b6faf31f44c7b2020\" target=\"_blank\" rel=\"noreferrer noopener\">REQUERIMENTO DE DISPENSA EM DISCIPLINA<\/a><\/p>\n\n\n\n<p><a href=\"https:\/\/sigaa.ufpb.br\/sigaa\/verProducao?idProducao=1849803&amp;key=5b55f3980fc6fac43e968419a6793792\" target=\"_blank\" rel=\"noreferrer noopener\">REQUERIMENTO DE EXPEDI\u00c7\u00c3O DE DIPLOMA<\/a><\/p>\n\n\n\n<p><a href=\"https:\/\/sigaa.ufpb.br\/sigaa\/verProducao?idProducao=899532&amp;key=1bec4cf4be6ae3b1582a480097e05fdb\" target=\"_blank\" rel=\"noreferrer noopener\">REQUERIMENTO DE MATR\u00cdCULA EM EST\u00c1GIO DE DOC\u00caNCIA_Modelo PPCEM<\/a><\/p>\n\n\n\n<p><a href=\"https:\/\/sigaa.ufpb.br\/sigaa\/verProducao?idProducao=965014&amp;key=a421bfce7a6f55d8eb2388f2c8634827\" target=\"_blank\" rel=\"noreferrer noopener\">REQUERIMENTO DE MATR\u00cdCULA EM ESTUDOS ESPECIAIS<\/a><\/p>\n\n\n\n<p><a href=\"https:\/\/sigaa.ufpb.br\/sigaa\/verProducao?idProducao=899499&amp;key=66357ce49667ccd7e648fb3d0c4ef069\" target=\"_blank\" rel=\"noreferrer noopener\">REQUERIMENTO DE MATR\u00cdCULA NA ATIVIDADE DE SEMIN\u00c1RIO (I,II, III E IV)_Modelo PPCEM<\/a><\/p>\n\n\n\n<p><a href=\"https:\/\/sigaa.ufpb.br\/sigaa\/verProducao?idProducao=1381827&amp;key=61ccc6e6aa1919dddc5341a39ef003d5\" target=\"_blank\" rel=\"noreferrer noopener\">REQUERIMENTO DE PRORROGA\u00c7\u00c3O DE PRAZO DE CURSO<\/a><\/p>\n\n\n\n<p><a href=\"https:\/\/sigaa.ufpb.br\/sigaa\/verProducao?idProducao=1484119&amp;key=e037d734a6337784f032dcb2a2c2bcd5\" target=\"_blank\" rel=\"noreferrer noopener\">Requerimento de taxa de Inscri\u00e7\u00e3o<\/a><\/p>\n\n\n\n<p><a href=\"https:\/\/sigaa.ufpb.br\/sigaa\/verProducao?idProducao=1381832&amp;key=9091860c1ea65c0e60533c98d42306e2\" target=\"_blank\" rel=\"noreferrer noopener\">REQUERIMENTO DE TRANCAMENTO DE DISCIPLINA<\/a><\/p>\n\n\n\n<p><a href=\"https:\/\/sigaa.ufpb.br\/sigaa\/verProducao?idProducao=1605242&amp;key=f9e0eed3c8a42e0891c266ef791895b1\" target=\"_blank\" rel=\"noreferrer noopener\">REQUERIMENTO DE TRANCAMENTO DE MATR\u00cdCULA<\/a><\/p>\n\n\n\n<p><a href=\"https:\/\/sigaa.ufpb.br\/sigaa\/verProducao?idProducao=899555&amp;key=3b3a406bef67e4d4f01c74f238b10ff3\" target=\"_blank\" rel=\"noreferrer noopener\">RESOLU\u00c7\u00c3O CONSEPE N\u00ba02_2017_Altera a 57.2015_Publica\u00e7\u00e3o_18.01.2017_PPCEM<\/a><\/p>\n\n\n\n<p><a href=\"https:\/\/sigaa.ufpb.br\/sigaa\/verProducao?idProducao=899569&amp;key=d070040b35291f16cb613cba44c466f3\" target=\"_blank\" rel=\"noreferrer noopener\">RESOLU\u00c7\u00c3O CONSEPE N\u00ba 03_2011 Revoga a 37_2010_Publicada em 25.03.2011<\/a><\/p>\n\n\n\n<p><a href=\"https:\/\/sigaa.ufpb.br\/sigaa\/verProducao?idProducao=899577&amp;key=4374a4a96de8ffebdddf74223a9ff916\" target=\"_blank\" rel=\"noreferrer noopener\">RESOLU\u00c7\u00c3O CONSEPE N\u00ba 12_2000_altera a 43_96_Publicada em 02.08.2000_GERAL DOS PPGs<\/a><\/p>\n\n\n\n<p><a href=\"https:\/\/sigaa.ufpb.br\/sigaa\/verProducao?idProducao=899573&amp;key=46b2de2c2293f1e1aa4be3a3410cf1bb\" target=\"_blank\" rel=\"noreferrer noopener\">RESOLU\u00c7\u00c3O CONSEPE N\u00ba 34_2014_Altera 79_2013_publicada em 18.08.2014_GERAL DOS PPGs<\/a><\/p>\n\n\n\n<p><a href=\"https:\/\/sigaa.ufpb.br\/sigaa\/verProducao?idProducao=1329783&amp;key=54b3d97ef7540a691be0c64832f2467d\" target=\"_blank\" rel=\"noreferrer noopener\">RESOLU\u00c7\u00c3O CONSEPE N\u00ba 57_2015_Revoga a 03_2011_Publica\u00e7\u00e3o em 20.11.2015_PPCEM<\/a><\/p>\n\n\n\n<p><a href=\"https:\/\/sigaa.ufpb.br\/sigaa\/verProducao?idProducao=899574&amp;key=dd1ce67799144f493a94a6534c75b911\" target=\"_blank\" rel=\"noreferrer noopener\">RESOLU\u00c7\u00c3O CONSEPE N\u00ba 79_2013_Revoga a 12_2000_em 20.12.2013_ GERAL DOS PPGs<\/a><\/p>\n\n\n\n<p><a href=\"https:\/\/sigaa.ufpb.br\/sigaa\/verProducao?idProducao=1059956&amp;key=fb154b5ed69384ebcfdae6c0e4bac84b\" target=\"_blank\" rel=\"noreferrer noopener\">RESOLU\u00c7\u00c3O PPCEM_02.2018_DEFESAS<\/a><\/p>\n\n\n\n<p><a href=\"https:\/\/sigaa.ufpb.br\/sigaa\/verProducao?idProducao=988649&amp;key=e1db1afe6ecb1626f4a1cb031086b8cc\" target=\"_blank\" rel=\"noreferrer noopener\">TERMO DE COMPROMISSO PARA BOLSISTAS<\/a><\/p>\n","protected":false},"excerpt":{"rendered":"<p>AP\u00d3S DEFESA &#8211; DECLARA\u00c7\u00c3O DE AUTORIZA\u00c7\u00c3O (ou n\u00e3o) DE DIVULGA\u00c7\u00c3O DE TRABALHO FINAL &#8211; PPCEM [&hellip;]<\/p>\n","protected":false},"author":47,"featured_media":0,"parent":0,"menu_order":0,"comment_status":"closed","ping_status":"closed","template":"","meta":{"footnotes":""},"class_list":["post-15","page","type-page","status-publish","hentry"],"_links":{"self":[{"href":"https:\/\/www.ct.ufpb.br\/ppcem\/wp-json\/wp\/v2\/pages\/15","targetHints":{"allow":["GET"]}}],"collection":[{"href":"https:\/\/www.ct.ufpb.br\/ppcem\/wp-json\/wp\/v2\/pages"}],"about":[{"href":"https:\/\/www.ct.ufpb.br\/ppcem\/wp-json\/wp\/v2\/types\/page"}],"author":[{"embeddable":true,"href":"https:\/\/www.ct.ufpb.br\/ppcem\/wp-json\/wp\/v2\/users\/47"}],"replies":[{"embeddable":true,"href":"https:\/\/www.ct.ufpb.br\/ppcem\/wp-json\/wp\/v2\/comments?post=15"}],"version-history":[{"count":1,"href":"https:\/\/www.ct.ufpb.br\/ppcem\/wp-json\/wp\/v2\/pages\/15\/revisions"}],"predecessor-version":[{"id":16,"href":"https:\/\/www.ct.ufpb.br\/ppcem\/wp-json\/wp\/v2\/pages\/15\/revisions\/16"}],"wp:attachment":[{"href":"https:\/\/www.ct.ufpb.br\/ppcem\/wp-json\/wp\/v2\/media?parent=15"}],"curies":[{"name":"wp","href":"https:\/\/api.w.org\/{rel}","templated":true}]}}