{"id":5,"date":"2025-04-07T15:06:25","date_gmt":"2025-04-07T18:06:25","guid":{"rendered":"https:\/\/www.ct.ufpb.br\/ltc\/?page_id=5"},"modified":"2025-04-22T13:08:07","modified_gmt":"2025-04-22T16:08:07","slug":"apresentacao","status":"publish","type":"page","link":"https:\/\/www.ct.ufpb.br\/ltc\/apresentacao\/","title":{"rendered":"Apresenta\u00e7\u00e3o"},"content":{"rendered":"\n<p><strong>Seja bem-vindo ao Laborat\u00f3rio de Tecnologia Cosm\u00e9tica!<\/strong><br><br><strong>Nossa miss\u00e3o<\/strong><\/p>\n\n\n\n<p>O Laborat\u00f3rio de Tecnologia Cosm\u00e9tica (LTC) dedica-se a oferecer aos alunos da UFPB um ambiente de aprendizagem, estudo, pesquisa em cosm\u00e9tico na \u00e1rea de pele e cabelo. Trazendo conte\u00fados atualizados aliado ao conhecimento acad\u00eamico e de mercado do setor da ind\u00fastria de produtos de higiene pessoal e perfumaria.<\/p>\n\n\n\n<p><strong>Nossa vis\u00e3o<\/strong><\/p>\n\n\n\n<p>Nossa vis\u00e3o \u00e9 fornecer aos nossos alunos os melhores conhecimentos e ajud\u00e1-los a garantir uma excelente forma\u00e7\u00e3o para atuarem no mercado. Sempre aprimorando itens como: inova\u00e7\u00e3o, desenvolvimento intelectual e humano, parcerias e tecnologia em aplica\u00e7\u00e3o cosm\u00e9tica.<\/p>\n\n\n\n<p><strong>Nossos valores<\/strong><\/p>\n\n\n\n<p><strong>&#8211; Integridade:<\/strong> agir com transpar\u00eancia, \u00e9tica, trabalho em equipe;<\/p>\n\n\n\n<p><strong>&#8211;<\/strong> <strong>Excel\u00eancia:<\/strong> promover o conhecimento cient\u00edfico na \u00e1rea e pesquisa;<\/p>\n\n\n\n<p><strong>&#8211;<\/strong> <strong>Iniciativa:<\/strong> respeito, atitude proativa; inova\u00e7\u00e3o e receptividade<\/p>\n\n\n\n<p><strong>Nossos objetivos:<\/strong><\/p>\n\n\n\n<ul class=\"wp-block-list\">\n<li>Garantir um espa\u00e7o de aprendizagem te\u00f3rica e pr\u00e1tica sobre a fabrica\u00e7\u00e3o de produtos cosm\u00e9ticos e processos industriais para os alunos da gradua\u00e7\u00e3o e p\u00f3s-gradua\u00e7\u00e3o;<\/li>\n\n\n\n<li>Assegurar a pesquisa na \u00e1rea cosm\u00e9tica para gradua\u00e7\u00e3o e p\u00f3s-gradua\u00e7\u00e3o;<\/li>\n\n\n\n<li>Proporcionar intera\u00e7\u00e3o com outras \u00e1reas de conhecimento, como fermenta\u00e7\u00e3o, bioengenharia e poss\u00edveis \u00e1reas de interfaces para pesquisa e descoberta de novos ativos com finalidades cosm\u00e9ticas;<\/li>\n\n\n\n<li>Promover atividades tecnol\u00f3gicas e cient\u00edficas e produ\u00e7\u00e3o cient\u00edfica;<\/li>\n\n\n\n<li>Formar profissionais para atuar em ind\u00fastria de produtos cosm\u00e9ticos, nas \u00e1reas de produ\u00e7\u00e3o, controle, registro, pesquisa e desenvolvimento de novos produtos e novas tecnologias;<\/li>\n\n\n\n<li>Estimular pesquisa e avalia\u00e7\u00e3o da seguran\u00e7a e efic\u00e1cia de produtos cosm\u00e9ticos.<\/li>\n<\/ul>\n\n\n\n<p><\/p>\n\n\n\n<p>O <strong>Laborat\u00f3rio de Tecnologia Cosm\u00e9tica<\/strong> pertence ao Departamento de Engenharia Qu\u00edmica e est\u00e1 situado no Centro de Tecnologia em Jo\u00e3o Pessoa no Campus I da Universidade Federal da Para\u00edba.<\/p>\n\n\n\n<p><\/p>\n","protected":false},"excerpt":{"rendered":"<p>O Laborat\u00f3rio de Tecnologia Cosm\u00e9tica (LTC) tem por finalidade desenvolver atividades de ensino, pesquisa e extens\u00e3o, relacionadas aos cosm\u00e9ticos e aos saneantes para alunos de gradua\u00e7\u00e3o e p\u00f3s-gradua\u00e7\u00e3o.<\/p>\n","protected":false},"author":47,"featured_media":62,"parent":0,"menu_order":0,"comment_status":"closed","ping_status":"closed","template":"","meta":{"footnotes":""},"class_list":["post-5","page","type-page","status-publish","has-post-thumbnail","hentry"],"_links":{"self":[{"href":"https:\/\/www.ct.ufpb.br\/ltc\/wp-json\/wp\/v2\/pages\/5","targetHints":{"allow":["GET"]}}],"collection":[{"href":"https:\/\/www.ct.ufpb.br\/ltc\/wp-json\/wp\/v2\/pages"}],"about":[{"href":"https:\/\/www.ct.ufpb.br\/ltc\/wp-json\/wp\/v2\/types\/page"}],"author":[{"embeddable":true,"href":"https:\/\/www.ct.ufpb.br\/ltc\/wp-json\/wp\/v2\/users\/47"}],"replies":[{"embeddable":true,"href":"https:\/\/www.ct.ufpb.br\/ltc\/wp-json\/wp\/v2\/comments?post=5"}],"version-history":[{"count":4,"href":"https:\/\/www.ct.ufpb.br\/ltc\/wp-json\/wp\/v2\/pages\/5\/revisions"}],"predecessor-version":[{"id":190,"href":"https:\/\/www.ct.ufpb.br\/ltc\/wp-json\/wp\/v2\/pages\/5\/revisions\/190"}],"wp:featuredmedia":[{"embeddable":true,"href":"https:\/\/www.ct.ufpb.br\/ltc\/wp-json\/wp\/v2\/media\/62"}],"wp:attachment":[{"href":"https:\/\/www.ct.ufpb.br\/ltc\/wp-json\/wp\/v2\/media?parent=5"}],"curies":[{"name":"wp","href":"https:\/\/api.w.org\/{rel}","templated":true}]}}