{"id":21,"date":"2025-04-07T15:09:38","date_gmt":"2025-04-07T18:09:38","guid":{"rendered":"https:\/\/www.ct.ufpb.br\/ltc\/?page_id=21"},"modified":"2025-04-17T09:52:49","modified_gmt":"2025-04-17T12:52:49","slug":"pesquisas","status":"publish","type":"page","link":"https:\/\/www.ct.ufpb.br\/ltc\/pesquisas\/","title":{"rendered":"Pesquisas"},"content":{"rendered":"\n<p>O Laborat\u00f3rio de Tecnologia Cosm\u00e9tica tem como objetivo o estudo do comportamento das emuls\u00f5es e suas diversas aplica\u00e7\u00f5es em diversos usos cosm\u00e9ticos, como podemos verificar na Figura 1:<\/p>\n\n\n<div class=\"wp-block-image\">\n<figure class=\"aligncenter size-full is-resized\"><img loading=\"lazy\" decoding=\"async\" width=\"1024\" height=\"768\" src=\"http:\/\/www.ct.ufpb.br\/ltc\/wp-content\/uploads\/sites\/107\/sites\/286\/2025\/04\/Site.png\" alt=\"\" class=\"wp-image-173\" style=\"width:467px\" srcset=\"https:\/\/www.ct.ufpb.br\/ltc\/wp-content\/uploads\/sites\/107\/sites\/286\/2025\/04\/Site.png 1024w, https:\/\/www.ct.ufpb.br\/ltc\/wp-content\/uploads\/sites\/107\/sites\/286\/2025\/04\/Site-300x225.png 300w, https:\/\/www.ct.ufpb.br\/ltc\/wp-content\/uploads\/sites\/107\/sites\/286\/2025\/04\/Site-768x576.png 768w\" sizes=\"auto, (max-width: 1024px) 100vw, 1024px\" \/><figcaption class=\"wp-element-caption\">Figura 1: Descri\u00e7\u00e3o do estudo f\u00edsico-qu\u00edmico das emuls\u00f5es.<\/figcaption><\/figure>\n<\/div>\n\n\n<p><\/p>\n\n\n\n<p><strong>Pesquisa, Teste de Avalia\u00e7\u00e3o e Efic\u00e1cia na \u00c1rea de Tecnologia Cosm\u00e9tica<\/strong><\/p>\n\n\n\n<p>As pesquisas e testes de avalia\u00e7\u00e3o e efic\u00e1cia buscam por ativos que, ao serem empregados em formula\u00e7\u00f5es, trazem solu\u00e7\u00f5es cosm\u00e9ticas e possibilitam patenteamento de novas aplicabilidades, de acordo com os testes descritos na Figura 2:<\/p>\n\n\n<div class=\"wp-block-image is-style-default\">\n<figure class=\"aligncenter size-full is-resized\"><img loading=\"lazy\" decoding=\"async\" width=\"1024\" height=\"768\" src=\"https:\/\/www.ct.ufpb.br\/ltc\/wp-content\/uploads\/sites\/107\/sites\/286\/2025\/04\/Brown-Pastel-Flowchart-Diagram-Graph-Template-1.png\" alt=\"\" class=\"wp-image-167\" style=\"width:467px;height:auto\" srcset=\"https:\/\/www.ct.ufpb.br\/ltc\/wp-content\/uploads\/sites\/107\/sites\/286\/2025\/04\/Brown-Pastel-Flowchart-Diagram-Graph-Template-1.png 1024w, https:\/\/www.ct.ufpb.br\/ltc\/wp-content\/uploads\/sites\/107\/sites\/286\/2025\/04\/Brown-Pastel-Flowchart-Diagram-Graph-Template-1-300x225.png 300w, https:\/\/www.ct.ufpb.br\/ltc\/wp-content\/uploads\/sites\/107\/sites\/286\/2025\/04\/Brown-Pastel-Flowchart-Diagram-Graph-Template-1-768x576.png 768w\" sizes=\"auto, (max-width: 1024px) 100vw, 1024px\" \/><figcaption class=\"wp-element-caption\">Figura 2: Tipos de testes de avali\u00e7\u00e3o e efic\u00e1cia com as formula\u00e7\u00f5es cosm\u00e9ticas.<\/figcaption><\/figure>\n<\/div>\n\n\n<p><\/p>\n\n\n\n<p><strong>Pesquisa na \u00c1rea de An\u00e1lise Sensorial de Produtos Cosm\u00e9ticos<\/strong><\/p>\n\n\n\n<p>A an\u00e1lise sensorial \u00e9 uma importante ferramenta para o estudo de novos prot\u00f3tipos, bem como para avalia\u00e7\u00e3o do desempenho, da qualidade e da aceitabilidade do produto pelo consumidor. Seria uma grande oportunidade para realizar um correto delineamento do desenho experimental, empregando-se escalas e an\u00e1lises estat\u00edsticas adequadas para cada p\u00fablico, seja painel treinado ou consumidor. Os m\u00e9todos utilizados com maior frequ\u00eancia para medir uma resposta sensorial est\u00e3o descritos na Figura 3:<\/p>\n\n\n<div class=\"wp-block-image\">\n<figure class=\"aligncenter size-full is-resized\"><img loading=\"lazy\" decoding=\"async\" width=\"1024\" height=\"768\" src=\"https:\/\/www.ct.ufpb.br\/ltc\/wp-content\/uploads\/sites\/107\/sites\/286\/2025\/04\/3.png\" alt=\"\" class=\"wp-image-169\" style=\"width:467px\" srcset=\"https:\/\/www.ct.ufpb.br\/ltc\/wp-content\/uploads\/sites\/107\/sites\/286\/2025\/04\/3.png 1024w, https:\/\/www.ct.ufpb.br\/ltc\/wp-content\/uploads\/sites\/107\/sites\/286\/2025\/04\/3-300x225.png 300w, https:\/\/www.ct.ufpb.br\/ltc\/wp-content\/uploads\/sites\/107\/sites\/286\/2025\/04\/3-768x576.png 768w\" sizes=\"auto, (max-width: 1024px) 100vw, 1024px\" \/><figcaption class=\"wp-element-caption\">Figura 3: M\u00e9todos utilizados para medir uma resposta sensorial.<\/figcaption><\/figure>\n<\/div>","protected":false},"excerpt":{"rendered":"<p>O Laborat\u00f3rio de Tecnologia Cosm\u00e9tica tem como objetivo o estudo do comportamento das emuls\u00f5es e [&hellip;]<\/p>\n","protected":false},"author":47,"featured_media":0,"parent":0,"menu_order":0,"comment_status":"closed","ping_status":"closed","template":"","meta":{"footnotes":""},"class_list":["post-21","page","type-page","status-publish","hentry"],"_links":{"self":[{"href":"https:\/\/www.ct.ufpb.br\/ltc\/wp-json\/wp\/v2\/pages\/21","targetHints":{"allow":["GET"]}}],"collection":[{"href":"https:\/\/www.ct.ufpb.br\/ltc\/wp-json\/wp\/v2\/pages"}],"about":[{"href":"https:\/\/www.ct.ufpb.br\/ltc\/wp-json\/wp\/v2\/types\/page"}],"author":[{"embeddable":true,"href":"https:\/\/www.ct.ufpb.br\/ltc\/wp-json\/wp\/v2\/users\/47"}],"replies":[{"embeddable":true,"href":"https:\/\/www.ct.ufpb.br\/ltc\/wp-json\/wp\/v2\/comments?post=21"}],"version-history":[{"count":3,"href":"https:\/\/www.ct.ufpb.br\/ltc\/wp-json\/wp\/v2\/pages\/21\/revisions"}],"predecessor-version":[{"id":174,"href":"https:\/\/www.ct.ufpb.br\/ltc\/wp-json\/wp\/v2\/pages\/21\/revisions\/174"}],"wp:attachment":[{"href":"https:\/\/www.ct.ufpb.br\/ltc\/wp-json\/wp\/v2\/media?parent=21"}],"curies":[{"name":"wp","href":"https:\/\/api.w.org\/{rel}","templated":true}]}}