{"id":17,"date":"2025-04-07T15:09:20","date_gmt":"2025-04-07T18:09:20","guid":{"rendered":"https:\/\/www.ct.ufpb.br\/ltc\/?page_id=17"},"modified":"2026-04-07T08:20:15","modified_gmt":"2026-04-07T11:20:15","slug":"corpo-tecnico","status":"publish","type":"page","link":"https:\/\/www.ct.ufpb.br\/ltc\/corpo-tecnico\/","title":{"rendered":"Corpo t\u00e9cnico"},"content":{"rendered":"\n<div class=\"wp-block-columns is-layout-flex wp-container-core-columns-is-layout-9d6595d7 wp-block-columns-is-layout-flex\">\n<div class=\"wp-block-column is-layout-flow wp-block-column-is-layout-flow\">\n<figure class=\"wp-block-image size-full\"><img loading=\"lazy\" decoding=\"async\" width=\"865\" height=\"865\" src=\"https:\/\/www.ct.ufpb.br\/ltc\/wp-content\/uploads\/sites\/107\/sites\/286\/2026\/03\/melania-edited.jpg\" alt=\"\" class=\"wp-image-755\" srcset=\"https:\/\/www.ct.ufpb.br\/ltc\/wp-content\/uploads\/sites\/107\/sites\/286\/2026\/03\/melania-edited.jpg 865w, https:\/\/www.ct.ufpb.br\/ltc\/wp-content\/uploads\/sites\/107\/sites\/286\/2026\/03\/melania-edited-300x300.jpg 300w, https:\/\/www.ct.ufpb.br\/ltc\/wp-content\/uploads\/sites\/107\/sites\/286\/2026\/03\/melania-edited-150x150.jpg 150w, https:\/\/www.ct.ufpb.br\/ltc\/wp-content\/uploads\/sites\/107\/sites\/286\/2026\/03\/melania-edited-768x768.jpg 768w\" sizes=\"auto, (max-width: 865px) 100vw, 865px\" \/><figcaption class=\"wp-element-caption\"><strong>Prof\u00aa<\/strong>. <strong>Mel\u00e2nia Lopes Corn\u00e9lio<\/strong><\/figcaption><\/figure>\n\n\n\n<p>Coordenadora<\/p>\n\n\n\n<p>Doutora em Qu\u00edmica Org\u00e2nica<\/p>\n\n\n\n<figure class=\"wp-block-image size-large\"><img loading=\"lazy\" decoding=\"async\" width=\"2316\" height=\"2316\" src=\"https:\/\/www.ct.ufpb.br\/ltc\/wp-content\/uploads\/sites\/107\/sites\/286\/2025\/05\/karla-edited.jpeg\" alt=\"\" class=\"wp-image-285\" srcset=\"https:\/\/www.ct.ufpb.br\/ltc\/wp-content\/uploads\/sites\/107\/sites\/286\/2025\/05\/karla-edited.jpeg 2316w, https:\/\/www.ct.ufpb.br\/ltc\/wp-content\/uploads\/sites\/107\/sites\/286\/2025\/05\/karla-edited-300x300.jpeg 300w, https:\/\/www.ct.ufpb.br\/ltc\/wp-content\/uploads\/sites\/107\/sites\/286\/2025\/05\/karla-edited-1024x1024.jpeg 1024w, https:\/\/www.ct.ufpb.br\/ltc\/wp-content\/uploads\/sites\/107\/sites\/286\/2025\/05\/karla-edited-150x150.jpeg 150w, https:\/\/www.ct.ufpb.br\/ltc\/wp-content\/uploads\/sites\/107\/sites\/286\/2025\/05\/karla-edited-768x768.jpeg 768w, https:\/\/www.ct.ufpb.br\/ltc\/wp-content\/uploads\/sites\/107\/sites\/286\/2025\/05\/karla-edited-1536x1536.jpeg 1536w, https:\/\/www.ct.ufpb.br\/ltc\/wp-content\/uploads\/sites\/107\/sites\/286\/2025\/05\/karla-edited-2048x2048.jpeg 2048w\" sizes=\"auto, (max-width: 2316px) 100vw, 2316px\" \/><figcaption class=\"wp-element-caption\"><strong>Karla Oliveira<\/strong><\/figcaption><\/figure>\n\n\n\n<p>T\u00e9cnica em Laborat\u00f3rio<\/p>\n\n\n\n<p>Engenharia Qu\u00edmica<\/p>\n\n\n\n<figure class=\"wp-block-image size-large\"><img loading=\"lazy\" decoding=\"async\" width=\"2520\" height=\"2520\" src=\"https:\/\/www.ct.ufpb.br\/ltc\/wp-content\/uploads\/sites\/107\/sites\/286\/2026\/03\/IMG_4316-edited.jpg\" alt=\"\" class=\"wp-image-760\" srcset=\"https:\/\/www.ct.ufpb.br\/ltc\/wp-content\/uploads\/sites\/107\/sites\/286\/2026\/03\/IMG_4316-edited.jpg 2520w, https:\/\/www.ct.ufpb.br\/ltc\/wp-content\/uploads\/sites\/107\/sites\/286\/2026\/03\/IMG_4316-edited-300x300.jpg 300w, https:\/\/www.ct.ufpb.br\/ltc\/wp-content\/uploads\/sites\/107\/sites\/286\/2026\/03\/IMG_4316-edited-1024x1024.jpg 1024w, https:\/\/www.ct.ufpb.br\/ltc\/wp-content\/uploads\/sites\/107\/sites\/286\/2026\/03\/IMG_4316-edited-150x150.jpg 150w, https:\/\/www.ct.ufpb.br\/ltc\/wp-content\/uploads\/sites\/107\/sites\/286\/2026\/03\/IMG_4316-edited-768x768.jpg 768w, https:\/\/www.ct.ufpb.br\/ltc\/wp-content\/uploads\/sites\/107\/sites\/286\/2026\/03\/IMG_4316-edited-1536x1536.jpg 1536w, https:\/\/www.ct.ufpb.br\/ltc\/wp-content\/uploads\/sites\/107\/sites\/286\/2026\/03\/IMG_4316-edited-2048x2048.jpg 2048w\" sizes=\"auto, (max-width: 2520px) 100vw, 2520px\" \/><figcaption class=\"wp-element-caption\"><strong>Alice Gabriela Dutra<\/strong><\/figcaption><\/figure>\n\n\n\n<p>Monitoria<\/p>\n\n\n\n<p>Quimica Industrial<\/p>\n<\/div>\n\n\n\n<div class=\"wp-block-column is-layout-flow wp-block-column-is-layout-flow\">\n<figure class=\"wp-block-image size-large\"><img loading=\"lazy\" decoding=\"async\" width=\"2326\" height=\"2326\" src=\"https:\/\/www.ct.ufpb.br\/ltc\/wp-content\/uploads\/sites\/107\/sites\/286\/2026\/03\/IMG_4300-edited-1.jpg\" alt=\"\" class=\"wp-image-751\" srcset=\"https:\/\/www.ct.ufpb.br\/ltc\/wp-content\/uploads\/sites\/107\/sites\/286\/2026\/03\/IMG_4300-edited-1.jpg 2326w, https:\/\/www.ct.ufpb.br\/ltc\/wp-content\/uploads\/sites\/107\/sites\/286\/2026\/03\/IMG_4300-edited-1-300x300.jpg 300w, https:\/\/www.ct.ufpb.br\/ltc\/wp-content\/uploads\/sites\/107\/sites\/286\/2026\/03\/IMG_4300-edited-1-1024x1024.jpg 1024w, https:\/\/www.ct.ufpb.br\/ltc\/wp-content\/uploads\/sites\/107\/sites\/286\/2026\/03\/IMG_4300-edited-1-150x150.jpg 150w, https:\/\/www.ct.ufpb.br\/ltc\/wp-content\/uploads\/sites\/107\/sites\/286\/2026\/03\/IMG_4300-edited-1-768x768.jpg 768w, https:\/\/www.ct.ufpb.br\/ltc\/wp-content\/uploads\/sites\/107\/sites\/286\/2026\/03\/IMG_4300-edited-1-1536x1536.jpg 1536w, https:\/\/www.ct.ufpb.br\/ltc\/wp-content\/uploads\/sites\/107\/sites\/286\/2026\/03\/IMG_4300-edited-1-2048x2048.jpg 2048w\" sizes=\"auto, (max-width: 2326px) 100vw, 2326px\" \/><figcaption class=\"wp-element-caption\"><strong>Maria Eduarda Souza<\/strong><\/figcaption><\/figure>\n\n\n\n<p>Inicia\u00e7\u00e3o Cient\u00edfica<\/p>\n\n\n\n<p>Engenharia Qu\u00edmica<\/p>\n\n\n\n<figure class=\"wp-block-image size-large\"><img loading=\"lazy\" decoding=\"async\" width=\"1200\" height=\"1200\" src=\"https:\/\/www.ct.ufpb.br\/ltc\/wp-content\/uploads\/sites\/107\/sites\/286\/2026\/04\/4130ab1b-08a5-4149-b21e-9f89b67500c7-edited.jpg\" alt=\"\" class=\"wp-image-765\" srcset=\"https:\/\/www.ct.ufpb.br\/ltc\/wp-content\/uploads\/sites\/107\/sites\/286\/2026\/04\/4130ab1b-08a5-4149-b21e-9f89b67500c7-edited.jpg 1200w, https:\/\/www.ct.ufpb.br\/ltc\/wp-content\/uploads\/sites\/107\/sites\/286\/2026\/04\/4130ab1b-08a5-4149-b21e-9f89b67500c7-edited-300x300.jpg 300w, https:\/\/www.ct.ufpb.br\/ltc\/wp-content\/uploads\/sites\/107\/sites\/286\/2026\/04\/4130ab1b-08a5-4149-b21e-9f89b67500c7-edited-1024x1024.jpg 1024w, https:\/\/www.ct.ufpb.br\/ltc\/wp-content\/uploads\/sites\/107\/sites\/286\/2026\/04\/4130ab1b-08a5-4149-b21e-9f89b67500c7-edited-150x150.jpg 150w, https:\/\/www.ct.ufpb.br\/ltc\/wp-content\/uploads\/sites\/107\/sites\/286\/2026\/04\/4130ab1b-08a5-4149-b21e-9f89b67500c7-edited-768x768.jpg 768w\" sizes=\"auto, (max-width: 1200px) 100vw, 1200px\" \/><figcaption class=\"wp-element-caption\"><strong>Joice Carla<\/strong><\/figcaption><\/figure>\n\n\n\n<p>TCC e Est\u00e1gio<\/p>\n\n\n\n<p>Engenharia Qu\u00edmica<\/p>\n<\/div>\n<\/div>\n\n\n\n<div class=\"wp-block-columns is-layout-flex wp-container-core-columns-is-layout-9d6595d7 wp-block-columns-is-layout-flex\">\n<div class=\"wp-block-column is-layout-flow wp-block-column-is-layout-flow\" style=\"flex-basis:100%\"><\/div>\n<\/div>\n\n\n\n<p><\/p>\n","protected":false},"excerpt":{"rendered":"<p>Coordenadora Doutora em Qu\u00edmica Org\u00e2nica T\u00e9cnica em Laborat\u00f3rio Engenharia Qu\u00edmica Monitoria Quimica Industrial Inicia\u00e7\u00e3o Cient\u00edfica [&hellip;]<\/p>\n","protected":false},"author":47,"featured_media":0,"parent":0,"menu_order":0,"comment_status":"closed","ping_status":"closed","template":"","meta":{"footnotes":""},"class_list":["post-17","page","type-page","status-publish","hentry"],"_links":{"self":[{"href":"https:\/\/www.ct.ufpb.br\/ltc\/wp-json\/wp\/v2\/pages\/17","targetHints":{"allow":["GET"]}}],"collection":[{"href":"https:\/\/www.ct.ufpb.br\/ltc\/wp-json\/wp\/v2\/pages"}],"about":[{"href":"https:\/\/www.ct.ufpb.br\/ltc\/wp-json\/wp\/v2\/types\/page"}],"author":[{"embeddable":true,"href":"https:\/\/www.ct.ufpb.br\/ltc\/wp-json\/wp\/v2\/users\/47"}],"replies":[{"embeddable":true,"href":"https:\/\/www.ct.ufpb.br\/ltc\/wp-json\/wp\/v2\/comments?post=17"}],"version-history":[{"count":33,"href":"https:\/\/www.ct.ufpb.br\/ltc\/wp-json\/wp\/v2\/pages\/17\/revisions"}],"predecessor-version":[{"id":767,"href":"https:\/\/www.ct.ufpb.br\/ltc\/wp-json\/wp\/v2\/pages\/17\/revisions\/767"}],"wp:attachment":[{"href":"https:\/\/www.ct.ufpb.br\/ltc\/wp-json\/wp\/v2\/media?parent=17"}],"curies":[{"name":"wp","href":"https:\/\/api.w.org\/{rel}","templated":true}]}}