{"id":7,"date":"2026-03-26T21:17:56","date_gmt":"2026-03-27T00:17:56","guid":{"rendered":"https:\/\/www.ct.ufpb.br\/lpsau\/?page_id=7"},"modified":"2026-04-14T09:33:40","modified_gmt":"2026-04-14T12:33:40","slug":"apresentacao","status":"publish","type":"page","link":"https:\/\/www.ct.ufpb.br\/lpsau\/apresentacao\/","title":{"rendered":"Apresenta\u00e7\u00e3o"},"content":{"rendered":"\n<p>Localizado no 1\u00ba andar do pr\u00e9dio onde se encontra a Biblioteca Central do Centro de Tecnologia, o Laborat\u00f3rio de Pesquisas em Sistemas Urbanos Ambientais (LPSAU) serve de suporte para algumas pesquisas&nbsp;<em>stricto sensu<\/em>&nbsp;do programa de P\u00f3s-Gradua\u00e7\u00e3o do Departamento de Engenharia Civil e Ambiental (DECA) e atividades realizadas pela Comiss\u00e3o de Gest\u00e3o Ambiental (CGA), por meio de sua equipe de professores doutores e colaboradores.&nbsp;O laborat\u00f3rio possui uma \u00e1rea de aproximadamente&nbsp;24m<sup>2<\/sup>, com mesas amplas, cujo espa\u00e7o est\u00e1 voltado ao desenvolvimento&nbsp;e estudo&nbsp;de pesquisas aplicadas a novas tecnologias para o tratamento de esgotos dom\u00e9sticos e industriais, de fontes&nbsp;alternativas para o abastecimento de \u00e1gua pot\u00e1vel, estudos sobre a produ\u00e7\u00e3o de biog\u00e1s,&nbsp;al\u00e9m de suporte \u00e0 Comiss\u00e3o de Gest\u00e3o Ambiental (CGA), mediante o acompanhamento dos programas ambientais que a mesma realiza no Campus I da UFPB.&nbsp;Os alunos bolsistas de gradua\u00e7\u00e3o, mestrandos e doutorandos se utilizam do ambiente para reuni\u00f5es t\u00e9cnicas e atividades de pesquisa acad\u00eamica, de natureza documental e bibliogr\u00e1fica.&nbsp;<\/p>\n\n\n\n<figure class=\"wp-block-gallery has-nested-images columns-default is-cropped wp-block-gallery-1 is-layout-flex wp-block-gallery-is-layout-flex\">\n<figure class=\"wp-block-image size-large\"><img loading=\"lazy\" decoding=\"async\" width=\"949\" height=\"1024\" data-id=\"180\" src=\"https:\/\/www.ct.ufpb.br\/lpsau\/wp-content\/uploads\/sites\/107\/sites\/457\/2026\/04\/imagem-2_-lpsau-949x1024.jpg\" alt=\"\" class=\"wp-image-180\" srcset=\"https:\/\/www.ct.ufpb.br\/lpsau\/wp-content\/uploads\/sites\/107\/sites\/457\/2026\/04\/imagem-2_-lpsau-949x1024.jpg 949w, https:\/\/www.ct.ufpb.br\/lpsau\/wp-content\/uploads\/sites\/107\/sites\/457\/2026\/04\/imagem-2_-lpsau-278x300.jpg 278w, https:\/\/www.ct.ufpb.br\/lpsau\/wp-content\/uploads\/sites\/107\/sites\/457\/2026\/04\/imagem-2_-lpsau-768x829.jpg 768w, https:\/\/www.ct.ufpb.br\/lpsau\/wp-content\/uploads\/sites\/107\/sites\/457\/2026\/04\/imagem-2_-lpsau.jpg 960w\" sizes=\"auto, (max-width: 949px) 100vw, 949px\" \/><\/figure>\n\n\n\n<figure class=\"wp-block-image size-large\"><img loading=\"lazy\" decoding=\"async\" width=\"768\" height=\"576\" data-id=\"181\" src=\"https:\/\/www.ct.ufpb.br\/lpsau\/wp-content\/uploads\/sites\/107\/sites\/457\/2026\/04\/10badd43-0392-4355-898e-f467958190c4.jpeg\" alt=\"\" class=\"wp-image-181\" srcset=\"https:\/\/www.ct.ufpb.br\/lpsau\/wp-content\/uploads\/sites\/107\/sites\/457\/2026\/04\/10badd43-0392-4355-898e-f467958190c4.jpeg 768w, https:\/\/www.ct.ufpb.br\/lpsau\/wp-content\/uploads\/sites\/107\/sites\/457\/2026\/04\/10badd43-0392-4355-898e-f467958190c4-300x225.jpeg 300w\" sizes=\"auto, (max-width: 768px) 100vw, 768px\" \/><\/figure>\n\n\n\n<figure class=\"wp-block-image size-large\"><img loading=\"lazy\" decoding=\"async\" width=\"230\" height=\"172\" data-id=\"182\" src=\"https:\/\/www.ct.ufpb.br\/lpsau\/wp-content\/uploads\/sites\/107\/sites\/457\/2026\/04\/84499d95-6e88-4574-beff-a2d1a9153e89.jpeg\" alt=\"\" class=\"wp-image-182\"\/><\/figure>\n<\/figure>\n","protected":false},"excerpt":{"rendered":"<p>Localizado no 1\u00ba andar do pr\u00e9dio onde se encontra a Biblioteca Central do Centro de [&hellip;]<\/p>\n","protected":false},"author":285,"featured_media":0,"parent":0,"menu_order":0,"comment_status":"closed","ping_status":"closed","template":"","meta":{"footnotes":""},"class_list":["post-7","page","type-page","status-publish","hentry"],"_links":{"self":[{"href":"https:\/\/www.ct.ufpb.br\/lpsau\/wp-json\/wp\/v2\/pages\/7","targetHints":{"allow":["GET"]}}],"collection":[{"href":"https:\/\/www.ct.ufpb.br\/lpsau\/wp-json\/wp\/v2\/pages"}],"about":[{"href":"https:\/\/www.ct.ufpb.br\/lpsau\/wp-json\/wp\/v2\/types\/page"}],"author":[{"embeddable":true,"href":"https:\/\/www.ct.ufpb.br\/lpsau\/wp-json\/wp\/v2\/users\/285"}],"replies":[{"embeddable":true,"href":"https:\/\/www.ct.ufpb.br\/lpsau\/wp-json\/wp\/v2\/comments?post=7"}],"version-history":[{"count":2,"href":"https:\/\/www.ct.ufpb.br\/lpsau\/wp-json\/wp\/v2\/pages\/7\/revisions"}],"predecessor-version":[{"id":184,"href":"https:\/\/www.ct.ufpb.br\/lpsau\/wp-json\/wp\/v2\/pages\/7\/revisions\/184"}],"wp:attachment":[{"href":"https:\/\/www.ct.ufpb.br\/lpsau\/wp-json\/wp\/v2\/media?parent=7"}],"curies":[{"name":"wp","href":"https:\/\/api.w.org\/{rel}","templated":true}]}}