{"id":32,"date":"2026-03-26T21:29:55","date_gmt":"2026-03-27T00:29:55","guid":{"rendered":"https:\/\/www.ct.ufpb.br\/lpsau\/?page_id=32"},"modified":"2026-03-26T21:29:55","modified_gmt":"2026-03-27T00:29:55","slug":"producao-bibliografica","status":"publish","type":"page","link":"https:\/\/www.ct.ufpb.br\/lpsau\/producao-bibliografica\/","title":{"rendered":"Produ\u00e7\u00e3o Bibliogr\u00e1fica"},"content":{"rendered":"\n<p><strong>Acessar o link: <\/strong><a href=\"http:\/\/lattes.cnpq.br\/3481909508490950\" target=\"_blank\" rel=\"noreferrer noopener\">http:\/\/lattes.cnpq.br\/3481909508490950<\/a><\/p>\n\n\n\n<p><\/p>\n\n\n\n<p><\/p>\n\n\n\n<p><\/p>\n\n\n\n<p><\/p>\n","protected":false},"excerpt":{"rendered":"<p>Acessar o link: http:\/\/lattes.cnpq.br\/3481909508490950<\/p>\n","protected":false},"author":285,"featured_media":0,"parent":0,"menu_order":0,"comment_status":"closed","ping_status":"closed","template":"","meta":{"footnotes":""},"class_list":["post-32","page","type-page","status-publish","hentry"],"_links":{"self":[{"href":"https:\/\/www.ct.ufpb.br\/lpsau\/wp-json\/wp\/v2\/pages\/32","targetHints":{"allow":["GET"]}}],"collection":[{"href":"https:\/\/www.ct.ufpb.br\/lpsau\/wp-json\/wp\/v2\/pages"}],"about":[{"href":"https:\/\/www.ct.ufpb.br\/lpsau\/wp-json\/wp\/v2\/types\/page"}],"author":[{"embeddable":true,"href":"https:\/\/www.ct.ufpb.br\/lpsau\/wp-json\/wp\/v2\/users\/285"}],"replies":[{"embeddable":true,"href":"https:\/\/www.ct.ufpb.br\/lpsau\/wp-json\/wp\/v2\/comments?post=32"}],"version-history":[{"count":1,"href":"https:\/\/www.ct.ufpb.br\/lpsau\/wp-json\/wp\/v2\/pages\/32\/revisions"}],"predecessor-version":[{"id":33,"href":"https:\/\/www.ct.ufpb.br\/lpsau\/wp-json\/wp\/v2\/pages\/32\/revisions\/33"}],"wp:attachment":[{"href":"https:\/\/www.ct.ufpb.br\/lpsau\/wp-json\/wp\/v2\/media?parent=32"}],"curies":[{"name":"wp","href":"https:\/\/api.w.org\/{rel}","templated":true}]}}