{"id":22,"date":"2026-03-26T21:26:29","date_gmt":"2026-03-27T00:26:29","guid":{"rendered":"https:\/\/www.ct.ufpb.br\/lpsau\/?page_id=22"},"modified":"2026-03-26T21:26:29","modified_gmt":"2026-03-27T00:26:29","slug":"links-uteis","status":"publish","type":"page","link":"https:\/\/www.ct.ufpb.br\/lpsau\/links-uteis\/","title":{"rendered":"Links \u00fateis"},"content":{"rendered":"\n<p><strong>SEMAM<\/strong>: <a href=\"https:\/\/www.joaopessoa.pb.gov.br\/secretaria\/semam\/\">https:\/\/www.joaopessoa.pb.gov.br\/secretaria\/semam\/<\/a><\/p>\n\n\n\n<p><strong>SUDEMA<\/strong>: <a href=\"https:\/\/sudema.pb.gov.br\/\">https:\/\/sudema.pb.gov.br\/<\/a><\/p>\n\n\n\n<p><strong>IBAMA<\/strong>: <a href=\"https:\/\/www.gov.br\/ibama\/pt-br\">https:\/\/www.gov.br\/ibama\/pt-br<\/a><\/p>\n\n\n\n<p><strong>MINIST\u00c9RIO P\u00daBLICO DA PARA\u00cdBA &#8211; MPPB (DEN\u00daNCIA)<\/strong>: <a href=\"https:\/\/www.mppb.mp.br\/index.php\/pt\/fale-conosco\">https:\/\/www.mppb.mp.br\/index.php\/pt\/fale-conosco<\/a><\/p>\n\n\n\n<p><strong>MINIST\u00c9RIO P\u00daBLICO FEDERAL<\/strong>\u00a0<strong>&#8211; MPF (DEN\u00daNCIA)<\/strong>: <a href=\"https:\/\/www.mpf.mp.br\/mpfservicos\/denuncia\">https:\/\/www.mpf.mp.br\/mpfservicos\/denuncia<\/a><\/p>\n\n\n\n<p><strong>CAGEPA<\/strong>\u00a0<strong>(OUVIDORIA)<\/strong>: <a href=\"https:\/\/www.cagepa.pb.gov.br\/ouvidoria-cci\/\">https:\/\/www.cagepa.pb.gov.br\/ouvidoria-cci\/<\/a><\/p>\n\n\n\n<p><\/p>\n","protected":false},"excerpt":{"rendered":"<p>SEMAM: https:\/\/www.joaopessoa.pb.gov.br\/secretaria\/semam\/ SUDEMA: https:\/\/sudema.pb.gov.br\/ IBAMA: https:\/\/www.gov.br\/ibama\/pt-br MINIST\u00c9RIO P\u00daBLICO DA PARA\u00cdBA &#8211; MPPB (DEN\u00daNCIA): https:\/\/www.mppb.mp.br\/index.php\/pt\/fale-conosco MINIST\u00c9RIO [&hellip;]<\/p>\n","protected":false},"author":285,"featured_media":0,"parent":0,"menu_order":0,"comment_status":"closed","ping_status":"closed","template":"","meta":{"footnotes":""},"class_list":["post-22","page","type-page","status-publish","hentry"],"_links":{"self":[{"href":"https:\/\/www.ct.ufpb.br\/lpsau\/wp-json\/wp\/v2\/pages\/22","targetHints":{"allow":["GET"]}}],"collection":[{"href":"https:\/\/www.ct.ufpb.br\/lpsau\/wp-json\/wp\/v2\/pages"}],"about":[{"href":"https:\/\/www.ct.ufpb.br\/lpsau\/wp-json\/wp\/v2\/types\/page"}],"author":[{"embeddable":true,"href":"https:\/\/www.ct.ufpb.br\/lpsau\/wp-json\/wp\/v2\/users\/285"}],"replies":[{"embeddable":true,"href":"https:\/\/www.ct.ufpb.br\/lpsau\/wp-json\/wp\/v2\/comments?post=22"}],"version-history":[{"count":1,"href":"https:\/\/www.ct.ufpb.br\/lpsau\/wp-json\/wp\/v2\/pages\/22\/revisions"}],"predecessor-version":[{"id":23,"href":"https:\/\/www.ct.ufpb.br\/lpsau\/wp-json\/wp\/v2\/pages\/22\/revisions\/23"}],"wp:attachment":[{"href":"https:\/\/www.ct.ufpb.br\/lpsau\/wp-json\/wp\/v2\/media?parent=22"}],"curies":[{"name":"wp","href":"https:\/\/api.w.org\/{rel}","templated":true}]}}